{"id":9576,"date":"2024-10-08T13:02:26","date_gmt":"2024-10-08T11:02:26","guid":{"rendered":"http:\/\/www.ojmar.com\/termes-dutilisation\/"},"modified":"2025-03-26T12:46:15","modified_gmt":"2025-03-26T11:46:15","slug":"termes-dutilisation","status":"publish","type":"page","link":"https:\/\/ojmar.com\/fr\/termes-dutilisation\/","title":{"rendered":"Termes d\u2019utilisation"},"content":{"rendered":"\t\t<div data-elementor-type=\"wp-page\" data-elementor-id=\"9576\" class=\"elementor elementor-9576 elementor-4936\" data-elementor-post-type=\"page\">\n\t\t\t\t<div class=\"elementor-element elementor-element-2426023 e-flex e-con-boxed e-con e-parent\" data-id=\"2426023\" data-element_type=\"container\">\n\t\t\t\t\t<div class=\"e-con-inner\">\n\t\t\t\t<div class=\"elementor-element elementor-element-d154893 elementor-widget elementor-widget-breadcrumbs\" data-id=\"d154893\" data-element_type=\"widget\" data-widget_type=\"breadcrumbs.default\">\n\t\t\t\t\t<p id=\"breadcrumbs\"><span><span><a href=\"https:\/\/ojmar.com\/fr\/accueil\/\">Home<\/a><\/span><\/span><\/p>\t\t\t\t<\/div>\n\t\t\t\t\t<\/div>\n\t\t\t\t<\/div>\n\t\t<div class=\"elementor-element elementor-element-f5849ab e-flex e-con-boxed e-con e-parent\" data-id=\"f5849ab\" data-element_type=\"container\" data-settings=\"{&quot;background_background&quot;:&quot;classic&quot;}\">\n\t\t\t\t\t<div class=\"e-con-inner\">\n\t\t\t\t<div class=\"elementor-element elementor-element-9d24de2 elementor-widget elementor-widget-heading\" data-id=\"9d24de2\" data-element_type=\"widget\" data-widget_type=\"heading.default\">\n\t\t\t\t\t<h1 class=\"elementor-heading-title elementor-size-default\">Termes d\u2019utilisation<\/h1>\t\t\t\t<\/div>\n\t\t\t\t<div class=\"elementor-element elementor-element-ca2bb9e cms-page elementor-widget elementor-widget-text-editor\" data-id=\"ca2bb9e\" data-element_type=\"widget\" data-widget_type=\"text-editor.default\">\n\t\t\t\t\t\t\t\t\t<p>En vertu de la Loi 34\/2002 de Services de la Soci\u00e9t\u00e9 de l&rsquo;Information et du Commerce \u00c9lectronique (LSSICE), en vigueur depuis le 12 octobre 2002, et de la Loi Organique 15\/1999, du 13 d\u00e9cembre, de protection des donn\u00e9es \u00e0 caract\u00e8re personnel, OJMAR S.A a proc\u00e9d\u00e9 \u00e0 la cr\u00e9ation d&rsquo;un fichier automatis\u00e9 de donn\u00e9es \u00e0 caract\u00e8re personnel, contenant les donn\u00e9es n\u00e9cessaires pour les op\u00e9rations d&rsquo;OJMAR S.A. Ce fichier est inscrit \u00e0 l&rsquo;Agence de Protection de donn\u00e9es sous le code d&rsquo;inscription 2002650063 <\/p><p>En vertu des Lois mentionn\u00e9es ci-dessus, vous avez le droit d&rsquo;opposition, d&rsquo;acc\u00e8s, de rectification et d&rsquo;annulation desdites donn\u00e9es.<\/p><p>OJMAR S.A respecte la confidentialit\u00e9 de vos donn\u00e9es, ce pourquoi celles-ci ne seront pas transmises \u00e0 des tiers, conform\u00e9ment aux normes suivantes de notre politique de confidentialit\u00e9 :<\/p><p>Navigation anonyme sur les pages web. L&rsquo;ENTREPRISE soci\u00e9t\u00e9 titulaire du site web www.ojmar.es obtient et conserve seulement les informations suivantes concernant les visiteurs de notre web : <\/p><p>Le nom de domaine du prestataire (ISP) qui vous donne acc\u00e8s au r\u00e9seau, pour \u00e9laborer des statistiques sur les pays et serveurs qui visitent le plus souvent notre site Web.<\/p><p>La date et l&rsquo;heure d&rsquo;acc\u00e8s \u00e0 notre site Web, afin de conna\u00eetre les heures de plus grande affluence et de r\u00e9aliser les ajustements n\u00e9cessaires pour \u00e9viter des probl\u00e8mes de saturation aux heures de pointe.<\/p><p>L&rsquo;adresse Internet d&rsquo;o\u00f9 est parti le lien qui m\u00e8ne \u00e0 notre site Web pour conna\u00eetre l&rsquo;efficacit\u00e9 des diff\u00e9rentes banni\u00e8res et liens dirig\u00e9s vers notre serveur, afin de promouvoir ceux qui offrent les meilleurs r\u00e9sultats.<\/p><p>Le nombre quotidien de visiteurs de chaque section, pour conna\u00eetre les secteurs ayant le plus de succ\u00e8s, et augmenter et am\u00e9liorer leur contenu, afin que les utilisateurs obtiennent un r\u00e9sultat plus satisfaisant.<\/p><p>Les informations obtenues sont totalement anonymes et en aucun cas, ne peuvent \u00eatre associ\u00e9es \u00e0 un utilisateur concret et identifi\u00e9.<\/p><p>Navigation avec cookies. La page de notre site Web utilise des cookies, petits fichiers de donn\u00e9es g\u00e9n\u00e9r\u00e9s sur l&rsquo;ordinateur de l&rsquo;utilisateur et qui nous permettent d&rsquo;obtenir les informations suivantes : <\/p><p>La date et l&rsquo;heure de la derni\u00e8re visite de l&rsquo;utilisateur sur notre web.<\/p><p>Le design de contenus que l&rsquo;utilisateur a choisi lors de sa premi\u00e8re visite sur notre web.<\/p><p>\u00c9l\u00e9ments de s\u00e9curit\u00e9 qui interviennent dans le contr\u00f4le d&rsquo;acc\u00e8s aux zones restreintes. L&rsquo;utilisateur a l&rsquo;option d&#8217;emp\u00eacher la g\u00e9n\u00e9ration de cookies en s\u00e9lectionnant l&rsquo;option correspondante sur son navigateur. <\/p><h2>TRAITEMENT DES DONN\u00c9ES \u00c0 CARACT\u00c8RE PERSONNEL.<\/h2><p>OJMAR S.A., de nationalit\u00e9 espagnole et titulaire du site web www.ojmar.es, est titulaire de la base de donn\u00e9es g\u00e9n\u00e9r\u00e9e avec les donn\u00e9es \u00e0 caract\u00e8re personnel fournies par les utilisateurs. Conform\u00e9ment \u00e0 la r\u00e9glementation actuelle en mati\u00e8re de protection des donn\u00e9es, OJMAR S.A. s&rsquo;engage \u00e0 satisfaire \u00e0 son obligation de secret quant aux donn\u00e9es \u00e0 caract\u00e8re personnel et \u00e0 son devoir de les traiter de fa\u00e7on confidentielle et adoptera, pour ce faire, les mesures n\u00e9cessaires pour \u00e9viter leur alt\u00e9ration, perte, traitement ou acc\u00e8s non autoris\u00e9, en tenant compte \u00e0 tout moment de l&rsquo;\u00e9tat de la technologie. <\/p><p>OJMAR S.A. se r\u00e9serve le droit de modifier cette politique de protection des donn\u00e9es pour s&rsquo;adapter \u00e0 d&rsquo;\u00e9ventuelles adaptations juridiques. Dans ce cas, ces changements seront annonc\u00e9s avec suffisamment d&rsquo;avance sur le site Web d&rsquo;OJMAR S.A. <\/p><p>L&rsquo;utilisateur autorise le traitement automatis\u00e9 des donn\u00e9es personnelles fournies dans le but d&rsquo;am\u00e9liorer et d&rsquo;\u00e9largir les services offerts par OJMAR S.A.<\/p><p>Si l&rsquo;utilisateur appuie sur la touche \u00ab J&rsquo;ACCEPTE \u00bb des formulaires de saisie de donn\u00e9es, il sera consid\u00e9r\u00e9 qu&rsquo;il accepte les conditions \u00e9tablies.<\/p><p>Les informations contenues dans la base de donn\u00e9es cit\u00e9e sont utilis\u00e9es aussi bien pour une identification correcte des utilisateurs qui demandent des services et \/ ou des informations \u00e0 OJMAR S.A., que pour la r\u00e9alisation d&rsquo;\u00e9tudes statistiques des utilisateurs inscrits permettant de concevoir des am\u00e9liorations dans les services fournis, d&rsquo;effectuer des t\u00e2ches administratives de base et de pouvoir communiquer des incidents, offres ou nouveaut\u00e9s aux utilisateurs inscrits par courrier \u00e9lectronique.<\/p><p>Les informations personnelles obtenues des utilisateurs inscrits sont stock\u00e9es dans des bases de donn\u00e9es d\u00e9tenues par OJMAR S.A., qui assume les mesures techniques, organisationnelles et de s\u00e9curit\u00e9 ad\u00e9quates pour garantir la confidentialit\u00e9 et l&rsquo;int\u00e9grit\u00e9 des informations conform\u00e9ment aux dispositions de la l\u00e9gislation en vigueur.<\/p><p>L&rsquo;utilisateur se porte garant de la v\u00e9racit\u00e9 des donn\u00e9es fournies, OJMAR S.A. se r\u00e9servant le droit d&rsquo;exclure des services enregistr\u00e9s tout utilisateur ayant fourni de fausses donn\u00e9es, sans pr\u00e9judice d&rsquo;autres actions jug\u00e9es n\u00e9cessaires.<\/p><p>Tout utilisateur inscrit peut \u00e0 tout moment exercer le droit d&rsquo;acc\u00e8s, de rectification et le cas \u00e9ch\u00e9ant, d&rsquo;annulation de ses donn\u00e9es \u00e0 caract\u00e8re personnel fournies \u00e0 OJMAR S.A., par communication \u00e9crite adress\u00e9e \u00e0 OJMAR, S.A. , Pol\u00edgono Industrial de Ler\u00fan, s\/n .20870 Elgoibar, Guipuscoa, Espagne.<\/p><h2>INFORMATIONS G\u00c9N\u00c9RALES \u00c0 FOURNIR PAR LES PRESTATAIRES DE SERVICES DE L&rsquo;INFORMATION<\/h2><p>Conform\u00e9ment aux dispositions de l&rsquo;art.10 de la Loi 34\/2002, du 11 juillet, de Services de la Soci\u00e9t\u00e9 de l&rsquo;Information et du Commerce \u00c9lectronique, il est \u00e9tabli que la Soci\u00e9t\u00e9 OJMAR S.A., ayant si\u00e8ge social \u00e0 Elgoibar, Guipuscoa, Espagne, C\/. Pol\u00edgono Industrial de Ler\u00fan, s\/n . C. P . 20870, et titulaire du Code d&rsquo;Identification Fiscale A 20003042 , est inscrite au Registre du Commerce de Guipuscoa, au Tome 43 du Livre Provisoire des Soci\u00e9t\u00e9s, Folio 53, Feuillet n\u00ba 2484. Inscription 4\u00ba, le 06-06-1945     <\/p><p>Vous pouvez nous contacter par e-mail \u00e0 l&rsquo;adresse suivante : lockerlocks@ojmar.com, par t\u00e9l\u00e9phone au +34 943748484, ou par fax au +34 943748490.<\/p>\t\t\t\t\t\t\t\t<\/div>\n\t\t\t\t\t<\/div>\n\t\t\t\t<\/div>\n\t\t\t\t<\/div>\n\t\t","protected":false},"excerpt":{"rendered":"<p>Termes d\u2019utilisation En vertu de la Loi 34\/2002 de Services de la Soci\u00e9t\u00e9 de l&rsquo;Information et du Commerce \u00c9lectronique (LSSICE), en vigueur depuis le 12 octobre 2002, et de la Loi Organique 15\/1999, du 13 d\u00e9cembre, de protection des donn\u00e9es \u00e0 caract\u00e8re personnel, OJMAR S.A a proc\u00e9d\u00e9 \u00e0 la cr\u00e9ation d&rsquo;un fichier automatis\u00e9 de donn\u00e9es [&hellip;]<\/p>\n","protected":false},"author":1,"featured_media":0,"parent":0,"menu_order":0,"comment_status":"closed","ping_status":"closed","template":"","meta":{"footnotes":""},"class_list":["post-9576","page","type-page","status-publish","hentry"],"yoast_head":"<!-- This site is optimized with the Yoast SEO plugin v24.7 - https:\/\/yoast.com\/wordpress\/plugins\/seo\/ -->\n<title>Termes d\u2019utilisation - Ojmar<\/title>\n<meta name=\"robots\" content=\"index, follow, max-snippet:-1, max-image-preview:large, max-video-preview:-1\" \/>\n<link rel=\"canonical\" href=\"https:\/\/ojmar.com\/fr\/termes-dutilisation\/\" \/>\n<meta property=\"og:locale\" content=\"fr_FR\" \/>\n<meta property=\"og:type\" content=\"article\" \/>\n<meta property=\"og:title\" content=\"Termes d\u2019utilisation - Ojmar\" \/>\n<meta property=\"og:description\" content=\"Termes d\u2019utilisation En vertu de la Loi 34\/2002 de Services de la Soci\u00e9t\u00e9 de l&rsquo;Information et du Commerce \u00c9lectronique (LSSICE), en vigueur depuis le 12 octobre 2002, et de la Loi Organique 15\/1999, du 13 d\u00e9cembre, de protection des donn\u00e9es \u00e0 caract\u00e8re personnel, OJMAR S.A a proc\u00e9d\u00e9 \u00e0 la cr\u00e9ation d&rsquo;un fichier automatis\u00e9 de donn\u00e9es [&hellip;]\" \/>\n<meta property=\"og:url\" content=\"https:\/\/ojmar.com\/fr\/termes-dutilisation\/\" \/>\n<meta property=\"og:site_name\" content=\"Ojmar\" \/>\n<meta property=\"article:modified_time\" content=\"2025-03-26T11:46:15+00:00\" \/>\n<meta name=\"twitter:card\" content=\"summary_large_image\" \/>\n<meta name=\"twitter:label1\" content=\"Dur\u00e9e de lecture estim\u00e9e\" \/>\n\t<meta name=\"twitter:data1\" content=\"5 minutes\" \/>\n<script type=\"application\/ld+json\" class=\"yoast-schema-graph\">{\"@context\":\"https:\/\/schema.org\",\"@graph\":[{\"@type\":\"WebPage\",\"@id\":\"https:\/\/ojmar.com\/fr\/termes-dutilisation\/\",\"url\":\"https:\/\/ojmar.com\/fr\/termes-dutilisation\/\",\"name\":\"Termes d\u2019utilisation - Ojmar\",\"isPartOf\":{\"@id\":\"https:\/\/ojmar.com\/fr\/#website\"},\"datePublished\":\"2024-10-08T11:02:26+00:00\",\"dateModified\":\"2025-03-26T11:46:15+00:00\",\"breadcrumb\":{\"@id\":\"https:\/\/ojmar.com\/fr\/termes-dutilisation\/#breadcrumb\"},\"inLanguage\":\"fr-FR\",\"potentialAction\":[{\"@type\":\"ReadAction\",\"target\":[\"https:\/\/ojmar.com\/fr\/termes-dutilisation\/\"]}]},{\"@type\":\"BreadcrumbList\",\"@id\":\"https:\/\/ojmar.com\/fr\/termes-dutilisation\/#breadcrumb\",\"itemListElement\":[{\"@type\":\"ListItem\",\"position\":1,\"name\":\"Home\",\"item\":\"https:\/\/ojmar.com\/fr\/accueil\/\"},{\"@type\":\"ListItem\",\"position\":2,\"name\":\"Termes d\u2019utilisation\"}]},{\"@type\":\"WebSite\",\"@id\":\"https:\/\/ojmar.com\/fr\/#website\",\"url\":\"https:\/\/ojmar.com\/fr\/\",\"name\":\"Ojmar\",\"description\":\"\",\"publisher\":{\"@id\":\"https:\/\/ojmar.com\/fr\/#organization\"},\"potentialAction\":[{\"@type\":\"SearchAction\",\"target\":{\"@type\":\"EntryPoint\",\"urlTemplate\":\"https:\/\/ojmar.com\/fr\/?s={search_term_string}\"},\"query-input\":{\"@type\":\"PropertyValueSpecification\",\"valueRequired\":true,\"valueName\":\"search_term_string\"}}],\"inLanguage\":\"fr-FR\"},{\"@type\":\"Organization\",\"@id\":\"https:\/\/ojmar.com\/fr\/#organization\",\"name\":\"Ojmar\",\"alternateName\":\"Ojmar Locking Systems\",\"url\":\"https:\/\/ojmar.com\/fr\/\",\"logo\":{\"@type\":\"ImageObject\",\"inLanguage\":\"fr-FR\",\"@id\":\"https:\/\/ojmar.com\/fr\/#\/schema\/logo\/image\/\",\"url\":\"https:\/\/ojmar.com\/wp-content\/uploads\/2024\/06\/logo-ojmar-white-locking-systems.svg\",\"contentUrl\":\"https:\/\/ojmar.com\/wp-content\/uploads\/2024\/06\/logo-ojmar-white-locking-systems.svg\",\"width\":49,\"height\":9,\"caption\":\"Ojmar\"},\"image\":{\"@id\":\"https:\/\/ojmar.com\/fr\/#\/schema\/logo\/image\/\"},\"sameAs\":[\"https:\/\/es.linkedin.com\/company\/ojmar\",\"https:\/\/www.youtube.com\/channel\/UCcg47x2TvbONCYzJkQkfVyg\"]}]}<\/script>\n<!-- \/ Yoast SEO plugin. -->","yoast_head_json":{"title":"Termes d\u2019utilisation - Ojmar","robots":{"index":"index","follow":"follow","max-snippet":"max-snippet:-1","max-image-preview":"max-image-preview:large","max-video-preview":"max-video-preview:-1"},"canonical":"https:\/\/ojmar.com\/fr\/termes-dutilisation\/","og_locale":"fr_FR","og_type":"article","og_title":"Termes d\u2019utilisation - Ojmar","og_description":"Termes d\u2019utilisation En vertu de la Loi 34\/2002 de Services de la Soci\u00e9t\u00e9 de l&rsquo;Information et du Commerce \u00c9lectronique (LSSICE), en vigueur depuis le 12 octobre 2002, et de la Loi Organique 15\/1999, du 13 d\u00e9cembre, de protection des donn\u00e9es \u00e0 caract\u00e8re personnel, OJMAR S.A a proc\u00e9d\u00e9 \u00e0 la cr\u00e9ation d&rsquo;un fichier automatis\u00e9 de donn\u00e9es [&hellip;]","og_url":"https:\/\/ojmar.com\/fr\/termes-dutilisation\/","og_site_name":"Ojmar","article_modified_time":"2025-03-26T11:46:15+00:00","twitter_card":"summary_large_image","twitter_misc":{"Dur\u00e9e de lecture estim\u00e9e":"5 minutes"},"schema":{"@context":"https:\/\/schema.org","@graph":[{"@type":"WebPage","@id":"https:\/\/ojmar.com\/fr\/termes-dutilisation\/","url":"https:\/\/ojmar.com\/fr\/termes-dutilisation\/","name":"Termes d\u2019utilisation - Ojmar","isPartOf":{"@id":"https:\/\/ojmar.com\/fr\/#website"},"datePublished":"2024-10-08T11:02:26+00:00","dateModified":"2025-03-26T11:46:15+00:00","breadcrumb":{"@id":"https:\/\/ojmar.com\/fr\/termes-dutilisation\/#breadcrumb"},"inLanguage":"fr-FR","potentialAction":[{"@type":"ReadAction","target":["https:\/\/ojmar.com\/fr\/termes-dutilisation\/"]}]},{"@type":"BreadcrumbList","@id":"https:\/\/ojmar.com\/fr\/termes-dutilisation\/#breadcrumb","itemListElement":[{"@type":"ListItem","position":1,"name":"Home","item":"https:\/\/ojmar.com\/fr\/accueil\/"},{"@type":"ListItem","position":2,"name":"Termes d\u2019utilisation"}]},{"@type":"WebSite","@id":"https:\/\/ojmar.com\/fr\/#website","url":"https:\/\/ojmar.com\/fr\/","name":"Ojmar","description":"","publisher":{"@id":"https:\/\/ojmar.com\/fr\/#organization"},"potentialAction":[{"@type":"SearchAction","target":{"@type":"EntryPoint","urlTemplate":"https:\/\/ojmar.com\/fr\/?s={search_term_string}"},"query-input":{"@type":"PropertyValueSpecification","valueRequired":true,"valueName":"search_term_string"}}],"inLanguage":"fr-FR"},{"@type":"Organization","@id":"https:\/\/ojmar.com\/fr\/#organization","name":"Ojmar","alternateName":"Ojmar Locking Systems","url":"https:\/\/ojmar.com\/fr\/","logo":{"@type":"ImageObject","inLanguage":"fr-FR","@id":"https:\/\/ojmar.com\/fr\/#\/schema\/logo\/image\/","url":"https:\/\/ojmar.com\/wp-content\/uploads\/2024\/06\/logo-ojmar-white-locking-systems.svg","contentUrl":"https:\/\/ojmar.com\/wp-content\/uploads\/2024\/06\/logo-ojmar-white-locking-systems.svg","width":49,"height":9,"caption":"Ojmar"},"image":{"@id":"https:\/\/ojmar.com\/fr\/#\/schema\/logo\/image\/"},"sameAs":["https:\/\/es.linkedin.com\/company\/ojmar","https:\/\/www.youtube.com\/channel\/UCcg47x2TvbONCYzJkQkfVyg"]}]}},"_links":{"self":[{"href":"https:\/\/ojmar.com\/fr\/wp-json\/wp\/v2\/pages\/9576","targetHints":{"allow":["GET"]}}],"collection":[{"href":"https:\/\/ojmar.com\/fr\/wp-json\/wp\/v2\/pages"}],"about":[{"href":"https:\/\/ojmar.com\/fr\/wp-json\/wp\/v2\/types\/page"}],"author":[{"embeddable":true,"href":"https:\/\/ojmar.com\/fr\/wp-json\/wp\/v2\/users\/1"}],"replies":[{"embeddable":true,"href":"https:\/\/ojmar.com\/fr\/wp-json\/wp\/v2\/comments?post=9576"}],"version-history":[{"count":2,"href":"https:\/\/ojmar.com\/fr\/wp-json\/wp\/v2\/pages\/9576\/revisions"}],"predecessor-version":[{"id":10242,"href":"https:\/\/ojmar.com\/fr\/wp-json\/wp\/v2\/pages\/9576\/revisions\/10242"}],"wp:attachment":[{"href":"https:\/\/ojmar.com\/fr\/wp-json\/wp\/v2\/media?parent=9576"}],"curies":[{"name":"wp","href":"https:\/\/api.w.org\/{rel}","templated":true}]}}