{"id":9570,"date":"2024-10-08T13:05:55","date_gmt":"2024-10-08T11:05:55","guid":{"rendered":"http:\/\/www.ojmar.com\/politique-de-cookies\/"},"modified":"2025-04-01T11:13:50","modified_gmt":"2025-04-01T09:13:50","slug":"politique-de-cookies","status":"publish","type":"page","link":"https:\/\/ojmar.com\/fr\/politique-de-cookies\/","title":{"rendered":"Politique de Cookies"},"content":{"rendered":"\t\t<div data-elementor-type=\"wp-page\" data-elementor-id=\"9570\" class=\"elementor elementor-9570 elementor-4949\" data-elementor-post-type=\"page\">\n\t\t\t\t<div class=\"elementor-element elementor-element-2426023 e-flex e-con-boxed e-con e-parent\" data-id=\"2426023\" data-element_type=\"container\" data-e-type=\"container\">\n\t\t\t\t\t<div class=\"e-con-inner\">\n\t\t\t\t<div class=\"elementor-element elementor-element-d154893 elementor-widget elementor-widget-breadcrumbs\" data-id=\"d154893\" data-element_type=\"widget\" data-e-type=\"widget\" data-widget_type=\"breadcrumbs.default\">\n\t\t\t\t\t<p id=\"breadcrumbs\"><span><span><a href=\"https:\/\/ojmar.com\/fr\/accueil\/\">Home<\/a><\/span><\/span><\/p>\t\t\t\t<\/div>\n\t\t\t\t\t<\/div>\n\t\t\t\t<\/div>\n\t\t<div class=\"elementor-element elementor-element-f5849ab e-flex e-con-boxed e-con e-parent\" data-id=\"f5849ab\" data-element_type=\"container\" data-e-type=\"container\" data-settings=\"{&quot;background_background&quot;:&quot;classic&quot;}\">\n\t\t\t\t\t<div class=\"e-con-inner\">\n\t\t\t\t<div class=\"elementor-element elementor-element-9d24de2 elementor-widget elementor-widget-heading\" data-id=\"9d24de2\" data-element_type=\"widget\" data-e-type=\"widget\" data-widget_type=\"heading.default\">\n\t\t\t\t\t<h1 class=\"elementor-heading-title elementor-size-default\">Politique de Cookies<\/h1>\t\t\t\t<\/div>\n\t\t\t\t<div class=\"elementor-element elementor-element-ca2bb9e cms-page elementor-widget elementor-widget-text-editor\" data-id=\"ca2bb9e\" data-element_type=\"widget\" data-e-type=\"widget\" data-widget_type=\"text-editor.default\">\n\t\t\t\t\t\t\t\t\t<p class=\"bodytext\">Effective Date: 17\/12\/2018<\/p>\n\n<div>\n<p class=\"bodytext\"><b>Introduction<\/b><\/p>\n\n<\/div>\n<div>\n<p class=\"bodytext\">OJMAR, S.A., dont le si\u00e8ge social est situ\u00e9 \u00e0 Elgoibar (Gipuzkoa), Pol\u00edgono Industrial Ler\u00fan s\/n ( \u00bb <b>Soci\u00e9t\u00e9<\/b> \u201c ou \u201d <b>nous<\/b> \u201c), agissant en qualit\u00e9 de contr\u00f4leur autonome des donn\u00e9es, souhaite vous informer de la mani\u00e8re dont nous collectons, utilisons et divulguons les donn\u00e9es \u00e0 caract\u00e8re personnel vous concernant, par le biais de ce site Web www.ojmar.es (\u201d <b>Site Web<\/b> \u201c) et de ses services connexes (\u201d <b>Services<\/b> \u00bb), conform\u00e9ment \u00e0 toutes les lois et r\u00e9glementations applicables en mati\u00e8re de protection des donn\u00e9es et, en particulier, en r\u00e9f\u00e9rence \u00e0 ce qui suit : (i) Ley Org\u00e1nica de Protecci\u00f3n de Datos y Garant\u00eda de los Derechos Digitales ; (ii) Regulation (EU) no. 679 of 27th April 2016 (the so-called General Data Protection Code or \u00ab <b>GDPR<\/b> \u00bb), effective from May 25th, 2018 ; and (iii) any other act, order, regulation or provisionof the competent national and European data protection authorities &#8211; hereinafter jointly the \u00ab <b>Applicable Data Protection Legislation<\/b> \u00bb.  <\/p>\n<p class=\"bodytext\">Vous trouverez une table des mati\u00e8res et un bref r\u00e9sum\u00e9 de la pr\u00e9sente politique en mati\u00e8re de cookies (\u00ab Politique en mati\u00e8re de cookies \u00bb) dans le tableau ci-dessous. Pour plus de d\u00e9tails concernant le traitement des donn\u00e9es effectu\u00e9 par la soci\u00e9t\u00e9, cliquez sur les liens dans chaque section du r\u00e9sum\u00e9 pour acc\u00e9der au contenu int\u00e9gral de la politique en mati\u00e8re de cookies concernant ce sujet. <\/p>\n<p class=\"bodytext\"><\/p>\n\n<\/div>\n<table class=\"contenttable\" summary=\"\">\n<thead>\n<tr>\n<th scope=\"col\">QUESTION<\/th> <th scope=\"col\">INFORMATION<\/th>\n<\/tr>\n<\/thead>\n<tbody>\n<tr>\n<td>QU&rsquo;EST-CE QU&rsquo;UN COOKIE ?<\/td>\n<td>\n<p class=\"bodytext\">Les cookies sont des fichiers de donn\u00e9es de petite taille que nous utilisons pour am\u00e9liorer votre exp\u00e9rience en ligne sur notre site Web.<\/p>\n<a href=\"#p1\">Pour plus d&rsquo;informations, cliquez ici<\/a><\/td>\n<\/tr>\n<tr>\n<td>QUELS SONT LES COOKIES QUE NOUS UTILISONS ?<\/td>\n<td>\n<p class=\"bodytext\">Nous utilisons diff\u00e9rents types de cookies sur notre site web (1) des cookies techniques et de session, (2) des cookies fonctionnels et (3) des cookies de profilage.<\/p>\n<a href=\"#p2\">Pour plus d&rsquo;informations, cliquez ici<\/a><\/td>\n<\/tr>\n<tr>\n<td>COMMENT CONTR\u00d4LER LES COOKIES<\/td>\n<td>\n<p class=\"bodytext\">Si vous souhaitez refuser les cookies, vous pouvez toujours le faire \u00e0 votre convenance, \u00e9galement en utilisant votre navigateur web.<\/p>\n<a href=\"#p3\">Pour plus d&rsquo;informations, cliquez ici<\/a><\/td>\n<\/tr>\n<tr>\n<td>MISE \u00c0 JOUR DE LA PR\u00c9SENTE POLITIQUE EN MATI\u00c8RE DE COOKIES<\/td>\n<td>\n<p class=\"bodytext\">Nous pouvons modifier ou mettre \u00e0 jour la pr\u00e9sente politique en mati\u00e8re de cookies afin de nous conformer aux lois applicables. Dans ce cas, nous vous informerons de ces changements \u00e9ventuels. <\/p>\nPour plus d&rsquo;informations, cliquez ici<\/td>\n<\/tr>\n<tr>\n<td>CONTACTEZ-NOUS<\/td>\n<td>\n<p class=\"bodytext\">Vous pouvez nous contacter \u00e0 l&rsquo;adresse \u00e9lectronique suivante <a class=\"mail\" href=\"mailto:lopd@ojmar.es\">lopd@ojmar.es<\/a><\/p>\n<\/td>\n<\/tr>\n<\/tbody>\n<\/table>\n<h2 id=\"p1\">1. QU&rsquo;EST-CE QU&rsquo;UN COOKIE ?<\/h2>\n<div>\n<p class=\"bodytext\">Les cookies sont de petits fichiers texte stock\u00e9s sur votre ordinateur ou votre appareil mobile. Ils sont largement utilis\u00e9s pour permettre aux sites web de fonctionner, ou de fonctionner d&rsquo;une mani\u00e8re meilleure et plus efficace. En effet, les sites web peuvent lire et \u00e9crire ces fichiers, ce qui leur permet de vous reconna\u00eetre et de se souvenir d&rsquo;informations importantes qui rendront votre utilisation d&rsquo;un site web plus pratique (par exemple, en se souvenant de vos pr\u00e9f\u00e9rences d&rsquo;utilisateur).  <\/p>\n\n<\/div>\n<div>\n<h2 id=\"p2\">2. QUELS COOKIES UTILISONS-NOUS ?<\/h2>\n<p class=\"bodytext\">Nous \u00e9num\u00e9rons ci-dessous les diff\u00e9rents types de cookies que nous pouvons utiliser sur le site.<\/p>\n\n<ul>\n  <li><strong>Cookies de personnalisation :<\/strong> ce sont ceux qui permettent d&rsquo;adapter le site web \u00e0 certaines caract\u00e9ristiques g\u00e9n\u00e9rales pr\u00e9\u00e9tablies telles que la langue, le navigateur utilis\u00e9 ou la r\u00e9gion \u00e0 partir de laquelle on y acc\u00e8de.<\/li>\n  <li><strong>Cookies techniques :<\/strong> ils ont pour fonction d&rsquo;assurer la fluidit\u00e9 et le confort de la navigation sur la page, ainsi que sa s\u00e9curit\u00e9. Ils permettent par exemple d&rsquo;identifier la session d&rsquo;un utilisateur enregistr\u00e9. <\/li>\n  <li><strong>Cookies d&rsquo;analyse :<\/strong> ils permettent d&rsquo;obtenir des informations orient\u00e9es vers l&rsquo;analyse statistique de l&rsquo;utilisation que les internautes font de la page. Ainsi, ils permettent de savoir quels sont les termes de recherche utilis\u00e9s par les utilisateurs pour atteindre la page. <\/li>\n  <li><strong>Cookies publicitaires :<\/strong> ils sont utilis\u00e9s pour g\u00e9rer les espaces publicitaires existants sur le site afin de proposer \u00e0 chaque utilisateur un contenu publicitaire en fonction du contenu de la page et de la fr\u00e9quence des annonces.<\/li>\n  <li><strong>Cookies de publicit\u00e9 comportementale : <\/strong>ils permettent de g\u00e9rer les espaces publicitaires existants sur la page afin de proposer \u00e0 chaque utilisateur un contenu publicitaire en fonction de ses habitudes de navigation et de ses pr\u00e9f\u00e9rences.<\/li>\n  \n<\/ul>\n<table border=\"1\" cellpadding=\"8\" cellspacing=\"0\">\n  <thead>\n    <tr>\n      <th>Nom\n<\/th><th>Fournisseur \/ Domaine\n<\/th><th>Expiration\n<\/th><th>Type\n<\/th><th>Description<\/th>\n    <\/tr>\n  <\/thead>\n  <tbody>\n    <tr>\n      <td>_ga<\/td>\n<td>.ojmar.com<\/td>\n<td>\u2248 400 days<\/td>\n<td>Analyse\n<\/td><td>Utilis\u00e9 par Google Analytics pour distinguer les utilisateurs.<\/td>\n    <\/tr>\n    <tr>\n      <td>_ga_DCWQ748R9Q<\/td>\n<td>.ojmar.com<\/td>\n<td>\u2248 400 days<\/td>\n<td>Analyse\n<\/td><td>Maintient l&rsquo;\u00e9tat de la session avec Google Analytics.<\/td>\n    <\/tr>\n    <tr>\n      <td>cookie_consent_preferences<\/td>\n<td>www.ojmar.com<\/td>\n<td>\u2248 365 days<\/td>\n<td>Technical<\/td>\n<td>Stocke les pr\u00e9f\u00e9rences de l&rsquo;utilisateur en mati\u00e8re de consentement aux cookies.<\/td>\n    <\/tr>\n    <tr>\n      <td>wp-wpml_current_language<\/td>\n<td>www.ojmar.com<\/td>\n<td>Session<\/td>\n<td>Personnalisation\n<\/td><td>Enregistre la langue s\u00e9lectionn\u00e9e par l&rsquo;utilisateur pour le site web.<\/td>\n    <\/tr>\n  <\/tbody>\n<\/table>\n\n\n<h2 id=\"p3\">3. COMMENT PUIS-JE CONTR\u00d4LER LES COOKIES ?<\/h2>\n<p class=\"bodytext\">En modifiant les param\u00e8tres de votre navigateur, vous pouvez d\u00e9cider de soumettre l&rsquo;installation de tout type de cookie \u00e0 votre acceptation pr\u00e9alable ou d&#8217;emp\u00eacher totalement leur installation. Pour plus d&rsquo;informations sur les cookies, vous pouvez consulter le site <a href=\"http:\/\/www.youronlinechoices.com\/\" target=\"_blank\" rel=\"noopener\">www.youronlinechoices.com<\/a>. Veuillez noter que la configuration de chaque navigateur est diff\u00e9rente. Vous trouverez ci-dessous une liste de liens vers les navigateurs web les plus utilis\u00e9s, \u00e0 partir desquels vous pouvez vous opposer \u00e0 l&rsquo;installation de cookies.   <\/p>\n\n<ul>\n \t<li><a href=\"https:\/\/support.google.com\/chrome\/answer\/95647?co=GENIE.Platform%3DDesktop&amp;hl=es\" target=\"_blank\" rel=\"noopener\">Google Chrome<\/a><\/li>\n \t<li><a href=\"https:\/\/support.mozilla.org\/es\/kb\/habilitar-y-deshabilitar-cookies-sitios-web-rastrear-preferencias\" target=\"_blank\" rel=\"noopener\">Mozilla Firefox<\/a><\/li>\n \t<li><a href=\"https:\/\/support.microsoft.com\/es-es\/help\/17442\/windows-internet-explorer-delete-manage-cookies\" target=\"_blank\" rel=\"noopener\">Internet Explorer<\/a><\/li>\n \t<li><a href=\"https:\/\/www.timeanddate.com\/custom\/cookiesopera.html\" target=\"_blank\" rel=\"noopener\">Op\u00e9ra<\/a><\/li>\n \t<li><a href=\"https:\/\/support.apple.com\/es-es\/guide\/safari\/manage-cookies-and-website-data-sfri11471\/mac\" target=\"_blank\" rel=\"noopener\">Safari<\/a><\/li>\n<\/ul>\n<h2 id=\"p4\">4. MISE A JOUR DE LA PRESENTE POLITIQUE DE CONFIDENTIALITE<\/h2>\n<p class=\"bodytext\">Nous pouvons \u00e9galement modifier ou mettre \u00e0 jour la pr\u00e9sente politique en mati\u00e8re de cookies en fonction des diff\u00e9rentes interpr\u00e9tations, d\u00e9cisions, opinions et ordonnances relatives aux lois et r\u00e9glementations \u00e0 venir en mati\u00e8re de protection des donn\u00e9es. Veuillez consulter la date d&rsquo;entr\u00e9e en vigueur en haut de la pr\u00e9sente politique en mati\u00e8re de cookies pour conna\u00eetre la date de la derni\u00e8re r\u00e9vision de la politique en mati\u00e8re de cookies. <\/p>\n<p class=\"bodytext\">Toute modification de la pr\u00e9sente politique en mati\u00e8re de cookies sera notifi\u00e9e \u00e0 l&rsquo;avance et sera en tout \u00e9tat de cause disponible lorsque nous publierons la version r\u00e9vis\u00e9e de la politique en mati\u00e8re de cookies sur notre site web. Si nous apportons des modifications importantes \u00e0 la pr\u00e9sente politique en mati\u00e8re de cookies qui \u00e9tendent nos droits d&rsquo;utilisation des donn\u00e9es \u00e0 caract\u00e8re personnel que nous avons d\u00e9j\u00e0 collect\u00e9es aupr\u00e8s de vous, nous vous en informerons et vous donnerons la possibilit\u00e9 de choisir l&rsquo;utilisation que nous ferons de ces donn\u00e9es \u00e0 caract\u00e8re personnel \u00e0 l&rsquo;avenir. <\/p>\n\n<h2 id=\"p5\">5. CONTACTEZ-NOUS<\/h2>\n<p class=\"bodytext\">Si vous avez des questions sur cette politique en mati\u00e8re de cookies ou si vous souhaitez exercer vos droits fondamentaux, consultez notre <a class=\"internal-link\" title=\"Ouvre le lien interne dans la fen\u00eatre actuelle\" href=\"http:\/\/www.ojmar.com\/fr\/privacy-policy\/\">politique de confidentialit\u00e9<\/a> ou contactez-nous \u00e0 l&rsquo;adresse <a class=\"mail\" title=\"lopd@ojmar.es\" href=\"mailto:lopd@ojmar.es\">lopd@ojmar.es<\/a>.<\/p>\n\n<\/div>\t\t\t\t\t\t\t\t<\/div>\n\t\t\t\t\t<\/div>\n\t\t\t\t<\/div>\n\t\t\t\t<\/div>\n\t\t","protected":false},"excerpt":{"rendered":"<p>Politique de Cookies Effective Date: 17\/12\/2018 Introduction OJMAR, S.A., dont le si\u00e8ge social est situ\u00e9 \u00e0 Elgoibar (Gipuzkoa), Pol\u00edgono Industrial Ler\u00fan s\/n ( \u00bb Soci\u00e9t\u00e9 \u201c ou \u201d nous \u201c), agissant en qualit\u00e9 de contr\u00f4leur autonome des donn\u00e9es, souhaite vous informer de la mani\u00e8re dont nous collectons, utilisons et divulguons les donn\u00e9es \u00e0 caract\u00e8re personnel [&hellip;]<\/p>\n","protected":false},"author":1,"featured_media":0,"parent":0,"menu_order":0,"comment_status":"closed","ping_status":"closed","template":"","meta":{"footnotes":""},"class_list":["post-9570","page","type-page","status-publish","hentry"],"yoast_head":"<!-- This site is optimized with the Yoast SEO plugin v24.7 - https:\/\/yoast.com\/wordpress\/plugins\/seo\/ -->\n<title>Politique de Cookies - Ojmar<\/title>\n<meta name=\"robots\" content=\"index, follow, max-snippet:-1, max-image-preview:large, max-video-preview:-1\" \/>\n<link rel=\"canonical\" href=\"https:\/\/ojmar.com\/fr\/politique-de-cookies\/\" \/>\n<meta property=\"og:locale\" content=\"fr_FR\" \/>\n<meta property=\"og:type\" content=\"article\" \/>\n<meta property=\"og:title\" content=\"Politique de Cookies - Ojmar\" \/>\n<meta property=\"og:description\" content=\"Politique de Cookies Effective Date: 17\/12\/2018 Introduction OJMAR, S.A., dont le si\u00e8ge social est situ\u00e9 \u00e0 Elgoibar (Gipuzkoa), Pol\u00edgono Industrial Ler\u00fan s\/n ( \u00bb Soci\u00e9t\u00e9 \u201c ou \u201d nous \u201c), agissant en qualit\u00e9 de contr\u00f4leur autonome des donn\u00e9es, souhaite vous informer de la mani\u00e8re dont nous collectons, utilisons et divulguons les donn\u00e9es \u00e0 caract\u00e8re personnel [&hellip;]\" \/>\n<meta property=\"og:url\" content=\"https:\/\/ojmar.com\/fr\/politique-de-cookies\/\" \/>\n<meta property=\"og:site_name\" content=\"Ojmar\" \/>\n<meta property=\"article:modified_time\" content=\"2025-04-01T09:13:50+00:00\" \/>\n<meta name=\"twitter:card\" content=\"summary_large_image\" \/>\n<meta name=\"twitter:label1\" content=\"Dur\u00e9e de lecture estim\u00e9e\" \/>\n\t<meta name=\"twitter:data1\" content=\"5 minutes\" \/>\n<script type=\"application\/ld+json\" class=\"yoast-schema-graph\">{\"@context\":\"https:\/\/schema.org\",\"@graph\":[{\"@type\":\"WebPage\",\"@id\":\"https:\/\/ojmar.com\/fr\/politique-de-cookies\/\",\"url\":\"https:\/\/ojmar.com\/fr\/politique-de-cookies\/\",\"name\":\"Politique de Cookies - Ojmar\",\"isPartOf\":{\"@id\":\"https:\/\/ojmar.com\/fr\/#website\"},\"datePublished\":\"2024-10-08T11:05:55+00:00\",\"dateModified\":\"2025-04-01T09:13:50+00:00\",\"breadcrumb\":{\"@id\":\"https:\/\/ojmar.com\/fr\/politique-de-cookies\/#breadcrumb\"},\"inLanguage\":\"fr-FR\",\"potentialAction\":[{\"@type\":\"ReadAction\",\"target\":[\"https:\/\/ojmar.com\/fr\/politique-de-cookies\/\"]}]},{\"@type\":\"BreadcrumbList\",\"@id\":\"https:\/\/ojmar.com\/fr\/politique-de-cookies\/#breadcrumb\",\"itemListElement\":[{\"@type\":\"ListItem\",\"position\":1,\"name\":\"Home\",\"item\":\"https:\/\/ojmar.com\/fr\/accueil\/\"},{\"@type\":\"ListItem\",\"position\":2,\"name\":\"Politique de Cookies\"}]},{\"@type\":\"WebSite\",\"@id\":\"https:\/\/ojmar.com\/fr\/#website\",\"url\":\"https:\/\/ojmar.com\/fr\/\",\"name\":\"Ojmar\",\"description\":\"\",\"publisher\":{\"@id\":\"https:\/\/ojmar.com\/fr\/#organization\"},\"potentialAction\":[{\"@type\":\"SearchAction\",\"target\":{\"@type\":\"EntryPoint\",\"urlTemplate\":\"https:\/\/ojmar.com\/fr\/?s={search_term_string}\"},\"query-input\":{\"@type\":\"PropertyValueSpecification\",\"valueRequired\":true,\"valueName\":\"search_term_string\"}}],\"inLanguage\":\"fr-FR\"},{\"@type\":\"Organization\",\"@id\":\"https:\/\/ojmar.com\/fr\/#organization\",\"name\":\"Ojmar\",\"alternateName\":\"Ojmar Locking Systems\",\"url\":\"https:\/\/ojmar.com\/fr\/\",\"logo\":{\"@type\":\"ImageObject\",\"inLanguage\":\"fr-FR\",\"@id\":\"https:\/\/ojmar.com\/fr\/#\/schema\/logo\/image\/\",\"url\":\"https:\/\/ojmar.com\/wp-content\/uploads\/2024\/06\/logo-ojmar-white-locking-systems.svg\",\"contentUrl\":\"https:\/\/ojmar.com\/wp-content\/uploads\/2024\/06\/logo-ojmar-white-locking-systems.svg\",\"width\":49,\"height\":9,\"caption\":\"Ojmar\"},\"image\":{\"@id\":\"https:\/\/ojmar.com\/fr\/#\/schema\/logo\/image\/\"},\"sameAs\":[\"https:\/\/es.linkedin.com\/company\/ojmar\",\"https:\/\/www.youtube.com\/channel\/UCcg47x2TvbONCYzJkQkfVyg\"]}]}<\/script>\n<!-- \/ Yoast SEO plugin. -->","yoast_head_json":{"title":"Politique de Cookies - Ojmar","robots":{"index":"index","follow":"follow","max-snippet":"max-snippet:-1","max-image-preview":"max-image-preview:large","max-video-preview":"max-video-preview:-1"},"canonical":"https:\/\/ojmar.com\/fr\/politique-de-cookies\/","og_locale":"fr_FR","og_type":"article","og_title":"Politique de Cookies - Ojmar","og_description":"Politique de Cookies Effective Date: 17\/12\/2018 Introduction OJMAR, S.A., dont le si\u00e8ge social est situ\u00e9 \u00e0 Elgoibar (Gipuzkoa), Pol\u00edgono Industrial Ler\u00fan s\/n ( \u00bb Soci\u00e9t\u00e9 \u201c ou \u201d nous \u201c), agissant en qualit\u00e9 de contr\u00f4leur autonome des donn\u00e9es, souhaite vous informer de la mani\u00e8re dont nous collectons, utilisons et divulguons les donn\u00e9es \u00e0 caract\u00e8re personnel [&hellip;]","og_url":"https:\/\/ojmar.com\/fr\/politique-de-cookies\/","og_site_name":"Ojmar","article_modified_time":"2025-04-01T09:13:50+00:00","twitter_card":"summary_large_image","twitter_misc":{"Dur\u00e9e de lecture estim\u00e9e":"5 minutes"},"schema":{"@context":"https:\/\/schema.org","@graph":[{"@type":"WebPage","@id":"https:\/\/ojmar.com\/fr\/politique-de-cookies\/","url":"https:\/\/ojmar.com\/fr\/politique-de-cookies\/","name":"Politique de Cookies - Ojmar","isPartOf":{"@id":"https:\/\/ojmar.com\/fr\/#website"},"datePublished":"2024-10-08T11:05:55+00:00","dateModified":"2025-04-01T09:13:50+00:00","breadcrumb":{"@id":"https:\/\/ojmar.com\/fr\/politique-de-cookies\/#breadcrumb"},"inLanguage":"fr-FR","potentialAction":[{"@type":"ReadAction","target":["https:\/\/ojmar.com\/fr\/politique-de-cookies\/"]}]},{"@type":"BreadcrumbList","@id":"https:\/\/ojmar.com\/fr\/politique-de-cookies\/#breadcrumb","itemListElement":[{"@type":"ListItem","position":1,"name":"Home","item":"https:\/\/ojmar.com\/fr\/accueil\/"},{"@type":"ListItem","position":2,"name":"Politique de Cookies"}]},{"@type":"WebSite","@id":"https:\/\/ojmar.com\/fr\/#website","url":"https:\/\/ojmar.com\/fr\/","name":"Ojmar","description":"","publisher":{"@id":"https:\/\/ojmar.com\/fr\/#organization"},"potentialAction":[{"@type":"SearchAction","target":{"@type":"EntryPoint","urlTemplate":"https:\/\/ojmar.com\/fr\/?s={search_term_string}"},"query-input":{"@type":"PropertyValueSpecification","valueRequired":true,"valueName":"search_term_string"}}],"inLanguage":"fr-FR"},{"@type":"Organization","@id":"https:\/\/ojmar.com\/fr\/#organization","name":"Ojmar","alternateName":"Ojmar Locking Systems","url":"https:\/\/ojmar.com\/fr\/","logo":{"@type":"ImageObject","inLanguage":"fr-FR","@id":"https:\/\/ojmar.com\/fr\/#\/schema\/logo\/image\/","url":"https:\/\/ojmar.com\/wp-content\/uploads\/2024\/06\/logo-ojmar-white-locking-systems.svg","contentUrl":"https:\/\/ojmar.com\/wp-content\/uploads\/2024\/06\/logo-ojmar-white-locking-systems.svg","width":49,"height":9,"caption":"Ojmar"},"image":{"@id":"https:\/\/ojmar.com\/fr\/#\/schema\/logo\/image\/"},"sameAs":["https:\/\/es.linkedin.com\/company\/ojmar","https:\/\/www.youtube.com\/channel\/UCcg47x2TvbONCYzJkQkfVyg"]}]}},"_links":{"self":[{"href":"https:\/\/ojmar.com\/fr\/wp-json\/wp\/v2\/pages\/9570","targetHints":{"allow":["GET"]}}],"collection":[{"href":"https:\/\/ojmar.com\/fr\/wp-json\/wp\/v2\/pages"}],"about":[{"href":"https:\/\/ojmar.com\/fr\/wp-json\/wp\/v2\/types\/page"}],"author":[{"embeddable":true,"href":"https:\/\/ojmar.com\/fr\/wp-json\/wp\/v2\/users\/1"}],"replies":[{"embeddable":true,"href":"https:\/\/ojmar.com\/fr\/wp-json\/wp\/v2\/comments?post=9570"}],"version-history":[{"count":3,"href":"https:\/\/ojmar.com\/fr\/wp-json\/wp\/v2\/pages\/9570\/revisions"}],"predecessor-version":[{"id":10469,"href":"https:\/\/ojmar.com\/fr\/wp-json\/wp\/v2\/pages\/9570\/revisions\/10469"}],"wp:attachment":[{"href":"https:\/\/ojmar.com\/fr\/wp-json\/wp\/v2\/media?parent=9570"}],"curies":[{"name":"wp","href":"https:\/\/api.w.org\/{rel}","templated":true}]}}