{"id":8894,"date":"2024-08-28T14:05:33","date_gmt":"2024-08-28T12:05:33","guid":{"rendered":"https:\/\/www.ojmar.com\/assistance-technique\/"},"modified":"2025-09-02T12:38:07","modified_gmt":"2025-09-02T10:38:07","slug":"contact","status":"publish","type":"page","link":"https:\/\/ojmar.com\/fr\/contact\/","title":{"rendered":"Contact"},"content":{"rendered":"\t\t<div data-elementor-type=\"wp-page\" data-elementor-id=\"8894\" class=\"elementor elementor-8894 elementor-2451\" data-elementor-post-type=\"page\">\n\t\t\t\t<div class=\"elementor-element elementor-element-4eb4b28 e-flex e-con-boxed e-con e-parent\" data-id=\"4eb4b28\" data-element_type=\"container\" data-e-type=\"container\">\n\t\t\t\t\t<div class=\"e-con-inner\">\n\t\t\t\t<div class=\"elementor-element elementor-element-e879ffd elementor-widget elementor-widget-breadcrumbs\" data-id=\"e879ffd\" data-element_type=\"widget\" data-e-type=\"widget\" data-widget_type=\"breadcrumbs.default\">\n\t\t\t\t\t<p id=\"breadcrumbs\"><span><span><a href=\"https:\/\/ojmar.com\/fr\/accueil\/\">Home<\/a><\/span><\/span><\/p>\t\t\t\t<\/div>\n\t\t\t\t\t<\/div>\n\t\t\t\t<\/div>\n\t\t<div class=\"elementor-element elementor-element-03faba3 e-flex e-con-boxed e-con e-parent\" data-id=\"03faba3\" data-element_type=\"container\" data-e-type=\"container\" data-settings=\"{&quot;background_background&quot;:&quot;classic&quot;}\">\n\t\t\t\t\t<div class=\"e-con-inner\">\n\t\t\t\t<div class=\"elementor-element elementor-element-eee7867 elementor-widget elementor-widget-heading\" data-id=\"eee7867\" data-element_type=\"widget\" data-e-type=\"widget\" data-widget_type=\"heading.default\">\n\t\t\t\t\t<h1 class=\"elementor-heading-title elementor-size-default\">Contact<\/h1>\t\t\t\t<\/div>\n\t\t\t\t\t<\/div>\n\t\t\t\t<\/div>\n\t\t<div class=\"elementor-element elementor-element-b660e61 e-flex e-con-boxed e-con e-parent\" data-id=\"b660e61\" data-element_type=\"container\" data-e-type=\"container\">\n\t\t\t\t\t<div class=\"e-con-inner\">\n\t\t<div class=\"elementor-element elementor-element-d7c293b e-con-full e-flex e-con e-child\" data-id=\"d7c293b\" data-element_type=\"container\" data-e-type=\"container\" data-settings=\"{&quot;background_background&quot;:&quot;classic&quot;}\">\n\t\t\t\t<div class=\"elementor-element elementor-element-cea7e28 elementor-widget__width-initial elementor-widget elementor-widget-heading\" data-id=\"cea7e28\" data-element_type=\"widget\" data-e-type=\"widget\" data-widget_type=\"heading.default\">\n\t\t\t\t\t<h2 class=\"elementor-heading-title elementor-size-default\">Contact<br>commercial<\/h2>\t\t\t\t<\/div>\n\t\t\t\t<div class=\"elementor-element elementor-element-7b1f2f9 boton-default elementor-absolute elementor-widget elementor-widget-button\" data-id=\"7b1f2f9\" data-element_type=\"widget\" data-e-type=\"widget\" data-settings=\"{&quot;_position&quot;:&quot;absolute&quot;}\" data-widget_type=\"button.default\">\n\t\t\t\t\t\t\t\t\t\t<a class=\"elementor-button elementor-button-link elementor-size-sm\" href=\"https:\/\/ojmar.com\/fr\/contact\/contact-commercial\/\">\n\t\t\t\t\t\t<span class=\"elementor-button-content-wrapper\">\n\t\t\t\t\t\t\t\t\t<span class=\"elementor-button-text\">Plus d\u2019info<\/span>\n\t\t\t\t\t<\/span>\n\t\t\t\t\t<\/a>\n\t\t\t\t\t\t\t\t<\/div>\n\t\t\t\t<\/div>\n\t\t<div class=\"elementor-element elementor-element-9aedd6c e-con-full e-flex e-con e-child\" data-id=\"9aedd6c\" data-element_type=\"container\" data-e-type=\"container\" data-settings=\"{&quot;background_background&quot;:&quot;classic&quot;}\">\n\t\t\t\t<div class=\"elementor-element elementor-element-5c39ad1 elementor-widget__width-initial elementor-widget elementor-widget-heading\" data-id=\"5c39ad1\" data-element_type=\"widget\" data-e-type=\"widget\" data-widget_type=\"heading.default\">\n\t\t\t\t\t<h2 class=\"elementor-heading-title elementor-size-default\">Contact<br>apr\u00e8s-vente<\/h2>\t\t\t\t<\/div>\n\t\t\t\t<div class=\"elementor-element elementor-element-2ce3ec0 boton-default elementor-absolute elementor-widget elementor-widget-button\" data-id=\"2ce3ec0\" data-element_type=\"widget\" data-e-type=\"widget\" data-settings=\"{&quot;_position&quot;:&quot;absolute&quot;}\" data-widget_type=\"button.default\">\n\t\t\t\t\t\t\t\t\t\t<a class=\"elementor-button elementor-button-link elementor-size-sm\" href=\"https:\/\/ojmar.com\/fr\/aide-service-apres-vente\/serrures-electroniques-support\/\">\n\t\t\t\t\t\t<span class=\"elementor-button-content-wrapper\">\n\t\t\t\t\t\t\t\t\t<span class=\"elementor-button-text\">Plus d\u2019info<\/span>\n\t\t\t\t\t<\/span>\n\t\t\t\t\t<\/a>\n\t\t\t\t\t\t\t\t<\/div>\n\t\t\t\t<\/div>\n\t\t\t\t\t<\/div>\n\t\t\t\t<\/div>\n\t\t<div class=\"elementor-element elementor-element-36517971 e-flex e-con-boxed e-con e-parent\" data-id=\"36517971\" data-element_type=\"container\" data-e-type=\"container\" data-settings=\"{&quot;background_background&quot;:&quot;classic&quot;}\">\n\t\t\t\t\t<div class=\"e-con-inner\">\n\t\t<div class=\"elementor-element elementor-element-622f2bf0 e-con-full e-flex e-con e-child\" data-id=\"622f2bf0\" data-element_type=\"container\" data-e-type=\"container\">\n\t\t\t\t<div class=\"elementor-element elementor-element-40d4fc9d elementor-widget elementor-widget-heading\" data-id=\"40d4fc9d\" data-element_type=\"widget\" data-e-type=\"widget\" data-widget_type=\"heading.default\">\n\t\t\t\t\t<h2 class=\"elementor-heading-title elementor-size-default\">Comment pouvons-nous aider votre entreprise ?<\/h2>\t\t\t\t<\/div>\n\t\t\t\t<div class=\"elementor-element elementor-element-6d6e6d35 elementor-widget elementor-widget-text-editor\" data-id=\"6d6e6d35\" data-element_type=\"widget\" data-e-type=\"widget\" data-widget_type=\"text-editor.default\">\n\t\t\t\t\t\t\t\t\t<p class=\"p1\"><span class=\"s1\">Contactez-nous d\u00e8s aujourd&rsquo;hui<\/span><\/p>\t\t\t\t\t\t\t\t<\/div>\n\t\t\t\t<div class=\"elementor-element elementor-element-980b942 boton-default elementor-widget elementor-widget-button\" data-id=\"980b942\" data-element_type=\"widget\" data-e-type=\"widget\" data-widget_type=\"button.default\">\n\t\t\t\t\t\t\t\t\t\t<a class=\"elementor-button elementor-button-link elementor-size-sm\" href=\"https:\/\/ojmar.com\/fr\/contact\/contact-commercial\/\">\n\t\t\t\t\t\t<span class=\"elementor-button-content-wrapper\">\n\t\t\t\t\t\t\t\t\t<span class=\"elementor-button-text\">Cliquez ici<\/span>\n\t\t\t\t\t<\/span>\n\t\t\t\t\t<\/a>\n\t\t\t\t\t\t\t\t<\/div>\n\t\t\t\t<\/div>\n\t\t\t\t\t<\/div>\n\t\t\t\t<\/div>\n\t\t\t\t<\/div>\n\t\t","protected":false},"excerpt":{"rendered":"<p>Contact Contactcommercial Plus d\u2019info Contactapr\u00e8s-vente Plus d\u2019info Comment pouvons-nous aider votre entreprise ? Contactez-nous d\u00e8s aujourd&rsquo;hui Cliquez ici<\/p>\n","protected":false},"author":1,"featured_media":0,"parent":0,"menu_order":0,"comment_status":"closed","ping_status":"closed","template":"","meta":{"footnotes":""},"class_list":["post-8894","page","type-page","status-publish","hentry"],"yoast_head":"<!-- This site is optimized with the Yoast SEO plugin v24.7 - https:\/\/yoast.com\/wordpress\/plugins\/seo\/ -->\n<title>Assistance technique Ojmar pour les serrures et les syst\u00e8mes de verrouillage \u00e0 distance<\/title>\n<meta name=\"description\" content=\"Obtenez de l&#039;aide pour vos produits Ojmar, y compris le guide d&#039;installation de la serrure de porte, le service \u00e0 la client\u00e8le de la serrure ma\u00eetre, et le manuel de la serrure \u00e9lectronique num\u00e9rique avanc\u00e9e. D\u00e9couvrez les FAQ et les guides d&#039;utilisation des serrures \u00e0 distance.\" \/>\n<meta name=\"robots\" content=\"index, follow, max-snippet:-1, max-image-preview:large, max-video-preview:-1\" \/>\n<link rel=\"canonical\" href=\"https:\/\/ojmar.com\/fr\/contact\/\" \/>\n<meta property=\"og:locale\" content=\"fr_FR\" \/>\n<meta property=\"og:type\" content=\"article\" \/>\n<meta property=\"og:title\" content=\"Assistance technique Ojmar pour les serrures et les syst\u00e8mes de verrouillage \u00e0 distance\" \/>\n<meta property=\"og:description\" content=\"Obtenez de l&#039;aide pour vos produits Ojmar, y compris le guide d&#039;installation de la serrure de porte, le service \u00e0 la client\u00e8le de la serrure ma\u00eetre, et le manuel de la serrure \u00e9lectronique num\u00e9rique avanc\u00e9e. D\u00e9couvrez les FAQ et les guides d&#039;utilisation des serrures \u00e0 distance.\" \/>\n<meta property=\"og:url\" content=\"https:\/\/ojmar.com\/fr\/contact\/\" \/>\n<meta property=\"og:site_name\" content=\"Ojmar\" \/>\n<meta property=\"article:modified_time\" content=\"2025-09-02T10:38:07+00:00\" \/>\n<meta name=\"twitter:card\" content=\"summary_large_image\" \/>\n<script type=\"application\/ld+json\" class=\"yoast-schema-graph\">{\"@context\":\"https:\/\/schema.org\",\"@graph\":[{\"@type\":\"WebPage\",\"@id\":\"https:\/\/ojmar.com\/fr\/contact\/\",\"url\":\"https:\/\/ojmar.com\/fr\/contact\/\",\"name\":\"Assistance technique Ojmar pour les serrures et les syst\u00e8mes de verrouillage \u00e0 distance\",\"isPartOf\":{\"@id\":\"https:\/\/ojmar.com\/fr\/#website\"},\"datePublished\":\"2024-08-28T12:05:33+00:00\",\"dateModified\":\"2025-09-02T10:38:07+00:00\",\"description\":\"Obtenez de l'aide pour vos produits Ojmar, y compris le guide d'installation de la serrure de porte, le service \u00e0 la client\u00e8le de la serrure ma\u00eetre, et le manuel de la serrure \u00e9lectronique num\u00e9rique avanc\u00e9e. D\u00e9couvrez les FAQ et les guides d'utilisation des serrures \u00e0 distance.\",\"breadcrumb\":{\"@id\":\"https:\/\/ojmar.com\/fr\/contact\/#breadcrumb\"},\"inLanguage\":\"fr-FR\",\"potentialAction\":[{\"@type\":\"ReadAction\",\"target\":[\"https:\/\/ojmar.com\/fr\/contact\/\"]}]},{\"@type\":\"BreadcrumbList\",\"@id\":\"https:\/\/ojmar.com\/fr\/contact\/#breadcrumb\",\"itemListElement\":[{\"@type\":\"ListItem\",\"position\":1,\"name\":\"Home\",\"item\":\"https:\/\/ojmar.com\/fr\/accueil\/\"},{\"@type\":\"ListItem\",\"position\":2,\"name\":\"Contact\"}]},{\"@type\":\"WebSite\",\"@id\":\"https:\/\/ojmar.com\/fr\/#website\",\"url\":\"https:\/\/ojmar.com\/fr\/\",\"name\":\"Ojmar\",\"description\":\"\",\"publisher\":{\"@id\":\"https:\/\/ojmar.com\/fr\/#organization\"},\"potentialAction\":[{\"@type\":\"SearchAction\",\"target\":{\"@type\":\"EntryPoint\",\"urlTemplate\":\"https:\/\/ojmar.com\/fr\/?s={search_term_string}\"},\"query-input\":{\"@type\":\"PropertyValueSpecification\",\"valueRequired\":true,\"valueName\":\"search_term_string\"}}],\"inLanguage\":\"fr-FR\"},{\"@type\":\"Organization\",\"@id\":\"https:\/\/ojmar.com\/fr\/#organization\",\"name\":\"Ojmar\",\"alternateName\":\"Ojmar Locking Systems\",\"url\":\"https:\/\/ojmar.com\/fr\/\",\"logo\":{\"@type\":\"ImageObject\",\"inLanguage\":\"fr-FR\",\"@id\":\"https:\/\/ojmar.com\/fr\/#\/schema\/logo\/image\/\",\"url\":\"https:\/\/ojmar.com\/wp-content\/uploads\/2024\/06\/logo-ojmar-white-locking-systems.svg\",\"contentUrl\":\"https:\/\/ojmar.com\/wp-content\/uploads\/2024\/06\/logo-ojmar-white-locking-systems.svg\",\"width\":49,\"height\":9,\"caption\":\"Ojmar\"},\"image\":{\"@id\":\"https:\/\/ojmar.com\/fr\/#\/schema\/logo\/image\/\"},\"sameAs\":[\"https:\/\/es.linkedin.com\/company\/ojmar\",\"https:\/\/www.youtube.com\/channel\/UCcg47x2TvbONCYzJkQkfVyg\"]}]}<\/script>\n<!-- \/ Yoast SEO plugin. -->","yoast_head_json":{"title":"Assistance technique Ojmar pour les serrures et les syst\u00e8mes de verrouillage \u00e0 distance","description":"Obtenez de l'aide pour vos produits Ojmar, y compris le guide d'installation de la serrure de porte, le service \u00e0 la client\u00e8le de la serrure ma\u00eetre, et le manuel de la serrure \u00e9lectronique num\u00e9rique avanc\u00e9e. D\u00e9couvrez les FAQ et les guides d'utilisation des serrures \u00e0 distance.","robots":{"index":"index","follow":"follow","max-snippet":"max-snippet:-1","max-image-preview":"max-image-preview:large","max-video-preview":"max-video-preview:-1"},"canonical":"https:\/\/ojmar.com\/fr\/contact\/","og_locale":"fr_FR","og_type":"article","og_title":"Assistance technique Ojmar pour les serrures et les syst\u00e8mes de verrouillage \u00e0 distance","og_description":"Obtenez de l'aide pour vos produits Ojmar, y compris le guide d'installation de la serrure de porte, le service \u00e0 la client\u00e8le de la serrure ma\u00eetre, et le manuel de la serrure \u00e9lectronique num\u00e9rique avanc\u00e9e. D\u00e9couvrez les FAQ et les guides d'utilisation des serrures \u00e0 distance.","og_url":"https:\/\/ojmar.com\/fr\/contact\/","og_site_name":"Ojmar","article_modified_time":"2025-09-02T10:38:07+00:00","twitter_card":"summary_large_image","schema":{"@context":"https:\/\/schema.org","@graph":[{"@type":"WebPage","@id":"https:\/\/ojmar.com\/fr\/contact\/","url":"https:\/\/ojmar.com\/fr\/contact\/","name":"Assistance technique Ojmar pour les serrures et les syst\u00e8mes de verrouillage \u00e0 distance","isPartOf":{"@id":"https:\/\/ojmar.com\/fr\/#website"},"datePublished":"2024-08-28T12:05:33+00:00","dateModified":"2025-09-02T10:38:07+00:00","description":"Obtenez de l'aide pour vos produits Ojmar, y compris le guide d'installation de la serrure de porte, le service \u00e0 la client\u00e8le de la serrure ma\u00eetre, et le manuel de la serrure \u00e9lectronique num\u00e9rique avanc\u00e9e. D\u00e9couvrez les FAQ et les guides d'utilisation des serrures \u00e0 distance.","breadcrumb":{"@id":"https:\/\/ojmar.com\/fr\/contact\/#breadcrumb"},"inLanguage":"fr-FR","potentialAction":[{"@type":"ReadAction","target":["https:\/\/ojmar.com\/fr\/contact\/"]}]},{"@type":"BreadcrumbList","@id":"https:\/\/ojmar.com\/fr\/contact\/#breadcrumb","itemListElement":[{"@type":"ListItem","position":1,"name":"Home","item":"https:\/\/ojmar.com\/fr\/accueil\/"},{"@type":"ListItem","position":2,"name":"Contact"}]},{"@type":"WebSite","@id":"https:\/\/ojmar.com\/fr\/#website","url":"https:\/\/ojmar.com\/fr\/","name":"Ojmar","description":"","publisher":{"@id":"https:\/\/ojmar.com\/fr\/#organization"},"potentialAction":[{"@type":"SearchAction","target":{"@type":"EntryPoint","urlTemplate":"https:\/\/ojmar.com\/fr\/?s={search_term_string}"},"query-input":{"@type":"PropertyValueSpecification","valueRequired":true,"valueName":"search_term_string"}}],"inLanguage":"fr-FR"},{"@type":"Organization","@id":"https:\/\/ojmar.com\/fr\/#organization","name":"Ojmar","alternateName":"Ojmar Locking Systems","url":"https:\/\/ojmar.com\/fr\/","logo":{"@type":"ImageObject","inLanguage":"fr-FR","@id":"https:\/\/ojmar.com\/fr\/#\/schema\/logo\/image\/","url":"https:\/\/ojmar.com\/wp-content\/uploads\/2024\/06\/logo-ojmar-white-locking-systems.svg","contentUrl":"https:\/\/ojmar.com\/wp-content\/uploads\/2024\/06\/logo-ojmar-white-locking-systems.svg","width":49,"height":9,"caption":"Ojmar"},"image":{"@id":"https:\/\/ojmar.com\/fr\/#\/schema\/logo\/image\/"},"sameAs":["https:\/\/es.linkedin.com\/company\/ojmar","https:\/\/www.youtube.com\/channel\/UCcg47x2TvbONCYzJkQkfVyg"]}]}},"_links":{"self":[{"href":"https:\/\/ojmar.com\/fr\/wp-json\/wp\/v2\/pages\/8894","targetHints":{"allow":["GET"]}}],"collection":[{"href":"https:\/\/ojmar.com\/fr\/wp-json\/wp\/v2\/pages"}],"about":[{"href":"https:\/\/ojmar.com\/fr\/wp-json\/wp\/v2\/types\/page"}],"author":[{"embeddable":true,"href":"https:\/\/ojmar.com\/fr\/wp-json\/wp\/v2\/users\/1"}],"replies":[{"embeddable":true,"href":"https:\/\/ojmar.com\/fr\/wp-json\/wp\/v2\/comments?post=8894"}],"version-history":[{"count":7,"href":"https:\/\/ojmar.com\/fr\/wp-json\/wp\/v2\/pages\/8894\/revisions"}],"predecessor-version":[{"id":96649,"href":"https:\/\/ojmar.com\/fr\/wp-json\/wp\/v2\/pages\/8894\/revisions\/96649"}],"wp:attachment":[{"href":"https:\/\/ojmar.com\/fr\/wp-json\/wp\/v2\/media?parent=8894"}],"curies":[{"name":"wp","href":"https:\/\/api.w.org\/{rel}","templated":true}]}}