{"id":8835,"date":"2024-05-31T12:07:26","date_gmt":"2024-05-31T10:07:26","guid":{"rendered":"https:\/\/www.ojmar.com\/entreprise\/durabilite\/"},"modified":"2025-09-30T15:10:24","modified_gmt":"2025-09-30T13:10:24","slug":"durabilite","status":"publish","type":"page","link":"https:\/\/ojmar.com\/fr\/entreprise\/durabilite\/","title":{"rendered":"Durabilit\u00e9"},"content":{"rendered":"\t\t<div data-elementor-type=\"wp-page\" data-elementor-id=\"8835\" class=\"elementor elementor-8835 elementor-318\" data-elementor-post-type=\"page\">\n\t\t\t\t<div class=\"elementor-element elementor-element-feefbbf e-flex e-con-boxed e-con e-parent\" data-id=\"feefbbf\" data-element_type=\"container\" data-settings=\"{&quot;background_background&quot;:&quot;classic&quot;}\">\n\t\t\t\t\t<div class=\"e-con-inner\">\n\t\t\t\t<div class=\"elementor-element elementor-element-e12e481 elementor-widget elementor-widget-heading\" data-id=\"e12e481\" data-element_type=\"widget\" data-widget_type=\"heading.default\">\n\t\t\t\t\t<h1 class=\"elementor-heading-title elementor-size-default\">Verrouillez vos objets,<br>aimez la plan\u00e8te<\/h1>\t\t\t\t<\/div>\n\t\t\t\t\t<\/div>\n\t\t\t\t<\/div>\n\t\t<div class=\"elementor-element elementor-element-4eb4b28 e-flex e-con-boxed e-con e-parent\" data-id=\"4eb4b28\" data-element_type=\"container\">\n\t\t\t\t\t<div class=\"e-con-inner\">\n\t\t\t\t<div class=\"elementor-element elementor-element-e879ffd elementor-widget elementor-widget-breadcrumbs\" data-id=\"e879ffd\" data-element_type=\"widget\" data-widget_type=\"breadcrumbs.default\">\n\t\t\t\t\t<p id=\"breadcrumbs\"><span><span><a href=\"https:\/\/ojmar.com\/fr\/accueil\/\">Home<\/a><\/span><\/span><\/p>\t\t\t\t<\/div>\n\t\t\t\t\t<\/div>\n\t\t\t\t<\/div>\n\t\t<div class=\"elementor-element elementor-element-03faba3 e-flex e-con-boxed e-con e-parent\" data-id=\"03faba3\" data-element_type=\"container\" data-settings=\"{&quot;background_background&quot;:&quot;classic&quot;}\">\n\t\t\t\t\t<div class=\"e-con-inner\">\n\t\t\t\t<div class=\"elementor-element elementor-element-f236b1b elementor-widget elementor-widget-heading\" data-id=\"f236b1b\" data-element_type=\"widget\" data-widget_type=\"heading.default\">\n\t\t\t\t\t<h2 class=\"elementor-heading-title elementor-size-default\">Solutions de verrouillage durables<\/h2>\t\t\t\t<\/div>\n\t\t\t\t<div class=\"elementor-element elementor-element-eaa84df elementor-widget__width-initial elementor-widget elementor-widget-text-editor\" data-id=\"eaa84df\" data-element_type=\"widget\" data-widget_type=\"text-editor.default\">\n\t\t\t\t\t\t\t\t\t<p class=\"p1\">Nous privil\u00e9gions l&rsquo;utilisation de mat\u00e9riaux et de m\u00e9thodes respectueux de l&rsquo;environnement afin de r\u00e9duire l&#8217;empreinte carbone.<\/p>\t\t\t\t\t\t\t\t<\/div>\n\t\t\t\t\t<\/div>\n\t\t\t\t<\/div>\n\t\t<div class=\"elementor-element elementor-element-bfcef7c e-flex e-con-boxed e-con e-parent\" data-id=\"bfcef7c\" data-element_type=\"container\" data-settings=\"{&quot;background_background&quot;:&quot;classic&quot;}\">\n\t\t\t\t\t<div class=\"e-con-inner\">\n\t\t\t\t<div class=\"elementor-element elementor-element-8a5abf3 elementor-widget elementor-widget-image\" data-id=\"8a5abf3\" data-element_type=\"widget\" data-widget_type=\"image.default\">\n\t\t\t\t\t\t\t\t\t\t\t\t\t\t\t<img fetchpriority=\"high\" decoding=\"async\" width=\"1567\" height=\"809\" src=\"https:\/\/ojmar.com\/wp-content\/uploads\/2024\/05\/2-equipo-responsability-ojmar-locking-systems.jpg\" class=\"attachment-full size-full wp-image-329\" alt=\"Team Responsability\" srcset=\"https:\/\/ojmar.com\/wp-content\/uploads\/2024\/05\/2-equipo-responsability-ojmar-locking-systems.jpg 1567w, https:\/\/ojmar.com\/wp-content\/uploads\/2024\/05\/2-equipo-responsability-ojmar-locking-systems-300x155.jpg 300w, https:\/\/ojmar.com\/wp-content\/uploads\/2024\/05\/2-equipo-responsability-ojmar-locking-systems-1024x529.jpg 1024w, https:\/\/ojmar.com\/wp-content\/uploads\/2024\/05\/2-equipo-responsability-ojmar-locking-systems-768x396.jpg 768w, https:\/\/ojmar.com\/wp-content\/uploads\/2024\/05\/2-equipo-responsability-ojmar-locking-systems-1536x793.jpg 1536w\" sizes=\"(max-width: 1567px) 100vw, 1567px\" \/>\t\t\t\t\t\t\t\t\t\t\t\t\t\t\t<\/div>\n\t\t\t\t\t<\/div>\n\t\t\t\t<\/div>\n\t\t<div class=\"elementor-element elementor-element-7eeed0a e-flex e-con-boxed e-con e-parent\" data-id=\"7eeed0a\" data-element_type=\"container\" data-settings=\"{&quot;background_background&quot;:&quot;classic&quot;}\">\n\t\t\t\t\t<div class=\"e-con-inner\">\n\t\t\t\t<div class=\"elementor-element elementor-element-9462b17 elementor-widget elementor-widget-heading\" data-id=\"9462b17\" data-element_type=\"widget\" data-widget_type=\"heading.default\">\n\t\t\t\t\t<h2 class=\"elementor-heading-title elementor-size-default\">Engagement en faveur d'une fabrication respectueuse de l'environnement<\/h2>\t\t\t\t<\/div>\n\t\t\t\t<div class=\"elementor-element elementor-element-1395286 elementor-widget__width-initial elementor-widget elementor-widget-text-editor\" data-id=\"1395286\" data-element_type=\"widget\" data-widget_type=\"text-editor.default\">\n\t\t\t\t\t\t\t\t\t<p class=\"p1\">Nos solutions de verrouillage sont con\u00e7ues pour \u00eatre durables, ce qui r\u00e9duit les besoins de remplacement et pr\u00e9serve les ressources. Nous nous attachons \u00e0 cr\u00e9er des serrures de casiers qui minimisent l&rsquo;impact sur l&rsquo;environnement, comme notre nouvelle gamme de serrures sans pile. <\/p>\t\t\t\t\t\t\t\t<\/div>\n\t\t\t\t\t<\/div>\n\t\t\t\t<\/div>\n\t\t<div class=\"elementor-element elementor-element-d6cf1e6 e-con-full e-flex e-con e-parent\" data-id=\"d6cf1e6\" data-element_type=\"container\">\n\t\t<div class=\"elementor-element elementor-element-225361a e-con-full e-flex e-con e-child\" data-id=\"225361a\" data-element_type=\"container\" data-settings=\"{&quot;background_background&quot;:&quot;classic&quot;}\">\n\t\t<div class=\"elementor-element elementor-element-c53452f e-con-full e-flex e-con e-child\" data-id=\"c53452f\" data-element_type=\"container\" data-settings=\"{&quot;background_background&quot;:&quot;classic&quot;}\">\n\t\t\t\t<\/div>\n\t\t<div class=\"elementor-element elementor-element-1903b50 e-con-full e-flex e-con e-child\" data-id=\"1903b50\" data-element_type=\"container\" data-settings=\"{&quot;background_background&quot;:&quot;classic&quot;}\">\n\t\t\t\t<\/div>\n\t\t<div class=\"elementor-element elementor-element-f118768 e-con-full e-flex e-con e-child\" data-id=\"f118768\" data-element_type=\"container\" data-settings=\"{&quot;background_background&quot;:&quot;classic&quot;}\">\n\t\t\t\t<\/div>\n\t\t\t\t<\/div>\n\t\t\t\t<\/div>\n\t\t\t\t<\/div>\n\t\t","protected":false},"excerpt":{"rendered":"<p>Verrouillez vos objets,aimez la plan\u00e8te Solutions de verrouillage durables Nous privil\u00e9gions l&rsquo;utilisation de mat\u00e9riaux et de m\u00e9thodes respectueux de l&rsquo;environnement afin de r\u00e9duire l&#8217;empreinte carbone. Engagement en faveur d&rsquo;une fabrication respectueuse de l&rsquo;environnement Nos solutions de verrouillage sont con\u00e7ues pour \u00eatre durables, ce qui r\u00e9duit les besoins de remplacement et pr\u00e9serve les ressources. Nous nous [&hellip;]<\/p>\n","protected":false},"author":1,"featured_media":0,"parent":8830,"menu_order":0,"comment_status":"closed","ping_status":"closed","template":"","meta":{"footnotes":""},"class_list":["post-8835","page","type-page","status-publish","hentry"],"yoast_head":"<!-- This site is optimized with the Yoast SEO plugin v24.7 - https:\/\/yoast.com\/wordpress\/plugins\/seo\/ -->\n<title>Solutions de verrouillage durables | Serrures de casiers \u00e9cologiques<\/title>\n<meta name=\"description\" content=\"D\u00e9couvrez l&#039;engagement d&#039;Ojmar pour des solutions de verrouillage durables. D\u00e9couvrez comment nos serrures de casiers \u00e9cologiques r\u00e9duisent l&#039;impact sur l&#039;environnement et favorisent la conservation des ressources.\" \/>\n<meta name=\"robots\" content=\"index, follow, max-snippet:-1, max-image-preview:large, max-video-preview:-1\" \/>\n<link rel=\"canonical\" href=\"https:\/\/ojmar.com\/fr\/entreprise\/durabilite\/\" \/>\n<meta property=\"og:locale\" content=\"fr_FR\" \/>\n<meta property=\"og:type\" content=\"article\" \/>\n<meta property=\"og:title\" content=\"Solutions de verrouillage durables | Serrures de casiers \u00e9cologiques\" \/>\n<meta property=\"og:description\" content=\"D\u00e9couvrez l&#039;engagement d&#039;Ojmar pour des solutions de verrouillage durables. D\u00e9couvrez comment nos serrures de casiers \u00e9cologiques r\u00e9duisent l&#039;impact sur l&#039;environnement et favorisent la conservation des ressources.\" \/>\n<meta property=\"og:url\" content=\"https:\/\/ojmar.com\/fr\/entreprise\/durabilite\/\" \/>\n<meta property=\"og:site_name\" content=\"Ojmar\" \/>\n<meta property=\"article:modified_time\" content=\"2025-09-30T13:10:24+00:00\" \/>\n<meta property=\"og:image\" content=\"https:\/\/ojmar.com\/wp-content\/uploads\/2024\/05\/2-equipo-responsability-ojmar-locking-systems.jpg\" \/>\n\t<meta property=\"og:image:width\" content=\"1567\" \/>\n\t<meta property=\"og:image:height\" content=\"809\" \/>\n\t<meta property=\"og:image:type\" content=\"image\/jpeg\" \/>\n<meta name=\"twitter:card\" content=\"summary_large_image\" \/>\n<meta name=\"twitter:label1\" content=\"Dur\u00e9e de lecture estim\u00e9e\" \/>\n\t<meta name=\"twitter:data1\" content=\"1 minute\" \/>\n<script type=\"application\/ld+json\" class=\"yoast-schema-graph\">{\"@context\":\"https:\/\/schema.org\",\"@graph\":[{\"@type\":\"WebPage\",\"@id\":\"https:\/\/ojmar.com\/fr\/entreprise\/durabilite\/\",\"url\":\"https:\/\/ojmar.com\/fr\/entreprise\/durabilite\/\",\"name\":\"Solutions de verrouillage durables | Serrures de casiers \u00e9cologiques\",\"isPartOf\":{\"@id\":\"https:\/\/ojmar.com\/fr\/#website\"},\"primaryImageOfPage\":{\"@id\":\"https:\/\/ojmar.com\/fr\/entreprise\/durabilite\/#primaryimage\"},\"image\":{\"@id\":\"https:\/\/ojmar.com\/fr\/entreprise\/durabilite\/#primaryimage\"},\"thumbnailUrl\":\"https:\/\/ojmar.com\/wp-content\/uploads\/2024\/05\/2-equipo-responsability-ojmar-locking-systems.jpg\",\"datePublished\":\"2024-05-31T10:07:26+00:00\",\"dateModified\":\"2025-09-30T13:10:24+00:00\",\"description\":\"D\u00e9couvrez l'engagement d'Ojmar pour des solutions de verrouillage durables. D\u00e9couvrez comment nos serrures de casiers \u00e9cologiques r\u00e9duisent l'impact sur l'environnement et favorisent la conservation des ressources.\",\"breadcrumb\":{\"@id\":\"https:\/\/ojmar.com\/fr\/entreprise\/durabilite\/#breadcrumb\"},\"inLanguage\":\"fr-FR\",\"potentialAction\":[{\"@type\":\"ReadAction\",\"target\":[\"https:\/\/ojmar.com\/fr\/entreprise\/durabilite\/\"]}]},{\"@type\":\"ImageObject\",\"inLanguage\":\"fr-FR\",\"@id\":\"https:\/\/ojmar.com\/fr\/entreprise\/durabilite\/#primaryimage\",\"url\":\"https:\/\/ojmar.com\/wp-content\/uploads\/2024\/05\/2-equipo-responsability-ojmar-locking-systems.jpg\",\"contentUrl\":\"https:\/\/ojmar.com\/wp-content\/uploads\/2024\/05\/2-equipo-responsability-ojmar-locking-systems.jpg\"},{\"@type\":\"BreadcrumbList\",\"@id\":\"https:\/\/ojmar.com\/fr\/entreprise\/durabilite\/#breadcrumb\",\"itemListElement\":[{\"@type\":\"ListItem\",\"position\":1,\"name\":\"Home\",\"item\":\"https:\/\/ojmar.com\/fr\/accueil\/\"},{\"@type\":\"ListItem\",\"position\":2,\"name\":\"Entreprise\",\"item\":\"https:\/\/ojmar.com\/fr\/entreprise\/\"},{\"@type\":\"ListItem\",\"position\":3,\"name\":\"Durabilit\u00e9\"}]},{\"@type\":\"WebSite\",\"@id\":\"https:\/\/ojmar.com\/fr\/#website\",\"url\":\"https:\/\/ojmar.com\/fr\/\",\"name\":\"Ojmar\",\"description\":\"\",\"publisher\":{\"@id\":\"https:\/\/ojmar.com\/fr\/#organization\"},\"potentialAction\":[{\"@type\":\"SearchAction\",\"target\":{\"@type\":\"EntryPoint\",\"urlTemplate\":\"https:\/\/ojmar.com\/fr\/?s={search_term_string}\"},\"query-input\":{\"@type\":\"PropertyValueSpecification\",\"valueRequired\":true,\"valueName\":\"search_term_string\"}}],\"inLanguage\":\"fr-FR\"},{\"@type\":\"Organization\",\"@id\":\"https:\/\/ojmar.com\/fr\/#organization\",\"name\":\"Ojmar\",\"alternateName\":\"Ojmar Locking Systems\",\"url\":\"https:\/\/ojmar.com\/fr\/\",\"logo\":{\"@type\":\"ImageObject\",\"inLanguage\":\"fr-FR\",\"@id\":\"https:\/\/ojmar.com\/fr\/#\/schema\/logo\/image\/\",\"url\":\"https:\/\/ojmar.com\/wp-content\/uploads\/2024\/06\/logo-ojmar-white-locking-systems.svg\",\"contentUrl\":\"https:\/\/ojmar.com\/wp-content\/uploads\/2024\/06\/logo-ojmar-white-locking-systems.svg\",\"width\":49,\"height\":9,\"caption\":\"Ojmar\"},\"image\":{\"@id\":\"https:\/\/ojmar.com\/fr\/#\/schema\/logo\/image\/\"},\"sameAs\":[\"https:\/\/es.linkedin.com\/company\/ojmar\",\"https:\/\/www.youtube.com\/channel\/UCcg47x2TvbONCYzJkQkfVyg\"]}]}<\/script>\n<!-- \/ Yoast SEO plugin. -->","yoast_head_json":{"title":"Solutions de verrouillage durables | Serrures de casiers \u00e9cologiques","description":"D\u00e9couvrez l'engagement d'Ojmar pour des solutions de verrouillage durables. D\u00e9couvrez comment nos serrures de casiers \u00e9cologiques r\u00e9duisent l'impact sur l'environnement et favorisent la conservation des ressources.","robots":{"index":"index","follow":"follow","max-snippet":"max-snippet:-1","max-image-preview":"max-image-preview:large","max-video-preview":"max-video-preview:-1"},"canonical":"https:\/\/ojmar.com\/fr\/entreprise\/durabilite\/","og_locale":"fr_FR","og_type":"article","og_title":"Solutions de verrouillage durables | Serrures de casiers \u00e9cologiques","og_description":"D\u00e9couvrez l'engagement d'Ojmar pour des solutions de verrouillage durables. D\u00e9couvrez comment nos serrures de casiers \u00e9cologiques r\u00e9duisent l'impact sur l'environnement et favorisent la conservation des ressources.","og_url":"https:\/\/ojmar.com\/fr\/entreprise\/durabilite\/","og_site_name":"Ojmar","article_modified_time":"2025-09-30T13:10:24+00:00","og_image":[{"width":1567,"height":809,"url":"https:\/\/ojmar.com\/wp-content\/uploads\/2024\/05\/2-equipo-responsability-ojmar-locking-systems.jpg","type":"image\/jpeg"}],"twitter_card":"summary_large_image","twitter_misc":{"Dur\u00e9e de lecture estim\u00e9e":"1 minute"},"schema":{"@context":"https:\/\/schema.org","@graph":[{"@type":"WebPage","@id":"https:\/\/ojmar.com\/fr\/entreprise\/durabilite\/","url":"https:\/\/ojmar.com\/fr\/entreprise\/durabilite\/","name":"Solutions de verrouillage durables | Serrures de casiers \u00e9cologiques","isPartOf":{"@id":"https:\/\/ojmar.com\/fr\/#website"},"primaryImageOfPage":{"@id":"https:\/\/ojmar.com\/fr\/entreprise\/durabilite\/#primaryimage"},"image":{"@id":"https:\/\/ojmar.com\/fr\/entreprise\/durabilite\/#primaryimage"},"thumbnailUrl":"https:\/\/ojmar.com\/wp-content\/uploads\/2024\/05\/2-equipo-responsability-ojmar-locking-systems.jpg","datePublished":"2024-05-31T10:07:26+00:00","dateModified":"2025-09-30T13:10:24+00:00","description":"D\u00e9couvrez l'engagement d'Ojmar pour des solutions de verrouillage durables. D\u00e9couvrez comment nos serrures de casiers \u00e9cologiques r\u00e9duisent l'impact sur l'environnement et favorisent la conservation des ressources.","breadcrumb":{"@id":"https:\/\/ojmar.com\/fr\/entreprise\/durabilite\/#breadcrumb"},"inLanguage":"fr-FR","potentialAction":[{"@type":"ReadAction","target":["https:\/\/ojmar.com\/fr\/entreprise\/durabilite\/"]}]},{"@type":"ImageObject","inLanguage":"fr-FR","@id":"https:\/\/ojmar.com\/fr\/entreprise\/durabilite\/#primaryimage","url":"https:\/\/ojmar.com\/wp-content\/uploads\/2024\/05\/2-equipo-responsability-ojmar-locking-systems.jpg","contentUrl":"https:\/\/ojmar.com\/wp-content\/uploads\/2024\/05\/2-equipo-responsability-ojmar-locking-systems.jpg"},{"@type":"BreadcrumbList","@id":"https:\/\/ojmar.com\/fr\/entreprise\/durabilite\/#breadcrumb","itemListElement":[{"@type":"ListItem","position":1,"name":"Home","item":"https:\/\/ojmar.com\/fr\/accueil\/"},{"@type":"ListItem","position":2,"name":"Entreprise","item":"https:\/\/ojmar.com\/fr\/entreprise\/"},{"@type":"ListItem","position":3,"name":"Durabilit\u00e9"}]},{"@type":"WebSite","@id":"https:\/\/ojmar.com\/fr\/#website","url":"https:\/\/ojmar.com\/fr\/","name":"Ojmar","description":"","publisher":{"@id":"https:\/\/ojmar.com\/fr\/#organization"},"potentialAction":[{"@type":"SearchAction","target":{"@type":"EntryPoint","urlTemplate":"https:\/\/ojmar.com\/fr\/?s={search_term_string}"},"query-input":{"@type":"PropertyValueSpecification","valueRequired":true,"valueName":"search_term_string"}}],"inLanguage":"fr-FR"},{"@type":"Organization","@id":"https:\/\/ojmar.com\/fr\/#organization","name":"Ojmar","alternateName":"Ojmar Locking Systems","url":"https:\/\/ojmar.com\/fr\/","logo":{"@type":"ImageObject","inLanguage":"fr-FR","@id":"https:\/\/ojmar.com\/fr\/#\/schema\/logo\/image\/","url":"https:\/\/ojmar.com\/wp-content\/uploads\/2024\/06\/logo-ojmar-white-locking-systems.svg","contentUrl":"https:\/\/ojmar.com\/wp-content\/uploads\/2024\/06\/logo-ojmar-white-locking-systems.svg","width":49,"height":9,"caption":"Ojmar"},"image":{"@id":"https:\/\/ojmar.com\/fr\/#\/schema\/logo\/image\/"},"sameAs":["https:\/\/es.linkedin.com\/company\/ojmar","https:\/\/www.youtube.com\/channel\/UCcg47x2TvbONCYzJkQkfVyg"]}]}},"_links":{"self":[{"href":"https:\/\/ojmar.com\/fr\/wp-json\/wp\/v2\/pages\/8835","targetHints":{"allow":["GET"]}}],"collection":[{"href":"https:\/\/ojmar.com\/fr\/wp-json\/wp\/v2\/pages"}],"about":[{"href":"https:\/\/ojmar.com\/fr\/wp-json\/wp\/v2\/types\/page"}],"author":[{"embeddable":true,"href":"https:\/\/ojmar.com\/fr\/wp-json\/wp\/v2\/users\/1"}],"replies":[{"embeddable":true,"href":"https:\/\/ojmar.com\/fr\/wp-json\/wp\/v2\/comments?post=8835"}],"version-history":[{"count":6,"href":"https:\/\/ojmar.com\/fr\/wp-json\/wp\/v2\/pages\/8835\/revisions"}],"predecessor-version":[{"id":99044,"href":"https:\/\/ojmar.com\/fr\/wp-json\/wp\/v2\/pages\/8835\/revisions\/99044"}],"up":[{"embeddable":true,"href":"https:\/\/ojmar.com\/fr\/wp-json\/wp\/v2\/pages\/8830"}],"wp:attachment":[{"href":"https:\/\/ojmar.com\/fr\/wp-json\/wp\/v2\/media?parent=8835"}],"curies":[{"name":"wp","href":"https:\/\/api.w.org\/{rel}","templated":true}]}}