{"id":8831,"date":"2024-05-31T11:39:15","date_gmt":"2024-05-31T09:39:15","guid":{"rendered":"https:\/\/www.ojmar.com\/entreprise\/a-propos-dojmar\/"},"modified":"2025-08-02T00:59:50","modified_gmt":"2025-08-01T22:59:50","slug":"concernant-ojmar","status":"publish","type":"page","link":"https:\/\/ojmar.com\/fr\/entreprise\/concernant-ojmar\/","title":{"rendered":"\u00c0 propos d\u00b4Ojmar"},"content":{"rendered":"\t\t<div data-elementor-type=\"wp-page\" data-elementor-id=\"8831\" class=\"elementor elementor-8831 elementor-267\" data-elementor-post-type=\"page\">\n\t\t\t\t<div class=\"elementor-element elementor-element-feefbbf e-flex e-con-boxed e-con e-parent\" data-id=\"feefbbf\" data-element_type=\"container\" data-settings=\"{&quot;background_background&quot;:&quot;classic&quot;}\">\n\t\t\t\t\t<div class=\"e-con-inner\">\n\t\t\t\t<div class=\"elementor-element elementor-element-e12e481 elementor-widget elementor-widget-heading\" data-id=\"e12e481\" data-element_type=\"widget\" data-widget_type=\"heading.default\">\n\t\t\t\t\t<h1 class=\"elementor-heading-title elementor-size-default\">Nous cr\u00e9ons des espaces intelligents<\/h1>\t\t\t\t<\/div>\n\t\t\t\t\t<\/div>\n\t\t\t\t<\/div>\n\t\t<div class=\"elementor-element elementor-element-4eb4b28 e-flex e-con-boxed e-con e-parent\" data-id=\"4eb4b28\" data-element_type=\"container\">\n\t\t\t\t\t<div class=\"e-con-inner\">\n\t\t\t\t<div class=\"elementor-element elementor-element-e879ffd elementor-widget elementor-widget-breadcrumbs\" data-id=\"e879ffd\" data-element_type=\"widget\" data-widget_type=\"breadcrumbs.default\">\n\t\t\t\t\t<p id=\"breadcrumbs\"><span><span><a href=\"https:\/\/ojmar.com\/fr\/accueil\/\">Home<\/a><\/span><\/span><\/p>\t\t\t\t<\/div>\n\t\t\t\t\t<\/div>\n\t\t\t\t<\/div>\n\t\t<div class=\"elementor-element elementor-element-03faba3 e-flex e-con-boxed e-con e-parent\" data-id=\"03faba3\" data-element_type=\"container\" data-settings=\"{&quot;background_background&quot;:&quot;classic&quot;}\">\n\t\t\t\t\t<div class=\"e-con-inner\">\n\t\t\t\t<div class=\"elementor-element elementor-element-eaa84df elementor-widget__width-initial elementor-widget elementor-widget-text-editor\" data-id=\"eaa84df\" data-element_type=\"widget\" data-widget_type=\"text-editor.default\">\n\t\t\t\t\t\t\t\t\t<p class=\"p1\">En tant que sp\u00e9cialistes de la technologie des serrures intelligentes, nous comprenons l&rsquo;importance de combiner de mani\u00e8re transparente la fiabilit\u00e9, la s\u00e9curit\u00e9, l&rsquo;\u00e9volutivit\u00e9 et la durabilit\u00e9. <br><br>Notre objectif est de cr\u00e9er des espaces plus intelligents et interconnect\u00e9s qui r\u00e9pondent aux besoins de chacun et qui ont un impact positif sur la fa\u00e7on dont nous vivons et travaillons.<\/p>\t\t\t\t\t\t\t\t<\/div>\n\t\t\t\t\t<\/div>\n\t\t\t\t<\/div>\n\t\t<div class=\"elementor-element elementor-element-d6cf1e6 e-con-full e-flex e-con e-parent\" data-id=\"d6cf1e6\" data-element_type=\"container\">\n\t\t<div class=\"elementor-element elementor-element-225361a e-con-full e-flex e-con e-child\" data-id=\"225361a\" data-element_type=\"container\" data-settings=\"{&quot;background_background&quot;:&quot;classic&quot;}\">\n\t\t<div class=\"elementor-element elementor-element-c53452f e-con-full e-flex e-con e-child\" data-id=\"c53452f\" data-element_type=\"container\" data-settings=\"{&quot;background_background&quot;:&quot;classic&quot;}\">\n\t\t\t\t<\/div>\n\t\t<div class=\"elementor-element elementor-element-1903b50 e-con-full e-flex e-con e-child\" data-id=\"1903b50\" data-element_type=\"container\" data-settings=\"{&quot;background_background&quot;:&quot;classic&quot;}\">\n\t\t\t\t<\/div>\n\t\t\t\t<\/div>\n\t\t\t\t<\/div>\n\t\t<div class=\"elementor-element elementor-element-fdf6109 e-flex e-con-boxed e-con e-parent\" data-id=\"fdf6109\" data-element_type=\"container\" data-settings=\"{&quot;background_background&quot;:&quot;classic&quot;}\">\n\t\t\t\t\t<div class=\"e-con-inner\">\n\t\t\t\t<div class=\"elementor-element elementor-element-527efbb elementor-widget__width-initial elementor-widget elementor-widget-heading\" data-id=\"527efbb\" data-element_type=\"widget\" data-widget_type=\"heading.default\">\n\t\t\t\t\t<h2 class=\"elementor-heading-title elementor-size-default\"><strong>Nous concevons, fabriquons et commercialisons les meilleurs syst\u00e8mes de verrouillage intelligents pour les casiers.<\/strong><\/h2>\t\t\t\t<\/div>\n\t\t\t\t\t<\/div>\n\t\t\t\t<\/div>\n\t\t<div class=\"elementor-element elementor-element-c47d121 e-flex e-con-boxed e-con e-parent\" data-id=\"c47d121\" data-element_type=\"container\" data-settings=\"{&quot;background_background&quot;:&quot;classic&quot;}\">\n\t\t\t\t\t<div class=\"e-con-inner\">\n\t\t<div class=\"elementor-element elementor-element-3cd1751 e-con-full e-flex e-con e-child\" data-id=\"3cd1751\" data-element_type=\"container\">\n\t\t\t\t<div class=\"elementor-element elementor-element-dd8785c elementor-widget elementor-widget-heading\" data-id=\"dd8785c\" data-element_type=\"widget\" data-widget_type=\"heading.default\">\n\t\t\t\t\t<h2 class=\"elementor-heading-title elementor-size-default\">Nous connaissons votre secteur d'activit\u00e9<\/h2>\t\t\t\t<\/div>\n\t\t\t\t<div class=\"elementor-element elementor-element-b88505d elementor-widget__width-initial elementor-widget elementor-widget-text-editor\" data-id=\"b88505d\" data-element_type=\"widget\" data-widget_type=\"text-editor.default\">\n\t\t\t\t\t\t\t\t\t<p class=\"p1\">Notre \u00e9quipe dispose d&rsquo;une exp\u00e9rience et d&rsquo;un savoir riches, cultiv\u00e9s au cours d&rsquo;un si\u00e8cle de travail. Nous sommes fiers que l&rsquo;adaptabilit\u00e9 soit grav\u00e9e dans notre ADN industriel. <\/p>\t\t\t\t\t\t\t\t<\/div>\n\t\t\t\t<\/div>\n\t\t\t\t\t<\/div>\n\t\t\t\t<\/div>\n\t\t<div class=\"elementor-element elementor-element-999dbcb e-flex e-con-boxed e-con e-parent\" data-id=\"999dbcb\" data-element_type=\"container\" data-settings=\"{&quot;background_background&quot;:&quot;classic&quot;}\">\n\t\t\t\t\t<div class=\"e-con-inner\">\n\t\t<div class=\"elementor-element elementor-element-b43dfe9 e-con-full e-flex e-con e-child\" data-id=\"b43dfe9\" data-element_type=\"container\">\n\t\t\t\t<div class=\"elementor-element elementor-element-964bdb7 elementor-widget elementor-widget-heading\" data-id=\"964bdb7\" data-element_type=\"widget\" data-widget_type=\"heading.default\">\n\t\t\t\t\t<h2 class=\"elementor-heading-title elementor-size-default\">Nous facilitons la collaboration<\/h2>\t\t\t\t<\/div>\n\t\t\t\t<div class=\"elementor-element elementor-element-75a23ea elementor-widget__width-initial elementor-widget elementor-widget-text-editor\" data-id=\"75a23ea\" data-element_type=\"widget\" data-widget_type=\"text-editor.default\">\n\t\t\t\t\t\t\t\t\t<p class=\"p1\">Nous contr\u00f4lons l&rsquo;ensemble du processus de production en interne dans notre usine bas\u00e9e dans l&rsquo;UE, du produit \u00e0 la fabrication, \u00e0 la mise en service et au service apr\u00e8s-vente.<\/p>\t\t\t\t\t\t\t\t<\/div>\n\t\t\t\t<\/div>\n\t\t\t\t\t<\/div>\n\t\t\t\t<\/div>\n\t\t<div class=\"elementor-element elementor-element-29dd399 e-flex e-con-boxed e-con e-parent\" data-id=\"29dd399\" data-element_type=\"container\" data-settings=\"{&quot;background_background&quot;:&quot;classic&quot;}\">\n\t\t\t\t\t<div class=\"e-con-inner\">\n\t\t<div class=\"elementor-element elementor-element-c413328 e-con-full e-flex e-con e-child\" data-id=\"c413328\" data-element_type=\"container\">\n\t\t\t\t<div class=\"elementor-element elementor-element-3c30bba elementor-widget elementor-widget-heading\" data-id=\"3c30bba\" data-element_type=\"widget\" data-widget_type=\"heading.default\">\n\t\t\t\t\t<h2 class=\"elementor-heading-title elementor-size-default\">Vous, au centre<\/h2>\t\t\t\t<\/div>\n\t\t\t\t<div class=\"elementor-element elementor-element-64408f3 elementor-widget__width-initial elementor-widget elementor-widget-text-editor\" data-id=\"64408f3\" data-element_type=\"widget\" data-widget_type=\"text-editor.default\">\n\t\t\t\t\t\t\t\t\t<p class=\"p1\">Centr\u00e9es \u00e0 100 % sur le client, nos solutions sont centr\u00e9es sur vous. Nous fournissons syst\u00e9matiquement une solution sur mesure qui r\u00e9pond \u00e0 vos besoins. Faites l&rsquo;exp\u00e9rience d&rsquo;un service haut de gamme et d&rsquo;une assistance d\u00e9vou\u00e9e du d\u00e9but \u00e0 la fin.  <\/p>\t\t\t\t\t\t\t\t<\/div>\n\t\t\t\t<\/div>\n\t\t\t\t\t<\/div>\n\t\t\t\t<\/div>\n\t\t<div class=\"elementor-element elementor-element-e0eda1b e-flex e-con-boxed e-con e-parent\" data-id=\"e0eda1b\" data-element_type=\"container\" data-settings=\"{&quot;background_background&quot;:&quot;classic&quot;}\">\n\t\t\t\t\t<div class=\"e-con-inner\">\n\t\t<div class=\"elementor-element elementor-element-c9bb5bc e-con-full e-flex e-con e-child\" data-id=\"c9bb5bc\" data-element_type=\"container\">\n\t\t\t\t<div class=\"elementor-element elementor-element-76d1e2b elementor-widget elementor-widget-heading\" data-id=\"76d1e2b\" data-element_type=\"widget\" data-widget_type=\"heading.default\">\n\t\t\t\t\t<h2 class=\"elementor-heading-title elementor-size-default\">Nous sommes l\u00e0 pour vous, sur le long terme<\/h2>\t\t\t\t<\/div>\n\t\t\t\t<div class=\"elementor-element elementor-element-c99a06e elementor-widget__width-initial elementor-widget elementor-widget-text-editor\" data-id=\"c99a06e\" data-element_type=\"widget\" data-widget_type=\"text-editor.default\">\n\t\t\t\t\t\t\t\t\t<p class=\"p1\">Nous ne nous contentons pas de fabriquer des produits, nous cultivons \u00e9galement une relation de confiance. Nous prenons tr\u00e8s au s\u00e9rieux les liens qui nous unissent \u00e0 nos clients et nous nous engageons \u00e0 \u00e9tablir des partenariats \u00e0 long terme. <\/p>\t\t\t\t\t\t\t\t<\/div>\n\t\t\t\t<\/div>\n\t\t\t\t\t<\/div>\n\t\t\t\t<\/div>\n\t\t\t\t<\/div>\n\t\t","protected":false},"excerpt":{"rendered":"<p>Nous cr\u00e9ons des espaces intelligents En tant que sp\u00e9cialistes de la technologie des serrures intelligentes, nous comprenons l&rsquo;importance de combiner de mani\u00e8re transparente la fiabilit\u00e9, la s\u00e9curit\u00e9, l&rsquo;\u00e9volutivit\u00e9 et la durabilit\u00e9. Notre objectif est de cr\u00e9er des espaces plus intelligents et interconnect\u00e9s qui r\u00e9pondent aux besoins de chacun et qui ont un impact positif sur [&hellip;]<\/p>\n","protected":false},"author":1,"featured_media":0,"parent":8830,"menu_order":0,"comment_status":"closed","ping_status":"closed","template":"","meta":{"footnotes":""},"class_list":["post-8831","page","type-page","status-publish","hentry"],"yoast_head":"<!-- This site is optimized with the Yoast SEO plugin v24.7 - https:\/\/yoast.com\/wordpress\/plugins\/seo\/ -->\n<title>Ojmar : Leaders de la technologie et de l&#039;innovation en mati\u00e8re de serrures intelligentes<\/title>\n<meta name=\"description\" content=\"D\u00e9couvrez l&#039;expertise centenaire d&#039;Ojmar dans la technologie des serrures intelligentes. D\u00e9couvrez comment notre approche centr\u00e9e sur le client et nos solutions innovantes fa\u00e7onnent les espaces s\u00e9curis\u00e9s de demain.\" \/>\n<meta name=\"robots\" content=\"index, follow, max-snippet:-1, max-image-preview:large, max-video-preview:-1\" \/>\n<link rel=\"canonical\" href=\"https:\/\/ojmar.com\/fr\/entreprise\/concernant-ojmar\/\" \/>\n<meta property=\"og:locale\" content=\"fr_FR\" \/>\n<meta property=\"og:type\" content=\"article\" \/>\n<meta property=\"og:title\" content=\"Ojmar : Leaders de la technologie et de l&#039;innovation en mati\u00e8re de serrures intelligentes\" \/>\n<meta property=\"og:description\" content=\"D\u00e9couvrez l&#039;expertise centenaire d&#039;Ojmar dans la technologie des serrures intelligentes. D\u00e9couvrez comment notre approche centr\u00e9e sur le client et nos solutions innovantes fa\u00e7onnent les espaces s\u00e9curis\u00e9s de demain.\" \/>\n<meta property=\"og:url\" content=\"https:\/\/ojmar.com\/fr\/entreprise\/concernant-ojmar\/\" \/>\n<meta property=\"og:site_name\" content=\"Ojmar\" \/>\n<meta property=\"article:modified_time\" content=\"2025-08-01T22:59:50+00:00\" \/>\n<meta name=\"twitter:card\" content=\"summary_large_image\" \/>\n<meta name=\"twitter:label1\" content=\"Dur\u00e9e de lecture estim\u00e9e\" \/>\n\t<meta name=\"twitter:data1\" content=\"1 minute\" \/>\n<script type=\"application\/ld+json\" class=\"yoast-schema-graph\">{\"@context\":\"https:\/\/schema.org\",\"@graph\":[{\"@type\":\"WebPage\",\"@id\":\"https:\/\/ojmar.com\/fr\/entreprise\/concernant-ojmar\/\",\"url\":\"https:\/\/ojmar.com\/fr\/entreprise\/concernant-ojmar\/\",\"name\":\"Ojmar : Leaders de la technologie et de l'innovation en mati\u00e8re de serrures intelligentes\",\"isPartOf\":{\"@id\":\"https:\/\/ojmar.com\/fr\/#website\"},\"datePublished\":\"2024-05-31T09:39:15+00:00\",\"dateModified\":\"2025-08-01T22:59:50+00:00\",\"description\":\"D\u00e9couvrez l'expertise centenaire d'Ojmar dans la technologie des serrures intelligentes. D\u00e9couvrez comment notre approche centr\u00e9e sur le client et nos solutions innovantes fa\u00e7onnent les espaces s\u00e9curis\u00e9s de demain.\",\"breadcrumb\":{\"@id\":\"https:\/\/ojmar.com\/fr\/entreprise\/concernant-ojmar\/#breadcrumb\"},\"inLanguage\":\"fr-FR\",\"potentialAction\":[{\"@type\":\"ReadAction\",\"target\":[\"https:\/\/ojmar.com\/fr\/entreprise\/concernant-ojmar\/\"]}]},{\"@type\":\"BreadcrumbList\",\"@id\":\"https:\/\/ojmar.com\/fr\/entreprise\/concernant-ojmar\/#breadcrumb\",\"itemListElement\":[{\"@type\":\"ListItem\",\"position\":1,\"name\":\"Home\",\"item\":\"https:\/\/ojmar.com\/fr\/accueil\/\"},{\"@type\":\"ListItem\",\"position\":2,\"name\":\"Entreprise\",\"item\":\"https:\/\/ojmar.com\/fr\/entreprise\/\"},{\"@type\":\"ListItem\",\"position\":3,\"name\":\"\u00c0 propos d\u00b4Ojmar\"}]},{\"@type\":\"WebSite\",\"@id\":\"https:\/\/ojmar.com\/fr\/#website\",\"url\":\"https:\/\/ojmar.com\/fr\/\",\"name\":\"Ojmar\",\"description\":\"\",\"publisher\":{\"@id\":\"https:\/\/ojmar.com\/fr\/#organization\"},\"potentialAction\":[{\"@type\":\"SearchAction\",\"target\":{\"@type\":\"EntryPoint\",\"urlTemplate\":\"https:\/\/ojmar.com\/fr\/?s={search_term_string}\"},\"query-input\":{\"@type\":\"PropertyValueSpecification\",\"valueRequired\":true,\"valueName\":\"search_term_string\"}}],\"inLanguage\":\"fr-FR\"},{\"@type\":\"Organization\",\"@id\":\"https:\/\/ojmar.com\/fr\/#organization\",\"name\":\"Ojmar\",\"alternateName\":\"Ojmar Locking Systems\",\"url\":\"https:\/\/ojmar.com\/fr\/\",\"logo\":{\"@type\":\"ImageObject\",\"inLanguage\":\"fr-FR\",\"@id\":\"https:\/\/ojmar.com\/fr\/#\/schema\/logo\/image\/\",\"url\":\"https:\/\/ojmar.com\/wp-content\/uploads\/2024\/06\/logo-ojmar-white-locking-systems.svg\",\"contentUrl\":\"https:\/\/ojmar.com\/wp-content\/uploads\/2024\/06\/logo-ojmar-white-locking-systems.svg\",\"width\":49,\"height\":9,\"caption\":\"Ojmar\"},\"image\":{\"@id\":\"https:\/\/ojmar.com\/fr\/#\/schema\/logo\/image\/\"},\"sameAs\":[\"https:\/\/es.linkedin.com\/company\/ojmar\",\"https:\/\/www.youtube.com\/channel\/UCcg47x2TvbONCYzJkQkfVyg\"]}]}<\/script>\n<!-- \/ Yoast SEO plugin. -->","yoast_head_json":{"title":"Ojmar : Leaders de la technologie et de l'innovation en mati\u00e8re de serrures intelligentes","description":"D\u00e9couvrez l'expertise centenaire d'Ojmar dans la technologie des serrures intelligentes. D\u00e9couvrez comment notre approche centr\u00e9e sur le client et nos solutions innovantes fa\u00e7onnent les espaces s\u00e9curis\u00e9s de demain.","robots":{"index":"index","follow":"follow","max-snippet":"max-snippet:-1","max-image-preview":"max-image-preview:large","max-video-preview":"max-video-preview:-1"},"canonical":"https:\/\/ojmar.com\/fr\/entreprise\/concernant-ojmar\/","og_locale":"fr_FR","og_type":"article","og_title":"Ojmar : Leaders de la technologie et de l'innovation en mati\u00e8re de serrures intelligentes","og_description":"D\u00e9couvrez l'expertise centenaire d'Ojmar dans la technologie des serrures intelligentes. D\u00e9couvrez comment notre approche centr\u00e9e sur le client et nos solutions innovantes fa\u00e7onnent les espaces s\u00e9curis\u00e9s de demain.","og_url":"https:\/\/ojmar.com\/fr\/entreprise\/concernant-ojmar\/","og_site_name":"Ojmar","article_modified_time":"2025-08-01T22:59:50+00:00","twitter_card":"summary_large_image","twitter_misc":{"Dur\u00e9e de lecture estim\u00e9e":"1 minute"},"schema":{"@context":"https:\/\/schema.org","@graph":[{"@type":"WebPage","@id":"https:\/\/ojmar.com\/fr\/entreprise\/concernant-ojmar\/","url":"https:\/\/ojmar.com\/fr\/entreprise\/concernant-ojmar\/","name":"Ojmar : Leaders de la technologie et de l'innovation en mati\u00e8re de serrures intelligentes","isPartOf":{"@id":"https:\/\/ojmar.com\/fr\/#website"},"datePublished":"2024-05-31T09:39:15+00:00","dateModified":"2025-08-01T22:59:50+00:00","description":"D\u00e9couvrez l'expertise centenaire d'Ojmar dans la technologie des serrures intelligentes. D\u00e9couvrez comment notre approche centr\u00e9e sur le client et nos solutions innovantes fa\u00e7onnent les espaces s\u00e9curis\u00e9s de demain.","breadcrumb":{"@id":"https:\/\/ojmar.com\/fr\/entreprise\/concernant-ojmar\/#breadcrumb"},"inLanguage":"fr-FR","potentialAction":[{"@type":"ReadAction","target":["https:\/\/ojmar.com\/fr\/entreprise\/concernant-ojmar\/"]}]},{"@type":"BreadcrumbList","@id":"https:\/\/ojmar.com\/fr\/entreprise\/concernant-ojmar\/#breadcrumb","itemListElement":[{"@type":"ListItem","position":1,"name":"Home","item":"https:\/\/ojmar.com\/fr\/accueil\/"},{"@type":"ListItem","position":2,"name":"Entreprise","item":"https:\/\/ojmar.com\/fr\/entreprise\/"},{"@type":"ListItem","position":3,"name":"\u00c0 propos d\u00b4Ojmar"}]},{"@type":"WebSite","@id":"https:\/\/ojmar.com\/fr\/#website","url":"https:\/\/ojmar.com\/fr\/","name":"Ojmar","description":"","publisher":{"@id":"https:\/\/ojmar.com\/fr\/#organization"},"potentialAction":[{"@type":"SearchAction","target":{"@type":"EntryPoint","urlTemplate":"https:\/\/ojmar.com\/fr\/?s={search_term_string}"},"query-input":{"@type":"PropertyValueSpecification","valueRequired":true,"valueName":"search_term_string"}}],"inLanguage":"fr-FR"},{"@type":"Organization","@id":"https:\/\/ojmar.com\/fr\/#organization","name":"Ojmar","alternateName":"Ojmar Locking Systems","url":"https:\/\/ojmar.com\/fr\/","logo":{"@type":"ImageObject","inLanguage":"fr-FR","@id":"https:\/\/ojmar.com\/fr\/#\/schema\/logo\/image\/","url":"https:\/\/ojmar.com\/wp-content\/uploads\/2024\/06\/logo-ojmar-white-locking-systems.svg","contentUrl":"https:\/\/ojmar.com\/wp-content\/uploads\/2024\/06\/logo-ojmar-white-locking-systems.svg","width":49,"height":9,"caption":"Ojmar"},"image":{"@id":"https:\/\/ojmar.com\/fr\/#\/schema\/logo\/image\/"},"sameAs":["https:\/\/es.linkedin.com\/company\/ojmar","https:\/\/www.youtube.com\/channel\/UCcg47x2TvbONCYzJkQkfVyg"]}]}},"_links":{"self":[{"href":"https:\/\/ojmar.com\/fr\/wp-json\/wp\/v2\/pages\/8831","targetHints":{"allow":["GET"]}}],"collection":[{"href":"https:\/\/ojmar.com\/fr\/wp-json\/wp\/v2\/pages"}],"about":[{"href":"https:\/\/ojmar.com\/fr\/wp-json\/wp\/v2\/types\/page"}],"author":[{"embeddable":true,"href":"https:\/\/ojmar.com\/fr\/wp-json\/wp\/v2\/users\/1"}],"replies":[{"embeddable":true,"href":"https:\/\/ojmar.com\/fr\/wp-json\/wp\/v2\/comments?post=8831"}],"version-history":[{"count":3,"href":"https:\/\/ojmar.com\/fr\/wp-json\/wp\/v2\/pages\/8831\/revisions"}],"predecessor-version":[{"id":75786,"href":"https:\/\/ojmar.com\/fr\/wp-json\/wp\/v2\/pages\/8831\/revisions\/75786"}],"up":[{"embeddable":true,"href":"https:\/\/ojmar.com\/fr\/wp-json\/wp\/v2\/pages\/8830"}],"wp:attachment":[{"href":"https:\/\/ojmar.com\/fr\/wp-json\/wp\/v2\/media?parent=8831"}],"curies":[{"name":"wp","href":"https:\/\/api.w.org\/{rel}","templated":true}]}}