{"id":19254,"date":"2025-05-30T13:37:48","date_gmt":"2025-05-30T11:37:48","guid":{"rendered":"https:\/\/ojmar.com\/comment-utiliser-locs30\/"},"modified":"2025-05-30T14:00:07","modified_gmt":"2025-05-30T12:00:07","slug":"comment-utiliser-locs30","status":"publish","type":"page","link":"https:\/\/ojmar.com\/fr\/comment-utiliser-locs30\/","title":{"rendered":"Comment utiliser l&rsquo;OCS30"},"content":{"rendered":"\t\t<div data-elementor-type=\"wp-page\" data-elementor-id=\"19254\" class=\"elementor elementor-19254 elementor-19233\" data-elementor-post-type=\"page\">\n\t\t\t\t<div class=\"elementor-element elementor-element-2426023 e-flex e-con-boxed e-con e-parent\" data-id=\"2426023\" data-element_type=\"container\">\n\t\t\t\t\t<div class=\"e-con-inner\">\n\t\t\t\t<div class=\"elementor-element elementor-element-d154893 elementor-widget elementor-widget-breadcrumbs\" data-id=\"d154893\" data-element_type=\"widget\" data-widget_type=\"breadcrumbs.default\">\n\t\t\t\t\t<p id=\"breadcrumbs\"><span><span><a href=\"https:\/\/ojmar.com\/fr\/accueil\/\">Home<\/a><\/span><\/span><\/p>\t\t\t\t<\/div>\n\t\t\t\t\t<\/div>\n\t\t\t\t<\/div>\n\t\t<div class=\"elementor-element elementor-element-f5849ab e-flex e-con-boxed e-con e-parent\" data-id=\"f5849ab\" data-element_type=\"container\" data-settings=\"{&quot;background_background&quot;:&quot;classic&quot;}\">\n\t\t\t\t\t<div class=\"e-con-inner\">\n\t\t\t\t<div class=\"elementor-element elementor-element-9d24de2 elementor-widget elementor-widget-heading\" data-id=\"9d24de2\" data-element_type=\"widget\" data-widget_type=\"heading.default\">\n\t\t\t\t\t<h1 class=\"elementor-heading-title elementor-size-default\">Comment utiliser OCS 30 (Smart)<\/h1>\t\t\t\t<\/div>\n\t\t\t\t<div class=\"elementor-element elementor-element-ca2bb9e cms-page elementor-widget elementor-widget-text-editor\" data-id=\"ca2bb9e\" data-element_type=\"widget\" data-widget_type=\"text-editor.default\">\n\t\t\t\t\t\t\t\t\t<p data-start=\"0\" data-end=\"284\">Bienvenue sur la page des ressources de l&rsquo;<strong data-start=\"15\" data-end=\"36\">OCS 30 (Smart)<\/strong>, votre centre unique pour tout ce dont vous avez besoin pour vous installer et vous s\u00e9curiser en quelques minutes. Vous trouverez ci-dessous un guide de d\u00e9marrage rapide et le manuel d&rsquo;utilisation complet, tous deux pr\u00eats \u00e0 \u00eatre t\u00e9l\u00e9charg\u00e9s au format PDF, afin que vous puissiez explorer toutes les fonctionnalit\u00e9s \u00e0 votre propre rythme. <\/p><p data-start=\"286\" data-end=\"561\">Pr\u00eat \u00e0 d\u00e9bloquer encore plus de commodit\u00e9 ? T\u00e9l\u00e9chargez l&rsquo;application gratuite pour <strong data-start=\"357\" data-end=\"364\">iOS<\/strong> ou <strong data-start=\"368\" data-end=\"379\">Android<\/strong> d&rsquo;une simple pression. L&rsquo;application OCS 30 vous permet de coupler votre t\u00e9l\u00e9phone via Bluetooth, de partager des cl\u00e9s num\u00e9riques, de consulter les journaux d&rsquo;acc\u00e8s et de mettre \u00e0 jour le micrologiciel, le tout \u00e0 partir d&rsquo;une interface intuitive et respectueuse de la vie priv\u00e9e.  <\/p><p data-start=\"563\" data-end=\"693\" data-is-last-node=\"\" data-is-only-node=\"\"><a href=\"https:\/\/ojmar.com\/wp-content\/uploads\/2025\/05\/image013.png\">T\u00e9l\u00e9chargez les instructions<\/a>, installez l&rsquo;application correspondant \u00e0 votre appareil et d\u00e9couvrez d\u00e8s aujourd&rsquo;hui le contr\u00f4le d&rsquo;acc\u00e8s de nouvelle g\u00e9n\u00e9ration sans effort.<\/p>\t\t\t\t\t\t\t\t<\/div>\n\t\t\t\t\t<\/div>\n\t\t\t\t<\/div>\n\t\t<div class=\"elementor-element elementor-element-7a210dd e-flex e-con-boxed e-con e-parent\" data-id=\"7a210dd\" data-element_type=\"container\">\n\t\t\t\t\t<div class=\"e-con-inner\">\n\t\t<div class=\"elementor-element elementor-element-b0674a8 e-con-full e-flex e-con e-child\" data-id=\"b0674a8\" data-element_type=\"container\">\n\t\t\t\t<div class=\"elementor-element elementor-element-4f8d383 elementor-widget elementor-widget-image\" data-id=\"4f8d383\" data-element_type=\"widget\" data-widget_type=\"image.default\">\n\t\t\t\t\t\t\t\t\t\t\t\t\t\t\t\t<a href=\"https:\/\/play.google.com\/store\/apps\/details?id=com.ojmar.ocssmart.user\" target=\"_blank\" rel=\"nofollow\">\n\t\t\t\t\t\t\t<img decoding=\"async\" width=\"270\" height=\"80\" src=\"https:\/\/ojmar.com\/wp-content\/uploads\/2025\/05\/GetItOnGooglePlay_Badge_Web_color_English.png\" class=\"attachment-large size-large wp-image-19241\" alt=\"\" \/>\t\t\t\t\t\t\t\t<\/a>\n\t\t\t\t\t\t\t\t\t\t\t\t\t\t\t<\/div>\n\t\t\t\t<\/div>\n\t\t<div class=\"elementor-element elementor-element-de04841 e-con-full e-flex e-con e-child\" data-id=\"de04841\" data-element_type=\"container\">\n\t\t\t\t<div class=\"elementor-element elementor-element-ff00f67 elementor-widget elementor-widget-image\" data-id=\"ff00f67\" data-element_type=\"widget\" data-widget_type=\"image.default\">\n\t\t\t\t\t\t\t\t\t\t\t\t\t\t\t\t<a href=\"https:\/\/apps.apple.com\/es\/app\/ocs-smart\/id1529412892?platform=ipad\" target=\"_blank\" rel=\"nofollow\">\n\t\t\t\t\t\t\t<img decoding=\"async\" width=\"1\" height=\"1\" src=\"https:\/\/ojmar.com\/wp-content\/uploads\/2025\/05\/Download_on_the_App_Store_Badge_US-UK_RGB_blk_092917.svg\" class=\"attachment-large size-large wp-image-19245\" alt=\"\" \/>\t\t\t\t\t\t\t\t<\/a>\n\t\t\t\t\t\t\t\t\t\t\t\t\t\t\t<\/div>\n\t\t\t\t<\/div>\n\t\t\t\t\t<\/div>\n\t\t\t\t<\/div>\n\t\t\t\t<\/div>\n\t\t","protected":false},"excerpt":{"rendered":"<p>Comment utiliser OCS 30 (Smart) Bienvenue sur la page des ressources de l&rsquo;OCS 30 (Smart), votre centre unique pour tout ce dont vous avez besoin pour vous installer et vous s\u00e9curiser en quelques minutes. Vous trouverez ci-dessous un guide de d\u00e9marrage rapide et le manuel d&rsquo;utilisation complet, tous deux pr\u00eats \u00e0 \u00eatre t\u00e9l\u00e9charg\u00e9s au format [&hellip;]<\/p>\n","protected":false},"author":1,"featured_media":0,"parent":0,"menu_order":0,"comment_status":"closed","ping_status":"closed","template":"","meta":{"footnotes":""},"class_list":["post-19254","page","type-page","status-publish","hentry"],"yoast_head":"<!-- This site is optimized with the Yoast SEO plugin v24.7 - https:\/\/yoast.com\/wordpress\/plugins\/seo\/ -->\n<title>Comment utiliser l&#039;OCS30 - Ojmar<\/title>\n<meta name=\"robots\" content=\"index, follow, max-snippet:-1, max-image-preview:large, max-video-preview:-1\" \/>\n<link rel=\"canonical\" href=\"https:\/\/ojmar.com\/fr\/comment-utiliser-locs30\/\" \/>\n<meta property=\"og:locale\" content=\"fr_FR\" \/>\n<meta property=\"og:type\" content=\"article\" \/>\n<meta property=\"og:title\" content=\"Comment utiliser l&#039;OCS30 - Ojmar\" \/>\n<meta property=\"og:description\" content=\"Comment utiliser OCS 30 (Smart) Bienvenue sur la page des ressources de l&rsquo;OCS 30 (Smart), votre centre unique pour tout ce dont vous avez besoin pour vous installer et vous s\u00e9curiser en quelques minutes. Vous trouverez ci-dessous un guide de d\u00e9marrage rapide et le manuel d&rsquo;utilisation complet, tous deux pr\u00eats \u00e0 \u00eatre t\u00e9l\u00e9charg\u00e9s au format [&hellip;]\" \/>\n<meta property=\"og:url\" content=\"https:\/\/ojmar.com\/fr\/comment-utiliser-locs30\/\" \/>\n<meta property=\"og:site_name\" content=\"Ojmar\" \/>\n<meta property=\"article:modified_time\" content=\"2025-05-30T12:00:07+00:00\" \/>\n<meta property=\"og:image\" content=\"https:\/\/ojmar.com\/wp-content\/uploads\/2025\/05\/GetItOnGooglePlay_Badge_Web_color_English.png\" \/>\n\t<meta property=\"og:image:width\" content=\"270\" \/>\n\t<meta property=\"og:image:height\" content=\"80\" \/>\n\t<meta property=\"og:image:type\" content=\"image\/png\" \/>\n<meta name=\"twitter:card\" content=\"summary_large_image\" \/>\n<meta name=\"twitter:label1\" content=\"Dur\u00e9e de lecture estim\u00e9e\" \/>\n\t<meta name=\"twitter:data1\" content=\"1 minute\" \/>\n<script type=\"application\/ld+json\" class=\"yoast-schema-graph\">{\"@context\":\"https:\/\/schema.org\",\"@graph\":[{\"@type\":\"WebPage\",\"@id\":\"https:\/\/ojmar.com\/fr\/comment-utiliser-locs30\/\",\"url\":\"https:\/\/ojmar.com\/fr\/comment-utiliser-locs30\/\",\"name\":\"Comment utiliser l'OCS30 - Ojmar\",\"isPartOf\":{\"@id\":\"https:\/\/ojmar.com\/fr\/#website\"},\"primaryImageOfPage\":{\"@id\":\"https:\/\/ojmar.com\/fr\/comment-utiliser-locs30\/#primaryimage\"},\"image\":{\"@id\":\"https:\/\/ojmar.com\/fr\/comment-utiliser-locs30\/#primaryimage\"},\"thumbnailUrl\":\"https:\/\/ojmar.com\/wp-content\/uploads\/2025\/05\/GetItOnGooglePlay_Badge_Web_color_English.png\",\"datePublished\":\"2025-05-30T11:37:48+00:00\",\"dateModified\":\"2025-05-30T12:00:07+00:00\",\"breadcrumb\":{\"@id\":\"https:\/\/ojmar.com\/fr\/comment-utiliser-locs30\/#breadcrumb\"},\"inLanguage\":\"fr-FR\",\"potentialAction\":[{\"@type\":\"ReadAction\",\"target\":[\"https:\/\/ojmar.com\/fr\/comment-utiliser-locs30\/\"]}]},{\"@type\":\"ImageObject\",\"inLanguage\":\"fr-FR\",\"@id\":\"https:\/\/ojmar.com\/fr\/comment-utiliser-locs30\/#primaryimage\",\"url\":\"https:\/\/ojmar.com\/wp-content\/uploads\/2025\/05\/GetItOnGooglePlay_Badge_Web_color_English.png\",\"contentUrl\":\"https:\/\/ojmar.com\/wp-content\/uploads\/2025\/05\/GetItOnGooglePlay_Badge_Web_color_English.png\"},{\"@type\":\"BreadcrumbList\",\"@id\":\"https:\/\/ojmar.com\/fr\/comment-utiliser-locs30\/#breadcrumb\",\"itemListElement\":[{\"@type\":\"ListItem\",\"position\":1,\"name\":\"Home\",\"item\":\"https:\/\/ojmar.com\/fr\/accueil\/\"},{\"@type\":\"ListItem\",\"position\":2,\"name\":\"Comment utiliser l&#8217;OCS30\"}]},{\"@type\":\"WebSite\",\"@id\":\"https:\/\/ojmar.com\/fr\/#website\",\"url\":\"https:\/\/ojmar.com\/fr\/\",\"name\":\"Ojmar\",\"description\":\"\",\"publisher\":{\"@id\":\"https:\/\/ojmar.com\/fr\/#organization\"},\"potentialAction\":[{\"@type\":\"SearchAction\",\"target\":{\"@type\":\"EntryPoint\",\"urlTemplate\":\"https:\/\/ojmar.com\/fr\/?s={search_term_string}\"},\"query-input\":{\"@type\":\"PropertyValueSpecification\",\"valueRequired\":true,\"valueName\":\"search_term_string\"}}],\"inLanguage\":\"fr-FR\"},{\"@type\":\"Organization\",\"@id\":\"https:\/\/ojmar.com\/fr\/#organization\",\"name\":\"Ojmar\",\"alternateName\":\"Ojmar Locking Systems\",\"url\":\"https:\/\/ojmar.com\/fr\/\",\"logo\":{\"@type\":\"ImageObject\",\"inLanguage\":\"fr-FR\",\"@id\":\"https:\/\/ojmar.com\/fr\/#\/schema\/logo\/image\/\",\"url\":\"https:\/\/ojmar.com\/wp-content\/uploads\/2024\/06\/logo-ojmar-white-locking-systems.svg\",\"contentUrl\":\"https:\/\/ojmar.com\/wp-content\/uploads\/2024\/06\/logo-ojmar-white-locking-systems.svg\",\"width\":49,\"height\":9,\"caption\":\"Ojmar\"},\"image\":{\"@id\":\"https:\/\/ojmar.com\/fr\/#\/schema\/logo\/image\/\"},\"sameAs\":[\"https:\/\/es.linkedin.com\/company\/ojmar\",\"https:\/\/www.youtube.com\/channel\/UCcg47x2TvbONCYzJkQkfVyg\"]}]}<\/script>\n<!-- \/ Yoast SEO plugin. -->","yoast_head_json":{"title":"Comment utiliser l'OCS30 - Ojmar","robots":{"index":"index","follow":"follow","max-snippet":"max-snippet:-1","max-image-preview":"max-image-preview:large","max-video-preview":"max-video-preview:-1"},"canonical":"https:\/\/ojmar.com\/fr\/comment-utiliser-locs30\/","og_locale":"fr_FR","og_type":"article","og_title":"Comment utiliser l'OCS30 - Ojmar","og_description":"Comment utiliser OCS 30 (Smart) Bienvenue sur la page des ressources de l&rsquo;OCS 30 (Smart), votre centre unique pour tout ce dont vous avez besoin pour vous installer et vous s\u00e9curiser en quelques minutes. Vous trouverez ci-dessous un guide de d\u00e9marrage rapide et le manuel d&rsquo;utilisation complet, tous deux pr\u00eats \u00e0 \u00eatre t\u00e9l\u00e9charg\u00e9s au format [&hellip;]","og_url":"https:\/\/ojmar.com\/fr\/comment-utiliser-locs30\/","og_site_name":"Ojmar","article_modified_time":"2025-05-30T12:00:07+00:00","og_image":[{"width":270,"height":80,"url":"https:\/\/ojmar.com\/wp-content\/uploads\/2025\/05\/GetItOnGooglePlay_Badge_Web_color_English.png","type":"image\/png"}],"twitter_card":"summary_large_image","twitter_misc":{"Dur\u00e9e de lecture estim\u00e9e":"1 minute"},"schema":{"@context":"https:\/\/schema.org","@graph":[{"@type":"WebPage","@id":"https:\/\/ojmar.com\/fr\/comment-utiliser-locs30\/","url":"https:\/\/ojmar.com\/fr\/comment-utiliser-locs30\/","name":"Comment utiliser l'OCS30 - Ojmar","isPartOf":{"@id":"https:\/\/ojmar.com\/fr\/#website"},"primaryImageOfPage":{"@id":"https:\/\/ojmar.com\/fr\/comment-utiliser-locs30\/#primaryimage"},"image":{"@id":"https:\/\/ojmar.com\/fr\/comment-utiliser-locs30\/#primaryimage"},"thumbnailUrl":"https:\/\/ojmar.com\/wp-content\/uploads\/2025\/05\/GetItOnGooglePlay_Badge_Web_color_English.png","datePublished":"2025-05-30T11:37:48+00:00","dateModified":"2025-05-30T12:00:07+00:00","breadcrumb":{"@id":"https:\/\/ojmar.com\/fr\/comment-utiliser-locs30\/#breadcrumb"},"inLanguage":"fr-FR","potentialAction":[{"@type":"ReadAction","target":["https:\/\/ojmar.com\/fr\/comment-utiliser-locs30\/"]}]},{"@type":"ImageObject","inLanguage":"fr-FR","@id":"https:\/\/ojmar.com\/fr\/comment-utiliser-locs30\/#primaryimage","url":"https:\/\/ojmar.com\/wp-content\/uploads\/2025\/05\/GetItOnGooglePlay_Badge_Web_color_English.png","contentUrl":"https:\/\/ojmar.com\/wp-content\/uploads\/2025\/05\/GetItOnGooglePlay_Badge_Web_color_English.png"},{"@type":"BreadcrumbList","@id":"https:\/\/ojmar.com\/fr\/comment-utiliser-locs30\/#breadcrumb","itemListElement":[{"@type":"ListItem","position":1,"name":"Home","item":"https:\/\/ojmar.com\/fr\/accueil\/"},{"@type":"ListItem","position":2,"name":"Comment utiliser l&#8217;OCS30"}]},{"@type":"WebSite","@id":"https:\/\/ojmar.com\/fr\/#website","url":"https:\/\/ojmar.com\/fr\/","name":"Ojmar","description":"","publisher":{"@id":"https:\/\/ojmar.com\/fr\/#organization"},"potentialAction":[{"@type":"SearchAction","target":{"@type":"EntryPoint","urlTemplate":"https:\/\/ojmar.com\/fr\/?s={search_term_string}"},"query-input":{"@type":"PropertyValueSpecification","valueRequired":true,"valueName":"search_term_string"}}],"inLanguage":"fr-FR"},{"@type":"Organization","@id":"https:\/\/ojmar.com\/fr\/#organization","name":"Ojmar","alternateName":"Ojmar Locking Systems","url":"https:\/\/ojmar.com\/fr\/","logo":{"@type":"ImageObject","inLanguage":"fr-FR","@id":"https:\/\/ojmar.com\/fr\/#\/schema\/logo\/image\/","url":"https:\/\/ojmar.com\/wp-content\/uploads\/2024\/06\/logo-ojmar-white-locking-systems.svg","contentUrl":"https:\/\/ojmar.com\/wp-content\/uploads\/2024\/06\/logo-ojmar-white-locking-systems.svg","width":49,"height":9,"caption":"Ojmar"},"image":{"@id":"https:\/\/ojmar.com\/fr\/#\/schema\/logo\/image\/"},"sameAs":["https:\/\/es.linkedin.com\/company\/ojmar","https:\/\/www.youtube.com\/channel\/UCcg47x2TvbONCYzJkQkfVyg"]}]}},"_links":{"self":[{"href":"https:\/\/ojmar.com\/fr\/wp-json\/wp\/v2\/pages\/19254","targetHints":{"allow":["GET"]}}],"collection":[{"href":"https:\/\/ojmar.com\/fr\/wp-json\/wp\/v2\/pages"}],"about":[{"href":"https:\/\/ojmar.com\/fr\/wp-json\/wp\/v2\/types\/page"}],"author":[{"embeddable":true,"href":"https:\/\/ojmar.com\/fr\/wp-json\/wp\/v2\/users\/1"}],"replies":[{"embeddable":true,"href":"https:\/\/ojmar.com\/fr\/wp-json\/wp\/v2\/comments?post=19254"}],"version-history":[{"count":2,"href":"https:\/\/ojmar.com\/fr\/wp-json\/wp\/v2\/pages\/19254\/revisions"}],"predecessor-version":[{"id":19263,"href":"https:\/\/ojmar.com\/fr\/wp-json\/wp\/v2\/pages\/19254\/revisions\/19263"}],"wp:attachment":[{"href":"https:\/\/ojmar.com\/fr\/wp-json\/wp\/v2\/media?parent=19254"}],"curies":[{"name":"wp","href":"https:\/\/api.w.org\/{rel}","templated":true}]}}