{"id":9563,"date":"2024-10-08T13:02:26","date_gmt":"2024-10-08T11:02:26","guid":{"rendered":"http:\/\/www.ojmar.com\/terminos-de-uso\/"},"modified":"2025-03-26T11:56:26","modified_gmt":"2025-03-26T10:56:26","slug":"terminos-de-uso","status":"publish","type":"page","link":"https:\/\/ojmar.com\/es\/terminos-de-uso\/","title":{"rendered":"T\u00e9rminos de uso"},"content":{"rendered":"\t\t<div data-elementor-type=\"wp-page\" data-elementor-id=\"9563\" class=\"elementor elementor-9563 elementor-4936\" data-elementor-post-type=\"page\">\n\t\t\t\t<div class=\"elementor-element elementor-element-2426023 e-flex e-con-boxed e-con e-parent\" data-id=\"2426023\" data-element_type=\"container\">\n\t\t\t\t\t<div class=\"e-con-inner\">\n\t\t\t\t<div class=\"elementor-element elementor-element-d154893 elementor-widget elementor-widget-breadcrumbs\" data-id=\"d154893\" data-element_type=\"widget\" data-widget_type=\"breadcrumbs.default\">\n\t\t\t\t\t<p id=\"breadcrumbs\"><span><span><a href=\"https:\/\/ojmar.com\/es\/inicio\/\">Home<\/a><\/span><\/span><\/p>\t\t\t\t<\/div>\n\t\t\t\t\t<\/div>\n\t\t\t\t<\/div>\n\t\t<div class=\"elementor-element elementor-element-f5849ab e-flex e-con-boxed e-con e-parent\" data-id=\"f5849ab\" data-element_type=\"container\" data-settings=\"{&quot;background_background&quot;:&quot;classic&quot;}\">\n\t\t\t\t\t<div class=\"e-con-inner\">\n\t\t\t\t<div class=\"elementor-element elementor-element-9d24de2 elementor-widget elementor-widget-heading\" data-id=\"9d24de2\" data-element_type=\"widget\" data-widget_type=\"heading.default\">\n\t\t\t\t\t<h1 class=\"elementor-heading-title elementor-size-default\">T\u00e9rminos de uso<\/h1>\t\t\t\t<\/div>\n\t\t\t\t<div class=\"elementor-element elementor-element-ca2bb9e cms-page elementor-widget elementor-widget-text-editor\" data-id=\"ca2bb9e\" data-element_type=\"widget\" data-widget_type=\"text-editor.default\">\n\t\t\t\t\t\t\t\t\t<p>En base a la Ley 34\/2002 de Servicios de la Sociedad de la Informaci\u00f3n y de Comercio Electr\u00f3nico (LSSICE), en vigor desde el 12 de octubre de 2002 y de la Ley Org\u00e1nica 15\/1999, de 13 de diciembre, de protecci\u00f3n de datos de car\u00e1cter personal, OJMAR S.A ha procedido a la creaci\u00f3n de un fichero automatizado de datos de car\u00e1cter personal, en el que se recogen aqu\u00e9llos datos necesarios para las operaciones de OJMAR S.A Este fichero est\u00e1 inscrito en la Agencia de Protecci\u00f3n de datos con el c\u00f3digo de inscripci\u00f3n 2002650063 <\/p><p>En virtud de las Leyes antes mencionadas, tiene derecho de oposici\u00f3n, acceso, rectificaci\u00f3n y cancelaci\u00f3n sobre los citados datos.<\/p><p>OJMAR S.A respeta la privacidad de sus datos por lo que \u00e9stos no ser\u00e1n transmitidos a terceros, con arreglo a las siguientes normas de nuestra pol\u00edtica de privacidad de datos:<\/p><p>Navegaci\u00f3n an\u00f3nima a trav\u00e9s de las p\u00e1ginas web. LA EMPRESA sociedad titular del web site. www.ojmar.es, s\u00f3lo obtiene y conserva la siguiente informaci\u00f3n acerca de los visitantes de nuestro web: <\/p><p>El nombre de dominio del proveedor (PSI) que les da acceso a la red, para elaborar estad\u00edsticas sobre los pa\u00edses y servidores que visitan m\u00e1s a menudo nuestro web.<\/p><p>La fecha y hora de acceso a nuestro web, para averiguar las horas de m\u00e1s afluencia, y hacer los ajustes precisos para evitar problemas de saturaci\u00f3n en horas punta.<\/p><p>La direcci\u00f3n de internet desde la que parti\u00f3 el link que dirige a nuestro web, para conocer la efectividad de los distintos banners y enlaces que apuntan a nuestro servidor, con el fin de potenciar los que ofrezcan mejores resultados.<\/p><p>El n\u00famero de visitantes diarios de cada secci\u00f3n, para conocer las \u00e1reas de m\u00e1s \u00e9xito y aumentar y mejorar su contenido, con el fin de que los usuarios obtengan un resultado m\u00e1s satisfactorio.<\/p><p>La informaci\u00f3n obtenida es totalmente an\u00f3nima, y en ning\u00fan caso puede ser asociada a un usuario concreto e identificado.<\/p><p>Navegaci\u00f3n con cookies. La p\u00e1gina de nuestro web utiliza cookies, peque\u00f1os ficheros de datos que se generan en el ordenador del usuario y que nos permiten obtener la siguiente informaci\u00f3n: <\/p><p>La fecha y hora de la \u00faltima vez que el usuario visit\u00f3 nuestro web.<\/p><p>El dise\u00f1o de contenidos que el usuario escogi\u00f3 en su primera visita a nuestro web.<\/p><p>Elementos de seguridad que intervienen en el control de acceso a las \u00e1reas restringidas. El usuario tiene la opci\u00f3n de impedir la generaci\u00f3n de cookies, mediante la selecci\u00f3n de la correspondiente opci\u00f3n en su programa navegador. <\/p><h2>Tratamiento de los datos de car\u00e1cter personal.<\/h2><p>OJMAR S.A. de nacionalidad espa\u00f1ola y titular del web site www.ojmar.es, es la titular de la base de datos generada con los datos de car\u00e1cter personal suministrados por los usuarios. De acuerdo con la normativa vigente en materia de protecci\u00f3n de datos, OJMAR S.A se compromete al cumplimiento de su obligaci\u00f3n de secreto con respecto a los datos de car\u00e1cter personal y de su deber de tratarlos con confidencialidad, y adoptar\u00e1, a estos efectos, las medidas necesarias para evitar su alteraci\u00f3n, p\u00e9rdida, tratamiento o acceso no autorizado, habida cuenta en todo momento del estado de la tecnolog\u00eda. <\/p><p>OJMAR S.A se reserva el derecho de modificar esta pol\u00edtica de protecci\u00f3n de datos para ajustarse a las posibles adaptaciones legales. En este caso, dichos cambios se anunciar\u00e1n con suficiente anticipaci\u00f3n en la web de OJMAR S.A. <\/p><p>El usuario autoriza el tratamiento automatizado de los datos personales suministrados con la finalidad de mejorar y ampliar los servicios ofrecidos por OJMAR S.A.<\/p><p>Se entender\u00e1 que el usuario acepta las condiciones establecidas si pulsa en la tecla \u201cACEPTO\u201d que se encuentra en los formularios de recogida de datos.<\/p><p>La informaci\u00f3n contenida en la citada base de datos es usada tanto para la correcta identificaci\u00f3n de los usuarios que solicitan servicios y\/o informaci\u00f3n a OJMAR S.A como para la realizaci\u00f3n de estudios estad\u00edsticos de los usuarios registrados que permitan dise\u00f1ar mejoras en los servicios prestados, llevar a cabo tareas b\u00e1sicas de administraci\u00f3n y poder comunicar incidencias, ofertas o novedades a los usuarios registrados v\u00eda correo electr\u00f3nico.<\/p><p>La informaci\u00f3n personal recabada de los usuarios registrados es almacenada en bases de datos propiedad de OJMAR S.A , que asume las medidas t\u00e9cnicas, organizativas y de seguridad adecuadas para garantizar la confidencialidad e integridad de la informaci\u00f3n de acuerdo con lo establecido en la legislaci\u00f3n vigente.<\/p><p>El usuario responde de la veracidad de los datos facilitados, reserv\u00e1ndose OJMAR S.A el derecho a excluir de los servicios registrados a todo usuario que haya facilitado datos falsos, sin perjuicio de las dem\u00e1s acciones que procedan en Derecho.<\/p><p>Cualquier usuario registrado puede en cualquier momento ejercer el derecho a acceder, rectificar y, en su caso, cancelar sus datos de car\u00e1cter personal suministrados a OJMAR S.A , mediante comunicaci\u00f3n escrita dirigida a OJMAR, S.A. , Pol\u00edgono Industrial de Ler\u00fan, s\/n .20870 Elgoibar,Gipuzkoa, Espa\u00f1a.<\/p><h2>Informaci\u00f3n general a facilitar por los prestadores de servicios de la informaci\u00f3n<\/h2><p>En cumplimiento de lo previsto en el art.10 de la Ley 34\/2002, de 11 de Julio de Servicios de la Sociedad de la Informaci\u00f3n y Comercio Electr\u00f3nico, se pone de manifiesto que la Sociedad OJMAR, S.A, con domicilio en Elgoibar,Gipuzkoa, Espa\u00f1a. C\/. Pol\u00edgono Industrial de Ler\u00fan, s\/n . C. P . 20870 con NIF A 20003042 , est\u00e1 inscrita en el Registro Mercantil de Gipuzkoa el Tomo 43 del Libro Provisional de Sociedades, Folio 53, Hoja n\u00ba 2484. Inscripci\u00f3n 4\u00aa el 06-06-1945     <\/p><p>Para contactar con nosotros puede dirigirse a la siguiente direcci\u00f3n de correo electr\u00f3nico: lockerlocks@ojmar.com, al tel\u00e9fono +34 943748484, o al fax +34 943748490.<\/p>\t\t\t\t\t\t\t\t<\/div>\n\t\t\t\t\t<\/div>\n\t\t\t\t<\/div>\n\t\t\t\t<\/div>\n\t\t","protected":false},"excerpt":{"rendered":"<p>T\u00e9rminos de uso En base a la Ley 34\/2002 de Servicios de la Sociedad de la Informaci\u00f3n y de Comercio Electr\u00f3nico (LSSICE), en vigor desde el 12 de octubre de 2002 y de la Ley Org\u00e1nica 15\/1999, de 13 de diciembre, de protecci\u00f3n de datos de car\u00e1cter personal, OJMAR S.A ha procedido a la creaci\u00f3n [&hellip;]<\/p>\n","protected":false},"author":1,"featured_media":0,"parent":0,"menu_order":0,"comment_status":"closed","ping_status":"closed","template":"","meta":{"footnotes":""},"class_list":["post-9563","page","type-page","status-publish","hentry"],"yoast_head":"<!-- This site is optimized with the Yoast SEO plugin v24.7 - https:\/\/yoast.com\/wordpress\/plugins\/seo\/ -->\n<title>T\u00e9rminos de uso - Ojmar<\/title>\n<meta name=\"robots\" content=\"index, follow, max-snippet:-1, max-image-preview:large, max-video-preview:-1\" \/>\n<link rel=\"canonical\" href=\"https:\/\/ojmar.com\/es\/terminos-de-uso\/\" \/>\n<meta property=\"og:locale\" content=\"es_ES\" \/>\n<meta property=\"og:type\" content=\"article\" \/>\n<meta property=\"og:title\" content=\"T\u00e9rminos de uso - Ojmar\" \/>\n<meta property=\"og:description\" content=\"T\u00e9rminos de uso En base a la Ley 34\/2002 de Servicios de la Sociedad de la Informaci\u00f3n y de Comercio Electr\u00f3nico (LSSICE), en vigor desde el 12 de octubre de 2002 y de la Ley Org\u00e1nica 15\/1999, de 13 de diciembre, de protecci\u00f3n de datos de car\u00e1cter personal, OJMAR S.A ha procedido a la creaci\u00f3n [&hellip;]\" \/>\n<meta property=\"og:url\" content=\"https:\/\/ojmar.com\/es\/terminos-de-uso\/\" \/>\n<meta property=\"og:site_name\" content=\"Ojmar\" \/>\n<meta property=\"article:modified_time\" content=\"2025-03-26T10:56:26+00:00\" \/>\n<meta name=\"twitter:card\" content=\"summary_large_image\" \/>\n<meta name=\"twitter:label1\" content=\"Tiempo de lectura\" \/>\n\t<meta name=\"twitter:data1\" content=\"5 minutos\" \/>\n<script type=\"application\/ld+json\" class=\"yoast-schema-graph\">{\"@context\":\"https:\/\/schema.org\",\"@graph\":[{\"@type\":\"WebPage\",\"@id\":\"https:\/\/ojmar.com\/es\/terminos-de-uso\/\",\"url\":\"https:\/\/ojmar.com\/es\/terminos-de-uso\/\",\"name\":\"T\u00e9rminos de uso - Ojmar\",\"isPartOf\":{\"@id\":\"https:\/\/ojmar.com\/es\/#website\"},\"datePublished\":\"2024-10-08T11:02:26+00:00\",\"dateModified\":\"2025-03-26T10:56:26+00:00\",\"breadcrumb\":{\"@id\":\"https:\/\/ojmar.com\/es\/terminos-de-uso\/#breadcrumb\"},\"inLanguage\":\"es\",\"potentialAction\":[{\"@type\":\"ReadAction\",\"target\":[\"https:\/\/ojmar.com\/es\/terminos-de-uso\/\"]}]},{\"@type\":\"BreadcrumbList\",\"@id\":\"https:\/\/ojmar.com\/es\/terminos-de-uso\/#breadcrumb\",\"itemListElement\":[{\"@type\":\"ListItem\",\"position\":1,\"name\":\"Home\",\"item\":\"https:\/\/ojmar.com\/es\/inicio\/\"},{\"@type\":\"ListItem\",\"position\":2,\"name\":\"T\u00e9rminos de uso\"}]},{\"@type\":\"WebSite\",\"@id\":\"https:\/\/ojmar.com\/es\/#website\",\"url\":\"https:\/\/ojmar.com\/es\/\",\"name\":\"Ojmar\",\"description\":\"\",\"publisher\":{\"@id\":\"https:\/\/ojmar.com\/es\/#organization\"},\"potentialAction\":[{\"@type\":\"SearchAction\",\"target\":{\"@type\":\"EntryPoint\",\"urlTemplate\":\"https:\/\/ojmar.com\/es\/?s={search_term_string}\"},\"query-input\":{\"@type\":\"PropertyValueSpecification\",\"valueRequired\":true,\"valueName\":\"search_term_string\"}}],\"inLanguage\":\"es\"},{\"@type\":\"Organization\",\"@id\":\"https:\/\/ojmar.com\/es\/#organization\",\"name\":\"Ojmar\",\"alternateName\":\"Ojmar Locking Systems\",\"url\":\"https:\/\/ojmar.com\/es\/\",\"logo\":{\"@type\":\"ImageObject\",\"inLanguage\":\"es\",\"@id\":\"https:\/\/ojmar.com\/es\/#\/schema\/logo\/image\/\",\"url\":\"https:\/\/ojmar.com\/wp-content\/uploads\/2024\/06\/logo-ojmar-white-locking-systems.svg\",\"contentUrl\":\"https:\/\/ojmar.com\/wp-content\/uploads\/2024\/06\/logo-ojmar-white-locking-systems.svg\",\"width\":49,\"height\":9,\"caption\":\"Ojmar\"},\"image\":{\"@id\":\"https:\/\/ojmar.com\/es\/#\/schema\/logo\/image\/\"},\"sameAs\":[\"https:\/\/es.linkedin.com\/company\/ojmar\",\"https:\/\/www.youtube.com\/channel\/UCcg47x2TvbONCYzJkQkfVyg\"]}]}<\/script>\n<!-- \/ Yoast SEO plugin. -->","yoast_head_json":{"title":"T\u00e9rminos de uso - Ojmar","robots":{"index":"index","follow":"follow","max-snippet":"max-snippet:-1","max-image-preview":"max-image-preview:large","max-video-preview":"max-video-preview:-1"},"canonical":"https:\/\/ojmar.com\/es\/terminos-de-uso\/","og_locale":"es_ES","og_type":"article","og_title":"T\u00e9rminos de uso - Ojmar","og_description":"T\u00e9rminos de uso En base a la Ley 34\/2002 de Servicios de la Sociedad de la Informaci\u00f3n y de Comercio Electr\u00f3nico (LSSICE), en vigor desde el 12 de octubre de 2002 y de la Ley Org\u00e1nica 15\/1999, de 13 de diciembre, de protecci\u00f3n de datos de car\u00e1cter personal, OJMAR S.A ha procedido a la creaci\u00f3n [&hellip;]","og_url":"https:\/\/ojmar.com\/es\/terminos-de-uso\/","og_site_name":"Ojmar","article_modified_time":"2025-03-26T10:56:26+00:00","twitter_card":"summary_large_image","twitter_misc":{"Tiempo de lectura":"5 minutos"},"schema":{"@context":"https:\/\/schema.org","@graph":[{"@type":"WebPage","@id":"https:\/\/ojmar.com\/es\/terminos-de-uso\/","url":"https:\/\/ojmar.com\/es\/terminos-de-uso\/","name":"T\u00e9rminos de uso - Ojmar","isPartOf":{"@id":"https:\/\/ojmar.com\/es\/#website"},"datePublished":"2024-10-08T11:02:26+00:00","dateModified":"2025-03-26T10:56:26+00:00","breadcrumb":{"@id":"https:\/\/ojmar.com\/es\/terminos-de-uso\/#breadcrumb"},"inLanguage":"es","potentialAction":[{"@type":"ReadAction","target":["https:\/\/ojmar.com\/es\/terminos-de-uso\/"]}]},{"@type":"BreadcrumbList","@id":"https:\/\/ojmar.com\/es\/terminos-de-uso\/#breadcrumb","itemListElement":[{"@type":"ListItem","position":1,"name":"Home","item":"https:\/\/ojmar.com\/es\/inicio\/"},{"@type":"ListItem","position":2,"name":"T\u00e9rminos de uso"}]},{"@type":"WebSite","@id":"https:\/\/ojmar.com\/es\/#website","url":"https:\/\/ojmar.com\/es\/","name":"Ojmar","description":"","publisher":{"@id":"https:\/\/ojmar.com\/es\/#organization"},"potentialAction":[{"@type":"SearchAction","target":{"@type":"EntryPoint","urlTemplate":"https:\/\/ojmar.com\/es\/?s={search_term_string}"},"query-input":{"@type":"PropertyValueSpecification","valueRequired":true,"valueName":"search_term_string"}}],"inLanguage":"es"},{"@type":"Organization","@id":"https:\/\/ojmar.com\/es\/#organization","name":"Ojmar","alternateName":"Ojmar Locking Systems","url":"https:\/\/ojmar.com\/es\/","logo":{"@type":"ImageObject","inLanguage":"es","@id":"https:\/\/ojmar.com\/es\/#\/schema\/logo\/image\/","url":"https:\/\/ojmar.com\/wp-content\/uploads\/2024\/06\/logo-ojmar-white-locking-systems.svg","contentUrl":"https:\/\/ojmar.com\/wp-content\/uploads\/2024\/06\/logo-ojmar-white-locking-systems.svg","width":49,"height":9,"caption":"Ojmar"},"image":{"@id":"https:\/\/ojmar.com\/es\/#\/schema\/logo\/image\/"},"sameAs":["https:\/\/es.linkedin.com\/company\/ojmar","https:\/\/www.youtube.com\/channel\/UCcg47x2TvbONCYzJkQkfVyg"]}]}},"_links":{"self":[{"href":"https:\/\/ojmar.com\/es\/wp-json\/wp\/v2\/pages\/9563","targetHints":{"allow":["GET"]}}],"collection":[{"href":"https:\/\/ojmar.com\/es\/wp-json\/wp\/v2\/pages"}],"about":[{"href":"https:\/\/ojmar.com\/es\/wp-json\/wp\/v2\/types\/page"}],"author":[{"embeddable":true,"href":"https:\/\/ojmar.com\/es\/wp-json\/wp\/v2\/users\/1"}],"replies":[{"embeddable":true,"href":"https:\/\/ojmar.com\/es\/wp-json\/wp\/v2\/comments?post=9563"}],"version-history":[{"count":2,"href":"https:\/\/ojmar.com\/es\/wp-json\/wp\/v2\/pages\/9563\/revisions"}],"predecessor-version":[{"id":10192,"href":"https:\/\/ojmar.com\/es\/wp-json\/wp\/v2\/pages\/9563\/revisions\/10192"}],"wp:attachment":[{"href":"https:\/\/ojmar.com\/es\/wp-json\/wp\/v2\/media?parent=9563"}],"curies":[{"name":"wp","href":"https:\/\/api.w.org\/{rel}","templated":true}]}}