{"id":9559,"date":"2024-10-08T13:04:52","date_gmt":"2024-10-08T11:04:52","guid":{"rendered":"http:\/\/www.ojmar.com\/condiciones-generales-de-contratacion\/"},"modified":"2025-03-26T11:29:34","modified_gmt":"2025-03-26T10:29:34","slug":"condiciones-generales-de-contratacion","status":"publish","type":"page","link":"https:\/\/ojmar.com\/es\/condiciones-generales-de-contratacion\/","title":{"rendered":"Condiciones generales de contratacio\u0301n"},"content":{"rendered":"\t\t<div data-elementor-type=\"wp-page\" data-elementor-id=\"9559\" class=\"elementor elementor-9559 elementor-4944\" data-elementor-post-type=\"page\">\n\t\t\t\t<div class=\"elementor-element elementor-element-2426023 e-flex e-con-boxed e-con e-parent\" data-id=\"2426023\" data-element_type=\"container\" data-e-type=\"container\">\n\t\t\t\t\t<div class=\"e-con-inner\">\n\t\t\t\t<div class=\"elementor-element elementor-element-d154893 elementor-widget elementor-widget-breadcrumbs\" data-id=\"d154893\" data-element_type=\"widget\" data-e-type=\"widget\" data-widget_type=\"breadcrumbs.default\">\n\t\t\t\t\t<p id=\"breadcrumbs\"><span><span><a href=\"https:\/\/ojmar.com\/es\/inicio\/\">Home<\/a><\/span><\/span><\/p>\t\t\t\t<\/div>\n\t\t\t\t\t<\/div>\n\t\t\t\t<\/div>\n\t\t<div class=\"elementor-element elementor-element-f5849ab e-flex e-con-boxed e-con e-parent\" data-id=\"f5849ab\" data-element_type=\"container\" data-e-type=\"container\" data-settings=\"{&quot;background_background&quot;:&quot;classic&quot;}\">\n\t\t\t\t\t<div class=\"e-con-inner\">\n\t\t\t\t<div class=\"elementor-element elementor-element-9d24de2 elementor-widget elementor-widget-heading\" data-id=\"9d24de2\" data-element_type=\"widget\" data-e-type=\"widget\" data-widget_type=\"heading.default\">\n\t\t\t\t\t<h1 class=\"elementor-heading-title elementor-size-default\">Condiciones generales de contratacio\u0301n<\/h1>\t\t\t\t<\/div>\n\t\t\t\t<div class=\"elementor-element elementor-element-ca2bb9e cms-page elementor-widget elementor-widget-text-editor\" data-id=\"ca2bb9e\" data-element_type=\"widget\" data-e-type=\"widget\" data-widget_type=\"text-editor.default\">\n\t\t\t\t\t\t\t\t\t<h2>1. \u00c1mbito de aplicacio\u0301n y entrada en vigor<\/h2><p>Mediante la realizacio\u0301n del pedido por el Cliente y su aceptacio\u0301n por OJMAR, S.A. (en adelante, OJMAR; ambos en adelante, las Partes), el Cliente acepta y se somete desde dicho instante a las presentes condiciones generales, las cuales manifiesta conocer y han sido puestas a su disposicio\u0301n desde el momento de realizacio\u0301n del pedido. Igualmente las Partes se someten a las condiciones particulares que en su caso fueran acordadas entre ambas. <\/p><p>El Cliente manifiesta que no es un consumidor final de los productos vendidos por OJMAR sino una sociedad mercantil o una persona fi\u0301sica que opera en el tra\u0301fico en calidad de empresario individual, motivo por el que al mismo en ningu\u0301n caso le sera\u0301 de aplicacio\u0301n la normativa especi\u0301fica sobre consumidores, usuarios, condiciones generales de contratacio\u0301n u otra especi\u0301fica para tales colectivos.<\/p><p>Toda relacio\u0301n entre las Partes se regira\u0301 por las presentes condiciones incluso para el supuesto de que en las comunicaciones entre ellas no se recogieran expresamente estas condiciones, siempre y cuando las mismas hayan sido en algu\u0301n momento puestas en conocimiento y a disposicio\u0301n del Cliente.<\/p><p>Cualquier acuerdo entre las Partes que entre en contradiccio\u0301n, parcial o totalmente, con las presentes condiciones requerira\u0301 de la mencio\u0301n expresa y por escrito de las Partes, debiendo indicarse expresamente cua\u0301l de estas condiciones quedan sin efecto.<\/p><h2>2. formalizacio\u0301n de la transaccio\u0301n, condiciones, precios y abono<\/h2><p>Cualquier pedido realizado a OJMAR no sera\u0301 vinculante en tanto en cuanto no conste la aceptacio\u0301n expresa del mismo por OJMAR en todos sus te\u0301rminos. Si OJMAR realizara alguna propuesta de modificacio\u0301n, total o parcial, al pedido realizado por el Cliente, ni el pedido inicial del Cliente ni la propuesta de OJMAR sera\u0301n vinculantes para esta en tanto no conste una aceptacio\u0301n y acuerdo expreso de ambas Partes a todos los te\u0301rminos del acuerdo. <\/p><p>Igualmente, cualquier oferta realizada por OJMAR, a su iniciativa o a peticio\u0301n del Cliente, no sera\u0301 vinculante para OJMAR en tanto no conste la aceptacio\u0301n y orden expresa del pedido por el Cliente.<\/p><p>Los productos vendidos sera\u0301n entregados y puestos a disposicio\u0301n del Cliente en las condiciones pactadas y que se recogen en el presupuesto o en la aceptacio\u0301n del pedido realizado por OJMAR.<\/p><p>Los precios ofertados por OJMAR no incluyen cualquier otro aspecto que no sea el que estrictamente se refiere al precio del producto, salvo que expresamente se indique en el presupuesto la inclusio\u0301n de otras partidas.<\/p><p>Todas las condiciones ofertadas por OJMAR tendra\u0301n un periodo de validez de tres meses desde el momento de comunicacio\u0301n de la oferta al Cliente. Transcurrido dicho peri\u0301odo y aun para el supuesto de aceptacio\u0301n de la oferta por el Cliente, OJMAR se reserva el derecho de aceptarla en sus te\u0301rminos iniciales o modificarla en aspectos como el incremento de precios atendiendo a razones coyunturales como el aumento del coste de las materias primas, contingencias laborales o cualquier otro. <\/p><p>Para aquellos pedidos cuyo plazo de ejecucio\u0301n necesitara de un peri\u0301odo superior a los cinco meses, OJMAR se reserva igualmente la facultad de incrementar el precio de los productos atendiendo a las mismas razones coyunturales y de aumento del coste de materias primas antes indicadas. El aumento del precio se producira\u0301 de forma proporcional al incremento del coste recibido por OJMAR por razo\u0301n de las anteriores circunstancias. <\/p><p>Las condiciones de pago de las mercanci\u0301as son las que se reflejan en las ofertas y en las facturas. La demora en el cumplimiento de la obligacio\u0301n de abono por parte del Cliente en los te\u0301rminos indicados faculta a OJMAR para aplicar un intere\u0301s de demora del 10% respecto de la cantidad adeudada, sin perjuicio de cualquier otra accio\u0301n a que tuviera derecho por razo\u0301n de los dan\u0303os y perjuicios causados por el impago. <\/p><h2>3. despacho y entrega de la mercanci\u0301a<\/h2><p>El despacho de la mercanci\u0301a, la transferencia del riesgo y el seguro de transporte sera\u0301n acorde con las condiciones pactadas por las Partes. Desde el momento y lugar de puesta a disposicio\u0301n de las mercanci\u0301as al Cliente segu\u0301n lo acordado, OJMAR no sera\u0301 responsable de cualquier perjuicio que pudiera sufrir la propia mercanci\u0301a y\/o directa o indirectamente el Cliente por razo\u0301n de su no recogida. <\/p><p>El plazo de entrega de las mercanci\u0301as indicado por OJMAR en su presupuesto comenzara\u0301 a computar desde la fecha de recepcio\u0301n de la confirmacio\u0301n del pedido por parte del cliente. Si una vez producida la aceptacio\u0301n, el Cliente realizara cualquier modificacio\u0301n o adicio\u0301n al pedido, el plazo para la entrega del primer pedido comenzara\u0301 de nuevo a computarse desde la aceptacio\u0301n expresa entre las Partes de las modificaciones operadas. <\/p><p>OJMAR no sera\u0301 responsable de cualquier retraso en la entrega por razo\u0301n de causas de fuerza mayor u otras circunstancias imprevisibles al momento del acuerdo, incluye\u0301ndose en dichos supuestos las huelgas o incidencias laborales, las cuales sera\u0301n puestas en conocimiento del Cliente. Para el supuesto de que dichas circunstancias dilataran el envi\u0301o de la mercanci\u0301a ma\u0301s de seis semanas respecto del plazo inicialmente previsto el Cliente estara\u0301 facultado para resolver la operacio\u0301n sin derecho a ninguna otra reclamacio\u0301n ni accio\u0301n frente a OJMAR por tal motivo. <\/p><p>OJMAR se reserva el derecho a suspender la entrega de la mercanci\u0301a o a paralizar la produccio\u0301n de la misma si existieran circunstancias razonables que le hicieran prever que el Cliente no cumplira\u0301 con la obligacio\u0301n de pago de la mercanci\u0301a en las condiciones pactadas. <\/p><p>Cualquier dan\u0303o o desperfecto que el Cliente observara en la mercanci\u0301a, asi\u0301 como cualquier error (ya sea en cuanto a cantidad, calidad o cualquier otro) o disconformidad en la misma o en el pedido, debera\u0301 ser notificada a OJMAR en un plazo ma\u0301ximo de 3 di\u0301as desde la puesta a disposicio\u0301n del producto al cliente.<\/p><p>La notificacio\u0301n debera\u0301 ser realizada por escrito indicando con detalle las mercanci\u0301as afectadas y su defecto. El Cliente estara\u0301 obligado a remitir a OJMAR tantas muestras de la mercanci\u0301a como le fuera solicitada asi\u0301 como a permitir, en su caso, el acceso de OJMAR a la mercanci\u0301a en las instalaciones del Cliente o donde las mismas estuvieran. En caso de no remitir la mercanci\u0301a o no permitir la inspeccio\u0301n, OJMAR considerara\u0301 que no existe defecto alguno y no sera\u0301 responsable.   <\/p><p>Los costes que se ocasionaran por razo\u0301n de la inspeccio\u0301n por OJMAR de la mercanci\u0301a indicada por el Cliente como defectuosa, tales como viajes, gastos de envi\u0301o u otros, sera\u0301n a cargo de OJMAR u\u0301nicamente si se acreditara el defecto de fabricacio\u0301n del producto. En caso contrario, OJMAR podra\u0301 repercutir dichos costes al Cliente. Los productos sera\u0301n remitidos por el Cliente a OJMAR a portes pagados, sin cuyo requisito los mismos no sera\u0301n admitidos. En el caso de que se constatara que el producto es defectuoso, OJMAR reembolsara\u0301 al Clientes los gastos de envi\u0301o a sus instalaciones y se hara\u0301 igualmente cargo de los de remisio\u0301n al Cliente.  <\/p><p>El dominio de los productos vendidos por OJMAR no quedara\u0301 transferido al Cliente hasta que e\u0301ste no haya verificado el total pago de los mismos en las condiciones pactadas por las Partes. Sin perjuicio de ello, el Cliente sera\u0301 responsable del estado de los mismos desde el instante en que las Partes acordaran que se hubiera producido la transferencia del riesgo en la transaccio\u0301n. Hasta que no se hubiera producido el completo pago de la mercanci\u0301a y desde el momento en que el Cliente incumpliera con el compromiso de abono pactado, OJMAR estara\u0301 legitimada para reclamar al Cliente la restitucio\u0301n de las mercanci\u0301as a expensas del propio Cliente. Mientras el Cliente no hubiera abonado la totalidad del precio y por tanto mientras OJMAR se reservara el dominio, el Cliente vendra\u0301 obligado a comunicar a cualquiera a quien transfiera la posesio\u0301n de la mercanci\u0301a, la reserva de dominio existente a favor de OJMAR.   <\/p><p>Si por cualquier circunstancia OJMAR no pudiera recuperar la posesio\u0301n de la mercanci\u0301a estando legitimada para ello, se aplicara\u0301 al Cliente una penalidad del 20% del valor de la mercanci\u0301a, adema\u0301s del valor intri\u0301nseco de la misma y de otros dan\u0303os y perjuicios a que fuera acreedor. <\/p><h2>4. muestras y garanti\u0301a de productos<\/h2><p>Los disen\u0303os, fotos, dibujos, estructura y especificaciones contenidas en comunicaciones, cata\u0301logos, listados, pa\u0301gina web y cualquier otro soporte representan una aproximacio\u0301n a la realidad de los productos ofertados. Todos los productos, sus especificaciones y cualidades alli\u0301 contenidas tienen valor informativo. <\/p><p>Los productos solicitados por el Cliente podra\u0301n ser alterados unilateralmente por OJMAR por razones te\u0301cnicas en aspectos como su estructura, taman\u0303o o aspecto este\u0301tico, sin que ello afecte a las condiciones y funciones ba\u0301sicas de la mercanci\u0301a.<\/p><p>OJMAR u\u0301nicamente vendra\u0301 obligada a compensar al Cliente de los dan\u0303os y perjuicios directos que se le ocasionen por razo\u0301n del defecto del producto. OJMAR en ningu\u0301n caso sera\u0301 responsable frente a terceros, de forma directa ni indirecta, de cualquier reclamacio\u0301n que e\u0301stos realizaran bien frente a OJMAR o bien frente al Cliente. El Cliente correra\u0301 con los gastos que se le ocasionen a OJMAR por razo\u0301n de cualquier reclamacio\u0301n que realizaran terceros con los que el Cliente tuviera o no cualquier tipo de relacio\u0301n contractual y que no hubieran contratado directamente con OJMAR.  <\/p><p>Salvo condiciones especi\u0301ficas de la oferta, OJMAR garantiza el correcto funcionamiento de sus productos en condiciones normales de uso durante un plazo 2 an\u0303os, salvo para los candados, mun\u0303equeras y tarjetas RFID, en cuyo caso la garanti\u0301a seri\u0301a de 1 an\u0303o.<\/p><p>La garanti\u0301a de las reparaciones tendra\u0301 una vigencia de 6 meses.<\/p><p>Para las reparaciones que se realicen dentro del periodo de garanti\u0301a de 2 an\u0303os, e\u0301sta finalizara\u0301 en cualquier caso, una vez concluido dicho plazo.<\/p><p>Por correcto funcionamiento debera\u0301 entenderse que el mecanismo, utilizacio\u0301n, funcionalidad y finalidad de los productos de OJMAR no sufre deterioros, desgastes, roturas, averi\u0301as o cualquier otra situacio\u0301n en condiciones normales. Por condiciones normales de uso se entiende la utilizacio\u0301n de la cerradura para el fin propio para el que se destina. Por condiciones normales de uso se entiende la instalacio\u0301n de la cerradura en un entorno ambiental standard, no sujeto a especiales variaciones de temperatura, humedad, agentes qui\u0301micos o productos especiales. Por condiciones normales de uso se entendera\u0301 tambie\u0301n la no utilizacio\u0301n de medios violentos, mediante la fuerza humana o con utilizacio\u0301n de aparatos meca\u0301nicos, electro\u0301nicos o de cualquier tipo, por medios ili\u0301citos o no, que tengan por finalidad de forma deliberada alterar el correcto funcionamiento de los productos.   <\/p><p>Si los productos de OJMAR sufrieran cualquier tipo de alteracio\u0301n que impidiera su correcto funcionamiento por razo\u0301n de la no existencia de las anteriormente denominadas condiciones normales de uso o cualquier otra que, no enumerada, se entienda que supone una alteracio\u0301n de la situacio\u0301n y utilizacio\u0301n standard, OJMAR no sera\u0301 responsable en ningu\u0301n caso de los dan\u0303os y perjuicios que se pudieran ocasionar al Cliente o a terceros.<\/p><p>Cualquier manipulacio\u0301n, uso inadecuado, transformacio\u0301n, reparacio\u0301n o modificacio\u0301n que realizara el Cliente o cualquier tercero en los productos por cualquier motivo, incluida una pretendida supuesta mejora, exonerara\u0301 a OJMAR de cualquier responsabilidad que pudiera surgir por razo\u0301n de del producto y supondra\u0301 la finalizacio\u0301n automa\u0301tica del periodo de garanti\u0301a.<\/p><p>Quedan excluidas expresamente de esta garanti\u0301a aquellas incidencias cuyo origen se deba a causas externas o ajenas a OJMAR derivadas de casos fortuitos o de fuerza mayor, tales como feno\u0301menos atmosfe\u0301ricos, robos, actos vanda\u0301licos, incendios, aperturas de puertas fortuitas o forzadas, o cualquier otra causa ajena al normal uso del producto.<\/p><p>En todo caso, la responsabilidad de OJMAR tiene como li\u0301mite el valor de la cerradura o producto objeto del pedido y la compra entre OJMAR y el Cliente, o su reposicio\u0301n. Por ello, OJMAR en ningu\u0301n caso sera\u0301 responsable, directa ni indirectamente, de las consecuencias derivadas del uso o funcionamiento de los productos. Asimismo, OJMAR no sera\u0301 en ningu\u0301n caso responsable de los bienes de cualquier naturaleza contenidos o depositados en el mobiliario, taquillas, cajas, armarios o cualquier otro elemento que utilice cerraduras de OJMAR.<\/p><p>En todo caso, la responsabilidad de OJMAR tiene como l\u00edmite el valor de la cerradura o producto objeto del pedido y compra entre OJMAR y el Cliente, o su sustituci\u00f3n. Por tanto, OJMAR en ning\u00fan caso ser\u00e1 responsable ni directa ni indirectamente de las consecuencias derivadas del uso <\/p><p>o funcionamiento de los productos. Asimismo, OJMAR no ser\u00e1 responsable en ning\u00fan caso de los bienes de cualquier naturaleza contenidos o depositados en los muebles, taquillas, cajas fuertes, armarios o cualquier otro elemento que utilice cerraduras OJMAR. <\/p><p>Esta garant\u00eda cubre la reparaci\u00f3n del producto o su sustituci\u00f3n, a criterio exclusivo de OJMAR, siempre que OJMAR se haga cargo de dicha reparaci\u00f3n o sustituci\u00f3n de acuerdo con lo establecido en esta Condici\u00f3n 4\u00aa.<\/p><h2>5. propiedad industrial e intelectual<\/h2><p>Todos los modelos, disen\u0303os, dibujos, bocetos, prototipos y esquemas de los productos de OJMAR esta\u0301n sujetos a las normas de propiedad industrial e intelectual. Cualquier utilizacio\u0301n que se haga de cualquiera de ellos lo sera\u0301 exclusivamente con la finalidad comercial e industrial propia de la transaccio\u0301n. La utilizacio\u0301n de los mismos con fines promocionales, de muestra o ensayo debera\u0301 contar con el consentimiento expreso de OJMAR quien determinara\u0301 el modo y forma en que se realizara\u0301, la mencio\u0301n al nombre de OJMAR y el origen de los productos.  <\/p><h2>6. ley aplicable, lugar de cumplimiento de obligaciones y jurisdiccio\u0301n competente<\/h2><p>Cualquier controversia o litigio que surja por razo\u0301n del cumplimiento, ejecucio\u0301n o interpretacio\u0301n de cualquier relacio\u0301n contractual mantenida entre las Partes losera\u0301 de acuerdo con normas de derecho espan\u0303ol, con exclusio\u0301n de cualquier otro cuerpo legal de derecho comparado que pudiera ser de aplicacio\u0301n. Se considera que Elgoibar (Gipuzkoa \u2013 Espan\u0303a) es el lugar de ejecucio\u0301n y cumplimiento de la obligacio\u0301n de entrega de las mercanci\u0301as, envi\u0301o y pago de las mismas. Cualquiera accio\u0301n, reclamacio\u0301n, ejercicio de acciones declarativas o cualquier procedimiento ante cualquier instancia o jurisdiccio\u0301n, que tenga relacio\u0301n con una transaccio\u0301n hecha con OJMAR sera\u0301 competencia exclusiva de los juzgados y tribunales de Eibar.  <\/p>\t\t\t\t\t\t\t\t<\/div>\n\t\t\t\t\t<\/div>\n\t\t\t\t<\/div>\n\t\t\t\t<\/div>\n\t\t","protected":false},"excerpt":{"rendered":"<p>Condiciones generales de contratacio\u0301n 1. \u00c1mbito de aplicacio\u0301n y entrada en vigor Mediante la realizacio\u0301n del pedido por el Cliente y su aceptacio\u0301n por OJMAR, S.A. (en adelante, OJMAR; ambos en adelante, las Partes), el Cliente acepta y se somete desde dicho instante a las presentes condiciones generales, las cuales manifiesta conocer y han sido [&hellip;]<\/p>\n","protected":false},"author":1,"featured_media":0,"parent":0,"menu_order":0,"comment_status":"closed","ping_status":"closed","template":"","meta":{"footnotes":""},"class_list":["post-9559","page","type-page","status-publish","hentry"],"yoast_head":"<!-- This site is optimized with the Yoast SEO plugin v24.7 - https:\/\/yoast.com\/wordpress\/plugins\/seo\/ -->\n<title>Condiciones generales de contratacio\u0301n - Ojmar<\/title>\n<meta name=\"robots\" content=\"index, follow, max-snippet:-1, max-image-preview:large, max-video-preview:-1\" \/>\n<link rel=\"canonical\" href=\"https:\/\/ojmar.com\/es\/condiciones-generales-de-contratacion\/\" \/>\n<meta property=\"og:locale\" content=\"es_ES\" \/>\n<meta property=\"og:type\" content=\"article\" \/>\n<meta property=\"og:title\" content=\"Condiciones generales de contratacio\u0301n - Ojmar\" \/>\n<meta property=\"og:description\" content=\"Condiciones generales de contratacio\u0301n 1. \u00c1mbito de aplicacio\u0301n y entrada en vigor Mediante la realizacio\u0301n del pedido por el Cliente y su aceptacio\u0301n por OJMAR, S.A. (en adelante, OJMAR; ambos en adelante, las Partes), el Cliente acepta y se somete desde dicho instante a las presentes condiciones generales, las cuales manifiesta conocer y han sido [&hellip;]\" \/>\n<meta property=\"og:url\" content=\"https:\/\/ojmar.com\/es\/condiciones-generales-de-contratacion\/\" \/>\n<meta property=\"og:site_name\" content=\"Ojmar\" \/>\n<meta property=\"article:modified_time\" content=\"2025-03-26T10:29:34+00:00\" \/>\n<meta name=\"twitter:card\" content=\"summary_large_image\" \/>\n<meta name=\"twitter:label1\" content=\"Tiempo de lectura\" \/>\n\t<meta name=\"twitter:data1\" content=\"12 minutos\" \/>\n<script type=\"application\/ld+json\" class=\"yoast-schema-graph\">{\"@context\":\"https:\/\/schema.org\",\"@graph\":[{\"@type\":\"WebPage\",\"@id\":\"https:\/\/ojmar.com\/es\/condiciones-generales-de-contratacion\/\",\"url\":\"https:\/\/ojmar.com\/es\/condiciones-generales-de-contratacion\/\",\"name\":\"Condiciones generales de contratacio\u0301n - Ojmar\",\"isPartOf\":{\"@id\":\"https:\/\/ojmar.com\/es\/#website\"},\"datePublished\":\"2024-10-08T11:04:52+00:00\",\"dateModified\":\"2025-03-26T10:29:34+00:00\",\"breadcrumb\":{\"@id\":\"https:\/\/ojmar.com\/es\/condiciones-generales-de-contratacion\/#breadcrumb\"},\"inLanguage\":\"es\",\"potentialAction\":[{\"@type\":\"ReadAction\",\"target\":[\"https:\/\/ojmar.com\/es\/condiciones-generales-de-contratacion\/\"]}]},{\"@type\":\"BreadcrumbList\",\"@id\":\"https:\/\/ojmar.com\/es\/condiciones-generales-de-contratacion\/#breadcrumb\",\"itemListElement\":[{\"@type\":\"ListItem\",\"position\":1,\"name\":\"Home\",\"item\":\"https:\/\/ojmar.com\/es\/inicio\/\"},{\"@type\":\"ListItem\",\"position\":2,\"name\":\"Condiciones generales de contratacio\u0301n\"}]},{\"@type\":\"WebSite\",\"@id\":\"https:\/\/ojmar.com\/es\/#website\",\"url\":\"https:\/\/ojmar.com\/es\/\",\"name\":\"Ojmar\",\"description\":\"\",\"publisher\":{\"@id\":\"https:\/\/ojmar.com\/es\/#organization\"},\"potentialAction\":[{\"@type\":\"SearchAction\",\"target\":{\"@type\":\"EntryPoint\",\"urlTemplate\":\"https:\/\/ojmar.com\/es\/?s={search_term_string}\"},\"query-input\":{\"@type\":\"PropertyValueSpecification\",\"valueRequired\":true,\"valueName\":\"search_term_string\"}}],\"inLanguage\":\"es\"},{\"@type\":\"Organization\",\"@id\":\"https:\/\/ojmar.com\/es\/#organization\",\"name\":\"Ojmar\",\"alternateName\":\"Ojmar Locking Systems\",\"url\":\"https:\/\/ojmar.com\/es\/\",\"logo\":{\"@type\":\"ImageObject\",\"inLanguage\":\"es\",\"@id\":\"https:\/\/ojmar.com\/es\/#\/schema\/logo\/image\/\",\"url\":\"https:\/\/ojmar.com\/wp-content\/uploads\/2024\/06\/logo-ojmar-white-locking-systems.svg\",\"contentUrl\":\"https:\/\/ojmar.com\/wp-content\/uploads\/2024\/06\/logo-ojmar-white-locking-systems.svg\",\"width\":49,\"height\":9,\"caption\":\"Ojmar\"},\"image\":{\"@id\":\"https:\/\/ojmar.com\/es\/#\/schema\/logo\/image\/\"},\"sameAs\":[\"https:\/\/es.linkedin.com\/company\/ojmar\",\"https:\/\/www.youtube.com\/channel\/UCcg47x2TvbONCYzJkQkfVyg\"]}]}<\/script>\n<!-- \/ Yoast SEO plugin. -->","yoast_head_json":{"title":"Condiciones generales de contratacio\u0301n - Ojmar","robots":{"index":"index","follow":"follow","max-snippet":"max-snippet:-1","max-image-preview":"max-image-preview:large","max-video-preview":"max-video-preview:-1"},"canonical":"https:\/\/ojmar.com\/es\/condiciones-generales-de-contratacion\/","og_locale":"es_ES","og_type":"article","og_title":"Condiciones generales de contratacio\u0301n - Ojmar","og_description":"Condiciones generales de contratacio\u0301n 1. \u00c1mbito de aplicacio\u0301n y entrada en vigor Mediante la realizacio\u0301n del pedido por el Cliente y su aceptacio\u0301n por OJMAR, S.A. (en adelante, OJMAR; ambos en adelante, las Partes), el Cliente acepta y se somete desde dicho instante a las presentes condiciones generales, las cuales manifiesta conocer y han sido [&hellip;]","og_url":"https:\/\/ojmar.com\/es\/condiciones-generales-de-contratacion\/","og_site_name":"Ojmar","article_modified_time":"2025-03-26T10:29:34+00:00","twitter_card":"summary_large_image","twitter_misc":{"Tiempo de lectura":"12 minutos"},"schema":{"@context":"https:\/\/schema.org","@graph":[{"@type":"WebPage","@id":"https:\/\/ojmar.com\/es\/condiciones-generales-de-contratacion\/","url":"https:\/\/ojmar.com\/es\/condiciones-generales-de-contratacion\/","name":"Condiciones generales de contratacio\u0301n - Ojmar","isPartOf":{"@id":"https:\/\/ojmar.com\/es\/#website"},"datePublished":"2024-10-08T11:04:52+00:00","dateModified":"2025-03-26T10:29:34+00:00","breadcrumb":{"@id":"https:\/\/ojmar.com\/es\/condiciones-generales-de-contratacion\/#breadcrumb"},"inLanguage":"es","potentialAction":[{"@type":"ReadAction","target":["https:\/\/ojmar.com\/es\/condiciones-generales-de-contratacion\/"]}]},{"@type":"BreadcrumbList","@id":"https:\/\/ojmar.com\/es\/condiciones-generales-de-contratacion\/#breadcrumb","itemListElement":[{"@type":"ListItem","position":1,"name":"Home","item":"https:\/\/ojmar.com\/es\/inicio\/"},{"@type":"ListItem","position":2,"name":"Condiciones generales de contratacio\u0301n"}]},{"@type":"WebSite","@id":"https:\/\/ojmar.com\/es\/#website","url":"https:\/\/ojmar.com\/es\/","name":"Ojmar","description":"","publisher":{"@id":"https:\/\/ojmar.com\/es\/#organization"},"potentialAction":[{"@type":"SearchAction","target":{"@type":"EntryPoint","urlTemplate":"https:\/\/ojmar.com\/es\/?s={search_term_string}"},"query-input":{"@type":"PropertyValueSpecification","valueRequired":true,"valueName":"search_term_string"}}],"inLanguage":"es"},{"@type":"Organization","@id":"https:\/\/ojmar.com\/es\/#organization","name":"Ojmar","alternateName":"Ojmar Locking Systems","url":"https:\/\/ojmar.com\/es\/","logo":{"@type":"ImageObject","inLanguage":"es","@id":"https:\/\/ojmar.com\/es\/#\/schema\/logo\/image\/","url":"https:\/\/ojmar.com\/wp-content\/uploads\/2024\/06\/logo-ojmar-white-locking-systems.svg","contentUrl":"https:\/\/ojmar.com\/wp-content\/uploads\/2024\/06\/logo-ojmar-white-locking-systems.svg","width":49,"height":9,"caption":"Ojmar"},"image":{"@id":"https:\/\/ojmar.com\/es\/#\/schema\/logo\/image\/"},"sameAs":["https:\/\/es.linkedin.com\/company\/ojmar","https:\/\/www.youtube.com\/channel\/UCcg47x2TvbONCYzJkQkfVyg"]}]}},"_links":{"self":[{"href":"https:\/\/ojmar.com\/es\/wp-json\/wp\/v2\/pages\/9559","targetHints":{"allow":["GET"]}}],"collection":[{"href":"https:\/\/ojmar.com\/es\/wp-json\/wp\/v2\/pages"}],"about":[{"href":"https:\/\/ojmar.com\/es\/wp-json\/wp\/v2\/types\/page"}],"author":[{"embeddable":true,"href":"https:\/\/ojmar.com\/es\/wp-json\/wp\/v2\/users\/1"}],"replies":[{"embeddable":true,"href":"https:\/\/ojmar.com\/es\/wp-json\/wp\/v2\/comments?post=9559"}],"version-history":[{"count":2,"href":"https:\/\/ojmar.com\/es\/wp-json\/wp\/v2\/pages\/9559\/revisions"}],"predecessor-version":[{"id":10175,"href":"https:\/\/ojmar.com\/es\/wp-json\/wp\/v2\/pages\/9559\/revisions\/10175"}],"wp:attachment":[{"href":"https:\/\/ojmar.com\/es\/wp-json\/wp\/v2\/media?parent=9559"}],"curies":[{"name":"wp","href":"https:\/\/api.w.org\/{rel}","templated":true}]}}