{"id":8418,"date":"2024-08-28T14:05:33","date_gmt":"2024-08-28T12:05:33","guid":{"rendered":"http:\/\/www.ojmar.com\/soporte\/"},"modified":"2025-09-02T12:39:57","modified_gmt":"2025-09-02T10:39:57","slug":"contacto","status":"publish","type":"page","link":"https:\/\/ojmar.com\/es\/contacto\/","title":{"rendered":"Contacto"},"content":{"rendered":"\t\t<div data-elementor-type=\"wp-page\" data-elementor-id=\"8418\" class=\"elementor elementor-8418 elementor-2451\" data-elementor-post-type=\"page\">\n\t\t\t\t<div class=\"elementor-element elementor-element-4eb4b28 e-flex e-con-boxed e-con e-parent\" data-id=\"4eb4b28\" data-element_type=\"container\">\n\t\t\t\t\t<div class=\"e-con-inner\">\n\t\t\t\t<div class=\"elementor-element elementor-element-e879ffd elementor-widget elementor-widget-breadcrumbs\" data-id=\"e879ffd\" data-element_type=\"widget\" data-widget_type=\"breadcrumbs.default\">\n\t\t\t\t\t<p id=\"breadcrumbs\"><span><span><a href=\"https:\/\/ojmar.com\/es\/inicio\/\">Home<\/a><\/span><\/span><\/p>\t\t\t\t<\/div>\n\t\t\t\t\t<\/div>\n\t\t\t\t<\/div>\n\t\t<div class=\"elementor-element elementor-element-03faba3 e-flex e-con-boxed e-con e-parent\" data-id=\"03faba3\" data-element_type=\"container\" data-settings=\"{&quot;background_background&quot;:&quot;classic&quot;}\">\n\t\t\t\t\t<div class=\"e-con-inner\">\n\t\t\t\t<div class=\"elementor-element elementor-element-eee7867 elementor-widget elementor-widget-heading\" data-id=\"eee7867\" data-element_type=\"widget\" data-widget_type=\"heading.default\">\n\t\t\t\t\t<h1 class=\"elementor-heading-title elementor-size-default\">Contacto<\/h1>\t\t\t\t<\/div>\n\t\t\t\t\t<\/div>\n\t\t\t\t<\/div>\n\t\t<div class=\"elementor-element elementor-element-b660e61 e-flex e-con-boxed e-con e-parent\" data-id=\"b660e61\" data-element_type=\"container\">\n\t\t\t\t\t<div class=\"e-con-inner\">\n\t\t<div class=\"elementor-element elementor-element-d7c293b e-con-full e-flex e-con e-child\" data-id=\"d7c293b\" data-element_type=\"container\" data-settings=\"{&quot;background_background&quot;:&quot;classic&quot;}\">\n\t\t\t\t<div class=\"elementor-element elementor-element-cea7e28 elementor-widget__width-initial elementor-widget elementor-widget-heading\" data-id=\"cea7e28\" data-element_type=\"widget\" data-widget_type=\"heading.default\">\n\t\t\t\t\t<h2 class=\"elementor-heading-title elementor-size-default\">Contacto<br>de ventas<\/h2>\t\t\t\t<\/div>\n\t\t\t\t<div class=\"elementor-element elementor-element-7b1f2f9 boton-default elementor-absolute elementor-widget elementor-widget-button\" data-id=\"7b1f2f9\" data-element_type=\"widget\" data-settings=\"{&quot;_position&quot;:&quot;absolute&quot;}\" data-widget_type=\"button.default\">\n\t\t\t\t\t\t\t\t\t\t<a class=\"elementor-button elementor-button-link elementor-size-sm\" href=\"https:\/\/ojmar.com\/es\/contacto\/contacto-comercial\/\">\n\t\t\t\t\t\t<span class=\"elementor-button-content-wrapper\">\n\t\t\t\t\t\t\t\t\t<span class=\"elementor-button-text\">M\u00e1s informaci\u00f3n<\/span>\n\t\t\t\t\t<\/span>\n\t\t\t\t\t<\/a>\n\t\t\t\t\t\t\t\t<\/div>\n\t\t\t\t<\/div>\n\t\t<div class=\"elementor-element elementor-element-9aedd6c e-con-full e-flex e-con e-child\" data-id=\"9aedd6c\" data-element_type=\"container\" data-settings=\"{&quot;background_background&quot;:&quot;classic&quot;}\">\n\t\t\t\t<div class=\"elementor-element elementor-element-5c39ad1 elementor-widget__width-initial elementor-widget elementor-widget-heading\" data-id=\"5c39ad1\" data-element_type=\"widget\" data-widget_type=\"heading.default\">\n\t\t\t\t\t<h2 class=\"elementor-heading-title elementor-size-default\">Contacto<br>post venta<\/h2>\t\t\t\t<\/div>\n\t\t\t\t<div class=\"elementor-element elementor-element-2ce3ec0 boton-default elementor-absolute elementor-widget elementor-widget-button\" data-id=\"2ce3ec0\" data-element_type=\"widget\" data-settings=\"{&quot;_position&quot;:&quot;absolute&quot;}\" data-widget_type=\"button.default\">\n\t\t\t\t\t\t\t\t\t\t<a class=\"elementor-button elementor-button-link elementor-size-sm\" href=\"https:\/\/ojmar.com\/es\/soporte-tecnico-postventa\/cerraduras-electronicas-soporte\/\">\n\t\t\t\t\t\t<span class=\"elementor-button-content-wrapper\">\n\t\t\t\t\t\t\t\t\t<span class=\"elementor-button-text\">M\u00e1s informaci\u00f3n<\/span>\n\t\t\t\t\t<\/span>\n\t\t\t\t\t<\/a>\n\t\t\t\t\t\t\t\t<\/div>\n\t\t\t\t<\/div>\n\t\t\t\t\t<\/div>\n\t\t\t\t<\/div>\n\t\t<div class=\"elementor-element elementor-element-36517971 e-flex e-con-boxed e-con e-parent\" data-id=\"36517971\" data-element_type=\"container\" data-settings=\"{&quot;background_background&quot;:&quot;classic&quot;}\">\n\t\t\t\t\t<div class=\"e-con-inner\">\n\t\t<div class=\"elementor-element elementor-element-622f2bf0 e-con-full e-flex e-con e-child\" data-id=\"622f2bf0\" data-element_type=\"container\">\n\t\t\t\t<div class=\"elementor-element elementor-element-40d4fc9d elementor-widget elementor-widget-heading\" data-id=\"40d4fc9d\" data-element_type=\"widget\" data-widget_type=\"heading.default\">\n\t\t\t\t\t<h2 class=\"elementor-heading-title elementor-size-default\">\u00bfC\u00f3mo podemos ayudarte?<\/h2>\t\t\t\t<\/div>\n\t\t\t\t<div class=\"elementor-element elementor-element-6d6e6d35 elementor-widget elementor-widget-text-editor\" data-id=\"6d6e6d35\" data-element_type=\"widget\" data-widget_type=\"text-editor.default\">\n\t\t\t\t\t\t\t\t\t<p class=\"p1\"><span class=\"s1\">Ponte en contacto con nosotros<\/span><\/p>\t\t\t\t\t\t\t\t<\/div>\n\t\t\t\t<div class=\"elementor-element elementor-element-980b942 boton-default elementor-widget elementor-widget-button\" data-id=\"980b942\" data-element_type=\"widget\" data-widget_type=\"button.default\">\n\t\t\t\t\t\t\t\t\t\t<a class=\"elementor-button elementor-button-link elementor-size-sm\" href=\"https:\/\/ojmar.com\/es\/contacto\/contacto-comercial\/\">\n\t\t\t\t\t\t<span class=\"elementor-button-content-wrapper\">\n\t\t\t\t\t\t\t\t\t<span class=\"elementor-button-text\">Clique aqu\u00ed<\/span>\n\t\t\t\t\t<\/span>\n\t\t\t\t\t<\/a>\n\t\t\t\t\t\t\t\t<\/div>\n\t\t\t\t<\/div>\n\t\t\t\t\t<\/div>\n\t\t\t\t<\/div>\n\t\t\t\t<\/div>\n\t\t","protected":false},"excerpt":{"rendered":"<p>Contacto Contactode ventas M\u00e1s informaci\u00f3n Contactopost venta M\u00e1s informaci\u00f3n \u00bfC\u00f3mo podemos ayudarte? Ponte en contacto con nosotros Clique aqu\u00ed<\/p>\n","protected":false},"author":1,"featured_media":0,"parent":0,"menu_order":0,"comment_status":"closed","ping_status":"closed","template":"","meta":{"footnotes":""},"class_list":["post-8418","page","type-page","status-publish","hentry"],"yoast_head":"<!-- This site is optimized with the Yoast SEO plugin v24.7 - https:\/\/yoast.com\/wordpress\/plugins\/seo\/ -->\n<title>Soporte t\u00e9cnico de Ojmar | Asistencia para cerraduras y sistemas de cierre remoto<\/title>\n<meta name=\"description\" content=\"Obt\u00e9n asistencia para tus productos Ojmar, incluida la gu\u00eda de instalaci\u00f3n de cerraduras de puerta, el servicio de atenci\u00f3n al cliente de cerraduras maestras y el manual de cerraduras electr\u00f3nicas digitales avanzadas. Accede a las preguntas frecuentes y las gu\u00edas de usuario de las cerraduras de apertura remota.\" \/>\n<meta name=\"robots\" content=\"index, follow, max-snippet:-1, max-image-preview:large, max-video-preview:-1\" \/>\n<link rel=\"canonical\" href=\"https:\/\/ojmar.com\/es\/contacto\/\" \/>\n<meta property=\"og:locale\" content=\"es_ES\" \/>\n<meta property=\"og:type\" content=\"article\" \/>\n<meta property=\"og:title\" content=\"Soporte t\u00e9cnico de Ojmar | Asistencia para cerraduras y sistemas de cierre remoto\" \/>\n<meta property=\"og:description\" content=\"Obt\u00e9n asistencia para tus productos Ojmar, incluida la gu\u00eda de instalaci\u00f3n de cerraduras de puerta, el servicio de atenci\u00f3n al cliente de cerraduras maestras y el manual de cerraduras electr\u00f3nicas digitales avanzadas. Accede a las preguntas frecuentes y las gu\u00edas de usuario de las cerraduras de apertura remota.\" \/>\n<meta property=\"og:url\" content=\"https:\/\/ojmar.com\/es\/contacto\/\" \/>\n<meta property=\"og:site_name\" content=\"Ojmar\" \/>\n<meta property=\"article:modified_time\" content=\"2025-09-02T10:39:57+00:00\" \/>\n<meta name=\"twitter:card\" content=\"summary_large_image\" \/>\n<script type=\"application\/ld+json\" class=\"yoast-schema-graph\">{\"@context\":\"https:\/\/schema.org\",\"@graph\":[{\"@type\":\"WebPage\",\"@id\":\"https:\/\/ojmar.com\/es\/contacto\/\",\"url\":\"https:\/\/ojmar.com\/es\/contacto\/\",\"name\":\"Soporte t\u00e9cnico de Ojmar | Asistencia para cerraduras y sistemas de cierre remoto\",\"isPartOf\":{\"@id\":\"https:\/\/ojmar.com\/es\/#website\"},\"datePublished\":\"2024-08-28T12:05:33+00:00\",\"dateModified\":\"2025-09-02T10:39:57+00:00\",\"description\":\"Obt\u00e9n asistencia para tus productos Ojmar, incluida la gu\u00eda de instalaci\u00f3n de cerraduras de puerta, el servicio de atenci\u00f3n al cliente de cerraduras maestras y el manual de cerraduras electr\u00f3nicas digitales avanzadas. Accede a las preguntas frecuentes y las gu\u00edas de usuario de las cerraduras de apertura remota.\",\"breadcrumb\":{\"@id\":\"https:\/\/ojmar.com\/es\/contacto\/#breadcrumb\"},\"inLanguage\":\"es\",\"potentialAction\":[{\"@type\":\"ReadAction\",\"target\":[\"https:\/\/ojmar.com\/es\/contacto\/\"]}]},{\"@type\":\"BreadcrumbList\",\"@id\":\"https:\/\/ojmar.com\/es\/contacto\/#breadcrumb\",\"itemListElement\":[{\"@type\":\"ListItem\",\"position\":1,\"name\":\"Home\",\"item\":\"https:\/\/ojmar.com\/es\/inicio\/\"},{\"@type\":\"ListItem\",\"position\":2,\"name\":\"Contacto\"}]},{\"@type\":\"WebSite\",\"@id\":\"https:\/\/ojmar.com\/es\/#website\",\"url\":\"https:\/\/ojmar.com\/es\/\",\"name\":\"Ojmar\",\"description\":\"\",\"publisher\":{\"@id\":\"https:\/\/ojmar.com\/es\/#organization\"},\"potentialAction\":[{\"@type\":\"SearchAction\",\"target\":{\"@type\":\"EntryPoint\",\"urlTemplate\":\"https:\/\/ojmar.com\/es\/?s={search_term_string}\"},\"query-input\":{\"@type\":\"PropertyValueSpecification\",\"valueRequired\":true,\"valueName\":\"search_term_string\"}}],\"inLanguage\":\"es\"},{\"@type\":\"Organization\",\"@id\":\"https:\/\/ojmar.com\/es\/#organization\",\"name\":\"Ojmar\",\"alternateName\":\"Ojmar Locking Systems\",\"url\":\"https:\/\/ojmar.com\/es\/\",\"logo\":{\"@type\":\"ImageObject\",\"inLanguage\":\"es\",\"@id\":\"https:\/\/ojmar.com\/es\/#\/schema\/logo\/image\/\",\"url\":\"https:\/\/ojmar.com\/wp-content\/uploads\/2024\/06\/logo-ojmar-white-locking-systems.svg\",\"contentUrl\":\"https:\/\/ojmar.com\/wp-content\/uploads\/2024\/06\/logo-ojmar-white-locking-systems.svg\",\"width\":49,\"height\":9,\"caption\":\"Ojmar\"},\"image\":{\"@id\":\"https:\/\/ojmar.com\/es\/#\/schema\/logo\/image\/\"},\"sameAs\":[\"https:\/\/es.linkedin.com\/company\/ojmar\",\"https:\/\/www.youtube.com\/channel\/UCcg47x2TvbONCYzJkQkfVyg\"]}]}<\/script>\n<!-- \/ Yoast SEO plugin. -->","yoast_head_json":{"title":"Soporte t\u00e9cnico de Ojmar | Asistencia para cerraduras y sistemas de cierre remoto","description":"Obt\u00e9n asistencia para tus productos Ojmar, incluida la gu\u00eda de instalaci\u00f3n de cerraduras de puerta, el servicio de atenci\u00f3n al cliente de cerraduras maestras y el manual de cerraduras electr\u00f3nicas digitales avanzadas. Accede a las preguntas frecuentes y las gu\u00edas de usuario de las cerraduras de apertura remota.","robots":{"index":"index","follow":"follow","max-snippet":"max-snippet:-1","max-image-preview":"max-image-preview:large","max-video-preview":"max-video-preview:-1"},"canonical":"https:\/\/ojmar.com\/es\/contacto\/","og_locale":"es_ES","og_type":"article","og_title":"Soporte t\u00e9cnico de Ojmar | Asistencia para cerraduras y sistemas de cierre remoto","og_description":"Obt\u00e9n asistencia para tus productos Ojmar, incluida la gu\u00eda de instalaci\u00f3n de cerraduras de puerta, el servicio de atenci\u00f3n al cliente de cerraduras maestras y el manual de cerraduras electr\u00f3nicas digitales avanzadas. Accede a las preguntas frecuentes y las gu\u00edas de usuario de las cerraduras de apertura remota.","og_url":"https:\/\/ojmar.com\/es\/contacto\/","og_site_name":"Ojmar","article_modified_time":"2025-09-02T10:39:57+00:00","twitter_card":"summary_large_image","schema":{"@context":"https:\/\/schema.org","@graph":[{"@type":"WebPage","@id":"https:\/\/ojmar.com\/es\/contacto\/","url":"https:\/\/ojmar.com\/es\/contacto\/","name":"Soporte t\u00e9cnico de Ojmar | Asistencia para cerraduras y sistemas de cierre remoto","isPartOf":{"@id":"https:\/\/ojmar.com\/es\/#website"},"datePublished":"2024-08-28T12:05:33+00:00","dateModified":"2025-09-02T10:39:57+00:00","description":"Obt\u00e9n asistencia para tus productos Ojmar, incluida la gu\u00eda de instalaci\u00f3n de cerraduras de puerta, el servicio de atenci\u00f3n al cliente de cerraduras maestras y el manual de cerraduras electr\u00f3nicas digitales avanzadas. Accede a las preguntas frecuentes y las gu\u00edas de usuario de las cerraduras de apertura remota.","breadcrumb":{"@id":"https:\/\/ojmar.com\/es\/contacto\/#breadcrumb"},"inLanguage":"es","potentialAction":[{"@type":"ReadAction","target":["https:\/\/ojmar.com\/es\/contacto\/"]}]},{"@type":"BreadcrumbList","@id":"https:\/\/ojmar.com\/es\/contacto\/#breadcrumb","itemListElement":[{"@type":"ListItem","position":1,"name":"Home","item":"https:\/\/ojmar.com\/es\/inicio\/"},{"@type":"ListItem","position":2,"name":"Contacto"}]},{"@type":"WebSite","@id":"https:\/\/ojmar.com\/es\/#website","url":"https:\/\/ojmar.com\/es\/","name":"Ojmar","description":"","publisher":{"@id":"https:\/\/ojmar.com\/es\/#organization"},"potentialAction":[{"@type":"SearchAction","target":{"@type":"EntryPoint","urlTemplate":"https:\/\/ojmar.com\/es\/?s={search_term_string}"},"query-input":{"@type":"PropertyValueSpecification","valueRequired":true,"valueName":"search_term_string"}}],"inLanguage":"es"},{"@type":"Organization","@id":"https:\/\/ojmar.com\/es\/#organization","name":"Ojmar","alternateName":"Ojmar Locking Systems","url":"https:\/\/ojmar.com\/es\/","logo":{"@type":"ImageObject","inLanguage":"es","@id":"https:\/\/ojmar.com\/es\/#\/schema\/logo\/image\/","url":"https:\/\/ojmar.com\/wp-content\/uploads\/2024\/06\/logo-ojmar-white-locking-systems.svg","contentUrl":"https:\/\/ojmar.com\/wp-content\/uploads\/2024\/06\/logo-ojmar-white-locking-systems.svg","width":49,"height":9,"caption":"Ojmar"},"image":{"@id":"https:\/\/ojmar.com\/es\/#\/schema\/logo\/image\/"},"sameAs":["https:\/\/es.linkedin.com\/company\/ojmar","https:\/\/www.youtube.com\/channel\/UCcg47x2TvbONCYzJkQkfVyg"]}]}},"_links":{"self":[{"href":"https:\/\/ojmar.com\/es\/wp-json\/wp\/v2\/pages\/8418","targetHints":{"allow":["GET"]}}],"collection":[{"href":"https:\/\/ojmar.com\/es\/wp-json\/wp\/v2\/pages"}],"about":[{"href":"https:\/\/ojmar.com\/es\/wp-json\/wp\/v2\/types\/page"}],"author":[{"embeddable":true,"href":"https:\/\/ojmar.com\/es\/wp-json\/wp\/v2\/users\/1"}],"replies":[{"embeddable":true,"href":"https:\/\/ojmar.com\/es\/wp-json\/wp\/v2\/comments?post=8418"}],"version-history":[{"count":5,"href":"https:\/\/ojmar.com\/es\/wp-json\/wp\/v2\/pages\/8418\/revisions"}],"predecessor-version":[{"id":96651,"href":"https:\/\/ojmar.com\/es\/wp-json\/wp\/v2\/pages\/8418\/revisions\/96651"}],"wp:attachment":[{"href":"https:\/\/ojmar.com\/es\/wp-json\/wp\/v2\/media?parent=8418"}],"curies":[{"name":"wp","href":"https:\/\/api.w.org\/{rel}","templated":true}]}}