{"id":8354,"date":"2024-05-31T12:07:26","date_gmt":"2024-05-31T10:07:26","guid":{"rendered":"http:\/\/www.ojmar.com\/empresa\/sostenibilidad\/"},"modified":"2025-09-30T15:08:57","modified_gmt":"2025-09-30T13:08:57","slug":"sostenibilidad","status":"publish","type":"page","link":"https:\/\/ojmar.com\/es\/empresa\/sostenibilidad\/","title":{"rendered":"Sostenibilidad"},"content":{"rendered":"\t\t<div data-elementor-type=\"wp-page\" data-elementor-id=\"8354\" class=\"elementor elementor-8354 elementor-318\" data-elementor-post-type=\"page\">\n\t\t\t\t<div class=\"elementor-element elementor-element-feefbbf e-flex e-con-boxed e-con e-parent\" data-id=\"feefbbf\" data-element_type=\"container\" data-e-type=\"container\" data-settings=\"{&quot;background_background&quot;:&quot;classic&quot;}\">\n\t\t\t\t\t<div class=\"e-con-inner\">\n\t\t\t\t<div class=\"elementor-element elementor-element-e12e481 elementor-widget elementor-widget-heading\" data-id=\"e12e481\" data-element_type=\"widget\" data-e-type=\"widget\" data-widget_type=\"heading.default\">\n\t\t\t\t\t<h1 class=\"elementor-heading-title elementor-size-default\">Asegura tus pertenencias,<br>Cuida del planeta<\/h1>\t\t\t\t<\/div>\n\t\t\t\t\t<\/div>\n\t\t\t\t<\/div>\n\t\t<div class=\"elementor-element elementor-element-4eb4b28 e-flex e-con-boxed e-con e-parent\" data-id=\"4eb4b28\" data-element_type=\"container\" data-e-type=\"container\">\n\t\t\t\t\t<div class=\"e-con-inner\">\n\t\t\t\t<div class=\"elementor-element elementor-element-e879ffd elementor-widget elementor-widget-breadcrumbs\" data-id=\"e879ffd\" data-element_type=\"widget\" data-e-type=\"widget\" data-widget_type=\"breadcrumbs.default\">\n\t\t\t\t\t<p id=\"breadcrumbs\"><span><span><a href=\"https:\/\/ojmar.com\/es\/inicio\/\">Home<\/a><\/span><\/span><\/p>\t\t\t\t<\/div>\n\t\t\t\t\t<\/div>\n\t\t\t\t<\/div>\n\t\t<div class=\"elementor-element elementor-element-03faba3 e-flex e-con-boxed e-con e-parent\" data-id=\"03faba3\" data-element_type=\"container\" data-e-type=\"container\" data-settings=\"{&quot;background_background&quot;:&quot;classic&quot;}\">\n\t\t\t\t\t<div class=\"e-con-inner\">\n\t\t\t\t<div class=\"elementor-element elementor-element-f236b1b elementor-widget elementor-widget-heading\" data-id=\"f236b1b\" data-element_type=\"widget\" data-e-type=\"widget\" data-widget_type=\"heading.default\">\n\t\t\t\t\t<h2 class=\"elementor-heading-title elementor-size-default\">Soluciones de cierre sostenibles<\/h2>\t\t\t\t<\/div>\n\t\t\t\t<div class=\"elementor-element elementor-element-eaa84df elementor-widget__width-initial elementor-widget elementor-widget-text-editor\" data-id=\"eaa84df\" data-element_type=\"widget\" data-e-type=\"widget\" data-widget_type=\"text-editor.default\">\n\t\t\t\t\t\t\t\t\t<p class=\"p1\">Damos prioridad al uso de materiales y m\u00e9todos respetuosos con el medio ambiente para reducir la huella de carbono.<\/p>\t\t\t\t\t\t\t\t<\/div>\n\t\t\t\t\t<\/div>\n\t\t\t\t<\/div>\n\t\t<div class=\"elementor-element elementor-element-bfcef7c e-flex e-con-boxed e-con e-parent\" data-id=\"bfcef7c\" data-element_type=\"container\" data-e-type=\"container\" data-settings=\"{&quot;background_background&quot;:&quot;classic&quot;}\">\n\t\t\t\t\t<div class=\"e-con-inner\">\n\t\t\t\t<div class=\"elementor-element elementor-element-8a5abf3 elementor-widget elementor-widget-image\" data-id=\"8a5abf3\" data-element_type=\"widget\" data-e-type=\"widget\" data-widget_type=\"image.default\">\n\t\t\t\t\t\t\t\t\t\t\t\t\t\t\t<img fetchpriority=\"high\" decoding=\"async\" width=\"1567\" height=\"809\" src=\"https:\/\/ojmar.com\/wp-content\/uploads\/2024\/05\/2-equipo-responsability-ojmar-locking-systems.jpg\" class=\"attachment-full size-full wp-image-331\" alt=\"Team Responsability\" srcset=\"https:\/\/ojmar.com\/wp-content\/uploads\/2024\/05\/2-equipo-responsability-ojmar-locking-systems.jpg 1567w, https:\/\/ojmar.com\/wp-content\/uploads\/2024\/05\/2-equipo-responsability-ojmar-locking-systems-300x155.jpg 300w, https:\/\/ojmar.com\/wp-content\/uploads\/2024\/05\/2-equipo-responsability-ojmar-locking-systems-1024x529.jpg 1024w, https:\/\/ojmar.com\/wp-content\/uploads\/2024\/05\/2-equipo-responsability-ojmar-locking-systems-768x396.jpg 768w, https:\/\/ojmar.com\/wp-content\/uploads\/2024\/05\/2-equipo-responsability-ojmar-locking-systems-1536x793.jpg 1536w\" sizes=\"(max-width: 1567px) 100vw, 1567px\" \/>\t\t\t\t\t\t\t\t\t\t\t\t\t\t\t<\/div>\n\t\t\t\t\t<\/div>\n\t\t\t\t<\/div>\n\t\t<div class=\"elementor-element elementor-element-7eeed0a e-flex e-con-boxed e-con e-parent\" data-id=\"7eeed0a\" data-element_type=\"container\" data-e-type=\"container\" data-settings=\"{&quot;background_background&quot;:&quot;classic&quot;}\">\n\t\t\t\t\t<div class=\"e-con-inner\">\n\t\t\t\t<div class=\"elementor-element elementor-element-9462b17 elementor-widget elementor-widget-heading\" data-id=\"9462b17\" data-element_type=\"widget\" data-e-type=\"widget\" data-widget_type=\"heading.default\">\n\t\t\t\t\t<h2 class=\"elementor-heading-title elementor-size-default\">Compromiso con la fabricaci\u00f3n respetuosa con el medio ambiente<\/h2>\t\t\t\t<\/div>\n\t\t\t\t<div class=\"elementor-element elementor-element-1395286 elementor-widget__width-initial elementor-widget elementor-widget-text-editor\" data-id=\"1395286\" data-element_type=\"widget\" data-e-type=\"widget\" data-widget_type=\"text-editor.default\">\n\t\t\t\t\t\t\t\t\t<p class=\"p1\">Nuestras soluciones de cierre est\u00e1n dise\u00f1adas para ser duraderas y resistentes, lo que reduce la necesidad de sustituciones y el mantenimiento de los recursos. Nos centramos en crear cerraduras de taquilla que minimicen el impacto medioambiental, como nuestra nueva gama sin pilas. <\/p>\t\t\t\t\t\t\t\t<\/div>\n\t\t\t\t\t<\/div>\n\t\t\t\t<\/div>\n\t\t<div class=\"elementor-element elementor-element-d6cf1e6 e-con-full e-flex e-con e-parent\" data-id=\"d6cf1e6\" data-element_type=\"container\" data-e-type=\"container\">\n\t\t<div class=\"elementor-element elementor-element-225361a e-con-full e-flex e-con e-child\" data-id=\"225361a\" data-element_type=\"container\" data-e-type=\"container\" data-settings=\"{&quot;background_background&quot;:&quot;classic&quot;}\">\n\t\t<div class=\"elementor-element elementor-element-c53452f e-con-full e-flex e-con e-child\" data-id=\"c53452f\" data-element_type=\"container\" data-e-type=\"container\" data-settings=\"{&quot;background_background&quot;:&quot;classic&quot;}\">\n\t\t\t\t<\/div>\n\t\t<div class=\"elementor-element elementor-element-1903b50 e-con-full e-flex e-con e-child\" data-id=\"1903b50\" data-element_type=\"container\" data-e-type=\"container\" data-settings=\"{&quot;background_background&quot;:&quot;classic&quot;}\">\n\t\t\t\t<\/div>\n\t\t<div class=\"elementor-element elementor-element-f118768 e-con-full e-flex e-con e-child\" data-id=\"f118768\" data-element_type=\"container\" data-e-type=\"container\" data-settings=\"{&quot;background_background&quot;:&quot;classic&quot;}\">\n\t\t\t\t<\/div>\n\t\t\t\t<\/div>\n\t\t\t\t<\/div>\n\t\t\t\t<\/div>\n\t\t","protected":false},"excerpt":{"rendered":"<p>Asegura tus pertenencias,Cuida del planeta Soluciones de cierre sostenibles Damos prioridad al uso de materiales y m\u00e9todos respetuosos con el medio ambiente para reducir la huella de carbono. Compromiso con la fabricaci\u00f3n respetuosa con el medio ambiente Nuestras soluciones de cierre est\u00e1n dise\u00f1adas para ser duraderas y resistentes, lo que reduce la necesidad de sustituciones [&hellip;]<\/p>\n","protected":false},"author":1,"featured_media":0,"parent":8347,"menu_order":0,"comment_status":"closed","ping_status":"closed","template":"","meta":{"footnotes":""},"class_list":["post-8354","page","type-page","status-publish","hentry"],"yoast_head":"<!-- This site is optimized with the Yoast SEO plugin v24.7 - https:\/\/yoast.com\/wordpress\/plugins\/seo\/ -->\n<title>Soluciones de cierre sostenibles | Cerraduras ecol\u00f3gicas<\/title>\n<meta name=\"description\" content=\"Conoce la dedicaci\u00f3n de Ojmar a las soluciones de cierre sostenibles. Descubre c\u00f3mo nuestras cerraduras ecol\u00f3gicas reducen el impacto medioambiental y fomentan la conservaci\u00f3n de los recursos.\" \/>\n<meta name=\"robots\" content=\"index, follow, max-snippet:-1, max-image-preview:large, max-video-preview:-1\" \/>\n<link rel=\"canonical\" href=\"https:\/\/ojmar.com\/es\/empresa\/sostenibilidad\/\" \/>\n<meta property=\"og:locale\" content=\"es_ES\" \/>\n<meta property=\"og:type\" content=\"article\" \/>\n<meta property=\"og:title\" content=\"Soluciones de cierre sostenibles | Cerraduras ecol\u00f3gicas\" \/>\n<meta property=\"og:description\" content=\"Conoce la dedicaci\u00f3n de Ojmar a las soluciones de cierre sostenibles. Descubre c\u00f3mo nuestras cerraduras ecol\u00f3gicas reducen el impacto medioambiental y fomentan la conservaci\u00f3n de los recursos.\" \/>\n<meta property=\"og:url\" content=\"https:\/\/ojmar.com\/es\/empresa\/sostenibilidad\/\" \/>\n<meta property=\"og:site_name\" content=\"Ojmar\" \/>\n<meta property=\"article:modified_time\" content=\"2025-09-30T13:08:57+00:00\" \/>\n<meta property=\"og:image\" content=\"https:\/\/ojmar.com\/wp-content\/uploads\/2024\/05\/2-equipo-responsability-ojmar-locking-systems.jpg\" \/>\n\t<meta property=\"og:image:width\" content=\"1567\" \/>\n\t<meta property=\"og:image:height\" content=\"809\" \/>\n\t<meta property=\"og:image:type\" content=\"image\/jpeg\" \/>\n<meta name=\"twitter:card\" content=\"summary_large_image\" \/>\n<meta name=\"twitter:label1\" content=\"Tiempo de lectura\" \/>\n\t<meta name=\"twitter:data1\" content=\"1 minuto\" \/>\n<script type=\"application\/ld+json\" class=\"yoast-schema-graph\">{\"@context\":\"https:\/\/schema.org\",\"@graph\":[{\"@type\":\"WebPage\",\"@id\":\"https:\/\/ojmar.com\/es\/empresa\/sostenibilidad\/\",\"url\":\"https:\/\/ojmar.com\/es\/empresa\/sostenibilidad\/\",\"name\":\"Soluciones de cierre sostenibles | Cerraduras ecol\u00f3gicas\",\"isPartOf\":{\"@id\":\"https:\/\/ojmar.com\/es\/#website\"},\"primaryImageOfPage\":{\"@id\":\"https:\/\/ojmar.com\/es\/empresa\/sostenibilidad\/#primaryimage\"},\"image\":{\"@id\":\"https:\/\/ojmar.com\/es\/empresa\/sostenibilidad\/#primaryimage\"},\"thumbnailUrl\":\"https:\/\/ojmar.com\/wp-content\/uploads\/2024\/05\/2-equipo-responsability-ojmar-locking-systems.jpg\",\"datePublished\":\"2024-05-31T10:07:26+00:00\",\"dateModified\":\"2025-09-30T13:08:57+00:00\",\"description\":\"Conoce la dedicaci\u00f3n de Ojmar a las soluciones de cierre sostenibles. Descubre c\u00f3mo nuestras cerraduras ecol\u00f3gicas reducen el impacto medioambiental y fomentan la conservaci\u00f3n de los recursos.\",\"breadcrumb\":{\"@id\":\"https:\/\/ojmar.com\/es\/empresa\/sostenibilidad\/#breadcrumb\"},\"inLanguage\":\"es\",\"potentialAction\":[{\"@type\":\"ReadAction\",\"target\":[\"https:\/\/ojmar.com\/es\/empresa\/sostenibilidad\/\"]}]},{\"@type\":\"ImageObject\",\"inLanguage\":\"es\",\"@id\":\"https:\/\/ojmar.com\/es\/empresa\/sostenibilidad\/#primaryimage\",\"url\":\"https:\/\/ojmar.com\/wp-content\/uploads\/2024\/05\/2-equipo-responsability-ojmar-locking-systems.jpg\",\"contentUrl\":\"https:\/\/ojmar.com\/wp-content\/uploads\/2024\/05\/2-equipo-responsability-ojmar-locking-systems.jpg\"},{\"@type\":\"BreadcrumbList\",\"@id\":\"https:\/\/ojmar.com\/es\/empresa\/sostenibilidad\/#breadcrumb\",\"itemListElement\":[{\"@type\":\"ListItem\",\"position\":1,\"name\":\"Home\",\"item\":\"https:\/\/ojmar.com\/es\/inicio\/\"},{\"@type\":\"ListItem\",\"position\":2,\"name\":\"Empresa\",\"item\":\"https:\/\/ojmar.com\/es\/empresa\/\"},{\"@type\":\"ListItem\",\"position\":3,\"name\":\"Sostenibilidad\"}]},{\"@type\":\"WebSite\",\"@id\":\"https:\/\/ojmar.com\/es\/#website\",\"url\":\"https:\/\/ojmar.com\/es\/\",\"name\":\"Ojmar\",\"description\":\"\",\"publisher\":{\"@id\":\"https:\/\/ojmar.com\/es\/#organization\"},\"potentialAction\":[{\"@type\":\"SearchAction\",\"target\":{\"@type\":\"EntryPoint\",\"urlTemplate\":\"https:\/\/ojmar.com\/es\/?s={search_term_string}\"},\"query-input\":{\"@type\":\"PropertyValueSpecification\",\"valueRequired\":true,\"valueName\":\"search_term_string\"}}],\"inLanguage\":\"es\"},{\"@type\":\"Organization\",\"@id\":\"https:\/\/ojmar.com\/es\/#organization\",\"name\":\"Ojmar\",\"alternateName\":\"Ojmar Locking Systems\",\"url\":\"https:\/\/ojmar.com\/es\/\",\"logo\":{\"@type\":\"ImageObject\",\"inLanguage\":\"es\",\"@id\":\"https:\/\/ojmar.com\/es\/#\/schema\/logo\/image\/\",\"url\":\"https:\/\/ojmar.com\/wp-content\/uploads\/2024\/06\/logo-ojmar-white-locking-systems.svg\",\"contentUrl\":\"https:\/\/ojmar.com\/wp-content\/uploads\/2024\/06\/logo-ojmar-white-locking-systems.svg\",\"width\":49,\"height\":9,\"caption\":\"Ojmar\"},\"image\":{\"@id\":\"https:\/\/ojmar.com\/es\/#\/schema\/logo\/image\/\"},\"sameAs\":[\"https:\/\/es.linkedin.com\/company\/ojmar\",\"https:\/\/www.youtube.com\/channel\/UCcg47x2TvbONCYzJkQkfVyg\"]}]}<\/script>\n<!-- \/ Yoast SEO plugin. -->","yoast_head_json":{"title":"Soluciones de cierre sostenibles | Cerraduras ecol\u00f3gicas","description":"Conoce la dedicaci\u00f3n de Ojmar a las soluciones de cierre sostenibles. Descubre c\u00f3mo nuestras cerraduras ecol\u00f3gicas reducen el impacto medioambiental y fomentan la conservaci\u00f3n de los recursos.","robots":{"index":"index","follow":"follow","max-snippet":"max-snippet:-1","max-image-preview":"max-image-preview:large","max-video-preview":"max-video-preview:-1"},"canonical":"https:\/\/ojmar.com\/es\/empresa\/sostenibilidad\/","og_locale":"es_ES","og_type":"article","og_title":"Soluciones de cierre sostenibles | Cerraduras ecol\u00f3gicas","og_description":"Conoce la dedicaci\u00f3n de Ojmar a las soluciones de cierre sostenibles. Descubre c\u00f3mo nuestras cerraduras ecol\u00f3gicas reducen el impacto medioambiental y fomentan la conservaci\u00f3n de los recursos.","og_url":"https:\/\/ojmar.com\/es\/empresa\/sostenibilidad\/","og_site_name":"Ojmar","article_modified_time":"2025-09-30T13:08:57+00:00","og_image":[{"width":1567,"height":809,"url":"https:\/\/ojmar.com\/wp-content\/uploads\/2024\/05\/2-equipo-responsability-ojmar-locking-systems.jpg","type":"image\/jpeg"}],"twitter_card":"summary_large_image","twitter_misc":{"Tiempo de lectura":"1 minuto"},"schema":{"@context":"https:\/\/schema.org","@graph":[{"@type":"WebPage","@id":"https:\/\/ojmar.com\/es\/empresa\/sostenibilidad\/","url":"https:\/\/ojmar.com\/es\/empresa\/sostenibilidad\/","name":"Soluciones de cierre sostenibles | Cerraduras ecol\u00f3gicas","isPartOf":{"@id":"https:\/\/ojmar.com\/es\/#website"},"primaryImageOfPage":{"@id":"https:\/\/ojmar.com\/es\/empresa\/sostenibilidad\/#primaryimage"},"image":{"@id":"https:\/\/ojmar.com\/es\/empresa\/sostenibilidad\/#primaryimage"},"thumbnailUrl":"https:\/\/ojmar.com\/wp-content\/uploads\/2024\/05\/2-equipo-responsability-ojmar-locking-systems.jpg","datePublished":"2024-05-31T10:07:26+00:00","dateModified":"2025-09-30T13:08:57+00:00","description":"Conoce la dedicaci\u00f3n de Ojmar a las soluciones de cierre sostenibles. Descubre c\u00f3mo nuestras cerraduras ecol\u00f3gicas reducen el impacto medioambiental y fomentan la conservaci\u00f3n de los recursos.","breadcrumb":{"@id":"https:\/\/ojmar.com\/es\/empresa\/sostenibilidad\/#breadcrumb"},"inLanguage":"es","potentialAction":[{"@type":"ReadAction","target":["https:\/\/ojmar.com\/es\/empresa\/sostenibilidad\/"]}]},{"@type":"ImageObject","inLanguage":"es","@id":"https:\/\/ojmar.com\/es\/empresa\/sostenibilidad\/#primaryimage","url":"https:\/\/ojmar.com\/wp-content\/uploads\/2024\/05\/2-equipo-responsability-ojmar-locking-systems.jpg","contentUrl":"https:\/\/ojmar.com\/wp-content\/uploads\/2024\/05\/2-equipo-responsability-ojmar-locking-systems.jpg"},{"@type":"BreadcrumbList","@id":"https:\/\/ojmar.com\/es\/empresa\/sostenibilidad\/#breadcrumb","itemListElement":[{"@type":"ListItem","position":1,"name":"Home","item":"https:\/\/ojmar.com\/es\/inicio\/"},{"@type":"ListItem","position":2,"name":"Empresa","item":"https:\/\/ojmar.com\/es\/empresa\/"},{"@type":"ListItem","position":3,"name":"Sostenibilidad"}]},{"@type":"WebSite","@id":"https:\/\/ojmar.com\/es\/#website","url":"https:\/\/ojmar.com\/es\/","name":"Ojmar","description":"","publisher":{"@id":"https:\/\/ojmar.com\/es\/#organization"},"potentialAction":[{"@type":"SearchAction","target":{"@type":"EntryPoint","urlTemplate":"https:\/\/ojmar.com\/es\/?s={search_term_string}"},"query-input":{"@type":"PropertyValueSpecification","valueRequired":true,"valueName":"search_term_string"}}],"inLanguage":"es"},{"@type":"Organization","@id":"https:\/\/ojmar.com\/es\/#organization","name":"Ojmar","alternateName":"Ojmar Locking Systems","url":"https:\/\/ojmar.com\/es\/","logo":{"@type":"ImageObject","inLanguage":"es","@id":"https:\/\/ojmar.com\/es\/#\/schema\/logo\/image\/","url":"https:\/\/ojmar.com\/wp-content\/uploads\/2024\/06\/logo-ojmar-white-locking-systems.svg","contentUrl":"https:\/\/ojmar.com\/wp-content\/uploads\/2024\/06\/logo-ojmar-white-locking-systems.svg","width":49,"height":9,"caption":"Ojmar"},"image":{"@id":"https:\/\/ojmar.com\/es\/#\/schema\/logo\/image\/"},"sameAs":["https:\/\/es.linkedin.com\/company\/ojmar","https:\/\/www.youtube.com\/channel\/UCcg47x2TvbONCYzJkQkfVyg"]}]}},"_links":{"self":[{"href":"https:\/\/ojmar.com\/es\/wp-json\/wp\/v2\/pages\/8354","targetHints":{"allow":["GET"]}}],"collection":[{"href":"https:\/\/ojmar.com\/es\/wp-json\/wp\/v2\/pages"}],"about":[{"href":"https:\/\/ojmar.com\/es\/wp-json\/wp\/v2\/types\/page"}],"author":[{"embeddable":true,"href":"https:\/\/ojmar.com\/es\/wp-json\/wp\/v2\/users\/1"}],"replies":[{"embeddable":true,"href":"https:\/\/ojmar.com\/es\/wp-json\/wp\/v2\/comments?post=8354"}],"version-history":[{"count":9,"href":"https:\/\/ojmar.com\/es\/wp-json\/wp\/v2\/pages\/8354\/revisions"}],"predecessor-version":[{"id":99038,"href":"https:\/\/ojmar.com\/es\/wp-json\/wp\/v2\/pages\/8354\/revisions\/99038"}],"up":[{"embeddable":true,"href":"https:\/\/ojmar.com\/es\/wp-json\/wp\/v2\/pages\/8347"}],"wp:attachment":[{"href":"https:\/\/ojmar.com\/es\/wp-json\/wp\/v2\/media?parent=8354"}],"curies":[{"name":"wp","href":"https:\/\/api.w.org\/{rel}","templated":true}]}}