{"id":8352,"date":"2024-12-02T12:40:13","date_gmt":"2024-12-02T11:40:13","guid":{"rendered":"http:\/\/www.ojmar.com\/empresa\/trabaja-con-nosotros\/"},"modified":"2025-08-02T01:16:03","modified_gmt":"2025-08-01T23:16:03","slug":"trabaja-con-nosotros","status":"publish","type":"page","link":"https:\/\/ojmar.com\/es\/empresa\/trabaja-con-nosotros\/","title":{"rendered":"Trabaja con nosotros"},"content":{"rendered":"\t\t<div data-elementor-type=\"wp-page\" data-elementor-id=\"8352\" class=\"elementor elementor-8352 elementor-6371\" data-elementor-post-type=\"page\">\n\t\t\t\t<div class=\"elementor-element elementor-element-22570e6 e-flex e-con-boxed e-con e-parent\" data-id=\"22570e6\" data-element_type=\"container\">\n\t\t\t\t\t<div class=\"e-con-inner\">\n\t\t\t\t<div class=\"elementor-element elementor-element-b1a3339 elementor-widget elementor-widget-breadcrumbs\" data-id=\"b1a3339\" data-element_type=\"widget\" data-widget_type=\"breadcrumbs.default\">\n\t\t\t\t\t<p id=\"breadcrumbs\"><span><span><a href=\"https:\/\/ojmar.com\/es\/inicio\/\">Home<\/a><\/span><\/span><\/p>\t\t\t\t<\/div>\n\t\t\t\t\t<\/div>\n\t\t\t\t<\/div>\n\t\t<div class=\"elementor-element elementor-element-c3111b2 e-flex e-con-boxed e-con e-parent\" data-id=\"c3111b2\" data-element_type=\"container\" data-settings=\"{&quot;background_background&quot;:&quot;classic&quot;}\">\n\t\t\t\t\t<div class=\"e-con-inner\">\n\t\t\t\t<div class=\"elementor-element elementor-element-f9b41c1 elementor-widget elementor-widget-heading\" data-id=\"f9b41c1\" data-element_type=\"widget\" data-widget_type=\"heading.default\">\n\t\t\t\t\t<h1 class=\"elementor-heading-title elementor-size-default\">\u00danete a la familia Ojmar<\/h1>\t\t\t\t<\/div>\n\t\t\t\t\t<\/div>\n\t\t\t\t<\/div>\n\t\t<div class=\"elementor-element elementor-element-dbbac1a e-flex e-con-boxed e-con e-parent\" data-id=\"dbbac1a\" data-element_type=\"container\">\n\t\t\t\t\t<div class=\"e-con-inner\">\n\t\t<div class=\"elementor-element elementor-element-39aa7b0 e-con-full e-flex e-con e-child\" data-id=\"39aa7b0\" data-element_type=\"container\">\n\t\t<div class=\"elementor-element elementor-element-b280231 e-con-full e-flex e-con e-child\" data-id=\"b280231\" data-element_type=\"container\">\n\t\t\t\t<div class=\"elementor-element elementor-element-5c65bc2 elementor-widget elementor-widget-heading\" data-id=\"5c65bc2\" data-element_type=\"widget\" data-widget_type=\"heading.default\">\n\t\t\t\t\t<h2 class=\"elementor-heading-title elementor-size-default\">Ofertas de empleo<\/h2>\t\t\t\t<\/div>\n\t\t\t\t<div class=\"elementor-element elementor-element-4d00854 elementor-widget elementor-widget-text-editor\" data-id=\"4d00854\" data-element_type=\"widget\" data-widget_type=\"text-editor.default\">\n\t\t\t\t\t\t\t\t\t<p class=\"p1\">Siempre estamos en busca de pensadores audaces, solucionadores de problemas e innovadores para unirse a nuestro equipo en crecimiento. Si te apasiona la tecnolog\u00eda de vanguardia y est\u00e1s dispuesto a contribuir en una empresa din\u00e1mica y con visi\u00f3n de futuro, explora las oportunidades que te ofrecemos a continuaci\u00f3n. Los siguientes puestos ofrecen la oportunidad de trabajar con nosotros y ayudar a dar forma al futuro: \u00a1\u00e9chales un vistazo y construyamos algo grande juntos!  <\/p>\t\t\t\t\t\t\t\t<\/div>\n\t\t\t\t<\/div>\n\t\t\t\t<\/div>\n\t\t\t\t\t<\/div>\n\t\t\t\t<\/div>\n\t\t<div class=\"elementor-element elementor-element-09b5973 e-flex e-con-boxed e-con e-parent\" data-id=\"09b5973\" data-element_type=\"container\" data-settings=\"{&quot;background_background&quot;:&quot;classic&quot;}\">\n\t\t\t\t\t<div class=\"e-con-inner\">\n\t\t<div class=\"elementor-element elementor-element-ae19ae5 e-con-full e-flex e-con e-child\" data-id=\"ae19ae5\" data-element_type=\"container\">\n\t\t<div class=\"elementor-element elementor-element-4bb651d e-con-full e-flex e-con e-child\" data-id=\"4bb651d\" data-element_type=\"container\" data-settings=\"{&quot;background_background&quot;:&quot;classic&quot;}\">\n\t\t\t\t<div class=\"elementor-element elementor-element-103971e elementor-widget elementor-widget-heading\" data-id=\"103971e\" data-element_type=\"widget\" data-widget_type=\"heading.default\">\n\t\t\t\t\t<h2 class=\"elementor-heading-title elementor-size-default\">Deja tu CV<\/h2>\t\t\t\t<\/div>\n\t\t\t\t<div class=\"elementor-element elementor-element-5b4b180 elementor-widget elementor-widget-text-editor\" data-id=\"5b4b180\" data-element_type=\"widget\" data-widget_type=\"text-editor.default\">\n\t\t\t\t\t\t\t\t\t<p class=\"p1\">Nuestra misi\u00f3n va m\u00e1s all\u00e1 de crear los mejores sistemas de cierre inteligentes. Estamos aqu\u00ed para romper l\u00edmites, marcar tendencias y abrazar la innovaci\u00f3n. Somos un equipo de personas apasionadas, talentosas y visionarias que cambian las reglas del juego. \u00bfTe unes a nosotros?   <\/p>\t\t\t\t\t\t\t\t<\/div>\n\t\t\t\t<div class=\"elementor-element elementor-element-ea29174 ojmar-form ojmar-form-work elementor-widget elementor-widget-shortcode\" data-id=\"ea29174\" data-element_type=\"widget\" data-widget_type=\"shortcode.default\">\n\t\t\t\t\t\t\t<div class=\"elementor-shortcode\">\n<div class=\"wpcf7 no-js\" id=\"wpcf7-f8490-o1\" lang=\"es-ES\" dir=\"ltr\" data-wpcf7-id=\"8490\">\n<div class=\"screen-reader-response\"><p role=\"status\" aria-live=\"polite\" aria-atomic=\"true\"><\/p> <ul><\/ul><\/div>\n<form action=\"\/es\/wp-json\/wp\/v2\/pages\/8352#wpcf7-f8490-o1\" method=\"post\" class=\"wpcf7-form init\" aria-label=\"Formulario de contacto\" enctype=\"multipart\/form-data\" novalidate=\"novalidate\" data-status=\"init\">\n<div style=\"display: none;\">\n<input type=\"hidden\" name=\"_wpcf7\" value=\"8490\" \/>\n<input type=\"hidden\" name=\"_wpcf7_version\" value=\"6.0.6\" \/>\n<input type=\"hidden\" name=\"_wpcf7_locale\" value=\"es_ES\" \/>\n<input type=\"hidden\" name=\"_wpcf7_unit_tag\" value=\"wpcf7-f8490-o1\" \/>\n<input type=\"hidden\" name=\"_wpcf7_container_post\" value=\"0\" \/>\n<input type=\"hidden\" name=\"_wpcf7_posted_data_hash\" value=\"\" \/>\n<input type=\"hidden\" name=\"_wpcf7_recaptcha_response\" value=\"\" \/>\n<\/div>\n<div class=\"form-row\">\n\t<div class=\"form-field\">\n\t\t<p><span class=\"wpcf7-form-control-wrap\" data-name=\"your-name\"><input size=\"40\" maxlength=\"400\" class=\"wpcf7-form-control wpcf7-text wpcf7-validates-as-required\" aria-required=\"true\" aria-invalid=\"false\" placeholder=\"Nombre *\" value=\"\" type=\"text\" name=\"your-name\" \/><\/span>\n\t\t<\/p>\n\t<\/div>\n\t<div class=\"form-field\">\n\t\t<p><span class=\"wpcf7-form-control-wrap\" data-name=\"lastname\"><input size=\"40\" maxlength=\"400\" class=\"wpcf7-form-control wpcf7-text wpcf7-validates-as-required\" aria-required=\"true\" aria-invalid=\"false\" placeholder=\"Apellido *\" value=\"\" type=\"text\" name=\"lastname\" \/><\/span>\n\t\t<\/p>\n\t<\/div>\n<\/div>\n<div class=\"form-row\">\n\t<div class=\"form-field\">\n\t\t<p><span class=\"wpcf7-form-control-wrap\" data-name=\"email\"><input size=\"40\" maxlength=\"400\" class=\"wpcf7-form-control wpcf7-email wpcf7-validates-as-required wpcf7-text wpcf7-validates-as-email\" aria-required=\"true\" aria-invalid=\"false\" placeholder=\"Correo electr\u00f3nico *\" value=\"\" type=\"email\" name=\"email\" \/><\/span>\n\t\t<\/p>\n\t<\/div>\n\t<div class=\"form-field\">\n\t\t<p><span class=\"wpcf7-form-control-wrap\" data-name=\"phone\"><input size=\"40\" maxlength=\"400\" class=\"wpcf7-form-control wpcf7-text\" aria-invalid=\"false\" placeholder=\"Tel\u00e9fono\" value=\"\" type=\"text\" name=\"phone\" \/><\/span>\n\t\t<\/p>\n\t<\/div>\n<\/div>\n<hr \/>\n<div class=\"form-row\">\n\t<div class=\"form-field\">\n\t\t<p>Idiomas:\n\t\t<\/p>\n\t<\/div>\n<\/div>\n<div class=\"form-row\">\n\t<div class=\"form-field\">\n\t\t<p><label for=\"spanish\">Espa\u00f1ol:<\/label><br \/>\n<span class=\"wpcf7-form-control-wrap\" data-name=\"spanish\"><select class=\"wpcf7-form-control wpcf7-select\" aria-invalid=\"false\" name=\"spanish\"><option value=\"Selecciona tu nivel de espa\u00f1ol\">Selecciona tu nivel de espa\u00f1ol<\/option><option value=\"Ninguno\">Ninguno<\/option><option value=\"B\u00e1sico\">B\u00e1sico<\/option><option value=\"Intermedio\">Intermedio<\/option><option value=\"Avanzado\">Avanzado<\/option><option value=\"Nativo\">Nativo<\/option><\/select><\/span>\n\t\t<\/p>\n\t<\/div>\n\t<div class=\"form-field\">\n\t\t<p><label for=\"english\">Ingl\u00e9s:<\/label><br \/>\n<span class=\"wpcf7-form-control-wrap\" data-name=\"english\"><select class=\"wpcf7-form-control wpcf7-select\" aria-invalid=\"false\" name=\"english\"><option value=\"Selecciona tu nivel de ingl\u00e9s\">Selecciona tu nivel de ingl\u00e9s<\/option><option value=\"Ninguno\">Ninguno<\/option><option value=\"B\u00e1sico\">B\u00e1sico<\/option><option value=\"Intermedio\">Intermedio<\/option><option value=\"Avanzado\">Avanzado<\/option><option value=\"Nativo\">Nativo<\/option><\/select><\/span>\n\t\t<\/p>\n\t<\/div>\n<\/div>\n<div class=\"form-row\">\n\t<div class=\"form-field\">\n\t\t<p><label for=\"french\">Franc\u00e9s:<\/label><br \/>\n<span class=\"wpcf7-form-control-wrap\" data-name=\"french\"><select class=\"wpcf7-form-control wpcf7-select\" aria-invalid=\"false\" name=\"french\"><option value=\"Selecciona tu nivel de franc\u00e9s\">Selecciona tu nivel de franc\u00e9s<\/option><option value=\"Ninguno\">Ninguno<\/option><option value=\"B\u00e1sico\">B\u00e1sico<\/option><option value=\"Intermedio\">Intermedio<\/option><option value=\"Avanzado\">Avanzado<\/option><option value=\"Nativo\">Nativo<\/option><\/select><\/span>\n\t\t<\/p>\n\t<\/div>\n\t<div class=\"form-field\">\n\t\t<p><label for=\"german\">Alem\u00e1n:<\/label><br \/>\n<span class=\"wpcf7-form-control-wrap\" data-name=\"german\"><select class=\"wpcf7-form-control wpcf7-select\" aria-invalid=\"false\" name=\"german\"><option value=\"Selecciona tu nivel de alem\u00e1n\">Selecciona tu nivel de alem\u00e1n<\/option><option value=\"Ninguno\">Ninguno<\/option><option value=\"B\u00e1sico\">B\u00e1sico<\/option><option value=\"Intermedio\">Intermedio<\/option><option value=\"Avanzado\">Avanzado<\/option><option value=\"Nativo\">Nativo<\/option><\/select><\/span>\n\t\t<\/p>\n\t<\/div>\n<\/div>\n<div class=\"form-row\">\n\t<div class=\"form-field\">\n\t\t<p><label for=\"basque\">Euskera:<\/label><br \/>\n<span class=\"wpcf7-form-control-wrap\" data-name=\"basque\"><select class=\"wpcf7-form-control wpcf7-select\" aria-invalid=\"false\" name=\"basque\"><option value=\"Selecciona tu nivel de euskera\">Selecciona tu nivel de euskera<\/option><option value=\"Ninguno\">Ninguno<\/option><option value=\"B\u00e1sico\">B\u00e1sico<\/option><option value=\"Intermedio\">Intermedio<\/option><option value=\"Avanzado\">Avanzado<\/option><option value=\"Nativo\">Nativo<\/option><\/select><\/span>\n\t\t<\/p>\n\t<\/div>\n\t<div class=\"form-field\">\n\t\t<p><label for=\"other-languages\">Otros idiomas:<\/label><br \/>\n<span class=\"wpcf7-form-control-wrap\" data-name=\"other-languages\"><textarea cols=\"40\" rows=\"4\" maxlength=\"2000\" class=\"wpcf7-form-control wpcf7-textarea\" aria-invalid=\"false\" placeholder=\"Indica otros idiomas y el nivel de cada uno.\" name=\"other-languages\"><\/textarea><\/span>\n\t\t<\/p>\n\t<\/div>\n<\/div>\n<hr \/>\n<div class=\"form-row\">\n\t<div class=\"form-field\">\n\t\t<p>Formaci\u00f3n e intereses:\n\t\t<\/p>\n\t<\/div>\n<\/div>\n<div class=\"form-row\">\n\t<div class=\"form-field\">\n\t\t<p><label for=\"formation\">Formaci\u00f3n:<\/label><br \/>\n<span class=\"wpcf7-form-control-wrap\" data-name=\"formation\"><select class=\"wpcf7-form-control wpcf7-select\" aria-invalid=\"false\" name=\"formation\"><option value=\"Selecciona tu formaci\u00f3n\">Selecciona tu formaci\u00f3n<\/option><option value=\"Formaci\u00f3n Profesional Grado Medio\">Formaci\u00f3n Profesional Grado Medio<\/option><option value=\"Formaci\u00f3n Profesional Grado Superior\">Formaci\u00f3n Profesional Grado Superior<\/option><option value=\"Grado Universitario\">Grado Universitario<\/option><option value=\"Postgrado - M\u00e1ster\">Postgrado - M\u00e1ster<\/option><option value=\"Otro\">Otro<\/option><\/select><\/span>\n\t\t<\/p>\n\t<\/div>\n\t<div class=\"form-field\">\n\t\t<p><label for=\"formation\">Intereses:<\/label><br \/>\n<span class=\"wpcf7-form-control-wrap\" data-name=\"area\"><select class=\"wpcf7-form-control wpcf7-select\" aria-invalid=\"false\" name=\"area\"><option value=\"\u00bfEn qu\u00e9 \u00e1rea est\u00e1s interesado?\">\u00bfEn qu\u00e9 \u00e1rea est\u00e1s interesado?<\/option><option value=\"Comercial\">Comercial<\/option><option value=\"Compras\">Compras<\/option><option value=\"Ingenier\u00eda\">Ingenier\u00eda<\/option><option value=\"I+D\">I+D<\/option><option value=\"Marketing\">Marketing<\/option><option value=\"Calidad\">Calidad<\/option><option value=\"Personas\">Personas<\/option><option value=\"Finanzas\">Finanzas<\/option><option value=\"Producci\u00f3n\">Producci\u00f3n<\/option><option value=\"Log\u00edstica\">Log\u00edstica<\/option><option value=\"Sostenibilidad\">Sostenibilidad<\/option><option value=\"Pr\u00e1cticas\">Pr\u00e1cticas<\/option><option value=\"Otros\">Otros<\/option><\/select><\/span>\n\t\t<\/p>\n\t<\/div>\n<\/div>\n<hr \/>\n<div class=\"form-row\">\n\t<div class=\"form-field form-field-fullwidth\">\n\t\t<p><label for=\"cv\">A\u00f1ade tu curr\u00edculum (pdf, doc o txt)<\/label><br \/>\n<span class=\"wpcf7-form-control-wrap\" data-name=\"cv\"><input size=\"40\" class=\"wpcf7-form-control wpcf7-file\" accept=\".pdf,.txt,.doc\" aria-invalid=\"false\" type=\"file\" name=\"cv\" \/><\/span>\n\t\t<\/p>\n\t<\/div>\n<\/div>\n<div class=\"form-row\">\n\t<div class=\"form-field form-field-fullwidth\">\n\t\t<p><span class=\"wpcf7-form-control-wrap\" data-name=\"message\"><textarea cols=\"40\" rows=\"4\" maxlength=\"2000\" class=\"wpcf7-form-control wpcf7-textarea\" aria-invalid=\"false\" placeholder=\"Cu\u00e9ntanos por qu\u00e9 te gustar\u00eda formar parte de nuestro equipo. Si est\u00e1s aplicando a una oferta de empleo concreta, dinos cu\u00e1l es.\" name=\"message\"><\/textarea><\/span>\n\t\t<\/p>\n\t<\/div>\n<\/div>\n<div class=\"form-row justify-space-between\">\n\t<div class=\"required-text\">\n\t\t<p>*Campos obligatorios\n\t\t<\/p>\n\t<\/div>\n\t<div class=\"submit\">\n\t\t<p><input class=\"wpcf7-form-control wpcf7-submit has-spinner\" type=\"submit\" value=\"Enviar\" \/>\n\t\t<\/p>\n\t<\/div>\n<\/div>\n<div class=\"form-row acceptance-field\">\n\t<div>\n\t\t<p><span class=\"wpcf7-form-control-wrap\" data-name=\"acceptance\"><span class=\"wpcf7-form-control wpcf7-acceptance optional\"><span class=\"wpcf7-list-item\"><label><input type=\"checkbox\" name=\"acceptance\" value=\"1\" aria-invalid=\"false\" \/><span class=\"wpcf7-list-item-label\">Doy mi consentimiento para el tratamiento de estos datos. A tal efecto, Ojmar, S.A. ha establecido una\n        <a href=\"https:\/\/www.ojmar.com\/es\/politica-de-privacidad\/\" target=\"_blank\" rel=\"nofollow\">Pol\u00edtica de Privacidad<\/a> donde puedes conocer para qu\u00e9 se van a utilizar los datos facilitados en este formulario, as\u00ed como tus derechos.<\/span><\/label><\/span><\/span><\/span><br \/>\n<span class=\"wpcf7-form-control-wrap\" data-name=\"marketing\"><span class=\"wpcf7-form-control wpcf7-checkbox\"><span class=\"wpcf7-list-item first last\"><label><input type=\"checkbox\" name=\"marketing[]\" value=\"Quiero suscribirme a la newsletter\" \/><span class=\"wpcf7-list-item-label\">Quiero suscribirme a la newsletter<\/span><\/label><\/span><\/span><\/span>\n\t\t<\/p>\n\t<\/div>\n<\/div>\n<div class=\"form-row clausula\">\n\t<div>\n\t\t<p><button type=\"button\" class=\"rgpd-button\" for=\"clausula-text\">Cl\u00e1usula informativa RGPD y LSSI-CE<\/button>\n\t\t<\/p>\n\t\t<div class=\"clausula-text\">\n\t\t\t<p><small><br \/>\nOjmar S.A., como responsable del tratamiento, te informa que tus datos se recogen con la finalidad de gestionar el env\u00edo de comunicaciones sobre nuestros servicios. La base legal del tratamiento es el consentimiento del interesado.<br \/>\nTus datos no se ceder\u00e1n a terceros salvo obligaci\u00f3n legal. Cualquier persona tiene derecho a solicitar el acceso, la rectificaci\u00f3n, la supresi\u00f3n, la limitaci\u00f3n del tratamiento, la oposici\u00f3n o el derecho a la portabilidad de sus datos personales, escribi\u00e9ndonos a nuestra direcci\u00f3n o enviando un correo electr\u00f3nico a lockerlocks@ojmar.com, indicando el derecho que deseas ejercer. Puedes obtener m\u00e1s informaci\u00f3n en nuestra web: ojmar.com<br \/>\n<\/small>\n\t\t\t<\/p>\n\t\t<\/div>\n\t<\/div>\n<\/div>\n<input class=\"wpcf7-form-control wpcf7-hidden\" value=\"P\u00e1gina\" type=\"hidden\" name=\"your-page\" \/>\n<input class=\"wpcf7-form-control wpcf7-hidden\" value=\"https:\/\/www.ojmar.com\/\" type=\"hidden\" name=\"your-url\" \/>\n<input class=\"wpcf7-form-control wpcf7-hidden\" value=\"es-ES\" type=\"hidden\" name=\"your-lang\" \/>\n<input class=\"wpcf7-form-control wpcf7-hidden\" value=\"Trabaja con nosotros - ES\" type=\"hidden\" name=\"your-subject\" \/>\n<p><span id=\"website\" class=\"wpcf7-form-control-wrap website-718-wrap\" ><input type=\"hidden\" name=\"website-718-time-start\" value=\"1775717304\"><input type=\"hidden\" name=\"website-718-time-check\" value=\"5\"><label for=\"website\" class=\"hp-message\">Por favor, deja este campo vac\u00edo.<\/label><input id=\"website\"  placeholder=\"website\"  class=\"wpcf7-form-control wpcf7-text website\" type=\"text\" name=\"website-718\" value=\"\" size=\"40\" tabindex=\"-1\" autocomplete=\"off\" \/><\/span>\n<\/p><div class=\"wpcf7-response-output\" aria-hidden=\"true\"><\/div>\n<\/form>\n<\/div>\n<\/div>\n\t\t\t\t\t\t<\/div>\n\t\t\t\t<\/div>\n\t\t\t\t<\/div>\n\t\t\t\t\t<\/div>\n\t\t\t\t<\/div>\n\t\t\t\t<\/div>\n\t\t","protected":false},"excerpt":{"rendered":"<p>\u00danete a la familia Ojmar Ofertas de empleo Siempre estamos en busca de pensadores audaces, solucionadores de problemas e innovadores para unirse a nuestro equipo en crecimiento. Si te apasiona la tecnolog\u00eda de vanguardia y est\u00e1s dispuesto a contribuir en una empresa din\u00e1mica y con visi\u00f3n de futuro, explora las oportunidades que te ofrecemos a [&hellip;]<\/p>\n","protected":false},"author":1,"featured_media":0,"parent":8347,"menu_order":0,"comment_status":"closed","ping_status":"closed","template":"","meta":{"footnotes":""},"class_list":["post-8352","page","type-page","status-publish","hentry"],"yoast_head":"<!-- This site is optimized with the Yoast SEO plugin v24.7 - https:\/\/yoast.com\/wordpress\/plugins\/seo\/ -->\n<title>Trabaja en Ojmar | Da forma al futuro de las Soluciones de Cerraduras Inteligentes<\/title>\n<meta name=\"description\" content=\"\u00danete al equipo de profesionales de Ojmar y contribuye a la creaci\u00f3n de sistemas de cerraduras inteligentes innovadores. Descubre oportunidades gratificantes y crece en un entorno din\u00e1mico e innovador.\" \/>\n<meta name=\"robots\" content=\"index, follow, max-snippet:-1, max-image-preview:large, max-video-preview:-1\" \/>\n<link rel=\"canonical\" href=\"https:\/\/ojmar.com\/es\/empresa\/trabaja-con-nosotros\/\" \/>\n<meta property=\"og:locale\" content=\"es_ES\" \/>\n<meta property=\"og:type\" content=\"article\" \/>\n<meta property=\"og:title\" content=\"Trabaja en Ojmar | Da forma al futuro de las Soluciones de Cerraduras Inteligentes\" \/>\n<meta property=\"og:description\" content=\"\u00danete al equipo de profesionales de Ojmar y contribuye a la creaci\u00f3n de sistemas de cerraduras inteligentes innovadores. Descubre oportunidades gratificantes y crece en un entorno din\u00e1mico e innovador.\" \/>\n<meta property=\"og:url\" content=\"https:\/\/ojmar.com\/es\/empresa\/trabaja-con-nosotros\/\" \/>\n<meta property=\"og:site_name\" content=\"Ojmar\" \/>\n<meta property=\"article:modified_time\" content=\"2025-08-01T23:16:03+00:00\" \/>\n<meta name=\"twitter:card\" content=\"summary_large_image\" \/>\n<meta name=\"twitter:label1\" content=\"Tiempo de lectura\" \/>\n\t<meta name=\"twitter:data1\" content=\"1 minuto\" \/>\n<script type=\"application\/ld+json\" class=\"yoast-schema-graph\">{\"@context\":\"https:\/\/schema.org\",\"@graph\":[{\"@type\":\"WebPage\",\"@id\":\"https:\/\/ojmar.com\/es\/empresa\/trabaja-con-nosotros\/\",\"url\":\"https:\/\/ojmar.com\/es\/empresa\/trabaja-con-nosotros\/\",\"name\":\"Trabaja en Ojmar | Da forma al futuro de las Soluciones de Cerraduras Inteligentes\",\"isPartOf\":{\"@id\":\"https:\/\/ojmar.com\/es\/#website\"},\"datePublished\":\"2024-12-02T11:40:13+00:00\",\"dateModified\":\"2025-08-01T23:16:03+00:00\",\"description\":\"\u00danete al equipo de profesionales de Ojmar y contribuye a la creaci\u00f3n de sistemas de cerraduras inteligentes innovadores. Descubre oportunidades gratificantes y crece en un entorno din\u00e1mico e innovador.\",\"breadcrumb\":{\"@id\":\"https:\/\/ojmar.com\/es\/empresa\/trabaja-con-nosotros\/#breadcrumb\"},\"inLanguage\":\"es\",\"potentialAction\":[{\"@type\":\"ReadAction\",\"target\":[\"https:\/\/ojmar.com\/es\/empresa\/trabaja-con-nosotros\/\"]}]},{\"@type\":\"BreadcrumbList\",\"@id\":\"https:\/\/ojmar.com\/es\/empresa\/trabaja-con-nosotros\/#breadcrumb\",\"itemListElement\":[{\"@type\":\"ListItem\",\"position\":1,\"name\":\"Home\",\"item\":\"https:\/\/ojmar.com\/es\/inicio\/\"},{\"@type\":\"ListItem\",\"position\":2,\"name\":\"Empresa\",\"item\":\"https:\/\/ojmar.com\/es\/empresa\/\"},{\"@type\":\"ListItem\",\"position\":3,\"name\":\"Trabaja con nosotros\"}]},{\"@type\":\"WebSite\",\"@id\":\"https:\/\/ojmar.com\/es\/#website\",\"url\":\"https:\/\/ojmar.com\/es\/\",\"name\":\"Ojmar\",\"description\":\"\",\"publisher\":{\"@id\":\"https:\/\/ojmar.com\/es\/#organization\"},\"potentialAction\":[{\"@type\":\"SearchAction\",\"target\":{\"@type\":\"EntryPoint\",\"urlTemplate\":\"https:\/\/ojmar.com\/es\/?s={search_term_string}\"},\"query-input\":{\"@type\":\"PropertyValueSpecification\",\"valueRequired\":true,\"valueName\":\"search_term_string\"}}],\"inLanguage\":\"es\"},{\"@type\":\"Organization\",\"@id\":\"https:\/\/ojmar.com\/es\/#organization\",\"name\":\"Ojmar\",\"alternateName\":\"Ojmar Locking Systems\",\"url\":\"https:\/\/ojmar.com\/es\/\",\"logo\":{\"@type\":\"ImageObject\",\"inLanguage\":\"es\",\"@id\":\"https:\/\/ojmar.com\/es\/#\/schema\/logo\/image\/\",\"url\":\"https:\/\/ojmar.com\/wp-content\/uploads\/2024\/06\/logo-ojmar-white-locking-systems.svg\",\"contentUrl\":\"https:\/\/ojmar.com\/wp-content\/uploads\/2024\/06\/logo-ojmar-white-locking-systems.svg\",\"width\":49,\"height\":9,\"caption\":\"Ojmar\"},\"image\":{\"@id\":\"https:\/\/ojmar.com\/es\/#\/schema\/logo\/image\/\"},\"sameAs\":[\"https:\/\/es.linkedin.com\/company\/ojmar\",\"https:\/\/www.youtube.com\/channel\/UCcg47x2TvbONCYzJkQkfVyg\"]}]}<\/script>\n<!-- \/ Yoast SEO plugin. -->","yoast_head_json":{"title":"Trabaja en Ojmar | Da forma al futuro de las Soluciones de Cerraduras Inteligentes","description":"\u00danete al equipo de profesionales de Ojmar y contribuye a la creaci\u00f3n de sistemas de cerraduras inteligentes innovadores. Descubre oportunidades gratificantes y crece en un entorno din\u00e1mico e innovador.","robots":{"index":"index","follow":"follow","max-snippet":"max-snippet:-1","max-image-preview":"max-image-preview:large","max-video-preview":"max-video-preview:-1"},"canonical":"https:\/\/ojmar.com\/es\/empresa\/trabaja-con-nosotros\/","og_locale":"es_ES","og_type":"article","og_title":"Trabaja en Ojmar | Da forma al futuro de las Soluciones de Cerraduras Inteligentes","og_description":"\u00danete al equipo de profesionales de Ojmar y contribuye a la creaci\u00f3n de sistemas de cerraduras inteligentes innovadores. Descubre oportunidades gratificantes y crece en un entorno din\u00e1mico e innovador.","og_url":"https:\/\/ojmar.com\/es\/empresa\/trabaja-con-nosotros\/","og_site_name":"Ojmar","article_modified_time":"2025-08-01T23:16:03+00:00","twitter_card":"summary_large_image","twitter_misc":{"Tiempo de lectura":"1 minuto"},"schema":{"@context":"https:\/\/schema.org","@graph":[{"@type":"WebPage","@id":"https:\/\/ojmar.com\/es\/empresa\/trabaja-con-nosotros\/","url":"https:\/\/ojmar.com\/es\/empresa\/trabaja-con-nosotros\/","name":"Trabaja en Ojmar | Da forma al futuro de las Soluciones de Cerraduras Inteligentes","isPartOf":{"@id":"https:\/\/ojmar.com\/es\/#website"},"datePublished":"2024-12-02T11:40:13+00:00","dateModified":"2025-08-01T23:16:03+00:00","description":"\u00danete al equipo de profesionales de Ojmar y contribuye a la creaci\u00f3n de sistemas de cerraduras inteligentes innovadores. Descubre oportunidades gratificantes y crece en un entorno din\u00e1mico e innovador.","breadcrumb":{"@id":"https:\/\/ojmar.com\/es\/empresa\/trabaja-con-nosotros\/#breadcrumb"},"inLanguage":"es","potentialAction":[{"@type":"ReadAction","target":["https:\/\/ojmar.com\/es\/empresa\/trabaja-con-nosotros\/"]}]},{"@type":"BreadcrumbList","@id":"https:\/\/ojmar.com\/es\/empresa\/trabaja-con-nosotros\/#breadcrumb","itemListElement":[{"@type":"ListItem","position":1,"name":"Home","item":"https:\/\/ojmar.com\/es\/inicio\/"},{"@type":"ListItem","position":2,"name":"Empresa","item":"https:\/\/ojmar.com\/es\/empresa\/"},{"@type":"ListItem","position":3,"name":"Trabaja con nosotros"}]},{"@type":"WebSite","@id":"https:\/\/ojmar.com\/es\/#website","url":"https:\/\/ojmar.com\/es\/","name":"Ojmar","description":"","publisher":{"@id":"https:\/\/ojmar.com\/es\/#organization"},"potentialAction":[{"@type":"SearchAction","target":{"@type":"EntryPoint","urlTemplate":"https:\/\/ojmar.com\/es\/?s={search_term_string}"},"query-input":{"@type":"PropertyValueSpecification","valueRequired":true,"valueName":"search_term_string"}}],"inLanguage":"es"},{"@type":"Organization","@id":"https:\/\/ojmar.com\/es\/#organization","name":"Ojmar","alternateName":"Ojmar Locking Systems","url":"https:\/\/ojmar.com\/es\/","logo":{"@type":"ImageObject","inLanguage":"es","@id":"https:\/\/ojmar.com\/es\/#\/schema\/logo\/image\/","url":"https:\/\/ojmar.com\/wp-content\/uploads\/2024\/06\/logo-ojmar-white-locking-systems.svg","contentUrl":"https:\/\/ojmar.com\/wp-content\/uploads\/2024\/06\/logo-ojmar-white-locking-systems.svg","width":49,"height":9,"caption":"Ojmar"},"image":{"@id":"https:\/\/ojmar.com\/es\/#\/schema\/logo\/image\/"},"sameAs":["https:\/\/es.linkedin.com\/company\/ojmar","https:\/\/www.youtube.com\/channel\/UCcg47x2TvbONCYzJkQkfVyg"]}]}},"_links":{"self":[{"href":"https:\/\/ojmar.com\/es\/wp-json\/wp\/v2\/pages\/8352","targetHints":{"allow":["GET"]}}],"collection":[{"href":"https:\/\/ojmar.com\/es\/wp-json\/wp\/v2\/pages"}],"about":[{"href":"https:\/\/ojmar.com\/es\/wp-json\/wp\/v2\/types\/page"}],"author":[{"embeddable":true,"href":"https:\/\/ojmar.com\/es\/wp-json\/wp\/v2\/users\/1"}],"replies":[{"embeddable":true,"href":"https:\/\/ojmar.com\/es\/wp-json\/wp\/v2\/comments?post=8352"}],"version-history":[{"count":3,"href":"https:\/\/ojmar.com\/es\/wp-json\/wp\/v2\/pages\/8352\/revisions"}],"predecessor-version":[{"id":75794,"href":"https:\/\/ojmar.com\/es\/wp-json\/wp\/v2\/pages\/8352\/revisions\/75794"}],"up":[{"embeddable":true,"href":"https:\/\/ojmar.com\/es\/wp-json\/wp\/v2\/pages\/8347"}],"wp:attachment":[{"href":"https:\/\/ojmar.com\/es\/wp-json\/wp\/v2\/media?parent=8352"}],"curies":[{"name":"wp","href":"https:\/\/api.w.org\/{rel}","templated":true}]}}