{"id":8348,"date":"2024-05-31T11:39:15","date_gmt":"2024-05-31T09:39:15","guid":{"rendered":"http:\/\/www.ojmar.com\/empresa\/empresa\/"},"modified":"2025-09-30T15:06:42","modified_gmt":"2025-09-30T13:06:42","slug":"ojmar","status":"publish","type":"page","link":"https:\/\/ojmar.com\/es\/empresa\/ojmar\/","title":{"rendered":"Empresa"},"content":{"rendered":"\t\t<div data-elementor-type=\"wp-page\" data-elementor-id=\"8348\" class=\"elementor elementor-8348 elementor-267\" data-elementor-post-type=\"page\">\n\t\t\t\t<div class=\"elementor-element elementor-element-feefbbf e-flex e-con-boxed e-con e-parent\" data-id=\"feefbbf\" data-element_type=\"container\" data-settings=\"{&quot;background_background&quot;:&quot;classic&quot;}\">\n\t\t\t\t\t<div class=\"e-con-inner\">\n\t\t\t\t<div class=\"elementor-element elementor-element-e12e481 elementor-widget elementor-widget-heading\" data-id=\"e12e481\" data-element_type=\"widget\" data-widget_type=\"heading.default\">\n\t\t\t\t\t<h1 class=\"elementor-heading-title elementor-size-default\">Creamos espacios inteligentes<\/h1>\t\t\t\t<\/div>\n\t\t\t\t\t<\/div>\n\t\t\t\t<\/div>\n\t\t<div class=\"elementor-element elementor-element-4eb4b28 e-flex e-con-boxed e-con e-parent\" data-id=\"4eb4b28\" data-element_type=\"container\">\n\t\t\t\t\t<div class=\"e-con-inner\">\n\t\t\t\t<div class=\"elementor-element elementor-element-e879ffd elementor-widget elementor-widget-breadcrumbs\" data-id=\"e879ffd\" data-element_type=\"widget\" data-widget_type=\"breadcrumbs.default\">\n\t\t\t\t\t<p id=\"breadcrumbs\"><span><span><a href=\"https:\/\/ojmar.com\/es\/inicio\/\">Home<\/a><\/span><\/span><\/p>\t\t\t\t<\/div>\n\t\t\t\t\t<\/div>\n\t\t\t\t<\/div>\n\t\t<div class=\"elementor-element elementor-element-03faba3 e-flex e-con-boxed e-con e-parent\" data-id=\"03faba3\" data-element_type=\"container\" data-settings=\"{&quot;background_background&quot;:&quot;classic&quot;}\">\n\t\t\t\t\t<div class=\"e-con-inner\">\n\t\t\t\t<div class=\"elementor-element elementor-element-eaa84df elementor-widget__width-initial elementor-widget elementor-widget-text-editor\" data-id=\"eaa84df\" data-element_type=\"widget\" data-widget_type=\"text-editor.default\">\n\t\t\t\t\t\t\t\t\t<p class=\"p1\">Como especialistas en tecnolog\u00eda de cerraduras inteligentes, comprendemos la importancia de combinar a la perfecci\u00f3n fiabilidad, seguridad, escalabilidad y sostenibilidad. <br><br>Nuestro objetivo es crear espacios m\u00e1s inteligentes e interconectados que satisfagan las necesidades de todos y que influyan positivamente en nuestra forma de vivir y trabajar.<\/p>\t\t\t\t\t\t\t\t<\/div>\n\t\t\t\t\t<\/div>\n\t\t\t\t<\/div>\n\t\t<div class=\"elementor-element elementor-element-d6cf1e6 e-con-full e-flex e-con e-parent\" data-id=\"d6cf1e6\" data-element_type=\"container\">\n\t\t<div class=\"elementor-element elementor-element-225361a e-con-full e-flex e-con e-child\" data-id=\"225361a\" data-element_type=\"container\" data-settings=\"{&quot;background_background&quot;:&quot;classic&quot;}\">\n\t\t<div class=\"elementor-element elementor-element-c53452f e-con-full e-flex e-con e-child\" data-id=\"c53452f\" data-element_type=\"container\" data-settings=\"{&quot;background_background&quot;:&quot;classic&quot;}\">\n\t\t\t\t<\/div>\n\t\t<div class=\"elementor-element elementor-element-1903b50 e-con-full e-flex e-con e-child\" data-id=\"1903b50\" data-element_type=\"container\" data-settings=\"{&quot;background_background&quot;:&quot;classic&quot;}\">\n\t\t\t\t<\/div>\n\t\t\t\t<\/div>\n\t\t\t\t<\/div>\n\t\t<div class=\"elementor-element elementor-element-fdf6109 e-flex e-con-boxed e-con e-parent\" data-id=\"fdf6109\" data-element_type=\"container\" data-settings=\"{&quot;background_background&quot;:&quot;classic&quot;}\">\n\t\t\t\t\t<div class=\"e-con-inner\">\n\t\t\t\t<div class=\"elementor-element elementor-element-527efbb elementor-widget__width-initial elementor-widget elementor-widget-heading\" data-id=\"527efbb\" data-element_type=\"widget\" data-widget_type=\"heading.default\">\n\t\t\t\t\t<h2 class=\"elementor-heading-title elementor-size-default\"><strong>Dise\u00f1amos, fabricamos y comercializamos los mejores sistemas de cierre inteligente para taquillas.<\/strong><\/h2>\t\t\t\t<\/div>\n\t\t\t\t\t<\/div>\n\t\t\t\t<\/div>\n\t\t<div class=\"elementor-element elementor-element-c47d121 e-flex e-con-boxed e-con e-parent\" data-id=\"c47d121\" data-element_type=\"container\" data-settings=\"{&quot;background_background&quot;:&quot;classic&quot;}\">\n\t\t\t\t\t<div class=\"e-con-inner\">\n\t\t<div class=\"elementor-element elementor-element-3cd1751 e-con-full e-flex e-con e-child\" data-id=\"3cd1751\" data-element_type=\"container\">\n\t\t\t\t<div class=\"elementor-element elementor-element-dd8785c elementor-widget elementor-widget-heading\" data-id=\"dd8785c\" data-element_type=\"widget\" data-widget_type=\"heading.default\">\n\t\t\t\t\t<h2 class=\"elementor-heading-title elementor-size-default\">Conocemos tu sector<\/h2>\t\t\t\t<\/div>\n\t\t\t\t<div class=\"elementor-element elementor-element-b88505d elementor-widget__width-initial elementor-widget elementor-widget-text-editor\" data-id=\"b88505d\" data-element_type=\"widget\" data-widget_type=\"text-editor.default\">\n\t\t\t\t\t\t\t\t\t<p class=\"p1\">Nuestro equipo cuenta con una gran experiencia y conocimientos, cultivados a lo largo de un siglo de trabajo. Estamos orgullosos de tener la adaptabilidad grabada en nuestro ADN industrial. <\/p>\t\t\t\t\t\t\t\t<\/div>\n\t\t\t\t<\/div>\n\t\t\t\t\t<\/div>\n\t\t\t\t<\/div>\n\t\t<div class=\"elementor-element elementor-element-999dbcb e-flex e-con-boxed e-con e-parent\" data-id=\"999dbcb\" data-element_type=\"container\" data-settings=\"{&quot;background_background&quot;:&quot;classic&quot;}\">\n\t\t\t\t\t<div class=\"e-con-inner\">\n\t\t<div class=\"elementor-element elementor-element-b43dfe9 e-con-full e-flex e-con e-child\" data-id=\"b43dfe9\" data-element_type=\"container\">\n\t\t\t\t<div class=\"elementor-element elementor-element-964bdb7 elementor-widget elementor-widget-heading\" data-id=\"964bdb7\" data-element_type=\"widget\" data-widget_type=\"heading.default\">\n\t\t\t\t\t<h2 class=\"elementor-heading-title elementor-size-default\">Facilitamos la colaboraci\u00f3n<\/h2>\t\t\t\t<\/div>\n\t\t\t\t<div class=\"elementor-element elementor-element-75a23ea elementor-widget__width-initial elementor-widget elementor-widget-text-editor\" data-id=\"75a23ea\" data-element_type=\"widget\" data-widget_type=\"text-editor.default\">\n\t\t\t\t\t\t\t\t\t<p class=\"p1\">Controlamos todo el flujo de trabajo del producto internamente en nuestra f\u00e1brica de la UE, desde el producto hasta la fabricaci\u00f3n, la puesta en marcha y el servicio posventa.<\/p>\t\t\t\t\t\t\t\t<\/div>\n\t\t\t\t<\/div>\n\t\t\t\t\t<\/div>\n\t\t\t\t<\/div>\n\t\t<div class=\"elementor-element elementor-element-29dd399 e-flex e-con-boxed e-con e-parent\" data-id=\"29dd399\" data-element_type=\"container\" data-settings=\"{&quot;background_background&quot;:&quot;classic&quot;}\">\n\t\t\t\t\t<div class=\"e-con-inner\">\n\t\t<div class=\"elementor-element elementor-element-c413328 e-con-full e-flex e-con e-child\" data-id=\"c413328\" data-element_type=\"container\">\n\t\t\t\t<div class=\"elementor-element elementor-element-3c30bba elementor-widget elementor-widget-heading\" data-id=\"3c30bba\" data-element_type=\"widget\" data-widget_type=\"heading.default\">\n\t\t\t\t\t<h2 class=\"elementor-heading-title elementor-size-default\">T\u00fa, en el centro<\/h2>\t\t\t\t<\/div>\n\t\t\t\t<div class=\"elementor-element elementor-element-64408f3 elementor-widget__width-initial elementor-widget elementor-widget-text-editor\" data-id=\"64408f3\" data-element_type=\"widget\" data-widget_type=\"text-editor.default\">\n\t\t\t\t\t\t\t\t\t<p class=\"p1\">Centradas al 100% en el cliente, nuestras soluciones se centran en ti. Siempre te ofrecemos una soluci\u00f3n a medida que satisface tus necesidades. Experimenta un servicio de primera y una asistencia dedicada de principio a fin.  <\/p>\t\t\t\t\t\t\t\t<\/div>\n\t\t\t\t<\/div>\n\t\t\t\t\t<\/div>\n\t\t\t\t<\/div>\n\t\t<div class=\"elementor-element elementor-element-e0eda1b e-flex e-con-boxed e-con e-parent\" data-id=\"e0eda1b\" data-element_type=\"container\" data-settings=\"{&quot;background_background&quot;:&quot;classic&quot;}\">\n\t\t\t\t\t<div class=\"e-con-inner\">\n\t\t<div class=\"elementor-element elementor-element-c9bb5bc e-con-full e-flex e-con e-child\" data-id=\"c9bb5bc\" data-element_type=\"container\">\n\t\t\t\t<div class=\"elementor-element elementor-element-76d1e2b elementor-widget elementor-widget-heading\" data-id=\"76d1e2b\" data-element_type=\"widget\" data-widget_type=\"heading.default\">\n\t\t\t\t\t<h2 class=\"elementor-heading-title elementor-size-default\">Estamos aqu\u00ed para ti, a largo plazo<\/h2>\t\t\t\t<\/div>\n\t\t\t\t<div class=\"elementor-element elementor-element-c99a06e elementor-widget__width-initial elementor-widget elementor-widget-text-editor\" data-id=\"c99a06e\" data-element_type=\"widget\" data-widget_type=\"text-editor.default\">\n\t\t\t\t\t\t\t\t\t<p class=\"p1\">No s\u00f3lo fabricamos productos, sino que tambi\u00e9n cultivamos una relaci\u00f3n de confianza. Nos tomamos muy en serio nuestra relaci\u00f3n con los clientes y nos comprometemos a establecer asociaciones a largo plazo. <\/p>\t\t\t\t\t\t\t\t<\/div>\n\t\t\t\t<\/div>\n\t\t\t\t\t<\/div>\n\t\t\t\t<\/div>\n\t\t\t\t<\/div>\n\t\t","protected":false},"excerpt":{"rendered":"<p>Creamos espacios inteligentes Como especialistas en tecnolog\u00eda de cerraduras inteligentes, comprendemos la importancia de combinar a la perfecci\u00f3n fiabilidad, seguridad, escalabilidad y sostenibilidad. Nuestro objetivo es crear espacios m\u00e1s inteligentes e interconectados que satisfagan las necesidades de todos y que influyan positivamente en nuestra forma de vivir y trabajar. Dise\u00f1amos, fabricamos y comercializamos los mejores [&hellip;]<\/p>\n","protected":false},"author":1,"featured_media":0,"parent":8347,"menu_order":0,"comment_status":"closed","ping_status":"closed","template":"","meta":{"footnotes":""},"class_list":["post-8348","page","type-page","status-publish","hentry"],"yoast_head":"<!-- This site is optimized with the Yoast SEO plugin v24.7 - https:\/\/yoast.com\/wordpress\/plugins\/seo\/ -->\n<title>Ojmar: L\u00edderes en tecnolog\u00eda e innovaci\u00f3n de cerraduras inteligentes<\/title>\n<meta name=\"description\" content=\"Conoce la experiencia centenaria de Ojmar en tecnolog\u00eda de cerraduras inteligentes. Descubre c\u00f3mo nuestro enfoque centrado en el cliente y nuestras soluciones innovadoras conforman los espacios seguros del futuro.\" \/>\n<meta name=\"robots\" content=\"index, follow, max-snippet:-1, max-image-preview:large, max-video-preview:-1\" \/>\n<link rel=\"canonical\" href=\"https:\/\/ojmar.com\/es\/empresa\/ojmar\/\" \/>\n<meta property=\"og:locale\" content=\"es_ES\" \/>\n<meta property=\"og:type\" content=\"article\" \/>\n<meta property=\"og:title\" content=\"Ojmar: L\u00edderes en tecnolog\u00eda e innovaci\u00f3n de cerraduras inteligentes\" \/>\n<meta property=\"og:description\" content=\"Conoce la experiencia centenaria de Ojmar en tecnolog\u00eda de cerraduras inteligentes. Descubre c\u00f3mo nuestro enfoque centrado en el cliente y nuestras soluciones innovadoras conforman los espacios seguros del futuro.\" \/>\n<meta property=\"og:url\" content=\"https:\/\/ojmar.com\/es\/empresa\/ojmar\/\" \/>\n<meta property=\"og:site_name\" content=\"Ojmar\" \/>\n<meta property=\"article:modified_time\" content=\"2025-09-30T13:06:42+00:00\" \/>\n<meta name=\"twitter:card\" content=\"summary_large_image\" \/>\n<meta name=\"twitter:label1\" content=\"Tiempo de lectura\" \/>\n\t<meta name=\"twitter:data1\" content=\"1 minuto\" \/>\n<script type=\"application\/ld+json\" class=\"yoast-schema-graph\">{\"@context\":\"https:\/\/schema.org\",\"@graph\":[{\"@type\":\"WebPage\",\"@id\":\"https:\/\/ojmar.com\/es\/empresa\/ojmar\/\",\"url\":\"https:\/\/ojmar.com\/es\/empresa\/ojmar\/\",\"name\":\"Ojmar: L\u00edderes en tecnolog\u00eda e innovaci\u00f3n de cerraduras inteligentes\",\"isPartOf\":{\"@id\":\"https:\/\/ojmar.com\/es\/#website\"},\"datePublished\":\"2024-05-31T09:39:15+00:00\",\"dateModified\":\"2025-09-30T13:06:42+00:00\",\"description\":\"Conoce la experiencia centenaria de Ojmar en tecnolog\u00eda de cerraduras inteligentes. Descubre c\u00f3mo nuestro enfoque centrado en el cliente y nuestras soluciones innovadoras conforman los espacios seguros del futuro.\",\"breadcrumb\":{\"@id\":\"https:\/\/ojmar.com\/es\/empresa\/ojmar\/#breadcrumb\"},\"inLanguage\":\"es\",\"potentialAction\":[{\"@type\":\"ReadAction\",\"target\":[\"https:\/\/ojmar.com\/es\/empresa\/ojmar\/\"]}]},{\"@type\":\"BreadcrumbList\",\"@id\":\"https:\/\/ojmar.com\/es\/empresa\/ojmar\/#breadcrumb\",\"itemListElement\":[{\"@type\":\"ListItem\",\"position\":1,\"name\":\"Home\",\"item\":\"https:\/\/ojmar.com\/es\/inicio\/\"},{\"@type\":\"ListItem\",\"position\":2,\"name\":\"Empresa\",\"item\":\"https:\/\/ojmar.com\/es\/empresa\/\"},{\"@type\":\"ListItem\",\"position\":3,\"name\":\"Empresa\"}]},{\"@type\":\"WebSite\",\"@id\":\"https:\/\/ojmar.com\/es\/#website\",\"url\":\"https:\/\/ojmar.com\/es\/\",\"name\":\"Ojmar\",\"description\":\"\",\"publisher\":{\"@id\":\"https:\/\/ojmar.com\/es\/#organization\"},\"potentialAction\":[{\"@type\":\"SearchAction\",\"target\":{\"@type\":\"EntryPoint\",\"urlTemplate\":\"https:\/\/ojmar.com\/es\/?s={search_term_string}\"},\"query-input\":{\"@type\":\"PropertyValueSpecification\",\"valueRequired\":true,\"valueName\":\"search_term_string\"}}],\"inLanguage\":\"es\"},{\"@type\":\"Organization\",\"@id\":\"https:\/\/ojmar.com\/es\/#organization\",\"name\":\"Ojmar\",\"alternateName\":\"Ojmar Locking Systems\",\"url\":\"https:\/\/ojmar.com\/es\/\",\"logo\":{\"@type\":\"ImageObject\",\"inLanguage\":\"es\",\"@id\":\"https:\/\/ojmar.com\/es\/#\/schema\/logo\/image\/\",\"url\":\"https:\/\/ojmar.com\/wp-content\/uploads\/2024\/06\/logo-ojmar-white-locking-systems.svg\",\"contentUrl\":\"https:\/\/ojmar.com\/wp-content\/uploads\/2024\/06\/logo-ojmar-white-locking-systems.svg\",\"width\":49,\"height\":9,\"caption\":\"Ojmar\"},\"image\":{\"@id\":\"https:\/\/ojmar.com\/es\/#\/schema\/logo\/image\/\"},\"sameAs\":[\"https:\/\/es.linkedin.com\/company\/ojmar\",\"https:\/\/www.youtube.com\/channel\/UCcg47x2TvbONCYzJkQkfVyg\"]}]}<\/script>\n<!-- \/ Yoast SEO plugin. -->","yoast_head_json":{"title":"Ojmar: L\u00edderes en tecnolog\u00eda e innovaci\u00f3n de cerraduras inteligentes","description":"Conoce la experiencia centenaria de Ojmar en tecnolog\u00eda de cerraduras inteligentes. Descubre c\u00f3mo nuestro enfoque centrado en el cliente y nuestras soluciones innovadoras conforman los espacios seguros del futuro.","robots":{"index":"index","follow":"follow","max-snippet":"max-snippet:-1","max-image-preview":"max-image-preview:large","max-video-preview":"max-video-preview:-1"},"canonical":"https:\/\/ojmar.com\/es\/empresa\/ojmar\/","og_locale":"es_ES","og_type":"article","og_title":"Ojmar: L\u00edderes en tecnolog\u00eda e innovaci\u00f3n de cerraduras inteligentes","og_description":"Conoce la experiencia centenaria de Ojmar en tecnolog\u00eda de cerraduras inteligentes. Descubre c\u00f3mo nuestro enfoque centrado en el cliente y nuestras soluciones innovadoras conforman los espacios seguros del futuro.","og_url":"https:\/\/ojmar.com\/es\/empresa\/ojmar\/","og_site_name":"Ojmar","article_modified_time":"2025-09-30T13:06:42+00:00","twitter_card":"summary_large_image","twitter_misc":{"Tiempo de lectura":"1 minuto"},"schema":{"@context":"https:\/\/schema.org","@graph":[{"@type":"WebPage","@id":"https:\/\/ojmar.com\/es\/empresa\/ojmar\/","url":"https:\/\/ojmar.com\/es\/empresa\/ojmar\/","name":"Ojmar: L\u00edderes en tecnolog\u00eda e innovaci\u00f3n de cerraduras inteligentes","isPartOf":{"@id":"https:\/\/ojmar.com\/es\/#website"},"datePublished":"2024-05-31T09:39:15+00:00","dateModified":"2025-09-30T13:06:42+00:00","description":"Conoce la experiencia centenaria de Ojmar en tecnolog\u00eda de cerraduras inteligentes. Descubre c\u00f3mo nuestro enfoque centrado en el cliente y nuestras soluciones innovadoras conforman los espacios seguros del futuro.","breadcrumb":{"@id":"https:\/\/ojmar.com\/es\/empresa\/ojmar\/#breadcrumb"},"inLanguage":"es","potentialAction":[{"@type":"ReadAction","target":["https:\/\/ojmar.com\/es\/empresa\/ojmar\/"]}]},{"@type":"BreadcrumbList","@id":"https:\/\/ojmar.com\/es\/empresa\/ojmar\/#breadcrumb","itemListElement":[{"@type":"ListItem","position":1,"name":"Home","item":"https:\/\/ojmar.com\/es\/inicio\/"},{"@type":"ListItem","position":2,"name":"Empresa","item":"https:\/\/ojmar.com\/es\/empresa\/"},{"@type":"ListItem","position":3,"name":"Empresa"}]},{"@type":"WebSite","@id":"https:\/\/ojmar.com\/es\/#website","url":"https:\/\/ojmar.com\/es\/","name":"Ojmar","description":"","publisher":{"@id":"https:\/\/ojmar.com\/es\/#organization"},"potentialAction":[{"@type":"SearchAction","target":{"@type":"EntryPoint","urlTemplate":"https:\/\/ojmar.com\/es\/?s={search_term_string}"},"query-input":{"@type":"PropertyValueSpecification","valueRequired":true,"valueName":"search_term_string"}}],"inLanguage":"es"},{"@type":"Organization","@id":"https:\/\/ojmar.com\/es\/#organization","name":"Ojmar","alternateName":"Ojmar Locking Systems","url":"https:\/\/ojmar.com\/es\/","logo":{"@type":"ImageObject","inLanguage":"es","@id":"https:\/\/ojmar.com\/es\/#\/schema\/logo\/image\/","url":"https:\/\/ojmar.com\/wp-content\/uploads\/2024\/06\/logo-ojmar-white-locking-systems.svg","contentUrl":"https:\/\/ojmar.com\/wp-content\/uploads\/2024\/06\/logo-ojmar-white-locking-systems.svg","width":49,"height":9,"caption":"Ojmar"},"image":{"@id":"https:\/\/ojmar.com\/es\/#\/schema\/logo\/image\/"},"sameAs":["https:\/\/es.linkedin.com\/company\/ojmar","https:\/\/www.youtube.com\/channel\/UCcg47x2TvbONCYzJkQkfVyg"]}]}},"_links":{"self":[{"href":"https:\/\/ojmar.com\/es\/wp-json\/wp\/v2\/pages\/8348","targetHints":{"allow":["GET"]}}],"collection":[{"href":"https:\/\/ojmar.com\/es\/wp-json\/wp\/v2\/pages"}],"about":[{"href":"https:\/\/ojmar.com\/es\/wp-json\/wp\/v2\/types\/page"}],"author":[{"embeddable":true,"href":"https:\/\/ojmar.com\/es\/wp-json\/wp\/v2\/users\/1"}],"replies":[{"embeddable":true,"href":"https:\/\/ojmar.com\/es\/wp-json\/wp\/v2\/comments?post=8348"}],"version-history":[{"count":6,"href":"https:\/\/ojmar.com\/es\/wp-json\/wp\/v2\/pages\/8348\/revisions"}],"predecessor-version":[{"id":99032,"href":"https:\/\/ojmar.com\/es\/wp-json\/wp\/v2\/pages\/8348\/revisions\/99032"}],"up":[{"embeddable":true,"href":"https:\/\/ojmar.com\/es\/wp-json\/wp\/v2\/pages\/8347"}],"wp:attachment":[{"href":"https:\/\/ojmar.com\/es\/wp-json\/wp\/v2\/media?parent=8348"}],"curies":[{"name":"wp","href":"https:\/\/api.w.org\/{rel}","templated":true}]}}