{"id":19258,"date":"2025-05-30T13:37:48","date_gmt":"2025-05-30T11:37:48","guid":{"rendered":"https:\/\/ojmar.com\/how-to-use-ocs30\/"},"modified":"2025-05-30T14:00:08","modified_gmt":"2025-05-30T12:00:08","slug":"how-to-use-ocs30","status":"publish","type":"page","link":"https:\/\/ojmar.com\/es\/how-to-use-ocs30\/","title":{"rendered":"C\u00f3mo utilizar OCS30"},"content":{"rendered":"\t\t<div data-elementor-type=\"wp-page\" data-elementor-id=\"19258\" class=\"elementor elementor-19258 elementor-19233\" data-elementor-post-type=\"page\">\n\t\t\t\t<div class=\"elementor-element elementor-element-2426023 e-flex e-con-boxed e-con e-parent\" data-id=\"2426023\" data-element_type=\"container\">\n\t\t\t\t\t<div class=\"e-con-inner\">\n\t\t\t\t<div class=\"elementor-element elementor-element-d154893 elementor-widget elementor-widget-breadcrumbs\" data-id=\"d154893\" data-element_type=\"widget\" data-widget_type=\"breadcrumbs.default\">\n\t\t\t\t\t<p id=\"breadcrumbs\"><span><span><a href=\"https:\/\/ojmar.com\/es\/inicio\/\">Home<\/a><\/span><\/span><\/p>\t\t\t\t<\/div>\n\t\t\t\t\t<\/div>\n\t\t\t\t<\/div>\n\t\t<div class=\"elementor-element elementor-element-f5849ab e-flex e-con-boxed e-con e-parent\" data-id=\"f5849ab\" data-element_type=\"container\" data-settings=\"{&quot;background_background&quot;:&quot;classic&quot;}\">\n\t\t\t\t\t<div class=\"e-con-inner\">\n\t\t\t\t<div class=\"elementor-element elementor-element-9d24de2 elementor-widget elementor-widget-heading\" data-id=\"9d24de2\" data-element_type=\"widget\" data-widget_type=\"heading.default\">\n\t\t\t\t\t<h1 class=\"elementor-heading-title elementor-size-default\">C\u00f3mo utilizar OCS 30 (Smart)<\/h1>\t\t\t\t<\/div>\n\t\t\t\t<div class=\"elementor-element elementor-element-ca2bb9e cms-page elementor-widget elementor-widget-text-editor\" data-id=\"ca2bb9e\" data-element_type=\"widget\" data-widget_type=\"text-editor.default\">\n\t\t\t\t\t\t\t\t\t<p data-start=\"0\" data-end=\"284\">Bienvenido a la p\u00e1gina de recursos de<strong data-start=\"15\" data-end=\"36\"> OCS 30 (Smart)<\/strong>: su centro \u00fanico para todo lo que necesita para configurarlo y protegerlo en cuesti\u00f3n de minutos. A continuaci\u00f3n encontrar\u00e1 una gu\u00eda de inicio r\u00e1pido y el manual de usuario completo, ambos listos para descargar en formato PDF, para que pueda explorar todas las funciones a su propio ritmo. <\/p><p data-start=\"286\" data-end=\"561\">\u00bfListo para disfrutar de una mayor comodidad? Consiga la aplicaci\u00f3n complementaria gratuita para <strong data-start=\"357\" data-end=\"364\">iOS<\/strong> o <strong data-start=\"368\" data-end=\"379\">Android<\/strong> con un solo toque. La aplicaci\u00f3n OCS 30 te permite emparejar tu tel\u00e9fono mediante Bluetooth, compartir llaves digitales, revisar los registros de acceso y actualizar el firmware, todo ello desde una interfaz intuitiva que da prioridad a la privacidad.  <\/p><p data-start=\"563\" data-end=\"693\" data-is-last-node=\"\" data-is-only-node=\"\"><a href=\"https:\/\/ojmar.com\/wp-content\/uploads\/2025\/05\/image013.png\">Descarga las instrucciones<\/a>, instala la aplicaci\u00f3n adecuada para su dispositivo y disfrutae hoy mismo de un control de accesos de \u00faltima generaci\u00f3n sin esfuerzo.<\/p>\t\t\t\t\t\t\t\t<\/div>\n\t\t\t\t\t<\/div>\n\t\t\t\t<\/div>\n\t\t<div class=\"elementor-element elementor-element-7a210dd e-flex e-con-boxed e-con e-parent\" data-id=\"7a210dd\" data-element_type=\"container\">\n\t\t\t\t\t<div class=\"e-con-inner\">\n\t\t<div class=\"elementor-element elementor-element-b0674a8 e-con-full e-flex e-con e-child\" data-id=\"b0674a8\" data-element_type=\"container\">\n\t\t\t\t<div class=\"elementor-element elementor-element-4f8d383 elementor-widget elementor-widget-image\" data-id=\"4f8d383\" data-element_type=\"widget\" data-widget_type=\"image.default\">\n\t\t\t\t\t\t\t\t\t\t\t\t\t\t\t\t<a href=\"https:\/\/play.google.com\/store\/apps\/details?id=com.ojmar.ocssmart.user\" target=\"_blank\" rel=\"nofollow\">\n\t\t\t\t\t\t\t<img decoding=\"async\" width=\"270\" height=\"80\" src=\"https:\/\/ojmar.com\/wp-content\/uploads\/2025\/05\/GetItOnGooglePlay_Badge_Web_color_English.png\" class=\"attachment-large size-large wp-image-19243\" alt=\"\" \/>\t\t\t\t\t\t\t\t<\/a>\n\t\t\t\t\t\t\t\t\t\t\t\t\t\t\t<\/div>\n\t\t\t\t<\/div>\n\t\t<div class=\"elementor-element elementor-element-de04841 e-con-full e-flex e-con e-child\" data-id=\"de04841\" data-element_type=\"container\">\n\t\t\t\t<div class=\"elementor-element elementor-element-ff00f67 elementor-widget elementor-widget-image\" data-id=\"ff00f67\" data-element_type=\"widget\" data-widget_type=\"image.default\">\n\t\t\t\t\t\t\t\t\t\t\t\t\t\t\t\t<a href=\"https:\/\/apps.apple.com\/es\/app\/ocs-smart\/id1529412892?platform=ipad\" target=\"_blank\" rel=\"nofollow\">\n\t\t\t\t\t\t\t<img decoding=\"async\" width=\"1\" height=\"1\" src=\"https:\/\/ojmar.com\/wp-content\/uploads\/2025\/05\/Download_on_the_App_Store_Badge_US-UK_RGB_blk_092917.svg\" class=\"attachment-large size-large wp-image-19247\" alt=\"\" \/>\t\t\t\t\t\t\t\t<\/a>\n\t\t\t\t\t\t\t\t\t\t\t\t\t\t\t<\/div>\n\t\t\t\t<\/div>\n\t\t\t\t\t<\/div>\n\t\t\t\t<\/div>\n\t\t\t\t<\/div>\n\t\t","protected":false},"excerpt":{"rendered":"<p>C\u00f3mo utilizar OCS 30 (Smart) Bienvenido a la p\u00e1gina de recursos de OCS 30 (Smart): su centro \u00fanico para todo lo que necesita para configurarlo y protegerlo en cuesti\u00f3n de minutos. A continuaci\u00f3n encontrar\u00e1 una gu\u00eda de inicio r\u00e1pido y el manual de usuario completo, ambos listos para descargar en formato PDF, para que pueda [&hellip;]<\/p>\n","protected":false},"author":1,"featured_media":0,"parent":0,"menu_order":0,"comment_status":"closed","ping_status":"closed","template":"","meta":{"footnotes":""},"class_list":["post-19258","page","type-page","status-publish","hentry"],"yoast_head":"<!-- This site is optimized with the Yoast SEO plugin v24.7 - https:\/\/yoast.com\/wordpress\/plugins\/seo\/ -->\n<title>C\u00f3mo utilizar OCS30 - Ojmar<\/title>\n<meta name=\"robots\" content=\"index, follow, max-snippet:-1, max-image-preview:large, max-video-preview:-1\" \/>\n<link rel=\"canonical\" href=\"https:\/\/ojmar.com\/es\/how-to-use-ocs30\/\" \/>\n<meta property=\"og:locale\" content=\"es_ES\" \/>\n<meta property=\"og:type\" content=\"article\" \/>\n<meta property=\"og:title\" content=\"C\u00f3mo utilizar OCS30 - Ojmar\" \/>\n<meta property=\"og:description\" content=\"C\u00f3mo utilizar OCS 30 (Smart) Bienvenido a la p\u00e1gina de recursos de OCS 30 (Smart): su centro \u00fanico para todo lo que necesita para configurarlo y protegerlo en cuesti\u00f3n de minutos. A continuaci\u00f3n encontrar\u00e1 una gu\u00eda de inicio r\u00e1pido y el manual de usuario completo, ambos listos para descargar en formato PDF, para que pueda [&hellip;]\" \/>\n<meta property=\"og:url\" content=\"https:\/\/ojmar.com\/es\/how-to-use-ocs30\/\" \/>\n<meta property=\"og:site_name\" content=\"Ojmar\" \/>\n<meta property=\"article:modified_time\" content=\"2025-05-30T12:00:08+00:00\" \/>\n<meta property=\"og:image\" content=\"https:\/\/ojmar.com\/wp-content\/uploads\/2025\/05\/GetItOnGooglePlay_Badge_Web_color_English.png\" \/>\n\t<meta property=\"og:image:width\" content=\"270\" \/>\n\t<meta property=\"og:image:height\" content=\"80\" \/>\n\t<meta property=\"og:image:type\" content=\"image\/png\" \/>\n<meta name=\"twitter:card\" content=\"summary_large_image\" \/>\n<meta name=\"twitter:label1\" content=\"Tiempo de lectura\" \/>\n\t<meta name=\"twitter:data1\" content=\"1 minuto\" \/>\n<script type=\"application\/ld+json\" class=\"yoast-schema-graph\">{\"@context\":\"https:\/\/schema.org\",\"@graph\":[{\"@type\":\"WebPage\",\"@id\":\"https:\/\/ojmar.com\/es\/how-to-use-ocs30\/\",\"url\":\"https:\/\/ojmar.com\/es\/how-to-use-ocs30\/\",\"name\":\"C\u00f3mo utilizar OCS30 - Ojmar\",\"isPartOf\":{\"@id\":\"https:\/\/ojmar.com\/es\/#website\"},\"primaryImageOfPage\":{\"@id\":\"https:\/\/ojmar.com\/es\/how-to-use-ocs30\/#primaryimage\"},\"image\":{\"@id\":\"https:\/\/ojmar.com\/es\/how-to-use-ocs30\/#primaryimage\"},\"thumbnailUrl\":\"https:\/\/ojmar.com\/wp-content\/uploads\/2025\/05\/GetItOnGooglePlay_Badge_Web_color_English.png\",\"datePublished\":\"2025-05-30T11:37:48+00:00\",\"dateModified\":\"2025-05-30T12:00:08+00:00\",\"breadcrumb\":{\"@id\":\"https:\/\/ojmar.com\/es\/how-to-use-ocs30\/#breadcrumb\"},\"inLanguage\":\"es\",\"potentialAction\":[{\"@type\":\"ReadAction\",\"target\":[\"https:\/\/ojmar.com\/es\/how-to-use-ocs30\/\"]}]},{\"@type\":\"ImageObject\",\"inLanguage\":\"es\",\"@id\":\"https:\/\/ojmar.com\/es\/how-to-use-ocs30\/#primaryimage\",\"url\":\"https:\/\/ojmar.com\/wp-content\/uploads\/2025\/05\/GetItOnGooglePlay_Badge_Web_color_English.png\",\"contentUrl\":\"https:\/\/ojmar.com\/wp-content\/uploads\/2025\/05\/GetItOnGooglePlay_Badge_Web_color_English.png\"},{\"@type\":\"BreadcrumbList\",\"@id\":\"https:\/\/ojmar.com\/es\/how-to-use-ocs30\/#breadcrumb\",\"itemListElement\":[{\"@type\":\"ListItem\",\"position\":1,\"name\":\"Home\",\"item\":\"https:\/\/ojmar.com\/es\/inicio\/\"},{\"@type\":\"ListItem\",\"position\":2,\"name\":\"C\u00f3mo utilizar OCS30\"}]},{\"@type\":\"WebSite\",\"@id\":\"https:\/\/ojmar.com\/es\/#website\",\"url\":\"https:\/\/ojmar.com\/es\/\",\"name\":\"Ojmar\",\"description\":\"\",\"publisher\":{\"@id\":\"https:\/\/ojmar.com\/es\/#organization\"},\"potentialAction\":[{\"@type\":\"SearchAction\",\"target\":{\"@type\":\"EntryPoint\",\"urlTemplate\":\"https:\/\/ojmar.com\/es\/?s={search_term_string}\"},\"query-input\":{\"@type\":\"PropertyValueSpecification\",\"valueRequired\":true,\"valueName\":\"search_term_string\"}}],\"inLanguage\":\"es\"},{\"@type\":\"Organization\",\"@id\":\"https:\/\/ojmar.com\/es\/#organization\",\"name\":\"Ojmar\",\"alternateName\":\"Ojmar Locking Systems\",\"url\":\"https:\/\/ojmar.com\/es\/\",\"logo\":{\"@type\":\"ImageObject\",\"inLanguage\":\"es\",\"@id\":\"https:\/\/ojmar.com\/es\/#\/schema\/logo\/image\/\",\"url\":\"https:\/\/ojmar.com\/wp-content\/uploads\/2024\/06\/logo-ojmar-white-locking-systems.svg\",\"contentUrl\":\"https:\/\/ojmar.com\/wp-content\/uploads\/2024\/06\/logo-ojmar-white-locking-systems.svg\",\"width\":49,\"height\":9,\"caption\":\"Ojmar\"},\"image\":{\"@id\":\"https:\/\/ojmar.com\/es\/#\/schema\/logo\/image\/\"},\"sameAs\":[\"https:\/\/es.linkedin.com\/company\/ojmar\",\"https:\/\/www.youtube.com\/channel\/UCcg47x2TvbONCYzJkQkfVyg\"]}]}<\/script>\n<!-- \/ Yoast SEO plugin. -->","yoast_head_json":{"title":"C\u00f3mo utilizar OCS30 - Ojmar","robots":{"index":"index","follow":"follow","max-snippet":"max-snippet:-1","max-image-preview":"max-image-preview:large","max-video-preview":"max-video-preview:-1"},"canonical":"https:\/\/ojmar.com\/es\/how-to-use-ocs30\/","og_locale":"es_ES","og_type":"article","og_title":"C\u00f3mo utilizar OCS30 - Ojmar","og_description":"C\u00f3mo utilizar OCS 30 (Smart) Bienvenido a la p\u00e1gina de recursos de OCS 30 (Smart): su centro \u00fanico para todo lo que necesita para configurarlo y protegerlo en cuesti\u00f3n de minutos. A continuaci\u00f3n encontrar\u00e1 una gu\u00eda de inicio r\u00e1pido y el manual de usuario completo, ambos listos para descargar en formato PDF, para que pueda [&hellip;]","og_url":"https:\/\/ojmar.com\/es\/how-to-use-ocs30\/","og_site_name":"Ojmar","article_modified_time":"2025-05-30T12:00:08+00:00","og_image":[{"width":270,"height":80,"url":"https:\/\/ojmar.com\/wp-content\/uploads\/2025\/05\/GetItOnGooglePlay_Badge_Web_color_English.png","type":"image\/png"}],"twitter_card":"summary_large_image","twitter_misc":{"Tiempo de lectura":"1 minuto"},"schema":{"@context":"https:\/\/schema.org","@graph":[{"@type":"WebPage","@id":"https:\/\/ojmar.com\/es\/how-to-use-ocs30\/","url":"https:\/\/ojmar.com\/es\/how-to-use-ocs30\/","name":"C\u00f3mo utilizar OCS30 - Ojmar","isPartOf":{"@id":"https:\/\/ojmar.com\/es\/#website"},"primaryImageOfPage":{"@id":"https:\/\/ojmar.com\/es\/how-to-use-ocs30\/#primaryimage"},"image":{"@id":"https:\/\/ojmar.com\/es\/how-to-use-ocs30\/#primaryimage"},"thumbnailUrl":"https:\/\/ojmar.com\/wp-content\/uploads\/2025\/05\/GetItOnGooglePlay_Badge_Web_color_English.png","datePublished":"2025-05-30T11:37:48+00:00","dateModified":"2025-05-30T12:00:08+00:00","breadcrumb":{"@id":"https:\/\/ojmar.com\/es\/how-to-use-ocs30\/#breadcrumb"},"inLanguage":"es","potentialAction":[{"@type":"ReadAction","target":["https:\/\/ojmar.com\/es\/how-to-use-ocs30\/"]}]},{"@type":"ImageObject","inLanguage":"es","@id":"https:\/\/ojmar.com\/es\/how-to-use-ocs30\/#primaryimage","url":"https:\/\/ojmar.com\/wp-content\/uploads\/2025\/05\/GetItOnGooglePlay_Badge_Web_color_English.png","contentUrl":"https:\/\/ojmar.com\/wp-content\/uploads\/2025\/05\/GetItOnGooglePlay_Badge_Web_color_English.png"},{"@type":"BreadcrumbList","@id":"https:\/\/ojmar.com\/es\/how-to-use-ocs30\/#breadcrumb","itemListElement":[{"@type":"ListItem","position":1,"name":"Home","item":"https:\/\/ojmar.com\/es\/inicio\/"},{"@type":"ListItem","position":2,"name":"C\u00f3mo utilizar OCS30"}]},{"@type":"WebSite","@id":"https:\/\/ojmar.com\/es\/#website","url":"https:\/\/ojmar.com\/es\/","name":"Ojmar","description":"","publisher":{"@id":"https:\/\/ojmar.com\/es\/#organization"},"potentialAction":[{"@type":"SearchAction","target":{"@type":"EntryPoint","urlTemplate":"https:\/\/ojmar.com\/es\/?s={search_term_string}"},"query-input":{"@type":"PropertyValueSpecification","valueRequired":true,"valueName":"search_term_string"}}],"inLanguage":"es"},{"@type":"Organization","@id":"https:\/\/ojmar.com\/es\/#organization","name":"Ojmar","alternateName":"Ojmar Locking Systems","url":"https:\/\/ojmar.com\/es\/","logo":{"@type":"ImageObject","inLanguage":"es","@id":"https:\/\/ojmar.com\/es\/#\/schema\/logo\/image\/","url":"https:\/\/ojmar.com\/wp-content\/uploads\/2024\/06\/logo-ojmar-white-locking-systems.svg","contentUrl":"https:\/\/ojmar.com\/wp-content\/uploads\/2024\/06\/logo-ojmar-white-locking-systems.svg","width":49,"height":9,"caption":"Ojmar"},"image":{"@id":"https:\/\/ojmar.com\/es\/#\/schema\/logo\/image\/"},"sameAs":["https:\/\/es.linkedin.com\/company\/ojmar","https:\/\/www.youtube.com\/channel\/UCcg47x2TvbONCYzJkQkfVyg"]}]}},"_links":{"self":[{"href":"https:\/\/ojmar.com\/es\/wp-json\/wp\/v2\/pages\/19258","targetHints":{"allow":["GET"]}}],"collection":[{"href":"https:\/\/ojmar.com\/es\/wp-json\/wp\/v2\/pages"}],"about":[{"href":"https:\/\/ojmar.com\/es\/wp-json\/wp\/v2\/types\/page"}],"author":[{"embeddable":true,"href":"https:\/\/ojmar.com\/es\/wp-json\/wp\/v2\/users\/1"}],"replies":[{"embeddable":true,"href":"https:\/\/ojmar.com\/es\/wp-json\/wp\/v2\/comments?post=19258"}],"version-history":[{"count":2,"href":"https:\/\/ojmar.com\/es\/wp-json\/wp\/v2\/pages\/19258\/revisions"}],"predecessor-version":[{"id":19265,"href":"https:\/\/ojmar.com\/es\/wp-json\/wp\/v2\/pages\/19258\/revisions\/19265"}],"wp:attachment":[{"href":"https:\/\/ojmar.com\/es\/wp-json\/wp\/v2\/media?parent=19258"}],"curies":[{"name":"wp","href":"https:\/\/api.w.org\/{rel}","templated":true}]}}