{"id":9590,"date":"2024-10-08T13:02:26","date_gmt":"2024-10-08T11:02:26","guid":{"rendered":"http:\/\/www.ojmar.com\/nutzungsbedingungen\/"},"modified":"2025-03-26T14:15:29","modified_gmt":"2025-03-26T13:15:29","slug":"nutzungsbedingungen","status":"publish","type":"page","link":"https:\/\/ojmar.com\/de\/nutzungsbedingungen\/","title":{"rendered":"Nutzungsbedingungen"},"content":{"rendered":"\t\t<div data-elementor-type=\"wp-page\" data-elementor-id=\"9590\" class=\"elementor elementor-9590 elementor-4936\" data-elementor-post-type=\"page\">\n\t\t\t\t<div class=\"elementor-element elementor-element-2426023 e-flex e-con-boxed e-con e-parent\" data-id=\"2426023\" data-element_type=\"container\">\n\t\t\t\t\t<div class=\"e-con-inner\">\n\t\t\t\t<div class=\"elementor-element elementor-element-d154893 elementor-widget elementor-widget-breadcrumbs\" data-id=\"d154893\" data-element_type=\"widget\" data-widget_type=\"breadcrumbs.default\">\n\t\t\t\t\t<p id=\"breadcrumbs\"><span><span><a href=\"https:\/\/ojmar.com\/de\/inicio\/\">Home<\/a><\/span><\/span><\/p>\t\t\t\t<\/div>\n\t\t\t\t\t<\/div>\n\t\t\t\t<\/div>\n\t\t<div class=\"elementor-element elementor-element-f5849ab e-flex e-con-boxed e-con e-parent\" data-id=\"f5849ab\" data-element_type=\"container\" data-settings=\"{&quot;background_background&quot;:&quot;classic&quot;}\">\n\t\t\t\t\t<div class=\"e-con-inner\">\n\t\t\t\t<div class=\"elementor-element elementor-element-9d24de2 elementor-widget elementor-widget-heading\" data-id=\"9d24de2\" data-element_type=\"widget\" data-widget_type=\"heading.default\">\n\t\t\t\t\t<h1 class=\"elementor-heading-title elementor-size-default\">Nutzungsbedingungen<\/h1>\t\t\t\t<\/div>\n\t\t\t\t<div class=\"elementor-element elementor-element-ca2bb9e cms-page elementor-widget elementor-widget-text-editor\" data-id=\"ca2bb9e\" data-element_type=\"widget\" data-widget_type=\"text-editor.default\">\n\t\t\t\t\t\t\t\t\t<p>Auf Grundlage des am 12. Oktober 2002 in Kraft getretenen spanischen Gesetzes 34\/2002 \u00fcber die Dienstleistungen der Informationsgesellschaft und elektronischen Handel (LSSICE) und des Grundlagengesetzes 15\/1999 vom 13. Dezember \u00fcber den Schutz personenbezogener Daten wird bei OJMAR S.A. eine automatisierte Datei mit allen f\u00fcr die Gesch\u00e4ftsvorg\u00e4nge mit OJMAR S.A. notwendigen personenbezogenen Daten angelegt. Diese Datei kann bei der spanischen Agentur f\u00fcr Datenschutz unter der Kennnummer 2002650063 eingesehen werden. <\/p><p>Im Sinne der genannten Gesetze haben Sie das Recht, jederzeit Widerspruch gegen diese Daten einzulegen bzw. auf diese zugreifen und diese \u00e4ndern oder l\u00f6schen zu k\u00f6nnen.<\/p><p>OJMAR S.A. erf\u00fcllt alle Anforderungen zum Datenschutz, weshalb Ihre Angaben Dritten in keiner Weise zug\u00e4nglich gemacht werden. Dazu legen wir unsere Politik in Sachen Datenschutz zugrunde:<\/p><p>Anonymes Navigieren auf Webseiten. Das UNTERNEHMEN als Inhaber der Webseite www.ojmar.es erh\u00e4lt und speichert lediglich die folgende Information der Besucher auf unserer Webseite: <\/p><p>Der Domainname des Dienstleisters (PSI) f\u00fcr den Zugang zum Netzwerk, um die L\u00e4nder und Server statistisch zu erfassen, von denen aus unsere Webseite am h\u00e4ufigsten besucht wird.<\/p><p>Datum und Uhrzeit des Besuchs auf unserer Webseite, um die beliebtesten Besuchszeiten ausfindig machen und so eventuell erforderliche Einstellungen vornehmen zu k\u00f6nnen, um Probleme aufgrund des massenhaften Zugangs in Spitzenzeiten zu vermeiden.<\/p><p>Die Internet-Adresse, von der aus die Verlinkung zu unserer Webseite erfolgt, um die Wirksamkeit der Banner und Links zu unserem Server zu kennen und so diejenigen verst\u00e4rkt einzusetzen, die zu den jeweils besten Ergebnissen f\u00fchren.<\/p><p>Die Anzahl der t\u00e4glichen Besuche zu den verschiedenen Bereichen, um die beliebtesten Bereiche in Erfahrung zu bringen und die entsprechenden Inhalte zu verbessern und so mit besseren Ergebnissen die Akzeptanz und Zufriedenheit seitens der Anwender zu erh\u00f6hen.<\/p><p>Alle Angaben werden vollkommen anonym erhoben und k\u00f6nnen in keinem Fall einem bestimmten und identifizierten Nutzer zugeordnet werden.<\/p><p>Navigation mit Cookies. Auf unserer Webseite kommen Cookies zum Einsatz, die auf dem Computer des Anwenders erzeugt werden und es uns erm\u00f6glichen, folgende Information zu erhalten: <\/p><p>Datum und Uhrzeit des letzten Besuchs des Nutzers auf unserer Webseite.<\/p><p>Design der vom Nutzer bei seinem ersten Besuch auf unserer Webseite ausgew\u00e4hlten Inhalte.<\/p><p>Sicherheitselemente, die bei der Zugangssteuerung zu gesch\u00fctzten Bereichen zum Einsatz kommen. Der Nutzer kann die Erzeugung von Cookies durch Auswahl der entsprechenden Option in seinem Browserprogramm unterbinden. <\/p><h2>UMGANG MIT PERSONENBEZOGENEN DATEN.<\/h2><p>OJMAR S.A. ist ein spanisches Unternehmen und Inhaber der Webseite www.ojmar.es und der Datenbank, in der die von den Anwendern zur Verf\u00fcgung gestellten personenbezogenen Daten verwaltet werden. Im Sinne der g\u00fcltigen Gesetzgebung zum Datenschutz verpflichtet sich OJMAR, S.A. hiermit zur Einhaltung der Verpflichtung zur Verschwiegenheit in Bezug auf personenbezogene Daten und den vertraulichen Umgang mit denselben. OJMAR, S.A. wird hierzu alle erforderlichen Ma\u00dfnahmen ergreifen, damit diese Angaben nicht ver\u00e4ndert werden, verloren gehen oder von anderen manipuliert werden k\u00f6nnen. Gleicherma\u00dfen wird der nicht freigegebene Zugang zu diesen Daten unter Anwendung des jeweils aktuellen Stands der Technik verhindert. <\/p><p>OJMAR, S.A. beh\u00e4lt sich das Recht auf \u00c4nderung der Datenschutzbestimmungen vor, um diese an m\u00f6gliche gesetzliche \u00c4nderungen anzupassen. Diese \u00c4nderungen werden in jedem Fall rechtzeitig auf der Webseite von OJMAR, S.A. bekannt gegeben. <\/p><p>Der Anwender stimmt der automatisierten Verarbeitung der zur Verf\u00fcgung gestellten pers\u00f6nlichen Angaben zwecks Verbesserung und Erweiterung der von OJMAR, S.A. angebotenen Dienstleistungen ausdr\u00fccklich zu.<\/p><p>Der Anwender akzeptiert die festgelegten Bedingungen entweder durch Dr\u00fccken der Taste ICH AKZEPTIERE, die auf allen Formularen zur Erhebung von Daten verwendet wird.<\/p><p>Die in der zuvor genannten Datenbank enthaltenen Informationen werden sowohl zur ordnungsgem\u00e4\u00dfen Identifizierung der Anwender benutzt, die Dienstleistungen und\/oder Informationen von OJMAR, S.A. erhalten wollen, als auch zur Erstellung von Statistiken in Bezug auf die registrierten Anwender, um die angebotenen Dienstleistungen verbessern und grunds\u00e4tzliche Verwaltungsvorg\u00e4nge durchf\u00fchren und den registrierten Anwendern St\u00f6rungen, Angebote oder Neuigkeiten per Mail mitteilen zu k\u00f6nnen.<\/p><p>Die pers\u00f6nlichen Angaben der registrierten Anwender werden in eigenen Datenbanken bei OJMAR, S.A. gespeichert. OJMAR, S.A. ergreift alle technischen, organisatorischen und sicherheitsrelevanten Ma\u00dfnahmen, um die Vertraulichkeit und Vollst\u00e4ndigkeit aller Angaben im Sinne der g\u00fcltigen Gesetzgebung zu gew\u00e4hrleisten.<\/p><p>Der Anwender ist f\u00fcr die Wahrhaftigkeit aller von ihm gemachten Angaben verantwortlich. Unbeschadet weiterer rechtlicher Schritte beh\u00e4lt OJMAR S.A sich das Recht auf Ausschluss aller Nutzer von den registrierten Dienstleistungen vor, die falsche Angaben gemacht haben.<\/p><p>Alle registrierten Anwender haben das Recht, jederzeit auf ihre personenbezogenen Daten zugreifen und diese \u00e4ndern oder l\u00f6schen zu k\u00f6nnen. Dazu m\u00fcssen sie OJMAR, S.A. lediglich eine schriftliche Mitteilung an die folgende Adresse zukommen lassen. Pol\u00edgono Industrial de Ler\u00fan, s\/n .20870 Elgoibar, Gipuzkoa, Spanien.<\/p><h2>ALLGEMEINE, VON DEN DIENSTLEISTERN DER INFORMATION BEREITZUSTELLENDEN INFORMATION<\/h2><p>Unter Einhaltung der Bestimmungen des Artikels 10 des Gesetzes 34\/2002 \u00fcber Dienstleistungen der Informationsgesellschaft und elektronischen Handel wird hiermit erkl\u00e4rt, dass die Gesellschaft OJMAR, S.A. mit Sitz in Elgoibar, Gipuzkoa, Spanien C\/. Pol\u00edgono Industrial de Ler\u00fan, s\/n . PLZ 20870 mit Steuernummer NIF A 20003042 im Handelsregister von Gipuzkoa im Band 43 des Gesellschaftsregisters, Seite 53, Blatt Nr. 2484, vierter Eintrag vom 06.06.1945 eingetragen ist.     <\/p><p>Die Kontaktaufnahme kann per Mail (lockerlocks@ojmar. com), telefonisch (+34 943748484) oder per Fax (+34 943748490) erfolgen.<\/p>\t\t\t\t\t\t\t\t<\/div>\n\t\t\t\t\t<\/div>\n\t\t\t\t<\/div>\n\t\t\t\t<\/div>\n\t\t","protected":false},"excerpt":{"rendered":"<p>Nutzungsbedingungen Auf Grundlage des am 12. Oktober 2002 in Kraft getretenen spanischen Gesetzes 34\/2002 \u00fcber die Dienstleistungen der Informationsgesellschaft und elektronischen Handel (LSSICE) und des Grundlagengesetzes 15\/1999 vom 13. Dezember \u00fcber den Schutz personenbezogener Daten wird bei OJMAR S.A. eine automatisierte Datei mit allen f\u00fcr die Gesch\u00e4ftsvorg\u00e4nge mit OJMAR S.A. notwendigen personenbezogenen Daten angelegt. Diese [&hellip;]<\/p>\n","protected":false},"author":1,"featured_media":0,"parent":0,"menu_order":0,"comment_status":"closed","ping_status":"closed","template":"","meta":{"footnotes":""},"class_list":["post-9590","page","type-page","status-publish","hentry"],"yoast_head":"<!-- This site is optimized with the Yoast SEO plugin v24.7 - https:\/\/yoast.com\/wordpress\/plugins\/seo\/ -->\n<title>Nutzungsbedingungen - Ojmar<\/title>\n<meta name=\"robots\" content=\"index, follow, max-snippet:-1, max-image-preview:large, max-video-preview:-1\" \/>\n<link rel=\"canonical\" href=\"https:\/\/ojmar.com\/de\/nutzungsbedingungen\/\" \/>\n<meta property=\"og:locale\" content=\"de_DE\" \/>\n<meta property=\"og:type\" content=\"article\" \/>\n<meta property=\"og:title\" content=\"Nutzungsbedingungen - Ojmar\" \/>\n<meta property=\"og:description\" content=\"Nutzungsbedingungen Auf Grundlage des am 12. Oktober 2002 in Kraft getretenen spanischen Gesetzes 34\/2002 \u00fcber die Dienstleistungen der Informationsgesellschaft und elektronischen Handel (LSSICE) und des Grundlagengesetzes 15\/1999 vom 13. Dezember \u00fcber den Schutz personenbezogener Daten wird bei OJMAR S.A. eine automatisierte Datei mit allen f\u00fcr die Gesch\u00e4ftsvorg\u00e4nge mit OJMAR S.A. notwendigen personenbezogenen Daten angelegt. Diese [&hellip;]\" \/>\n<meta property=\"og:url\" content=\"https:\/\/ojmar.com\/de\/nutzungsbedingungen\/\" \/>\n<meta property=\"og:site_name\" content=\"Ojmar\" \/>\n<meta property=\"article:modified_time\" content=\"2025-03-26T13:15:29+00:00\" \/>\n<meta name=\"twitter:card\" content=\"summary_large_image\" \/>\n<meta name=\"twitter:label1\" content=\"Gesch\u00e4tzte Lesezeit\" \/>\n\t<meta name=\"twitter:data1\" content=\"4\u00a0Minuten\" \/>\n<script type=\"application\/ld+json\" class=\"yoast-schema-graph\">{\"@context\":\"https:\/\/schema.org\",\"@graph\":[{\"@type\":\"WebPage\",\"@id\":\"https:\/\/ojmar.com\/de\/nutzungsbedingungen\/\",\"url\":\"https:\/\/ojmar.com\/de\/nutzungsbedingungen\/\",\"name\":\"Nutzungsbedingungen - Ojmar\",\"isPartOf\":{\"@id\":\"https:\/\/ojmar.com\/de\/#website\"},\"datePublished\":\"2024-10-08T11:02:26+00:00\",\"dateModified\":\"2025-03-26T13:15:29+00:00\",\"breadcrumb\":{\"@id\":\"https:\/\/ojmar.com\/de\/nutzungsbedingungen\/#breadcrumb\"},\"inLanguage\":\"de\",\"potentialAction\":[{\"@type\":\"ReadAction\",\"target\":[\"https:\/\/ojmar.com\/de\/nutzungsbedingungen\/\"]}]},{\"@type\":\"BreadcrumbList\",\"@id\":\"https:\/\/ojmar.com\/de\/nutzungsbedingungen\/#breadcrumb\",\"itemListElement\":[{\"@type\":\"ListItem\",\"position\":1,\"name\":\"Home\",\"item\":\"https:\/\/ojmar.com\/de\/inicio\/\"},{\"@type\":\"ListItem\",\"position\":2,\"name\":\"Nutzungsbedingungen\"}]},{\"@type\":\"WebSite\",\"@id\":\"https:\/\/ojmar.com\/de\/#website\",\"url\":\"https:\/\/ojmar.com\/de\/\",\"name\":\"Ojmar\",\"description\":\"\",\"publisher\":{\"@id\":\"https:\/\/ojmar.com\/de\/#organization\"},\"potentialAction\":[{\"@type\":\"SearchAction\",\"target\":{\"@type\":\"EntryPoint\",\"urlTemplate\":\"https:\/\/ojmar.com\/de\/?s={search_term_string}\"},\"query-input\":{\"@type\":\"PropertyValueSpecification\",\"valueRequired\":true,\"valueName\":\"search_term_string\"}}],\"inLanguage\":\"de\"},{\"@type\":\"Organization\",\"@id\":\"https:\/\/ojmar.com\/de\/#organization\",\"name\":\"Ojmar\",\"alternateName\":\"Ojmar Locking Systems\",\"url\":\"https:\/\/ojmar.com\/de\/\",\"logo\":{\"@type\":\"ImageObject\",\"inLanguage\":\"de\",\"@id\":\"https:\/\/ojmar.com\/de\/#\/schema\/logo\/image\/\",\"url\":\"https:\/\/ojmar.com\/wp-content\/uploads\/2024\/06\/logo-ojmar-white-locking-systems.svg\",\"contentUrl\":\"https:\/\/ojmar.com\/wp-content\/uploads\/2024\/06\/logo-ojmar-white-locking-systems.svg\",\"width\":49,\"height\":9,\"caption\":\"Ojmar\"},\"image\":{\"@id\":\"https:\/\/ojmar.com\/de\/#\/schema\/logo\/image\/\"},\"sameAs\":[\"https:\/\/es.linkedin.com\/company\/ojmar\",\"https:\/\/www.youtube.com\/channel\/UCcg47x2TvbONCYzJkQkfVyg\"]}]}<\/script>\n<!-- \/ Yoast SEO plugin. -->","yoast_head_json":{"title":"Nutzungsbedingungen - Ojmar","robots":{"index":"index","follow":"follow","max-snippet":"max-snippet:-1","max-image-preview":"max-image-preview:large","max-video-preview":"max-video-preview:-1"},"canonical":"https:\/\/ojmar.com\/de\/nutzungsbedingungen\/","og_locale":"de_DE","og_type":"article","og_title":"Nutzungsbedingungen - Ojmar","og_description":"Nutzungsbedingungen Auf Grundlage des am 12. Oktober 2002 in Kraft getretenen spanischen Gesetzes 34\/2002 \u00fcber die Dienstleistungen der Informationsgesellschaft und elektronischen Handel (LSSICE) und des Grundlagengesetzes 15\/1999 vom 13. Dezember \u00fcber den Schutz personenbezogener Daten wird bei OJMAR S.A. eine automatisierte Datei mit allen f\u00fcr die Gesch\u00e4ftsvorg\u00e4nge mit OJMAR S.A. notwendigen personenbezogenen Daten angelegt. Diese [&hellip;]","og_url":"https:\/\/ojmar.com\/de\/nutzungsbedingungen\/","og_site_name":"Ojmar","article_modified_time":"2025-03-26T13:15:29+00:00","twitter_card":"summary_large_image","twitter_misc":{"Gesch\u00e4tzte Lesezeit":"4\u00a0Minuten"},"schema":{"@context":"https:\/\/schema.org","@graph":[{"@type":"WebPage","@id":"https:\/\/ojmar.com\/de\/nutzungsbedingungen\/","url":"https:\/\/ojmar.com\/de\/nutzungsbedingungen\/","name":"Nutzungsbedingungen - Ojmar","isPartOf":{"@id":"https:\/\/ojmar.com\/de\/#website"},"datePublished":"2024-10-08T11:02:26+00:00","dateModified":"2025-03-26T13:15:29+00:00","breadcrumb":{"@id":"https:\/\/ojmar.com\/de\/nutzungsbedingungen\/#breadcrumb"},"inLanguage":"de","potentialAction":[{"@type":"ReadAction","target":["https:\/\/ojmar.com\/de\/nutzungsbedingungen\/"]}]},{"@type":"BreadcrumbList","@id":"https:\/\/ojmar.com\/de\/nutzungsbedingungen\/#breadcrumb","itemListElement":[{"@type":"ListItem","position":1,"name":"Home","item":"https:\/\/ojmar.com\/de\/inicio\/"},{"@type":"ListItem","position":2,"name":"Nutzungsbedingungen"}]},{"@type":"WebSite","@id":"https:\/\/ojmar.com\/de\/#website","url":"https:\/\/ojmar.com\/de\/","name":"Ojmar","description":"","publisher":{"@id":"https:\/\/ojmar.com\/de\/#organization"},"potentialAction":[{"@type":"SearchAction","target":{"@type":"EntryPoint","urlTemplate":"https:\/\/ojmar.com\/de\/?s={search_term_string}"},"query-input":{"@type":"PropertyValueSpecification","valueRequired":true,"valueName":"search_term_string"}}],"inLanguage":"de"},{"@type":"Organization","@id":"https:\/\/ojmar.com\/de\/#organization","name":"Ojmar","alternateName":"Ojmar Locking Systems","url":"https:\/\/ojmar.com\/de\/","logo":{"@type":"ImageObject","inLanguage":"de","@id":"https:\/\/ojmar.com\/de\/#\/schema\/logo\/image\/","url":"https:\/\/ojmar.com\/wp-content\/uploads\/2024\/06\/logo-ojmar-white-locking-systems.svg","contentUrl":"https:\/\/ojmar.com\/wp-content\/uploads\/2024\/06\/logo-ojmar-white-locking-systems.svg","width":49,"height":9,"caption":"Ojmar"},"image":{"@id":"https:\/\/ojmar.com\/de\/#\/schema\/logo\/image\/"},"sameAs":["https:\/\/es.linkedin.com\/company\/ojmar","https:\/\/www.youtube.com\/channel\/UCcg47x2TvbONCYzJkQkfVyg"]}]}},"_links":{"self":[{"href":"https:\/\/ojmar.com\/de\/wp-json\/wp\/v2\/pages\/9590","targetHints":{"allow":["GET"]}}],"collection":[{"href":"https:\/\/ojmar.com\/de\/wp-json\/wp\/v2\/pages"}],"about":[{"href":"https:\/\/ojmar.com\/de\/wp-json\/wp\/v2\/types\/page"}],"author":[{"embeddable":true,"href":"https:\/\/ojmar.com\/de\/wp-json\/wp\/v2\/users\/1"}],"replies":[{"embeddable":true,"href":"https:\/\/ojmar.com\/de\/wp-json\/wp\/v2\/comments?post=9590"}],"version-history":[{"count":2,"href":"https:\/\/ojmar.com\/de\/wp-json\/wp\/v2\/pages\/9590\/revisions"}],"predecessor-version":[{"id":10289,"href":"https:\/\/ojmar.com\/de\/wp-json\/wp\/v2\/pages\/9590\/revisions\/10289"}],"wp:attachment":[{"href":"https:\/\/ojmar.com\/de\/wp-json\/wp\/v2\/media?parent=9590"}],"curies":[{"name":"wp","href":"https:\/\/api.w.org\/{rel}","templated":true}]}}