{"id":9580,"date":"2024-10-08T13:04:52","date_gmt":"2024-10-08T11:04:52","guid":{"rendered":"http:\/\/www.ojmar.com\/allgemeine-geschaeftsbedingungen\/"},"modified":"2025-03-26T12:52:00","modified_gmt":"2025-03-26T11:52:00","slug":"allgemeine-geschaeftsbedingungen","status":"publish","type":"page","link":"https:\/\/ojmar.com\/de\/allgemeine-geschaeftsbedingungen\/","title":{"rendered":"Allgemeine gescha\u0308ftsbedingungen"},"content":{"rendered":"\t\t<div data-elementor-type=\"wp-page\" data-elementor-id=\"9580\" class=\"elementor elementor-9580 elementor-4944\" data-elementor-post-type=\"page\">\n\t\t\t\t<div class=\"elementor-element elementor-element-2426023 e-flex e-con-boxed e-con e-parent\" data-id=\"2426023\" data-element_type=\"container\">\n\t\t\t\t\t<div class=\"e-con-inner\">\n\t\t\t\t<div class=\"elementor-element elementor-element-d154893 elementor-widget elementor-widget-breadcrumbs\" data-id=\"d154893\" data-element_type=\"widget\" data-widget_type=\"breadcrumbs.default\">\n\t\t\t\t\t<p id=\"breadcrumbs\"><span><span><a href=\"https:\/\/ojmar.com\/de\/inicio\/\">Home<\/a><\/span><\/span><\/p>\t\t\t\t<\/div>\n\t\t\t\t\t<\/div>\n\t\t\t\t<\/div>\n\t\t<div class=\"elementor-element elementor-element-f5849ab e-flex e-con-boxed e-con e-parent\" data-id=\"f5849ab\" data-element_type=\"container\" data-settings=\"{&quot;background_background&quot;:&quot;classic&quot;}\">\n\t\t\t\t\t<div class=\"e-con-inner\">\n\t\t\t\t<div class=\"elementor-element elementor-element-9d24de2 elementor-widget elementor-widget-heading\" data-id=\"9d24de2\" data-element_type=\"widget\" data-widget_type=\"heading.default\">\n\t\t\t\t\t<h1 class=\"elementor-heading-title elementor-size-default\">Allgemeine gescha\u0308ftsbedingungen<\/h1>\t\t\t\t<\/div>\n\t\t\t\t<div class=\"elementor-element elementor-element-ca2bb9e cms-page elementor-widget elementor-widget-text-editor\" data-id=\"ca2bb9e\" data-element_type=\"widget\" data-widget_type=\"text-editor.default\">\n\t\t\t\t\t\t\t\t\t<h2>1. Anwendungsbereich und inkrafttreten.<\/h2><p>Mit der Ausfu\u0308hrung der Bestellung durch den Kunden und deren Annahme durch OJMAR, S.A. (im Folgenden OJMAR genannt; beide im Folgenden als die Parteien bezeichnet), nimmt der Kunde die vorliegenden allgemeinen Vertragsbedingungen, die er zu kennen erkla\u0308rt, an und unterwirft sich ihnen. Die allgemeinen Bedingungen wurden dem Kunden zum Zeitpunkt der Bestellung zur Verfu\u0308gung gestellt. Daru\u0308ber hinaus unterwerfen sich die Parteien den besonderen Vertragsbedingungen, welche gegebenenfalls zwischen ihnen ausgehandelt wurden. <\/p><p>Der Kunde erkla\u0308rt, dass er nicht Endverbraucher der von OJMAR verkauften Produkte ist, sondern eine Handelsgesellschaft oder eine natu\u0308rliche Person, die im Verkehr als Einzelunternehmer ta\u0308tig ist, weshalb auf ihn auf keinen Fall die spezifischen Gesetzesvorschriften u\u0308ber Verbraucher, Benutzer, allgemeine Vertragsbedingungen oder sonstige besonderen Vorschriften fu\u0308r diese Personengruppen zur Anwendung kommen.<\/p><p>Sofern die vorliegenden Vertragsbedingungen zu irgendeinem Zeitpunkt dem Kunden mitgeteilt und zur Verfu\u0308gung gestellt wurden, richtet sich das Verha\u0308ltnis zwischen beiden Parteien nach diesen Bedingungen, und zwar auch dann, wenn sie bei der Kommunikation zwischen den beiden Parteien nicht ausdru\u0308cklich erwa\u0308hnt wurden.<\/p><p>Jede Vereinbarung zwischen den Parteien, die ganz oder teilweise mit den vorliegenden Vertragsbedingungen im Widerspruch steht, muss von den Parteien ausdru\u0308cklich und schriftlich festgehalten werden, wobei ausdru\u0308cklich anzugeben ist, welche der Bedingungen ihre Gu\u0308ltigkeit verliert.<\/p><h2>2. Gescha\u0308ftsabwicklung, bedingungen, preise und bezahlung.<\/h2><p>Die an OJMAR ausgefu\u0308hrten Bestellungen sind nicht bindend, solange nicht die ausdru\u0308ckliche Annahme der Bestellung durch OJMAR in allen ihren Teilen vorliegt. Falls OJMAR eine, wenn auch nur teilweise A\u0308nderung<br>der Bestellung des Kunden vorschla\u0308gt, so ist weder die anfa\u0308ngliche Bestellung des Kunden noch der Vorschlag von OJMAR fu\u0308r diese bindend, solange nicht die Annahme und ausdru\u0308ckliche Einigung der beiden Parteien u\u0308ber alle Vertragsbedingungen vorliegt. <\/p><p>Ebenso wenig ist ein Angebot, das OJMAR auf eigene Initiative oder auf Wunsch des Kunden abgibt, fu\u0308r OJMAR bindend, solange nicht die Annahme und ausdru\u0308ckliche Bestellung durch den Kunden vorliegen.<\/p><p>Die verkaufte Ware wird an den Kunden zu den vereinbarten Bedingungen geliefert und u\u0308bergeben, welche im Kostenvoranschlag oder der Annahme der Bestellung durch OJMAR aufgefu\u0308hrt sind.<\/p><p>Die von OJMAR angebotenen Preise enthalten keinen anderen Kostenpunkt als den Preis der Ware an sich, es sei denn, im Kostenvoranschlag werden ausdru\u0308cklich andere Kostenpunkte miteinbezogen.<\/p><p>Alle von OJMAR angebotenen Bedingungen sind ab dem Zeitpunkt der Angebotsabgabe an den Kunden drei Monate gu\u0308ltig. Nach Ablauf dieses Zeitraumes und im Fall der Annahme des Angebots durch den Kunden beha\u0308lt sich OJMAR das Recht vor, die Annahme zu den anfa\u0308nglichen Bedingungen zu akzeptieren oder sie in Punkten wie z.B. den Preisen unter Beru\u0308cksichtigung von konjunkturellen Gru\u0308nden &#8211; wie der Kostensteigerung fu\u0308r Rohstoffe, arbeitsrechtliche Risiken oder sonstiges &#8211; zu vera\u0308ndern. <\/p><p>Ebenso beha\u0308lt sich OJMAR fu\u0308r die Bestellungen, bei denen ein Ausfu\u0308hrungszeitraum von mehr als fu\u0308nf Monaten erforderlich ist, das Recht vor, den Preis der Ware unter Beru\u0308cksichtigung der oben angegebenen konjunkturellen Gru\u0308nde bzw. Preissteigerungen fu\u0308r Rohstoffe zu erho\u0308hen. Die Preiserho\u0308hung erfolgt proportional zur Steigerung der Kosten, welche OJMAR infolge der oben genannten Gru\u0308nde erleidet. <\/p><p>Die Zahlungsbedingungen fu\u0308r die Ware sind den Angeboten und Rechnungen zu entnehmen. Falls der Kunde mit der Zahlung gema\u0308\u00df den angegebenen Bedingungen in Verzug gera\u0308t, ist OJMAR berechtigt, Verzugszinsen in Ho\u0308he von 10 % der geschuldeten Summe zu berechnen, unbeachtet sonstiger Schritte, zu denen sie aufgrund der durch die Nichtleistung erlittenen Scha\u0308den berechtigt ist. <\/p><h2>3. Versand und u\u0308bergabe der ware.<\/h2><p>Der Versand der Ware, der Risikou\u0308bergang und die Transportversicherung erfolgen gema\u0308\u00df den zwischen den Parteien vereinbarten Bedingungen. Ab dem Zeitpunkt, zu dem die Waren dem Kunden wie vereinbart zur Verfu\u0308gung gestellt worden sind, ist OJMAR nicht fu\u0308r die Scha\u0308den verantwortlich, welche eventuell die Ware selbst und\/oder direkt oder indirekt der Kunde aufgrund der Nichtabholung der Ware erleiden. <\/p><p>Die von OJMAR in ihrem Kostenvoranschlag angegebene Lieferfrist fu\u0308r die Waren beginnt ab dem Eingangsdatum der Auftragsbesta\u0308tigung seitens des Kunden. Falls der Kunde nach der Annahme eine A\u0308nderung oder einen Zusatz zu der Bestellung vornimmt, so beginnt die Frist fu\u0308r die Auslieferung der ersten Bestellung ab der ausdru\u0308cklichen Annahme der ausgefu\u0308hrten A\u0308nderungen durch die Parteien erneut zu laufen. <\/p><p>OJMAR ist weder fu\u0308r eine Verzo\u0308gerung bei der U\u0308bergabe aus Gru\u0308nden der ho\u0308heren Gewalt noch aus anderen zum Zeitpunkt der Einigung nicht vorhersehbaren Gru\u0308nden verantwortlich, einschlie\u00dflich Streik oder arbeitsrechtliche Zwischenfa\u0308lle, u\u0308ber welche der Kunde in Kenntnis gesetzt wird. Fu\u0308r den Fall, dass diese Umsta\u0308nde den Versand der Waren mehr als sechs Wochen hinsichtlich der anfa\u0308nglich vorgesehenen Frist hinauszo\u0308gern, ist der Kunde berechtigt, das Gescha\u0308ft aufzulo\u0308sen, ohne dass daraus ein weiteres Forderungs- oder Klagerecht gegenu\u0308ber OJMAR resultiert. <\/p><p>OJMAR beha\u0308lt sich das Recht vor, die U\u0308bergabe der Waren auszusetzen oder die Produktion zu unterbrechen, falls vernu\u0308nftige Gru\u0308nde vorliegen, welche voraussehen lassen, dass der Kunde seine Zahlungspflicht fu\u0308r die Waren zu den vereinbarten Bedingungen nicht erfu\u0308llen wird, Alle vom Kunden an der Ware festgestellten Scha\u0308den oder Beeintra\u0308chtigungen, sowie Fehler (in Bezug auf die Menge, Qualita\u0308t oder andere Eigenschaften der Ware) oder Nichtu\u0308bereinstimmung mit der Ware oder der Bestellung mu\u0308ssen OJMAR innerhalb einer Frist von 3 Tagen ab der Bereitstellung des Produktes beim Kunden mitgeteilt werden. <\/p><p>Diese Mitteilung muss schriftlich und unter genauer Angabe der betroffenen Waren und ihrer Ma\u0308ngel erfolgen. Der Kunde ist verpflichtet, OJMAR so viele Warenproben, wie von ihm verlangt werden, zu u\u0308bersenden und gegebenenfalls den Zugang von OJMAR zu der Ware in den Kundeneinrichtungen oder an einem sonstigen Ort zuzulassen. Falls er die Ware nicht u\u0308bersendet bzw. die Besichtigung nicht zula\u0308sst, geht OJMAR davon aus, dass kein Mangel existiert, und ist daher nicht verantwortlich.<\/p><p>Die Kosten, die aufgrund der Besichtigung der vom Kunden als mangelhaft angezeigten Ware entstehen, wie z.B. Reisen, Versandkosten oder a\u0308hnliches, gehen nur dann zu Lasten von OJMAR, wenn der Fabrikationsfehler des Produkts nachgewiesen wird. Ist dies nicht der Fall, so kann OJMAR diese Kosten auf den Kunden u\u0308berwa\u0308lzen. <br>Der Kunde schickt die Produkte frachtfrei an OJMAR zuru\u0308ck. Anderenfalls ko\u0308nnen diese nicht angenommen werden.<br>Sollte das Produkt bescha\u0308digt sein, erstattet OJMAR dem Kunden die entstandenen Versandkosten und u\u0308bernimmt ebenfalls alle Kosten fu\u0308r die Ru\u0308cksendung der Produkte an den Kunden.   <\/p><p>Das Eigentum an den von OJMAR verkauften Produkten geht erst dann auf den Kunden u\u0308ber, wenn OJMAR die vollsta\u0308ndige Zahlung der Produkte zu den von den Parteien vereinbarten Bedingungen festgestellt hat. Ungeachtet dessen ist der Kunde fu\u0308r den Zustand der Ware ab dem Zeitpunkt verantwortlich, zu dem gema\u0308\u00df der Parteienvereinbarung der Risikou\u0308bergang des Rechtsgescha\u0308fts stattfindet.  <\/p><p>OJMAR ist, bis nicht die vollsta\u0308ndige Zahlung der Ware erfolgt ist und ab dem Zeitpunkt, zu dem der Kunde seine vereinbarte Zahlungspflicht verletzt, berechtigt, vom Kunden die Ru\u0308ckerstattung der Ware auf Kosten des Kunden zu fordern. Solange der Kunde nicht den vollsta\u0308ndigen Kaufpreis gezahlt hat und sich OJMAR infolgedessen das Eigentum vorbeha\u0308lt, ist der Kunde verpflichtet, an jeden, dem er den Besitz an der Ware u\u0308bertra\u0308gt- sei es einzeln oder in Verbindung mit oder als Teil von anderen Elementen-, den existierenden Eigentumsvorbehalt zugunsten von OJMAR mitzuteilen.   <\/p><p>Falls OJMAR aus irgendeinem Grund den Besitz an der Ware nicht zuru\u0308ckerha\u0308lt, obwohl sie dazu berechtigt ist, wird dem Kunden eine Vertragsstrafe von 20 % des Warenwertes zuzu\u0308glich zum Warenwert und weiteren Schadensersatzleistungen, auf die OJMAR Anspruch hat, angerechnet. <\/p><h2>4. Warenmuster und garantie.<\/h2><p>Alle Entwu\u0308rfe, Fotos, Zeichnungen, Strukturen und Daten, welche in Mitteilungen, Katalogen, Auflistungen, Webseiten oder auf jeglichem anderen Tra\u0308ger enthalten sind, zeigen ein anna\u0308hernd der Wirklichkeit entsprechendes Bild der angebotenen Ware. Alle Produkte sowie ihre dort enthaltenen Daten und Eigenschaften haben rein informativen Wert. <\/p><p>Die vom Kunden bestellten Produkte ko\u0308nnen einseitig von OJMAR aus technischen Gru\u0308nden in Bereichen wie Struktur, Gro\u0308\u00dfe oder a\u0308sthetisches Aussehen vera\u0308ndert werden, ohne dass dies die grundlegenden Bedingungen und Funktionen der Ware beeintra\u0308chtigt.<\/p><p>OJMAR ist nur dazu verpflichtet, den Kunden fu\u0308r die direkten Scha\u0308den, die ihm infolge des Produktmangels entstehen, zu entscha\u0308digen. OJMAR ist auf keinem Fall, weder direkt noch indirekt, Dritten gegenu\u0308ber fu\u0308r Forderungen, die diese an OJMAR oder an den Kunden stellen, verantwortlich. Der Kunde muss alle Kosten u\u0308bernehmen, die OJMAR infolge einer Forderung Dritter, mit denen der Kunde eventuell ein Vertragsverha\u0308ltnis hat und die nicht direkt mit OJMAR unter Vertrag stehen, verursacht werden.  <\/p><p>Sofern nicht anderweitig durch spezielle Bedingungen in unserer Offerte geregelt, garantiert OJMAR die ordnungsgem\u00e4\u00dfe Funktionsweise aller Produkte unter normalen Gebrauchsbedingungen f\u00fcr einen Zeitraum von 2 Jahren mit Ausnahme der Vorhangschl\u00f6sser, Armb\u00e4nder und RFD-Karten, bei denen die Garantie 1 Jahr betr\u00e4gt.<\/p><p>Die Garantiedauer f\u00fcr Reparaturen betr\u00e4gt 6 Monate.<\/p><p>Die Garantiedauer f\u00fcr Reparaturen, die innerhalb der zweij\u00e4hrigen Garantiefrist ausgef\u00fchrt werden, endet ebenfalls mit Ablauf der Zweijahresfrist.<\/p><p>Dabei ist unter korrekter Funktionsweise zu verstehen, dass der Mechanismus, die Nutzung, die Funktionalit\u00e4t und der Zweck der Produkte von OJMAR unter normalen Umst\u00e4nden keinen Schaden, Verschlei\u00df, Bruch, keine St\u00f6rungen oder sonstigen Zwischenf\u00e4lle erleiden.   <\/p><p>Unter normalen Nutzungsbedingungen ist die Nutzung des Schlosses zu dem Zweck, zu dem es bestimmt ist, zu verstehen. Unter normalen Nutzungsbedingungen ist dar\u00fcber hinaus der Einbau des Schlosses in einer Standardumgebung zu verstehen, die nicht besonderen Temperaturschwankungen, Feuchtigkeit, chemischen Wirkstoffen oder speziellen Produkten ausgesetzt ist. Unter normalen Nutzungsbedingungen ist weiterhin hinaus zu verstehen, dass keine gewaltsamen Mittel, durch menschliche Kraft oder Einsatz von mechanischen, elektronischen oder sonstigen Vorrichtungen eingesetzt werden, mit denen absichtlich eine Beeintr\u00e4chtigung der korrekten Funktionsweise der Produkte bezweckt wird, seien diese Mittel rechtm\u00e4\u00dfig oder nicht.<\/p><p>Falls die Produkte von OJMAR infolge der Nichtexistenz der oben genannten normalen Nutzungsbedingungen oder sonstigen Bedingungen, die, obwohl nicht aufgez\u00e4hlt, als eine Ver\u00e4nderung der Standardsituation oder Standardnutzungsweise anzusehen sind, so ver\u00e4ndert werden, dass eine korrekte Funktionsweise nicht m\u00f6glich ist, ist OJMAR auf keinen Fall f\u00fcr die Sch\u00e4den verantwortlich, welche dem Kunden oder Dritten entstehen k\u00f6nnten.<\/p><p>Alle Arten von Eingriffen, unangemessenem Gebrauch, Umwandlungen, Reparaturen oder \u00c4nderungen durch den Kunden oder Dritte an den Produkten aus Gr\u00fcnden wie beispielsweise einer beabsichtigten Verbesserung, stellt OJMAR von aller Produkt bezogenen Verantwortung frei und f\u00fchrt automatisch zur Beendigung der Garantiefrist.<\/p><p>Von dieser Garantie werden ausdr\u00fccklich alle Zwischenf\u00e4lle ausgenommen, die auf externe bzw. OJMAR nicht anzulastende Ursachen wie Zuf\u00e4lle oder h\u00f6here Gewalt wie beispielsweise atmosph\u00e4rische Einfl\u00fcsse, Diebstahl, Vandalismus, Brand, zuf\u00e4lliges oder gewaltsames \u00d6ffnen der T\u00fcren oder alle anderen Ursachen, die von einen normalen Gebrauch des Produkts abweichen, zur\u00fcckzuf\u00fchren sind.<\/p><p>Die Verantwortung von OJMAR beschr\u00e4nkt sich in jedem Fall auf den Wert des Schlosses oder des Produkts, das Gegenstand der jeweiligen Bestellung bzw. des zwischen OJMAR und dem Kunden abgewickelten Verkaufs ist, bzw. den entsprechenden Ersatz. <\/p><p>OJMAR ist somit auf keinen Fall weder direkt noch indirekt f\u00fcr die auf den Gebrauch oder die Funktionsweise der Produkte zur\u00fcckzuf\u00fchrenden Folgen verantwortlich. OJMAR ist weiterhin nicht verantwortlich f\u00fcr die Gegenst\u00e4nde, die sich in den M\u00f6beln, Schlie\u00dff\u00e4chern, F\u00e4chern, Schr\u00e4nken oder anderen Elementen befunden haben oder hier deponiert wurden, die mit Schl\u00f6ssern von OJMAR bet\u00e4tigt werden. <\/p><p>Diese Garantie deckt die Reparatur des Produkts oder seinen Ersatz ausschlie\u00dflich im Sinne des Ermessens von OJMAR, vorausgesetzt dass OJMAR f\u00fcr die notwendige Reparatur bzw. den entsprechenden Ersatz im Sinne des Artikels 4 verantwortlich ist.<\/p><h2>5. Gewerbliches und geistiges eigentum.<\/h2><p>Alle Modelle, Entwu\u0308rfe, Zeichnungen, Skizzen, Prototypen und Schemata der Produkte von OJMAR unterliegen den gesetzlichen Vorschriften u\u0308ber gewerbliches und geistiges Eigentum. Eine Nutzung dieser Elemente darf ausschlie\u00dflich zu den kommerziellen und gewerblichen Zwecken erfolgen, die das Rechtsgescha\u0308ft mit sich bringt. Fu\u0308r die Nutzung der Elemente zum Zweck der Werbung, Warenprobe oder zu Versuchen ist die ausdru\u0308ckliche Zustimmung von OJMAR erforderlich, die u\u0308ber die Ausfu\u0308hrungsart sowie den Hinweis auf den Namen von OJMAR und den Ursprung der Produkte entscheidet.  <\/p><h2>6. Anwendbare gesetzgebung, erfu\u0308llungsort und gerichtsstand.<\/h2><p>Sa\u0308mtliche Meinungsverschiedenheiten oder Rechtsstreitigkeiten, zu denen es aufgrund der Erfu\u0308llung, Ausfu\u0308hrung oder Auslegung eines zwischen den Parteien bestehenden Vertragsverha\u0308ltnisses kommt, richten sich nach der spanischen Gesetzgebung, unter Ausschluss aller anderen eventuell anwendbaren Vorschriften des internationalen Rechts. Elgoibar (Guipuzkoa &#8211; Spanien) ist Erfu\u0308llungsort fu\u0308r U\u0308bergabe, Versand und Zahlung der Ware. Ausschlie\u00dflicher Gerichtsstand fu\u0308r sa\u0308mtliche Klagehandlungen, Mahnverfahren, Feststellungsklagen bzw. alle sonstigen Verfahren bei einer Instanz oder.  <\/p>\t\t\t\t\t\t\t\t<\/div>\n\t\t\t\t\t<\/div>\n\t\t\t\t<\/div>\n\t\t\t\t<\/div>\n\t\t","protected":false},"excerpt":{"rendered":"<p>Allgemeine gescha\u0308ftsbedingungen 1. Anwendungsbereich und inkrafttreten. Mit der Ausfu\u0308hrung der Bestellung durch den Kunden und deren Annahme durch OJMAR, S.A. (im Folgenden OJMAR genannt; beide im Folgenden als die Parteien bezeichnet), nimmt der Kunde die vorliegenden allgemeinen Vertragsbedingungen, die er zu kennen erkla\u0308rt, an und unterwirft sich ihnen. Die allgemeinen Bedingungen wurden dem Kunden zum [&hellip;]<\/p>\n","protected":false},"author":1,"featured_media":0,"parent":0,"menu_order":0,"comment_status":"closed","ping_status":"closed","template":"","meta":{"footnotes":""},"class_list":["post-9580","page","type-page","status-publish","hentry"],"yoast_head":"<!-- This site is optimized with the Yoast SEO plugin v24.7 - https:\/\/yoast.com\/wordpress\/plugins\/seo\/ -->\n<title>Allgemeine gescha\u0308ftsbedingungen - Ojmar<\/title>\n<meta name=\"robots\" content=\"index, follow, max-snippet:-1, max-image-preview:large, max-video-preview:-1\" \/>\n<link rel=\"canonical\" href=\"https:\/\/ojmar.com\/de\/allgemeine-geschaeftsbedingungen\/\" \/>\n<meta property=\"og:locale\" content=\"de_DE\" \/>\n<meta property=\"og:type\" content=\"article\" \/>\n<meta property=\"og:title\" content=\"Allgemeine gescha\u0308ftsbedingungen - Ojmar\" \/>\n<meta property=\"og:description\" content=\"Allgemeine gescha\u0308ftsbedingungen 1. Anwendungsbereich und inkrafttreten. Mit der Ausfu\u0308hrung der Bestellung durch den Kunden und deren Annahme durch OJMAR, S.A. (im Folgenden OJMAR genannt; beide im Folgenden als die Parteien bezeichnet), nimmt der Kunde die vorliegenden allgemeinen Vertragsbedingungen, die er zu kennen erkla\u0308rt, an und unterwirft sich ihnen. Die allgemeinen Bedingungen wurden dem Kunden zum [&hellip;]\" \/>\n<meta property=\"og:url\" content=\"https:\/\/ojmar.com\/de\/allgemeine-geschaeftsbedingungen\/\" \/>\n<meta property=\"og:site_name\" content=\"Ojmar\" \/>\n<meta property=\"article:modified_time\" content=\"2025-03-26T11:52:00+00:00\" \/>\n<meta name=\"twitter:card\" content=\"summary_large_image\" \/>\n<meta name=\"twitter:label1\" content=\"Gesch\u00e4tzte Lesezeit\" \/>\n\t<meta name=\"twitter:data1\" content=\"11\u00a0Minuten\" \/>\n<script type=\"application\/ld+json\" class=\"yoast-schema-graph\">{\"@context\":\"https:\/\/schema.org\",\"@graph\":[{\"@type\":\"WebPage\",\"@id\":\"https:\/\/ojmar.com\/de\/allgemeine-geschaeftsbedingungen\/\",\"url\":\"https:\/\/ojmar.com\/de\/allgemeine-geschaeftsbedingungen\/\",\"name\":\"Allgemeine gescha\u0308ftsbedingungen - Ojmar\",\"isPartOf\":{\"@id\":\"https:\/\/ojmar.com\/de\/#website\"},\"datePublished\":\"2024-10-08T11:04:52+00:00\",\"dateModified\":\"2025-03-26T11:52:00+00:00\",\"breadcrumb\":{\"@id\":\"https:\/\/ojmar.com\/de\/allgemeine-geschaeftsbedingungen\/#breadcrumb\"},\"inLanguage\":\"de\",\"potentialAction\":[{\"@type\":\"ReadAction\",\"target\":[\"https:\/\/ojmar.com\/de\/allgemeine-geschaeftsbedingungen\/\"]}]},{\"@type\":\"BreadcrumbList\",\"@id\":\"https:\/\/ojmar.com\/de\/allgemeine-geschaeftsbedingungen\/#breadcrumb\",\"itemListElement\":[{\"@type\":\"ListItem\",\"position\":1,\"name\":\"Home\",\"item\":\"https:\/\/ojmar.com\/de\/inicio\/\"},{\"@type\":\"ListItem\",\"position\":2,\"name\":\"Allgemeine gescha\u0308ftsbedingungen\"}]},{\"@type\":\"WebSite\",\"@id\":\"https:\/\/ojmar.com\/de\/#website\",\"url\":\"https:\/\/ojmar.com\/de\/\",\"name\":\"Ojmar\",\"description\":\"\",\"publisher\":{\"@id\":\"https:\/\/ojmar.com\/de\/#organization\"},\"potentialAction\":[{\"@type\":\"SearchAction\",\"target\":{\"@type\":\"EntryPoint\",\"urlTemplate\":\"https:\/\/ojmar.com\/de\/?s={search_term_string}\"},\"query-input\":{\"@type\":\"PropertyValueSpecification\",\"valueRequired\":true,\"valueName\":\"search_term_string\"}}],\"inLanguage\":\"de\"},{\"@type\":\"Organization\",\"@id\":\"https:\/\/ojmar.com\/de\/#organization\",\"name\":\"Ojmar\",\"alternateName\":\"Ojmar Locking Systems\",\"url\":\"https:\/\/ojmar.com\/de\/\",\"logo\":{\"@type\":\"ImageObject\",\"inLanguage\":\"de\",\"@id\":\"https:\/\/ojmar.com\/de\/#\/schema\/logo\/image\/\",\"url\":\"https:\/\/ojmar.com\/wp-content\/uploads\/2024\/06\/logo-ojmar-white-locking-systems.svg\",\"contentUrl\":\"https:\/\/ojmar.com\/wp-content\/uploads\/2024\/06\/logo-ojmar-white-locking-systems.svg\",\"width\":49,\"height\":9,\"caption\":\"Ojmar\"},\"image\":{\"@id\":\"https:\/\/ojmar.com\/de\/#\/schema\/logo\/image\/\"},\"sameAs\":[\"https:\/\/es.linkedin.com\/company\/ojmar\",\"https:\/\/www.youtube.com\/channel\/UCcg47x2TvbONCYzJkQkfVyg\"]}]}<\/script>\n<!-- \/ Yoast SEO plugin. -->","yoast_head_json":{"title":"Allgemeine gescha\u0308ftsbedingungen - Ojmar","robots":{"index":"index","follow":"follow","max-snippet":"max-snippet:-1","max-image-preview":"max-image-preview:large","max-video-preview":"max-video-preview:-1"},"canonical":"https:\/\/ojmar.com\/de\/allgemeine-geschaeftsbedingungen\/","og_locale":"de_DE","og_type":"article","og_title":"Allgemeine gescha\u0308ftsbedingungen - Ojmar","og_description":"Allgemeine gescha\u0308ftsbedingungen 1. Anwendungsbereich und inkrafttreten. Mit der Ausfu\u0308hrung der Bestellung durch den Kunden und deren Annahme durch OJMAR, S.A. (im Folgenden OJMAR genannt; beide im Folgenden als die Parteien bezeichnet), nimmt der Kunde die vorliegenden allgemeinen Vertragsbedingungen, die er zu kennen erkla\u0308rt, an und unterwirft sich ihnen. Die allgemeinen Bedingungen wurden dem Kunden zum [&hellip;]","og_url":"https:\/\/ojmar.com\/de\/allgemeine-geschaeftsbedingungen\/","og_site_name":"Ojmar","article_modified_time":"2025-03-26T11:52:00+00:00","twitter_card":"summary_large_image","twitter_misc":{"Gesch\u00e4tzte Lesezeit":"11\u00a0Minuten"},"schema":{"@context":"https:\/\/schema.org","@graph":[{"@type":"WebPage","@id":"https:\/\/ojmar.com\/de\/allgemeine-geschaeftsbedingungen\/","url":"https:\/\/ojmar.com\/de\/allgemeine-geschaeftsbedingungen\/","name":"Allgemeine gescha\u0308ftsbedingungen - Ojmar","isPartOf":{"@id":"https:\/\/ojmar.com\/de\/#website"},"datePublished":"2024-10-08T11:04:52+00:00","dateModified":"2025-03-26T11:52:00+00:00","breadcrumb":{"@id":"https:\/\/ojmar.com\/de\/allgemeine-geschaeftsbedingungen\/#breadcrumb"},"inLanguage":"de","potentialAction":[{"@type":"ReadAction","target":["https:\/\/ojmar.com\/de\/allgemeine-geschaeftsbedingungen\/"]}]},{"@type":"BreadcrumbList","@id":"https:\/\/ojmar.com\/de\/allgemeine-geschaeftsbedingungen\/#breadcrumb","itemListElement":[{"@type":"ListItem","position":1,"name":"Home","item":"https:\/\/ojmar.com\/de\/inicio\/"},{"@type":"ListItem","position":2,"name":"Allgemeine gescha\u0308ftsbedingungen"}]},{"@type":"WebSite","@id":"https:\/\/ojmar.com\/de\/#website","url":"https:\/\/ojmar.com\/de\/","name":"Ojmar","description":"","publisher":{"@id":"https:\/\/ojmar.com\/de\/#organization"},"potentialAction":[{"@type":"SearchAction","target":{"@type":"EntryPoint","urlTemplate":"https:\/\/ojmar.com\/de\/?s={search_term_string}"},"query-input":{"@type":"PropertyValueSpecification","valueRequired":true,"valueName":"search_term_string"}}],"inLanguage":"de"},{"@type":"Organization","@id":"https:\/\/ojmar.com\/de\/#organization","name":"Ojmar","alternateName":"Ojmar Locking Systems","url":"https:\/\/ojmar.com\/de\/","logo":{"@type":"ImageObject","inLanguage":"de","@id":"https:\/\/ojmar.com\/de\/#\/schema\/logo\/image\/","url":"https:\/\/ojmar.com\/wp-content\/uploads\/2024\/06\/logo-ojmar-white-locking-systems.svg","contentUrl":"https:\/\/ojmar.com\/wp-content\/uploads\/2024\/06\/logo-ojmar-white-locking-systems.svg","width":49,"height":9,"caption":"Ojmar"},"image":{"@id":"https:\/\/ojmar.com\/de\/#\/schema\/logo\/image\/"},"sameAs":["https:\/\/es.linkedin.com\/company\/ojmar","https:\/\/www.youtube.com\/channel\/UCcg47x2TvbONCYzJkQkfVyg"]}]}},"_links":{"self":[{"href":"https:\/\/ojmar.com\/de\/wp-json\/wp\/v2\/pages\/9580","targetHints":{"allow":["GET"]}}],"collection":[{"href":"https:\/\/ojmar.com\/de\/wp-json\/wp\/v2\/pages"}],"about":[{"href":"https:\/\/ojmar.com\/de\/wp-json\/wp\/v2\/types\/page"}],"author":[{"embeddable":true,"href":"https:\/\/ojmar.com\/de\/wp-json\/wp\/v2\/users\/1"}],"replies":[{"embeddable":true,"href":"https:\/\/ojmar.com\/de\/wp-json\/wp\/v2\/comments?post=9580"}],"version-history":[{"count":2,"href":"https:\/\/ojmar.com\/de\/wp-json\/wp\/v2\/pages\/9580\/revisions"}],"predecessor-version":[{"id":10252,"href":"https:\/\/ojmar.com\/de\/wp-json\/wp\/v2\/pages\/9580\/revisions\/10252"}],"wp:attachment":[{"href":"https:\/\/ojmar.com\/de\/wp-json\/wp\/v2\/media?parent=9580"}],"curies":[{"name":"wp","href":"https:\/\/api.w.org\/{rel}","templated":true}]}}