{"id":9578,"date":"2024-10-08T13:05:55","date_gmt":"2024-10-08T11:05:55","guid":{"rendered":"http:\/\/www.ojmar.com\/verwendung-von-cookies\/"},"modified":"2025-04-01T11:57:28","modified_gmt":"2025-04-01T09:57:28","slug":"verwendung-von-cookies","status":"publish","type":"page","link":"https:\/\/ojmar.com\/de\/verwendung-von-cookies\/","title":{"rendered":"Verwendung von Cookies"},"content":{"rendered":"\t\t<div data-elementor-type=\"wp-page\" data-elementor-id=\"9578\" class=\"elementor elementor-9578 elementor-4949\" data-elementor-post-type=\"page\">\n\t\t\t\t<div class=\"elementor-element elementor-element-2426023 e-flex e-con-boxed e-con e-parent\" data-id=\"2426023\" data-element_type=\"container\">\n\t\t\t\t\t<div class=\"e-con-inner\">\n\t\t\t\t<div class=\"elementor-element elementor-element-d154893 elementor-widget elementor-widget-breadcrumbs\" data-id=\"d154893\" data-element_type=\"widget\" data-widget_type=\"breadcrumbs.default\">\n\t\t\t\t\t<p id=\"breadcrumbs\"><span><span><a href=\"https:\/\/ojmar.com\/de\/inicio\/\">Home<\/a><\/span><\/span><\/p>\t\t\t\t<\/div>\n\t\t\t\t\t<\/div>\n\t\t\t\t<\/div>\n\t\t<div class=\"elementor-element elementor-element-f5849ab e-flex e-con-boxed e-con e-parent\" data-id=\"f5849ab\" data-element_type=\"container\" data-settings=\"{&quot;background_background&quot;:&quot;classic&quot;}\">\n\t\t\t\t\t<div class=\"e-con-inner\">\n\t\t\t\t<div class=\"elementor-element elementor-element-9d24de2 elementor-widget elementor-widget-heading\" data-id=\"9d24de2\" data-element_type=\"widget\" data-widget_type=\"heading.default\">\n\t\t\t\t\t<h1 class=\"elementor-heading-title elementor-size-default\">Verwendung von Cookies<\/h1>\t\t\t\t<\/div>\n\t\t\t\t<div class=\"elementor-element elementor-element-ca2bb9e cms-page elementor-widget elementor-widget-text-editor\" data-id=\"ca2bb9e\" data-element_type=\"widget\" data-widget_type=\"text-editor.default\">\n\t\t\t\t\t\t\t\t\t<p class=\"bodytext\">Datum des Inkrafttretens: 17\/12\/2018<\/p>\n\n<div>\n<p class=\"bodytext\"><b>Einf\u00fchrung<\/b><\/p>\n\n<\/div>\n<div>\n<p class=\"bodytext\">OJMAR, S.A., mit Sitz in Elgoibar (Gipuzkoa), Pol\u00edgono Industrial Ler\u00fan s\/n (\u201e<b>Unternehmen<\/b>\u201c oder \u201e<b>wir<\/b>\u201c), handelt in der Rolle des autonomen Datenverantwortlichen und m\u00f6chte Sie dar\u00fcber informieren, wie wir personenbezogene Daten von und \u00fcber Sie \u00fcber diese Website www.ojmar.es (\u201e<b>Website<\/b>\u201c) und die damit verbundenen Dienstleistungen (\u201e<b>Dienstleistungen<\/b>\u201c) unter Einhaltung aller geltenden Datenschutzgesetze und -vorschriften und unter besonderer Ber\u00fccksichtigung erheben, verwenden und weitergeben: (i) Ley Org\u00e1nica de Protecci\u00f3n de Datos y Garant\u00eda de los Derechos Digitales; (ii) Verordnung (EU) Nr. 679 vom 27. April 2016 (die sogenannte Allgemeine Datenschutzverordnung oder \u201e<b>GDPR<\/b>\u201c), die am 25. Mai 2018 in Kraft getreten ist; und (iii) alle anderen Gesetze, Verordnungen, Vorschriften oder Bestimmungen der zust\u00e4ndigen nationalen und europ\u00e4ischen Datenschutzbeh\u00f6rden &#8211; im Folgenden zusammen die \u201e<b>anwendbaren Datenschutzgesetze<\/b>\u201c.  <\/p>\n<p class=\"bodytext\">In der nachstehenden Tabelle finden Sie ein Inhaltsverzeichnis und eine kurze Zusammenfassung dieser Cookie-Richtlinie (\u201eCookie-Richtlinie\u201c). F\u00fcr weitere Einzelheiten zur Datenverarbeitung durch das Unternehmen klicken Sie auf die Links in den einzelnen Abschnitten der Zusammenfassung, um den vollst\u00e4ndigen Inhalt der Cookie-Richtlinie zu diesem Thema aufzurufen. <\/p>\n<p class=\"bodytext\"><\/p>\n\n<\/div>\n<table class=\"contenttable\" summary=\"\">\n<thead>\n<tr>\n<th scope=\"col\">AUSGABE<\/th> <th scope=\"col\">INFORMATIONEN<\/th>\n<\/tr>\n<\/thead>\n<tbody>\n<tr>\n<td>WAS IST EIN COOKIE?<\/td>\n<td>\n<p class=\"bodytext\">Cookies sind kleine Datendateien, die wir verwenden, um Ihre Online-Erfahrung auf unserer Website zu verbessern.<\/p>\n<a href=\"#p1\">F\u00fcr weitere Informationen klicken Sie hier<\/a><\/td>\n<\/tr>\n<tr>\n<td>WELCHE COOKIES VERWENDEN WIR?<\/td>\n<td>\n<p class=\"bodytext\">Wir verwenden auf unserer Website verschiedene Arten von Cookies (1) technische und Sitzungs-Cookies, (2) funktionale Cookies und (3) Profilierungs-Cookies.<\/p>\n<a href=\"#p2\">F\u00fcr weitere Informationen klicken Sie hier<\/a><\/td>\n<\/tr>\n<tr>\n<td>WIE KANN ICH COOKIES KONTROLLIEREN?<\/td>\n<td>\n<p class=\"bodytext\">Wenn Sie die Verwendung von Cookies ablehnen m\u00f6chten, k\u00f6nnen Sie dies jederzeit tun, auch mit Hilfe Ihres Webbrowsers.<\/p>\n<a href=\"#p3\">F\u00fcr weitere Informationen klicken Sie hier<\/a><\/td>\n<\/tr>\n<tr>\n<td>AKTUALISIERUNG DIESER COOKIE-RICHTLINIE<\/td>\n<td>\n<p class=\"bodytext\">Wir k\u00f6nnen diese Cookie-Richtlinie auch \u00e4ndern oder aktualisieren, um geltendem Recht zu entsprechen. In diesem Fall werden wir Sie \u00fcber solche m\u00f6glichen \u00c4nderungen informieren. <\/p>\nF\u00fcr weitere Informationen klicken Sie hier<\/td>\n<\/tr>\n<tr>\n<td>KONTAKT US<\/td>\n<td>\n<p class=\"bodytext\">Sie k\u00f6nnen uns unter der folgenden E-Mail-Adresse kontaktieren: <a class=\"mail\" href=\"mailto:lopd@ojmar.es\">lopd@ojmar.es<\/a><\/p>\n<\/td>\n<\/tr>\n<\/tbody>\n<\/table>\n<h2 id=\"p1\">1. WAS IST EIN KEKS?<\/h2>\n<div>\n<p class=\"bodytext\">Cookies sind kleine Textdateien, die auf Ihrem Computer oder Mobilger\u00e4t gespeichert werden. Sie werden h\u00e4ufig verwendet, damit Websites funktionieren oder besser und effizienter funktionieren. Dies ist m\u00f6glich, weil Websites diese Dateien lesen und schreiben k\u00f6nnen, so dass sie Sie erkennen und sich wichtige Informationen merken k\u00f6nnen, die die Nutzung einer Website f\u00fcr Sie bequemer machen (z. B. indem sie sich Ihre Benutzereinstellungen merken).  <\/p>\n\n<\/div>\n<div>\n<h2 id=\"p2\">2. WELCHE COOKIES VERWENDEN WIR?<\/h2>\n<p class=\"bodytext\">Im Folgenden sind die verschiedenen Arten von Cookies aufgef\u00fchrt, die wir auf der Website verwenden k\u00f6nnen.<\/p>\n\n<ul>\n  <li><strong>Anpassungs-Cookies: <\/strong>sind Cookies, die es erm\u00f6glichen, das Web an einige allgemeine, vorher festgelegte Merkmale anzupassen, wie z.B. die Sprache, den verwendeten Browser oder die Region, von der aus der Zugriff erfolgt.<\/li>\n  <li><strong>Technische Cookies:<\/strong> Sie dienen dazu, das Surfen auf der Seite fl\u00fcssiger und bequemer zu machen und die Sicherheit zu gew\u00e4hrleisten. Sie erm\u00f6glichen es zum Beispiel, die Sitzung eines registrierten Benutzers zu identifizieren. <\/li>\n  <li><strong>Analyse-Cookies:<\/strong> Sie erm\u00f6glichen es, Informationen zu erhalten, die der statistischen Analyse der Nutzung der Seite durch die Internetnutzer dienen. So erlauben sie zu wissen, welche Suchbegriffe die Nutzer verwendet haben, um die Seite zu erreichen. <\/li>\n  <li><strong>Werbe-Cookies:<\/strong> Sie werden verwendet, um die vorhandenen Werbefl\u00e4chen auf der Website zu verwalten, damit jedem Nutzer Werbeinhalte entsprechend dem Inhalt der Seite und der H\u00e4ufigkeit der Anzeigen angeboten werden.<\/li>\n  <li><strong>Cookies f\u00fcr verhaltensbasierte Werbung:<\/strong> Sie erm\u00f6glichen die Verwaltung der vorhandenen Werbefl\u00e4chen auf der Seite, so dass jedem Nutzer Werbeinhalte entsprechend seinen Surfgewohnheiten und Vorlieben angeboten werden.<\/li>\n  \n<\/ul>\n<table border=\"1\" cellpadding=\"8\" cellspacing=\"0\">\n  <thead>\n    <tr>\n      <th>Name<\/th>\n<th>Anbieter \/ Dom\u00e4ne<\/th>\n<th>Verfall\n<\/th><th>Typ<\/th>\n<th>Beschreibung<\/th>\n    <\/tr>\n  <\/thead>\n  <tbody>\n    <tr>\n      <td>_ga<\/td>\n<td>.ojmar.com<\/td>\n<td>\u2248 400 tage<\/td>\n<td>Analyse<\/td>\n<td>Wird von Google Analytics verwendet, um Nutzer zu unterscheiden.<\/td>\n    <\/tr>\n    <tr>\n      <td>_ga_DCWQ748R9Q<\/td>\n<td>.ojmar.com<\/td>\n<td>\u2248 400 Tage<\/td>\n<td>Analyse<\/td>\n<td>Beh\u00e4lt den Sitzungsstatus mit Google Analytics bei.<\/td>\n    <\/tr>\n    <tr>\n      <td>cookie_consent_preferences<\/td>\n<td>www.ojmar.com<\/td>\n<td>\u2248 365 Tage<\/td>\n<td>Technisch\n<\/td><td>Speichert die Cookie-Einwilligungspr\u00e4ferenzen des Benutzers.<\/td>\n    <\/tr>\n    <tr>\n      <td>wp-wpml_current_language<\/td>\n<td>www.ojmar.com<\/td>\n<td>Sitzung<\/td>\n<td>Anpassung\n<\/td><td>Speichert die vom Benutzer gew\u00e4hlte Sprache f\u00fcr die Website.<\/td>\n    <\/tr>\n  <\/tbody>\n<\/table>\n\n\n<h2 id=\"p3\">3. WIE KANN ICH COOKIES KONTROLLIEREN?<\/h2>\n<p class=\"bodytext\">Indem Sie die Einstellungen Ihres Browsers \u00e4ndern, k\u00f6nnen Sie entscheiden, ob Sie die Installation jeglicher Art von Cookies von Ihrer vorherigen Zustimmung abh\u00e4ngig machen oder sie ganz verhindern wollen. Weitere Informationen \u00fcber Cookies finden Sie unter <a href=\"http:\/\/www.youronlinechoices.com\/\" target=\"_blank\" rel=\"noopener\">www.youronlinechoices.com<\/a>. Bitte beachten Sie, dass die Einstellungen jedes Browsers unterschiedlich sind. Nachstehend finden Sie eine Liste mit Links zu den am h\u00e4ufigsten verwendeten Webbrowsern, bei denen Sie die Verwendung von Cookies ablehnen k\u00f6nnen.   <\/p>\n\n<ul>\n \t<li><a href=\"https:\/\/support.google.com\/chrome\/answer\/95647?co=GENIE.Platform%3DDesktop&amp;hl=es\" target=\"_blank\" rel=\"noopener\">Google Chrome<\/a><\/li>\n \t<li><a href=\"https:\/\/support.mozilla.org\/es\/kb\/habilitar-y-deshabilitar-cookies-sitios-web-rastrear-preferencias\" target=\"_blank\" rel=\"noopener\">Mozilla Firefox<\/a><\/li>\n \t<li><a href=\"https:\/\/support.microsoft.com\/es-es\/help\/17442\/windows-internet-explorer-delete-manage-cookies\" target=\"_blank\" rel=\"noopener\">Internet Explorer<\/a><\/li>\n \t<li><a href=\"https:\/\/www.timeanddate.com\/custom\/cookiesopera.html\" target=\"_blank\" rel=\"noopener\">Oper<\/a><\/li>\n \t<li><a href=\"https:\/\/support.apple.com\/es-es\/guide\/safari\/manage-cookies-and-website-data-sfri11471\/mac\" target=\"_blank\" rel=\"noopener\">Safari<\/a><\/li>\n<\/ul>\n<h2 id=\"p4\">4. AKTUALISIERUNG DIESER DATENSCHUTZRICHTLINIE<\/h2>\n<p class=\"bodytext\">Wir k\u00f6nnen diese Cookie-Richtlinie auch aufgrund unterschiedlicher Auslegungen, Entscheidungen, Meinungen und Anordnungen in Bezug auf kommende Datenschutzgesetze und -vorschriften \u00e4ndern oder aktualisieren. Bitte beachten Sie das Datum des Inkrafttretens oben in dieser Cookie-Richtlinie, um zu sehen, wann diese Cookie-Richtlinie zuletzt \u00fcberarbeitet wurde. <\/p>\n<p class=\"bodytext\">\u00c4nderungen an dieser Cookie-Richtlinie werden im Voraus bekannt gegeben und sind in jedem Fall verf\u00fcgbar, wenn wir die \u00fcberarbeitete Cookie-Richtlinie auf unserer Website ver\u00f6ffentlichen. Wenn wir wesentliche \u00c4nderungen an dieser Cookie-Richtlinie vornehmen, die unsere Rechte zur Nutzung der personenbezogenen Daten, die wir bereits von Ihnen erhoben haben, erweitern, werden wir Sie benachrichtigen und Ihnen die M\u00f6glichkeit geben, \u00fcber die k\u00fcnftige Nutzung der personenbezogenen Daten zu entscheiden. <\/p>\n\n<h2 id=\"p5\">5. KONTAKT<\/h2>\n<p class=\"bodytext\">Wenn Sie Fragen zu dieser Cookie-Richtlinie haben oder Ihre grundlegenden Rechte aus\u00fcben m\u00f6chten, sehen Sie sich unsere <a class=\"internal-link\" title=\"\u00d6ffnet den internen Link im aktuellen Fenster\" href=\"https:\/\/www.ojmar.com\/en\/privacy-policy\/\">Datenschutzrichtlinie<\/a> an oder kontaktieren Sie uns unter <a class=\"mail\" title=\"lopd@ojmar.es\" href=\"mailto:lopd@ojmar.es\">lopd@ojmar.es<\/a>.<\/p>\n\n<\/div>\t\t\t\t\t\t\t\t<\/div>\n\t\t\t\t\t<\/div>\n\t\t\t\t<\/div>\n\t\t\t\t<\/div>\n\t\t","protected":false},"excerpt":{"rendered":"<p>Verwendung von Cookies Datum des Inkrafttretens: 17\/12\/2018 Einf\u00fchrung OJMAR, S.A., mit Sitz in Elgoibar (Gipuzkoa), Pol\u00edgono Industrial Ler\u00fan s\/n (\u201eUnternehmen\u201c oder \u201ewir\u201c), handelt in der Rolle des autonomen Datenverantwortlichen und m\u00f6chte Sie dar\u00fcber informieren, wie wir personenbezogene Daten von und \u00fcber Sie \u00fcber diese Website www.ojmar.es (\u201eWebsite\u201c) und die damit verbundenen Dienstleistungen (\u201eDienstleistungen\u201c) unter Einhaltung [&hellip;]<\/p>\n","protected":false},"author":1,"featured_media":0,"parent":0,"menu_order":0,"comment_status":"closed","ping_status":"closed","template":"","meta":{"footnotes":""},"class_list":["post-9578","page","type-page","status-publish","hentry"],"yoast_head":"<!-- This site is optimized with the Yoast SEO plugin v24.7 - https:\/\/yoast.com\/wordpress\/plugins\/seo\/ -->\n<title>Verwendung von Cookies - Ojmar<\/title>\n<meta name=\"robots\" content=\"index, follow, max-snippet:-1, max-image-preview:large, max-video-preview:-1\" \/>\n<link rel=\"canonical\" href=\"https:\/\/ojmar.com\/de\/verwendung-von-cookies\/\" \/>\n<meta property=\"og:locale\" content=\"de_DE\" \/>\n<meta property=\"og:type\" content=\"article\" \/>\n<meta property=\"og:title\" content=\"Verwendung von Cookies - Ojmar\" \/>\n<meta property=\"og:description\" content=\"Verwendung von Cookies Datum des Inkrafttretens: 17\/12\/2018 Einf\u00fchrung OJMAR, S.A., mit Sitz in Elgoibar (Gipuzkoa), Pol\u00edgono Industrial Ler\u00fan s\/n (\u201eUnternehmen\u201c oder \u201ewir\u201c), handelt in der Rolle des autonomen Datenverantwortlichen und m\u00f6chte Sie dar\u00fcber informieren, wie wir personenbezogene Daten von und \u00fcber Sie \u00fcber diese Website www.ojmar.es (\u201eWebsite\u201c) und die damit verbundenen Dienstleistungen (\u201eDienstleistungen\u201c) unter Einhaltung [&hellip;]\" \/>\n<meta property=\"og:url\" content=\"https:\/\/ojmar.com\/de\/verwendung-von-cookies\/\" \/>\n<meta property=\"og:site_name\" content=\"Ojmar\" \/>\n<meta property=\"article:modified_time\" content=\"2025-04-01T09:57:28+00:00\" \/>\n<meta name=\"twitter:card\" content=\"summary_large_image\" \/>\n<meta name=\"twitter:label1\" content=\"Gesch\u00e4tzte Lesezeit\" \/>\n\t<meta name=\"twitter:data1\" content=\"4\u00a0Minuten\" \/>\n<script type=\"application\/ld+json\" class=\"yoast-schema-graph\">{\"@context\":\"https:\/\/schema.org\",\"@graph\":[{\"@type\":\"WebPage\",\"@id\":\"https:\/\/ojmar.com\/de\/verwendung-von-cookies\/\",\"url\":\"https:\/\/ojmar.com\/de\/verwendung-von-cookies\/\",\"name\":\"Verwendung von Cookies - Ojmar\",\"isPartOf\":{\"@id\":\"https:\/\/ojmar.com\/de\/#website\"},\"datePublished\":\"2024-10-08T11:05:55+00:00\",\"dateModified\":\"2025-04-01T09:57:28+00:00\",\"breadcrumb\":{\"@id\":\"https:\/\/ojmar.com\/de\/verwendung-von-cookies\/#breadcrumb\"},\"inLanguage\":\"de\",\"potentialAction\":[{\"@type\":\"ReadAction\",\"target\":[\"https:\/\/ojmar.com\/de\/verwendung-von-cookies\/\"]}]},{\"@type\":\"BreadcrumbList\",\"@id\":\"https:\/\/ojmar.com\/de\/verwendung-von-cookies\/#breadcrumb\",\"itemListElement\":[{\"@type\":\"ListItem\",\"position\":1,\"name\":\"Home\",\"item\":\"https:\/\/ojmar.com\/de\/inicio\/\"},{\"@type\":\"ListItem\",\"position\":2,\"name\":\"Verwendung von Cookies\"}]},{\"@type\":\"WebSite\",\"@id\":\"https:\/\/ojmar.com\/de\/#website\",\"url\":\"https:\/\/ojmar.com\/de\/\",\"name\":\"Ojmar\",\"description\":\"\",\"publisher\":{\"@id\":\"https:\/\/ojmar.com\/de\/#organization\"},\"potentialAction\":[{\"@type\":\"SearchAction\",\"target\":{\"@type\":\"EntryPoint\",\"urlTemplate\":\"https:\/\/ojmar.com\/de\/?s={search_term_string}\"},\"query-input\":{\"@type\":\"PropertyValueSpecification\",\"valueRequired\":true,\"valueName\":\"search_term_string\"}}],\"inLanguage\":\"de\"},{\"@type\":\"Organization\",\"@id\":\"https:\/\/ojmar.com\/de\/#organization\",\"name\":\"Ojmar\",\"alternateName\":\"Ojmar Locking Systems\",\"url\":\"https:\/\/ojmar.com\/de\/\",\"logo\":{\"@type\":\"ImageObject\",\"inLanguage\":\"de\",\"@id\":\"https:\/\/ojmar.com\/de\/#\/schema\/logo\/image\/\",\"url\":\"https:\/\/ojmar.com\/wp-content\/uploads\/2024\/06\/logo-ojmar-white-locking-systems.svg\",\"contentUrl\":\"https:\/\/ojmar.com\/wp-content\/uploads\/2024\/06\/logo-ojmar-white-locking-systems.svg\",\"width\":49,\"height\":9,\"caption\":\"Ojmar\"},\"image\":{\"@id\":\"https:\/\/ojmar.com\/de\/#\/schema\/logo\/image\/\"},\"sameAs\":[\"https:\/\/es.linkedin.com\/company\/ojmar\",\"https:\/\/www.youtube.com\/channel\/UCcg47x2TvbONCYzJkQkfVyg\"]}]}<\/script>\n<!-- \/ Yoast SEO plugin. -->","yoast_head_json":{"title":"Verwendung von Cookies - Ojmar","robots":{"index":"index","follow":"follow","max-snippet":"max-snippet:-1","max-image-preview":"max-image-preview:large","max-video-preview":"max-video-preview:-1"},"canonical":"https:\/\/ojmar.com\/de\/verwendung-von-cookies\/","og_locale":"de_DE","og_type":"article","og_title":"Verwendung von Cookies - Ojmar","og_description":"Verwendung von Cookies Datum des Inkrafttretens: 17\/12\/2018 Einf\u00fchrung OJMAR, S.A., mit Sitz in Elgoibar (Gipuzkoa), Pol\u00edgono Industrial Ler\u00fan s\/n (\u201eUnternehmen\u201c oder \u201ewir\u201c), handelt in der Rolle des autonomen Datenverantwortlichen und m\u00f6chte Sie dar\u00fcber informieren, wie wir personenbezogene Daten von und \u00fcber Sie \u00fcber diese Website www.ojmar.es (\u201eWebsite\u201c) und die damit verbundenen Dienstleistungen (\u201eDienstleistungen\u201c) unter Einhaltung [&hellip;]","og_url":"https:\/\/ojmar.com\/de\/verwendung-von-cookies\/","og_site_name":"Ojmar","article_modified_time":"2025-04-01T09:57:28+00:00","twitter_card":"summary_large_image","twitter_misc":{"Gesch\u00e4tzte Lesezeit":"4\u00a0Minuten"},"schema":{"@context":"https:\/\/schema.org","@graph":[{"@type":"WebPage","@id":"https:\/\/ojmar.com\/de\/verwendung-von-cookies\/","url":"https:\/\/ojmar.com\/de\/verwendung-von-cookies\/","name":"Verwendung von Cookies - Ojmar","isPartOf":{"@id":"https:\/\/ojmar.com\/de\/#website"},"datePublished":"2024-10-08T11:05:55+00:00","dateModified":"2025-04-01T09:57:28+00:00","breadcrumb":{"@id":"https:\/\/ojmar.com\/de\/verwendung-von-cookies\/#breadcrumb"},"inLanguage":"de","potentialAction":[{"@type":"ReadAction","target":["https:\/\/ojmar.com\/de\/verwendung-von-cookies\/"]}]},{"@type":"BreadcrumbList","@id":"https:\/\/ojmar.com\/de\/verwendung-von-cookies\/#breadcrumb","itemListElement":[{"@type":"ListItem","position":1,"name":"Home","item":"https:\/\/ojmar.com\/de\/inicio\/"},{"@type":"ListItem","position":2,"name":"Verwendung von Cookies"}]},{"@type":"WebSite","@id":"https:\/\/ojmar.com\/de\/#website","url":"https:\/\/ojmar.com\/de\/","name":"Ojmar","description":"","publisher":{"@id":"https:\/\/ojmar.com\/de\/#organization"},"potentialAction":[{"@type":"SearchAction","target":{"@type":"EntryPoint","urlTemplate":"https:\/\/ojmar.com\/de\/?s={search_term_string}"},"query-input":{"@type":"PropertyValueSpecification","valueRequired":true,"valueName":"search_term_string"}}],"inLanguage":"de"},{"@type":"Organization","@id":"https:\/\/ojmar.com\/de\/#organization","name":"Ojmar","alternateName":"Ojmar Locking Systems","url":"https:\/\/ojmar.com\/de\/","logo":{"@type":"ImageObject","inLanguage":"de","@id":"https:\/\/ojmar.com\/de\/#\/schema\/logo\/image\/","url":"https:\/\/ojmar.com\/wp-content\/uploads\/2024\/06\/logo-ojmar-white-locking-systems.svg","contentUrl":"https:\/\/ojmar.com\/wp-content\/uploads\/2024\/06\/logo-ojmar-white-locking-systems.svg","width":49,"height":9,"caption":"Ojmar"},"image":{"@id":"https:\/\/ojmar.com\/de\/#\/schema\/logo\/image\/"},"sameAs":["https:\/\/es.linkedin.com\/company\/ojmar","https:\/\/www.youtube.com\/channel\/UCcg47x2TvbONCYzJkQkfVyg"]}]}},"_links":{"self":[{"href":"https:\/\/ojmar.com\/de\/wp-json\/wp\/v2\/pages\/9578","targetHints":{"allow":["GET"]}}],"collection":[{"href":"https:\/\/ojmar.com\/de\/wp-json\/wp\/v2\/pages"}],"about":[{"href":"https:\/\/ojmar.com\/de\/wp-json\/wp\/v2\/types\/page"}],"author":[{"embeddable":true,"href":"https:\/\/ojmar.com\/de\/wp-json\/wp\/v2\/users\/1"}],"replies":[{"embeddable":true,"href":"https:\/\/ojmar.com\/de\/wp-json\/wp\/v2\/comments?post=9578"}],"version-history":[{"count":5,"href":"https:\/\/ojmar.com\/de\/wp-json\/wp\/v2\/pages\/9578\/revisions"}],"predecessor-version":[{"id":10474,"href":"https:\/\/ojmar.com\/de\/wp-json\/wp\/v2\/pages\/9578\/revisions\/10474"}],"wp:attachment":[{"href":"https:\/\/ojmar.com\/de\/wp-json\/wp\/v2\/media?parent=9578"}],"curies":[{"name":"wp","href":"https:\/\/api.w.org\/{rel}","templated":true}]}}