{"id":9250,"date":"2024-08-28T14:05:33","date_gmt":"2024-08-28T12:05:33","guid":{"rendered":"http:\/\/www.ojmar.com\/support\/"},"modified":"2025-09-02T12:38:57","modified_gmt":"2025-09-02T10:38:57","slug":"kontakt","status":"publish","type":"page","link":"https:\/\/ojmar.com\/de\/kontakt\/","title":{"rendered":"Kontakt"},"content":{"rendered":"\t\t<div data-elementor-type=\"wp-page\" data-elementor-id=\"9250\" class=\"elementor elementor-9250 elementor-2451\" data-elementor-post-type=\"page\">\n\t\t\t\t<div class=\"elementor-element elementor-element-4eb4b28 e-flex e-con-boxed e-con e-parent\" data-id=\"4eb4b28\" data-element_type=\"container\">\n\t\t\t\t\t<div class=\"e-con-inner\">\n\t\t\t\t<div class=\"elementor-element elementor-element-e879ffd elementor-widget elementor-widget-breadcrumbs\" data-id=\"e879ffd\" data-element_type=\"widget\" data-widget_type=\"breadcrumbs.default\">\n\t\t\t\t\t<p id=\"breadcrumbs\"><span><span><a href=\"https:\/\/ojmar.com\/de\/inicio\/\">Home<\/a><\/span><\/span><\/p>\t\t\t\t<\/div>\n\t\t\t\t\t<\/div>\n\t\t\t\t<\/div>\n\t\t<div class=\"elementor-element elementor-element-03faba3 e-flex e-con-boxed e-con e-parent\" data-id=\"03faba3\" data-element_type=\"container\" data-settings=\"{&quot;background_background&quot;:&quot;classic&quot;}\">\n\t\t\t\t\t<div class=\"e-con-inner\">\n\t\t\t\t<div class=\"elementor-element elementor-element-eee7867 elementor-widget elementor-widget-heading\" data-id=\"eee7867\" data-element_type=\"widget\" data-widget_type=\"heading.default\">\n\t\t\t\t\t<h1 class=\"elementor-heading-title elementor-size-default\">Kontakt<\/h1>\t\t\t\t<\/div>\n\t\t\t\t\t<\/div>\n\t\t\t\t<\/div>\n\t\t<div class=\"elementor-element elementor-element-b660e61 e-flex e-con-boxed e-con e-parent\" data-id=\"b660e61\" data-element_type=\"container\">\n\t\t\t\t\t<div class=\"e-con-inner\">\n\t\t<div class=\"elementor-element elementor-element-d7c293b e-con-full e-flex e-con e-child\" data-id=\"d7c293b\" data-element_type=\"container\" data-settings=\"{&quot;background_background&quot;:&quot;classic&quot;}\">\n\t\t\t\t<div class=\"elementor-element elementor-element-cea7e28 elementor-widget__width-initial elementor-widget elementor-widget-heading\" data-id=\"cea7e28\" data-element_type=\"widget\" data-widget_type=\"heading.default\">\n\t\t\t\t\t<h2 class=\"elementor-heading-title elementor-size-default\">Vertriebskontakt<\/h2>\t\t\t\t<\/div>\n\t\t\t\t<div class=\"elementor-element elementor-element-7b1f2f9 boton-default elementor-absolute elementor-widget elementor-widget-button\" data-id=\"7b1f2f9\" data-element_type=\"widget\" data-settings=\"{&quot;_position&quot;:&quot;absolute&quot;}\" data-widget_type=\"button.default\">\n\t\t\t\t\t\t\t\t\t\t<a class=\"elementor-button elementor-button-link elementor-size-sm\" href=\"https:\/\/ojmar.com\/de\/kontakt\/vertriebskontakt\/\">\n\t\t\t\t\t\t<span class=\"elementor-button-content-wrapper\">\n\t\t\t\t\t\t\t\t\t<span class=\"elementor-button-text\">Mehr Informationen<\/span>\n\t\t\t\t\t<\/span>\n\t\t\t\t\t<\/a>\n\t\t\t\t\t\t\t\t<\/div>\n\t\t\t\t<\/div>\n\t\t<div class=\"elementor-element elementor-element-9aedd6c e-con-full e-flex e-con e-child\" data-id=\"9aedd6c\" data-element_type=\"container\" data-settings=\"{&quot;background_background&quot;:&quot;classic&quot;}\">\n\t\t\t\t<div class=\"elementor-element elementor-element-5c39ad1 elementor-widget__width-initial elementor-widget elementor-widget-heading\" data-id=\"5c39ad1\" data-element_type=\"widget\" data-widget_type=\"heading.default\">\n\t\t\t\t\t<h2 class=\"elementor-heading-title elementor-size-default\">After-Sales-Kontakt<\/h2>\t\t\t\t<\/div>\n\t\t\t\t<div class=\"elementor-element elementor-element-2ce3ec0 boton-default elementor-absolute elementor-widget elementor-widget-button\" data-id=\"2ce3ec0\" data-element_type=\"widget\" data-settings=\"{&quot;_position&quot;:&quot;absolute&quot;}\" data-widget_type=\"button.default\">\n\t\t\t\t\t\t\t\t\t\t<a class=\"elementor-button elementor-button-link elementor-size-sm\" href=\"https:\/\/ojmar.com\/de\/kundendienst-support\/elektronikschloesser-support\/\">\n\t\t\t\t\t\t<span class=\"elementor-button-content-wrapper\">\n\t\t\t\t\t\t\t\t\t<span class=\"elementor-button-text\">Mehr Informationen<\/span>\n\t\t\t\t\t<\/span>\n\t\t\t\t\t<\/a>\n\t\t\t\t\t\t\t\t<\/div>\n\t\t\t\t<\/div>\n\t\t\t\t\t<\/div>\n\t\t\t\t<\/div>\n\t\t<div class=\"elementor-element elementor-element-36517971 e-flex e-con-boxed e-con e-parent\" data-id=\"36517971\" data-element_type=\"container\" data-settings=\"{&quot;background_background&quot;:&quot;classic&quot;}\">\n\t\t\t\t\t<div class=\"e-con-inner\">\n\t\t<div class=\"elementor-element elementor-element-622f2bf0 e-con-full e-flex e-con e-child\" data-id=\"622f2bf0\" data-element_type=\"container\">\n\t\t\t\t<div class=\"elementor-element elementor-element-40d4fc9d elementor-widget elementor-widget-heading\" data-id=\"40d4fc9d\" data-element_type=\"widget\" data-widget_type=\"heading.default\">\n\t\t\t\t\t<h2 class=\"elementor-heading-title elementor-size-default\">Wie k\u00f6nnen wir Ihrem Unternehmen helfen?<\/h2>\t\t\t\t<\/div>\n\t\t\t\t<div class=\"elementor-element elementor-element-6d6e6d35 elementor-widget elementor-widget-text-editor\" data-id=\"6d6e6d35\" data-element_type=\"widget\" data-widget_type=\"text-editor.default\">\n\t\t\t\t\t\t\t\t\t<p class=\"p1\"><span class=\"s1\">Kontaktieren Sie uns heute<\/span><\/p>\t\t\t\t\t\t\t\t<\/div>\n\t\t\t\t<div class=\"elementor-element elementor-element-980b942 boton-default elementor-widget elementor-widget-button\" data-id=\"980b942\" data-element_type=\"widget\" data-widget_type=\"button.default\">\n\t\t\t\t\t\t\t\t\t\t<a class=\"elementor-button elementor-button-link elementor-size-sm\" href=\"https:\/\/ojmar.com\/de\/kontakt\/vertriebskontakt\/\">\n\t\t\t\t\t\t<span class=\"elementor-button-content-wrapper\">\n\t\t\t\t\t\t\t\t\t<span class=\"elementor-button-text\">Klicken Sie hier<\/span>\n\t\t\t\t\t<\/span>\n\t\t\t\t\t<\/a>\n\t\t\t\t\t\t\t\t<\/div>\n\t\t\t\t<\/div>\n\t\t\t\t\t<\/div>\n\t\t\t\t<\/div>\n\t\t\t\t<\/div>\n\t\t","protected":false},"excerpt":{"rendered":"<p>Kontakt Vertriebskontakt Mehr Informationen After-Sales-Kontakt Mehr Informationen Wie k\u00f6nnen wir Ihrem Unternehmen helfen? Kontaktieren Sie uns heute Klicken Sie hier<\/p>\n","protected":false},"author":1,"featured_media":0,"parent":0,"menu_order":0,"comment_status":"closed","ping_status":"closed","template":"","meta":{"footnotes":""},"class_list":["post-9250","page","type-page","status-publish","hentry"],"yoast_head":"<!-- This site is optimized with the Yoast SEO plugin v24.7 - https:\/\/yoast.com\/wordpress\/plugins\/seo\/ -->\n<title>Ojmar Technischer Support | Hilfe f\u00fcr Schl\u00f6sser und Fernschlie\u00dfsysteme<\/title>\n<meta name=\"description\" content=\"Holen Sie sich Support f\u00fcr Ihre Produkte von Ojmar, einschlie\u00dflich der Installationsanleitung f\u00fcr T\u00fcrschl\u00f6sser, des Kundendienstes f\u00fcr Master-Schl\u00f6sser und des Handbuchs f\u00fcr moderne elektronische Digitalschl\u00f6sser. Entdecken Sie die FAQs und Bedienungsanleitungen f\u00fcr Fernbedienungsschl\u00f6sser.\" \/>\n<meta name=\"robots\" content=\"index, follow, max-snippet:-1, max-image-preview:large, max-video-preview:-1\" \/>\n<link rel=\"canonical\" href=\"https:\/\/ojmar.com\/de\/kontakt\/\" \/>\n<meta property=\"og:locale\" content=\"de_DE\" \/>\n<meta property=\"og:type\" content=\"article\" \/>\n<meta property=\"og:title\" content=\"Ojmar Technischer Support | Hilfe f\u00fcr Schl\u00f6sser und Fernschlie\u00dfsysteme\" \/>\n<meta property=\"og:description\" content=\"Holen Sie sich Support f\u00fcr Ihre Produkte von Ojmar, einschlie\u00dflich der Installationsanleitung f\u00fcr T\u00fcrschl\u00f6sser, des Kundendienstes f\u00fcr Master-Schl\u00f6sser und des Handbuchs f\u00fcr moderne elektronische Digitalschl\u00f6sser. Entdecken Sie die FAQs und Bedienungsanleitungen f\u00fcr Fernbedienungsschl\u00f6sser.\" \/>\n<meta property=\"og:url\" content=\"https:\/\/ojmar.com\/de\/kontakt\/\" \/>\n<meta property=\"og:site_name\" content=\"Ojmar\" \/>\n<meta property=\"article:modified_time\" content=\"2025-09-02T10:38:57+00:00\" \/>\n<meta name=\"twitter:card\" content=\"summary_large_image\" \/>\n<script type=\"application\/ld+json\" class=\"yoast-schema-graph\">{\"@context\":\"https:\/\/schema.org\",\"@graph\":[{\"@type\":\"WebPage\",\"@id\":\"https:\/\/ojmar.com\/de\/kontakt\/\",\"url\":\"https:\/\/ojmar.com\/de\/kontakt\/\",\"name\":\"Ojmar Technischer Support | Hilfe f\u00fcr Schl\u00f6sser und Fernschlie\u00dfsysteme\",\"isPartOf\":{\"@id\":\"https:\/\/ojmar.com\/de\/#website\"},\"datePublished\":\"2024-08-28T12:05:33+00:00\",\"dateModified\":\"2025-09-02T10:38:57+00:00\",\"description\":\"Holen Sie sich Support f\u00fcr Ihre Produkte von Ojmar, einschlie\u00dflich der Installationsanleitung f\u00fcr T\u00fcrschl\u00f6sser, des Kundendienstes f\u00fcr Master-Schl\u00f6sser und des Handbuchs f\u00fcr moderne elektronische Digitalschl\u00f6sser. Entdecken Sie die FAQs und Bedienungsanleitungen f\u00fcr Fernbedienungsschl\u00f6sser.\",\"breadcrumb\":{\"@id\":\"https:\/\/ojmar.com\/de\/kontakt\/#breadcrumb\"},\"inLanguage\":\"de\",\"potentialAction\":[{\"@type\":\"ReadAction\",\"target\":[\"https:\/\/ojmar.com\/de\/kontakt\/\"]}]},{\"@type\":\"BreadcrumbList\",\"@id\":\"https:\/\/ojmar.com\/de\/kontakt\/#breadcrumb\",\"itemListElement\":[{\"@type\":\"ListItem\",\"position\":1,\"name\":\"Home\",\"item\":\"https:\/\/ojmar.com\/de\/inicio\/\"},{\"@type\":\"ListItem\",\"position\":2,\"name\":\"Kontakt\"}]},{\"@type\":\"WebSite\",\"@id\":\"https:\/\/ojmar.com\/de\/#website\",\"url\":\"https:\/\/ojmar.com\/de\/\",\"name\":\"Ojmar\",\"description\":\"\",\"publisher\":{\"@id\":\"https:\/\/ojmar.com\/de\/#organization\"},\"potentialAction\":[{\"@type\":\"SearchAction\",\"target\":{\"@type\":\"EntryPoint\",\"urlTemplate\":\"https:\/\/ojmar.com\/de\/?s={search_term_string}\"},\"query-input\":{\"@type\":\"PropertyValueSpecification\",\"valueRequired\":true,\"valueName\":\"search_term_string\"}}],\"inLanguage\":\"de\"},{\"@type\":\"Organization\",\"@id\":\"https:\/\/ojmar.com\/de\/#organization\",\"name\":\"Ojmar\",\"alternateName\":\"Ojmar Locking Systems\",\"url\":\"https:\/\/ojmar.com\/de\/\",\"logo\":{\"@type\":\"ImageObject\",\"inLanguage\":\"de\",\"@id\":\"https:\/\/ojmar.com\/de\/#\/schema\/logo\/image\/\",\"url\":\"https:\/\/ojmar.com\/wp-content\/uploads\/2024\/06\/logo-ojmar-white-locking-systems.svg\",\"contentUrl\":\"https:\/\/ojmar.com\/wp-content\/uploads\/2024\/06\/logo-ojmar-white-locking-systems.svg\",\"width\":49,\"height\":9,\"caption\":\"Ojmar\"},\"image\":{\"@id\":\"https:\/\/ojmar.com\/de\/#\/schema\/logo\/image\/\"},\"sameAs\":[\"https:\/\/es.linkedin.com\/company\/ojmar\",\"https:\/\/www.youtube.com\/channel\/UCcg47x2TvbONCYzJkQkfVyg\"]}]}<\/script>\n<!-- \/ Yoast SEO plugin. -->","yoast_head_json":{"title":"Ojmar Technischer Support | Hilfe f\u00fcr Schl\u00f6sser und Fernschlie\u00dfsysteme","description":"Holen Sie sich Support f\u00fcr Ihre Produkte von Ojmar, einschlie\u00dflich der Installationsanleitung f\u00fcr T\u00fcrschl\u00f6sser, des Kundendienstes f\u00fcr Master-Schl\u00f6sser und des Handbuchs f\u00fcr moderne elektronische Digitalschl\u00f6sser. Entdecken Sie die FAQs und Bedienungsanleitungen f\u00fcr Fernbedienungsschl\u00f6sser.","robots":{"index":"index","follow":"follow","max-snippet":"max-snippet:-1","max-image-preview":"max-image-preview:large","max-video-preview":"max-video-preview:-1"},"canonical":"https:\/\/ojmar.com\/de\/kontakt\/","og_locale":"de_DE","og_type":"article","og_title":"Ojmar Technischer Support | Hilfe f\u00fcr Schl\u00f6sser und Fernschlie\u00dfsysteme","og_description":"Holen Sie sich Support f\u00fcr Ihre Produkte von Ojmar, einschlie\u00dflich der Installationsanleitung f\u00fcr T\u00fcrschl\u00f6sser, des Kundendienstes f\u00fcr Master-Schl\u00f6sser und des Handbuchs f\u00fcr moderne elektronische Digitalschl\u00f6sser. Entdecken Sie die FAQs und Bedienungsanleitungen f\u00fcr Fernbedienungsschl\u00f6sser.","og_url":"https:\/\/ojmar.com\/de\/kontakt\/","og_site_name":"Ojmar","article_modified_time":"2025-09-02T10:38:57+00:00","twitter_card":"summary_large_image","schema":{"@context":"https:\/\/schema.org","@graph":[{"@type":"WebPage","@id":"https:\/\/ojmar.com\/de\/kontakt\/","url":"https:\/\/ojmar.com\/de\/kontakt\/","name":"Ojmar Technischer Support | Hilfe f\u00fcr Schl\u00f6sser und Fernschlie\u00dfsysteme","isPartOf":{"@id":"https:\/\/ojmar.com\/de\/#website"},"datePublished":"2024-08-28T12:05:33+00:00","dateModified":"2025-09-02T10:38:57+00:00","description":"Holen Sie sich Support f\u00fcr Ihre Produkte von Ojmar, einschlie\u00dflich der Installationsanleitung f\u00fcr T\u00fcrschl\u00f6sser, des Kundendienstes f\u00fcr Master-Schl\u00f6sser und des Handbuchs f\u00fcr moderne elektronische Digitalschl\u00f6sser. Entdecken Sie die FAQs und Bedienungsanleitungen f\u00fcr Fernbedienungsschl\u00f6sser.","breadcrumb":{"@id":"https:\/\/ojmar.com\/de\/kontakt\/#breadcrumb"},"inLanguage":"de","potentialAction":[{"@type":"ReadAction","target":["https:\/\/ojmar.com\/de\/kontakt\/"]}]},{"@type":"BreadcrumbList","@id":"https:\/\/ojmar.com\/de\/kontakt\/#breadcrumb","itemListElement":[{"@type":"ListItem","position":1,"name":"Home","item":"https:\/\/ojmar.com\/de\/inicio\/"},{"@type":"ListItem","position":2,"name":"Kontakt"}]},{"@type":"WebSite","@id":"https:\/\/ojmar.com\/de\/#website","url":"https:\/\/ojmar.com\/de\/","name":"Ojmar","description":"","publisher":{"@id":"https:\/\/ojmar.com\/de\/#organization"},"potentialAction":[{"@type":"SearchAction","target":{"@type":"EntryPoint","urlTemplate":"https:\/\/ojmar.com\/de\/?s={search_term_string}"},"query-input":{"@type":"PropertyValueSpecification","valueRequired":true,"valueName":"search_term_string"}}],"inLanguage":"de"},{"@type":"Organization","@id":"https:\/\/ojmar.com\/de\/#organization","name":"Ojmar","alternateName":"Ojmar Locking Systems","url":"https:\/\/ojmar.com\/de\/","logo":{"@type":"ImageObject","inLanguage":"de","@id":"https:\/\/ojmar.com\/de\/#\/schema\/logo\/image\/","url":"https:\/\/ojmar.com\/wp-content\/uploads\/2024\/06\/logo-ojmar-white-locking-systems.svg","contentUrl":"https:\/\/ojmar.com\/wp-content\/uploads\/2024\/06\/logo-ojmar-white-locking-systems.svg","width":49,"height":9,"caption":"Ojmar"},"image":{"@id":"https:\/\/ojmar.com\/de\/#\/schema\/logo\/image\/"},"sameAs":["https:\/\/es.linkedin.com\/company\/ojmar","https:\/\/www.youtube.com\/channel\/UCcg47x2TvbONCYzJkQkfVyg"]}]}},"_links":{"self":[{"href":"https:\/\/ojmar.com\/de\/wp-json\/wp\/v2\/pages\/9250","targetHints":{"allow":["GET"]}}],"collection":[{"href":"https:\/\/ojmar.com\/de\/wp-json\/wp\/v2\/pages"}],"about":[{"href":"https:\/\/ojmar.com\/de\/wp-json\/wp\/v2\/types\/page"}],"author":[{"embeddable":true,"href":"https:\/\/ojmar.com\/de\/wp-json\/wp\/v2\/users\/1"}],"replies":[{"embeddable":true,"href":"https:\/\/ojmar.com\/de\/wp-json\/wp\/v2\/comments?post=9250"}],"version-history":[{"count":5,"href":"https:\/\/ojmar.com\/de\/wp-json\/wp\/v2\/pages\/9250\/revisions"}],"predecessor-version":[{"id":96650,"href":"https:\/\/ojmar.com\/de\/wp-json\/wp\/v2\/pages\/9250\/revisions\/96650"}],"wp:attachment":[{"href":"https:\/\/ojmar.com\/de\/wp-json\/wp\/v2\/media?parent=9250"}],"curies":[{"name":"wp","href":"https:\/\/api.w.org\/{rel}","templated":true}]}}