{"id":9191,"date":"2024-05-31T12:07:26","date_gmt":"2024-05-31T10:07:26","guid":{"rendered":"http:\/\/www.ojmar.com\/unternehmen\/nachhaltigkeit\/"},"modified":"2025-09-30T15:09:42","modified_gmt":"2025-09-30T13:09:42","slug":"nachhaltigkeit","status":"publish","type":"page","link":"https:\/\/ojmar.com\/de\/unternehmen\/nachhaltigkeit\/","title":{"rendered":"Nachhaltigkeit"},"content":{"rendered":"\t\t<div data-elementor-type=\"wp-page\" data-elementor-id=\"9191\" class=\"elementor elementor-9191 elementor-318\" data-elementor-post-type=\"page\">\n\t\t\t\t<div class=\"elementor-element elementor-element-feefbbf e-flex e-con-boxed e-con e-parent\" data-id=\"feefbbf\" data-element_type=\"container\" data-settings=\"{&quot;background_background&quot;:&quot;classic&quot;}\">\n\t\t\t\t\t<div class=\"e-con-inner\">\n\t\t\t\t<div class=\"elementor-element elementor-element-e12e481 elementor-widget elementor-widget-heading\" data-id=\"e12e481\" data-element_type=\"widget\" data-widget_type=\"heading.default\">\n\t\t\t\t\t<h1 class=\"elementor-heading-title elementor-size-default\">Schlie\u00dfen Sie Ihre Gegenst\u00e4nde ein,<br>lieben Sie die Erde<\/h1>\t\t\t\t<\/div>\n\t\t\t\t\t<\/div>\n\t\t\t\t<\/div>\n\t\t<div class=\"elementor-element elementor-element-4eb4b28 e-flex e-con-boxed e-con e-parent\" data-id=\"4eb4b28\" data-element_type=\"container\">\n\t\t\t\t\t<div class=\"e-con-inner\">\n\t\t\t\t<div class=\"elementor-element elementor-element-e879ffd elementor-widget elementor-widget-breadcrumbs\" data-id=\"e879ffd\" data-element_type=\"widget\" data-widget_type=\"breadcrumbs.default\">\n\t\t\t\t\t<p id=\"breadcrumbs\"><span><span><a href=\"https:\/\/ojmar.com\/de\/inicio\/\">Home<\/a><\/span><\/span><\/p>\t\t\t\t<\/div>\n\t\t\t\t\t<\/div>\n\t\t\t\t<\/div>\n\t\t<div class=\"elementor-element elementor-element-03faba3 e-flex e-con-boxed e-con e-parent\" data-id=\"03faba3\" data-element_type=\"container\" data-settings=\"{&quot;background_background&quot;:&quot;classic&quot;}\">\n\t\t\t\t\t<div class=\"e-con-inner\">\n\t\t\t\t<div class=\"elementor-element elementor-element-f236b1b elementor-widget elementor-widget-heading\" data-id=\"f236b1b\" data-element_type=\"widget\" data-widget_type=\"heading.default\">\n\t\t\t\t\t<h2 class=\"elementor-heading-title elementor-size-default\">Nachhaltige Verriegelungsl\u00f6sungen<\/h2>\t\t\t\t<\/div>\n\t\t\t\t<div class=\"elementor-element elementor-element-eaa84df elementor-widget__width-initial elementor-widget elementor-widget-text-editor\" data-id=\"eaa84df\" data-element_type=\"widget\" data-widget_type=\"text-editor.default\">\n\t\t\t\t\t\t\t\t\t<p class=\"p1\">Wir legen Wert auf die Verwendung umweltfreundlicher Materialien und Methoden, um den Kohlenstoff-Fu\u00dfabdruck zu verringern.<\/p>\t\t\t\t\t\t\t\t<\/div>\n\t\t\t\t\t<\/div>\n\t\t\t\t<\/div>\n\t\t<div class=\"elementor-element elementor-element-bfcef7c e-flex e-con-boxed e-con e-parent\" data-id=\"bfcef7c\" data-element_type=\"container\" data-settings=\"{&quot;background_background&quot;:&quot;classic&quot;}\">\n\t\t\t\t\t<div class=\"e-con-inner\">\n\t\t\t\t<div class=\"elementor-element elementor-element-8a5abf3 elementor-widget elementor-widget-image\" data-id=\"8a5abf3\" data-element_type=\"widget\" data-widget_type=\"image.default\">\n\t\t\t\t\t\t\t\t\t\t\t\t\t\t\t<img fetchpriority=\"high\" decoding=\"async\" width=\"1567\" height=\"809\" src=\"https:\/\/ojmar.com\/wp-content\/uploads\/2024\/05\/2-equipo-responsability-ojmar-locking-systems.jpg\" class=\"attachment-full size-full wp-image-330\" alt=\"Team Responsability\" srcset=\"https:\/\/ojmar.com\/wp-content\/uploads\/2024\/05\/2-equipo-responsability-ojmar-locking-systems.jpg 1567w, https:\/\/ojmar.com\/wp-content\/uploads\/2024\/05\/2-equipo-responsability-ojmar-locking-systems-300x155.jpg 300w, https:\/\/ojmar.com\/wp-content\/uploads\/2024\/05\/2-equipo-responsability-ojmar-locking-systems-1024x529.jpg 1024w, https:\/\/ojmar.com\/wp-content\/uploads\/2024\/05\/2-equipo-responsability-ojmar-locking-systems-768x396.jpg 768w, https:\/\/ojmar.com\/wp-content\/uploads\/2024\/05\/2-equipo-responsability-ojmar-locking-systems-1536x793.jpg 1536w\" sizes=\"(max-width: 1567px) 100vw, 1567px\" \/>\t\t\t\t\t\t\t\t\t\t\t\t\t\t\t<\/div>\n\t\t\t\t\t<\/div>\n\t\t\t\t<\/div>\n\t\t<div class=\"elementor-element elementor-element-7eeed0a e-flex e-con-boxed e-con e-parent\" data-id=\"7eeed0a\" data-element_type=\"container\" data-settings=\"{&quot;background_background&quot;:&quot;classic&quot;}\">\n\t\t\t\t\t<div class=\"e-con-inner\">\n\t\t\t\t<div class=\"elementor-element elementor-element-9462b17 elementor-widget elementor-widget-heading\" data-id=\"9462b17\" data-element_type=\"widget\" data-widget_type=\"heading.default\">\n\t\t\t\t\t<h2 class=\"elementor-heading-title elementor-size-default\">Verpflichtung zu umweltfreundlicher Herstellung<\/h2>\t\t\t\t<\/div>\n\t\t\t\t<div class=\"elementor-element elementor-element-1395286 elementor-widget__width-initial elementor-widget elementor-widget-text-editor\" data-id=\"1395286\" data-element_type=\"widget\" data-widget_type=\"text-editor.default\">\n\t\t\t\t\t\t\t\t\t<p class=\"p1\">Unsere Schlie\u00dfl\u00f6sungen sind so konzipiert, dass sie dauerhaft und langlebig sind, wodurch der Bedarf an Ersatzteilen reduziert und Ressourcen geschont werden. Wir konzentrieren uns auf die Entwicklung von Schlie\u00dffachschl\u00f6ssern, die die Umwelt so wenig wie m\u00f6glich belasten, wie z. B. unser neues batterieloses Sortiment. <\/p>\t\t\t\t\t\t\t\t<\/div>\n\t\t\t\t\t<\/div>\n\t\t\t\t<\/div>\n\t\t<div class=\"elementor-element elementor-element-d6cf1e6 e-con-full e-flex e-con e-parent\" data-id=\"d6cf1e6\" data-element_type=\"container\">\n\t\t<div class=\"elementor-element elementor-element-225361a e-con-full e-flex e-con e-child\" data-id=\"225361a\" data-element_type=\"container\" data-settings=\"{&quot;background_background&quot;:&quot;classic&quot;}\">\n\t\t<div class=\"elementor-element elementor-element-c53452f e-con-full e-flex e-con e-child\" data-id=\"c53452f\" data-element_type=\"container\" data-settings=\"{&quot;background_background&quot;:&quot;classic&quot;}\">\n\t\t\t\t<\/div>\n\t\t<div class=\"elementor-element elementor-element-1903b50 e-con-full e-flex e-con e-child\" data-id=\"1903b50\" data-element_type=\"container\" data-settings=\"{&quot;background_background&quot;:&quot;classic&quot;}\">\n\t\t\t\t<\/div>\n\t\t<div class=\"elementor-element elementor-element-f118768 e-con-full e-flex e-con e-child\" data-id=\"f118768\" data-element_type=\"container\" data-settings=\"{&quot;background_background&quot;:&quot;classic&quot;}\">\n\t\t\t\t<\/div>\n\t\t\t\t<\/div>\n\t\t\t\t<\/div>\n\t\t\t\t<\/div>\n\t\t","protected":false},"excerpt":{"rendered":"<p>Schlie\u00dfen Sie Ihre Gegenst\u00e4nde ein,lieben Sie die Erde Nachhaltige Verriegelungsl\u00f6sungen Wir legen Wert auf die Verwendung umweltfreundlicher Materialien und Methoden, um den Kohlenstoff-Fu\u00dfabdruck zu verringern. Verpflichtung zu umweltfreundlicher Herstellung Unsere Schlie\u00dfl\u00f6sungen sind so konzipiert, dass sie dauerhaft und langlebig sind, wodurch der Bedarf an Ersatzteilen reduziert und Ressourcen geschont werden. Wir konzentrieren uns auf die [&hellip;]<\/p>\n","protected":false},"author":1,"featured_media":0,"parent":9186,"menu_order":0,"comment_status":"closed","ping_status":"closed","template":"","meta":{"footnotes":""},"class_list":["post-9191","page","type-page","status-publish","hentry"],"yoast_head":"<!-- This site is optimized with the Yoast SEO plugin v24.7 - https:\/\/yoast.com\/wordpress\/plugins\/seo\/ -->\n<title>Nachhaltige Schlie\u00dfl\u00f6sungen | Umweltfreundliche Schlie\u00dffachschl\u00f6sser<\/title>\n<meta name=\"description\" content=\"Erkunden Sie das Engagement von Ojmar f\u00fcr nachhaltige Schlie\u00dfl\u00f6sungen. Entdecken Sie, wie unsere umweltfreundlichen Schlie\u00dffachschl\u00f6sser die Umweltbelastung verringern und den Erhalt von Ressourcen f\u00f6rdern.\" \/>\n<meta name=\"robots\" content=\"index, follow, max-snippet:-1, max-image-preview:large, max-video-preview:-1\" \/>\n<link rel=\"canonical\" href=\"https:\/\/ojmar.com\/de\/unternehmen\/nachhaltigkeit\/\" \/>\n<meta property=\"og:locale\" content=\"de_DE\" \/>\n<meta property=\"og:type\" content=\"article\" \/>\n<meta property=\"og:title\" content=\"Nachhaltige Schlie\u00dfl\u00f6sungen | Umweltfreundliche Schlie\u00dffachschl\u00f6sser\" \/>\n<meta property=\"og:description\" content=\"Erkunden Sie das Engagement von Ojmar f\u00fcr nachhaltige Schlie\u00dfl\u00f6sungen. Entdecken Sie, wie unsere umweltfreundlichen Schlie\u00dffachschl\u00f6sser die Umweltbelastung verringern und den Erhalt von Ressourcen f\u00f6rdern.\" \/>\n<meta property=\"og:url\" content=\"https:\/\/ojmar.com\/de\/unternehmen\/nachhaltigkeit\/\" \/>\n<meta property=\"og:site_name\" content=\"Ojmar\" \/>\n<meta property=\"article:modified_time\" content=\"2025-09-30T13:09:42+00:00\" \/>\n<meta property=\"og:image\" content=\"https:\/\/ojmar.com\/wp-content\/uploads\/2024\/05\/2-equipo-responsability-ojmar-locking-systems.jpg\" \/>\n\t<meta property=\"og:image:width\" content=\"1567\" \/>\n\t<meta property=\"og:image:height\" content=\"809\" \/>\n\t<meta property=\"og:image:type\" content=\"image\/jpeg\" \/>\n<meta name=\"twitter:card\" content=\"summary_large_image\" \/>\n<meta name=\"twitter:label1\" content=\"Gesch\u00e4tzte Lesezeit\" \/>\n\t<meta name=\"twitter:data1\" content=\"1\u00a0Minute\" \/>\n<script type=\"application\/ld+json\" class=\"yoast-schema-graph\">{\"@context\":\"https:\/\/schema.org\",\"@graph\":[{\"@type\":\"WebPage\",\"@id\":\"https:\/\/ojmar.com\/de\/unternehmen\/nachhaltigkeit\/\",\"url\":\"https:\/\/ojmar.com\/de\/unternehmen\/nachhaltigkeit\/\",\"name\":\"Nachhaltige Schlie\u00dfl\u00f6sungen | Umweltfreundliche Schlie\u00dffachschl\u00f6sser\",\"isPartOf\":{\"@id\":\"https:\/\/ojmar.com\/de\/#website\"},\"primaryImageOfPage\":{\"@id\":\"https:\/\/ojmar.com\/de\/unternehmen\/nachhaltigkeit\/#primaryimage\"},\"image\":{\"@id\":\"https:\/\/ojmar.com\/de\/unternehmen\/nachhaltigkeit\/#primaryimage\"},\"thumbnailUrl\":\"https:\/\/ojmar.com\/wp-content\/uploads\/2024\/05\/2-equipo-responsability-ojmar-locking-systems.jpg\",\"datePublished\":\"2024-05-31T10:07:26+00:00\",\"dateModified\":\"2025-09-30T13:09:42+00:00\",\"description\":\"Erkunden Sie das Engagement von Ojmar f\u00fcr nachhaltige Schlie\u00dfl\u00f6sungen. Entdecken Sie, wie unsere umweltfreundlichen Schlie\u00dffachschl\u00f6sser die Umweltbelastung verringern und den Erhalt von Ressourcen f\u00f6rdern.\",\"breadcrumb\":{\"@id\":\"https:\/\/ojmar.com\/de\/unternehmen\/nachhaltigkeit\/#breadcrumb\"},\"inLanguage\":\"de\",\"potentialAction\":[{\"@type\":\"ReadAction\",\"target\":[\"https:\/\/ojmar.com\/de\/unternehmen\/nachhaltigkeit\/\"]}]},{\"@type\":\"ImageObject\",\"inLanguage\":\"de\",\"@id\":\"https:\/\/ojmar.com\/de\/unternehmen\/nachhaltigkeit\/#primaryimage\",\"url\":\"https:\/\/ojmar.com\/wp-content\/uploads\/2024\/05\/2-equipo-responsability-ojmar-locking-systems.jpg\",\"contentUrl\":\"https:\/\/ojmar.com\/wp-content\/uploads\/2024\/05\/2-equipo-responsability-ojmar-locking-systems.jpg\"},{\"@type\":\"BreadcrumbList\",\"@id\":\"https:\/\/ojmar.com\/de\/unternehmen\/nachhaltigkeit\/#breadcrumb\",\"itemListElement\":[{\"@type\":\"ListItem\",\"position\":1,\"name\":\"Home\",\"item\":\"https:\/\/ojmar.com\/de\/inicio\/\"},{\"@type\":\"ListItem\",\"position\":2,\"name\":\"Unternehmen\",\"item\":\"https:\/\/ojmar.com\/de\/unternehmen\/\"},{\"@type\":\"ListItem\",\"position\":3,\"name\":\"Nachhaltigkeit\"}]},{\"@type\":\"WebSite\",\"@id\":\"https:\/\/ojmar.com\/de\/#website\",\"url\":\"https:\/\/ojmar.com\/de\/\",\"name\":\"Ojmar\",\"description\":\"\",\"publisher\":{\"@id\":\"https:\/\/ojmar.com\/de\/#organization\"},\"potentialAction\":[{\"@type\":\"SearchAction\",\"target\":{\"@type\":\"EntryPoint\",\"urlTemplate\":\"https:\/\/ojmar.com\/de\/?s={search_term_string}\"},\"query-input\":{\"@type\":\"PropertyValueSpecification\",\"valueRequired\":true,\"valueName\":\"search_term_string\"}}],\"inLanguage\":\"de\"},{\"@type\":\"Organization\",\"@id\":\"https:\/\/ojmar.com\/de\/#organization\",\"name\":\"Ojmar\",\"alternateName\":\"Ojmar Locking Systems\",\"url\":\"https:\/\/ojmar.com\/de\/\",\"logo\":{\"@type\":\"ImageObject\",\"inLanguage\":\"de\",\"@id\":\"https:\/\/ojmar.com\/de\/#\/schema\/logo\/image\/\",\"url\":\"https:\/\/ojmar.com\/wp-content\/uploads\/2024\/06\/logo-ojmar-white-locking-systems.svg\",\"contentUrl\":\"https:\/\/ojmar.com\/wp-content\/uploads\/2024\/06\/logo-ojmar-white-locking-systems.svg\",\"width\":49,\"height\":9,\"caption\":\"Ojmar\"},\"image\":{\"@id\":\"https:\/\/ojmar.com\/de\/#\/schema\/logo\/image\/\"},\"sameAs\":[\"https:\/\/es.linkedin.com\/company\/ojmar\",\"https:\/\/www.youtube.com\/channel\/UCcg47x2TvbONCYzJkQkfVyg\"]}]}<\/script>\n<!-- \/ Yoast SEO plugin. -->","yoast_head_json":{"title":"Nachhaltige Schlie\u00dfl\u00f6sungen | Umweltfreundliche Schlie\u00dffachschl\u00f6sser","description":"Erkunden Sie das Engagement von Ojmar f\u00fcr nachhaltige Schlie\u00dfl\u00f6sungen. Entdecken Sie, wie unsere umweltfreundlichen Schlie\u00dffachschl\u00f6sser die Umweltbelastung verringern und den Erhalt von Ressourcen f\u00f6rdern.","robots":{"index":"index","follow":"follow","max-snippet":"max-snippet:-1","max-image-preview":"max-image-preview:large","max-video-preview":"max-video-preview:-1"},"canonical":"https:\/\/ojmar.com\/de\/unternehmen\/nachhaltigkeit\/","og_locale":"de_DE","og_type":"article","og_title":"Nachhaltige Schlie\u00dfl\u00f6sungen | Umweltfreundliche Schlie\u00dffachschl\u00f6sser","og_description":"Erkunden Sie das Engagement von Ojmar f\u00fcr nachhaltige Schlie\u00dfl\u00f6sungen. Entdecken Sie, wie unsere umweltfreundlichen Schlie\u00dffachschl\u00f6sser die Umweltbelastung verringern und den Erhalt von Ressourcen f\u00f6rdern.","og_url":"https:\/\/ojmar.com\/de\/unternehmen\/nachhaltigkeit\/","og_site_name":"Ojmar","article_modified_time":"2025-09-30T13:09:42+00:00","og_image":[{"width":1567,"height":809,"url":"https:\/\/ojmar.com\/wp-content\/uploads\/2024\/05\/2-equipo-responsability-ojmar-locking-systems.jpg","type":"image\/jpeg"}],"twitter_card":"summary_large_image","twitter_misc":{"Gesch\u00e4tzte Lesezeit":"1\u00a0Minute"},"schema":{"@context":"https:\/\/schema.org","@graph":[{"@type":"WebPage","@id":"https:\/\/ojmar.com\/de\/unternehmen\/nachhaltigkeit\/","url":"https:\/\/ojmar.com\/de\/unternehmen\/nachhaltigkeit\/","name":"Nachhaltige Schlie\u00dfl\u00f6sungen | Umweltfreundliche Schlie\u00dffachschl\u00f6sser","isPartOf":{"@id":"https:\/\/ojmar.com\/de\/#website"},"primaryImageOfPage":{"@id":"https:\/\/ojmar.com\/de\/unternehmen\/nachhaltigkeit\/#primaryimage"},"image":{"@id":"https:\/\/ojmar.com\/de\/unternehmen\/nachhaltigkeit\/#primaryimage"},"thumbnailUrl":"https:\/\/ojmar.com\/wp-content\/uploads\/2024\/05\/2-equipo-responsability-ojmar-locking-systems.jpg","datePublished":"2024-05-31T10:07:26+00:00","dateModified":"2025-09-30T13:09:42+00:00","description":"Erkunden Sie das Engagement von Ojmar f\u00fcr nachhaltige Schlie\u00dfl\u00f6sungen. Entdecken Sie, wie unsere umweltfreundlichen Schlie\u00dffachschl\u00f6sser die Umweltbelastung verringern und den Erhalt von Ressourcen f\u00f6rdern.","breadcrumb":{"@id":"https:\/\/ojmar.com\/de\/unternehmen\/nachhaltigkeit\/#breadcrumb"},"inLanguage":"de","potentialAction":[{"@type":"ReadAction","target":["https:\/\/ojmar.com\/de\/unternehmen\/nachhaltigkeit\/"]}]},{"@type":"ImageObject","inLanguage":"de","@id":"https:\/\/ojmar.com\/de\/unternehmen\/nachhaltigkeit\/#primaryimage","url":"https:\/\/ojmar.com\/wp-content\/uploads\/2024\/05\/2-equipo-responsability-ojmar-locking-systems.jpg","contentUrl":"https:\/\/ojmar.com\/wp-content\/uploads\/2024\/05\/2-equipo-responsability-ojmar-locking-systems.jpg"},{"@type":"BreadcrumbList","@id":"https:\/\/ojmar.com\/de\/unternehmen\/nachhaltigkeit\/#breadcrumb","itemListElement":[{"@type":"ListItem","position":1,"name":"Home","item":"https:\/\/ojmar.com\/de\/inicio\/"},{"@type":"ListItem","position":2,"name":"Unternehmen","item":"https:\/\/ojmar.com\/de\/unternehmen\/"},{"@type":"ListItem","position":3,"name":"Nachhaltigkeit"}]},{"@type":"WebSite","@id":"https:\/\/ojmar.com\/de\/#website","url":"https:\/\/ojmar.com\/de\/","name":"Ojmar","description":"","publisher":{"@id":"https:\/\/ojmar.com\/de\/#organization"},"potentialAction":[{"@type":"SearchAction","target":{"@type":"EntryPoint","urlTemplate":"https:\/\/ojmar.com\/de\/?s={search_term_string}"},"query-input":{"@type":"PropertyValueSpecification","valueRequired":true,"valueName":"search_term_string"}}],"inLanguage":"de"},{"@type":"Organization","@id":"https:\/\/ojmar.com\/de\/#organization","name":"Ojmar","alternateName":"Ojmar Locking Systems","url":"https:\/\/ojmar.com\/de\/","logo":{"@type":"ImageObject","inLanguage":"de","@id":"https:\/\/ojmar.com\/de\/#\/schema\/logo\/image\/","url":"https:\/\/ojmar.com\/wp-content\/uploads\/2024\/06\/logo-ojmar-white-locking-systems.svg","contentUrl":"https:\/\/ojmar.com\/wp-content\/uploads\/2024\/06\/logo-ojmar-white-locking-systems.svg","width":49,"height":9,"caption":"Ojmar"},"image":{"@id":"https:\/\/ojmar.com\/de\/#\/schema\/logo\/image\/"},"sameAs":["https:\/\/es.linkedin.com\/company\/ojmar","https:\/\/www.youtube.com\/channel\/UCcg47x2TvbONCYzJkQkfVyg"]}]}},"_links":{"self":[{"href":"https:\/\/ojmar.com\/de\/wp-json\/wp\/v2\/pages\/9191","targetHints":{"allow":["GET"]}}],"collection":[{"href":"https:\/\/ojmar.com\/de\/wp-json\/wp\/v2\/pages"}],"about":[{"href":"https:\/\/ojmar.com\/de\/wp-json\/wp\/v2\/types\/page"}],"author":[{"embeddable":true,"href":"https:\/\/ojmar.com\/de\/wp-json\/wp\/v2\/users\/1"}],"replies":[{"embeddable":true,"href":"https:\/\/ojmar.com\/de\/wp-json\/wp\/v2\/comments?post=9191"}],"version-history":[{"count":6,"href":"https:\/\/ojmar.com\/de\/wp-json\/wp\/v2\/pages\/9191\/revisions"}],"predecessor-version":[{"id":99041,"href":"https:\/\/ojmar.com\/de\/wp-json\/wp\/v2\/pages\/9191\/revisions\/99041"}],"up":[{"embeddable":true,"href":"https:\/\/ojmar.com\/de\/wp-json\/wp\/v2\/pages\/9186"}],"wp:attachment":[{"href":"https:\/\/ojmar.com\/de\/wp-json\/wp\/v2\/media?parent=9191"}],"curies":[{"name":"wp","href":"https:\/\/api.w.org\/{rel}","templated":true}]}}