{"id":9187,"date":"2024-05-31T11:39:15","date_gmt":"2024-05-31T09:39:15","guid":{"rendered":"http:\/\/www.ojmar.com\/unternehmen\/ueber-ojmar\/"},"modified":"2025-09-30T15:07:24","modified_gmt":"2025-09-30T13:07:24","slug":"uber-ojmar","status":"publish","type":"page","link":"https:\/\/ojmar.com\/de\/unternehmen\/uber-ojmar\/","title":{"rendered":"\u00dcber Ojmar"},"content":{"rendered":"\t\t<div data-elementor-type=\"wp-page\" data-elementor-id=\"9187\" class=\"elementor elementor-9187 elementor-267\" data-elementor-post-type=\"page\">\n\t\t\t\t<div class=\"elementor-element elementor-element-feefbbf e-flex e-con-boxed e-con e-parent\" data-id=\"feefbbf\" data-element_type=\"container\" data-e-type=\"container\" data-settings=\"{&quot;background_background&quot;:&quot;classic&quot;}\">\n\t\t\t\t\t<div class=\"e-con-inner\">\n\t\t\t\t<div class=\"elementor-element elementor-element-e12e481 elementor-widget elementor-widget-heading\" data-id=\"e12e481\" data-element_type=\"widget\" data-e-type=\"widget\" data-widget_type=\"heading.default\">\n\t\t\t\t\t<h1 class=\"elementor-heading-title elementor-size-default\">Wir kreieren intelligente Bereiche<\/h1>\t\t\t\t<\/div>\n\t\t\t\t\t<\/div>\n\t\t\t\t<\/div>\n\t\t<div class=\"elementor-element elementor-element-4eb4b28 e-flex e-con-boxed e-con e-parent\" data-id=\"4eb4b28\" data-element_type=\"container\" data-e-type=\"container\">\n\t\t\t\t\t<div class=\"e-con-inner\">\n\t\t\t\t<div class=\"elementor-element elementor-element-e879ffd elementor-widget elementor-widget-breadcrumbs\" data-id=\"e879ffd\" data-element_type=\"widget\" data-e-type=\"widget\" data-widget_type=\"breadcrumbs.default\">\n\t\t\t\t\t<p id=\"breadcrumbs\"><span><span><a href=\"https:\/\/ojmar.com\/de\/inicio\/\">Home<\/a><\/span><\/span><\/p>\t\t\t\t<\/div>\n\t\t\t\t\t<\/div>\n\t\t\t\t<\/div>\n\t\t<div class=\"elementor-element elementor-element-03faba3 e-flex e-con-boxed e-con e-parent\" data-id=\"03faba3\" data-element_type=\"container\" data-e-type=\"container\" data-settings=\"{&quot;background_background&quot;:&quot;classic&quot;}\">\n\t\t\t\t\t<div class=\"e-con-inner\">\n\t\t\t\t<div class=\"elementor-element elementor-element-eaa84df elementor-widget__width-initial elementor-widget elementor-widget-text-editor\" data-id=\"eaa84df\" data-element_type=\"widget\" data-e-type=\"widget\" data-widget_type=\"text-editor.default\">\n\t\t\t\t\t\t\t\t\t<p class=\"p1\">Als Fachleute f\u00fcr intelligente Schlosstechnologie wissen wir, wie wichtig es ist, Zuverl\u00e4ssigkeit, Sicherheit, Anpassungsf\u00e4higkeit und Nachhaltigkeit nahtlos miteinander zu verbinden. <br><br>Unser Ziel ist es, intelligentere, vernetzte Bereiche zu schaffen, die den Anforderungen aller gerecht werden und auf die Art und Weise, wie wir leben und arbeiten, einen positiven Einfluss haben.<\/p>\t\t\t\t\t\t\t\t<\/div>\n\t\t\t\t\t<\/div>\n\t\t\t\t<\/div>\n\t\t<div class=\"elementor-element elementor-element-d6cf1e6 e-con-full e-flex e-con e-parent\" data-id=\"d6cf1e6\" data-element_type=\"container\" data-e-type=\"container\">\n\t\t<div class=\"elementor-element elementor-element-225361a e-con-full e-flex e-con e-child\" data-id=\"225361a\" data-element_type=\"container\" data-e-type=\"container\" data-settings=\"{&quot;background_background&quot;:&quot;classic&quot;}\">\n\t\t<div class=\"elementor-element elementor-element-c53452f e-con-full e-flex e-con e-child\" data-id=\"c53452f\" data-element_type=\"container\" data-e-type=\"container\" data-settings=\"{&quot;background_background&quot;:&quot;classic&quot;}\">\n\t\t\t\t<\/div>\n\t\t<div class=\"elementor-element elementor-element-1903b50 e-con-full e-flex e-con e-child\" data-id=\"1903b50\" data-element_type=\"container\" data-e-type=\"container\" data-settings=\"{&quot;background_background&quot;:&quot;classic&quot;}\">\n\t\t\t\t<\/div>\n\t\t\t\t<\/div>\n\t\t\t\t<\/div>\n\t\t<div class=\"elementor-element elementor-element-fdf6109 e-flex e-con-boxed e-con e-parent\" data-id=\"fdf6109\" data-element_type=\"container\" data-e-type=\"container\" data-settings=\"{&quot;background_background&quot;:&quot;classic&quot;}\">\n\t\t\t\t\t<div class=\"e-con-inner\">\n\t\t\t\t<div class=\"elementor-element elementor-element-527efbb elementor-widget__width-initial elementor-widget elementor-widget-heading\" data-id=\"527efbb\" data-element_type=\"widget\" data-e-type=\"widget\" data-widget_type=\"heading.default\">\n\t\t\t\t\t<h2 class=\"elementor-heading-title elementor-size-default\"><strong>Wir entwickeln, produzieren und vermarkten die besten intelligenten Schlie\u00dfsysteme f\u00fcr Schlie\u00dff\u00e4cher.<\/strong><\/h2>\t\t\t\t<\/div>\n\t\t\t\t\t<\/div>\n\t\t\t\t<\/div>\n\t\t<div class=\"elementor-element elementor-element-c47d121 e-flex e-con-boxed e-con e-parent\" data-id=\"c47d121\" data-element_type=\"container\" data-e-type=\"container\" data-settings=\"{&quot;background_background&quot;:&quot;classic&quot;}\">\n\t\t\t\t\t<div class=\"e-con-inner\">\n\t\t<div class=\"elementor-element elementor-element-3cd1751 e-con-full e-flex e-con e-child\" data-id=\"3cd1751\" data-element_type=\"container\" data-e-type=\"container\">\n\t\t\t\t<div class=\"elementor-element elementor-element-dd8785c elementor-widget elementor-widget-heading\" data-id=\"dd8785c\" data-element_type=\"widget\" data-e-type=\"widget\" data-widget_type=\"heading.default\">\n\t\t\t\t\t<h2 class=\"elementor-heading-title elementor-size-default\">Wir kennen Ihre Branche<\/h2>\t\t\t\t<\/div>\n\t\t\t\t<div class=\"elementor-element elementor-element-b88505d elementor-widget__width-initial elementor-widget elementor-widget-text-editor\" data-id=\"b88505d\" data-element_type=\"widget\" data-e-type=\"widget\" data-widget_type=\"text-editor.default\">\n\t\t\t\t\t\t\t\t\t<p class=\"p1\">Unser Team verf\u00fcgt \u00fcber eine F\u00fclle von Erfahrungen und Kenntnissen, die in einem Jahrhundert der Arbeit gewachsen sind. Wir sind stolz darauf, dass Anpassungsf\u00e4higkeit in unsere industrielle DNA eingraviert ist. <\/p>\t\t\t\t\t\t\t\t<\/div>\n\t\t\t\t<\/div>\n\t\t\t\t\t<\/div>\n\t\t\t\t<\/div>\n\t\t<div class=\"elementor-element elementor-element-999dbcb e-flex e-con-boxed e-con e-parent\" data-id=\"999dbcb\" data-element_type=\"container\" data-e-type=\"container\" data-settings=\"{&quot;background_background&quot;:&quot;classic&quot;}\">\n\t\t\t\t\t<div class=\"e-con-inner\">\n\t\t<div class=\"elementor-element elementor-element-b43dfe9 e-con-full e-flex e-con e-child\" data-id=\"b43dfe9\" data-element_type=\"container\" data-e-type=\"container\">\n\t\t\t\t<div class=\"elementor-element elementor-element-964bdb7 elementor-widget elementor-widget-heading\" data-id=\"964bdb7\" data-element_type=\"widget\" data-e-type=\"widget\" data-widget_type=\"heading.default\">\n\t\t\t\t\t<h2 class=\"elementor-heading-title elementor-size-default\">Wir machen die Zusammenarbeit einfach<\/h2>\t\t\t\t<\/div>\n\t\t\t\t<div class=\"elementor-element elementor-element-75a23ea elementor-widget__width-initial elementor-widget elementor-widget-text-editor\" data-id=\"75a23ea\" data-element_type=\"widget\" data-e-type=\"widget\" data-widget_type=\"text-editor.default\">\n\t\t\t\t\t\t\t\t\t<p class=\"p1\">In unserem in der EU ans\u00e4ssigen Werk kontrollieren wir den gesamten Produkt-Workflow, vom Produkt \u00fcber die Herstellung und Inbetriebnahme bis hin zum Kundendienst.<\/p>\t\t\t\t\t\t\t\t<\/div>\n\t\t\t\t<\/div>\n\t\t\t\t\t<\/div>\n\t\t\t\t<\/div>\n\t\t<div class=\"elementor-element elementor-element-29dd399 e-flex e-con-boxed e-con e-parent\" data-id=\"29dd399\" data-element_type=\"container\" data-e-type=\"container\" data-settings=\"{&quot;background_background&quot;:&quot;classic&quot;}\">\n\t\t\t\t\t<div class=\"e-con-inner\">\n\t\t<div class=\"elementor-element elementor-element-c413328 e-con-full e-flex e-con e-child\" data-id=\"c413328\" data-element_type=\"container\" data-e-type=\"container\">\n\t\t\t\t<div class=\"elementor-element elementor-element-3c30bba elementor-widget elementor-widget-heading\" data-id=\"3c30bba\" data-element_type=\"widget\" data-e-type=\"widget\" data-widget_type=\"heading.default\">\n\t\t\t\t\t<h2 class=\"elementor-heading-title elementor-size-default\">Sie, im Mittelpunkt<\/h2>\t\t\t\t<\/div>\n\t\t\t\t<div class=\"elementor-element elementor-element-64408f3 elementor-widget__width-initial elementor-widget elementor-widget-text-editor\" data-id=\"64408f3\" data-element_type=\"widget\" data-e-type=\"widget\" data-widget_type=\"text-editor.default\">\n\t\t\t\t\t\t\t\t\t<p class=\"p1\">Unsere L\u00f6sungen sind zu 100 % kundenorientiert und stellen Sie in den Mittelpunkt. Wir liefern stets eine ma\u00dfgeschneiderte L\u00f6sung, die Ihren Anforderungen entspricht. Erleben Sie erstklassigen Service und engagierte Unterst\u00fctzung von Anfang bis Ende.  <\/p>\t\t\t\t\t\t\t\t<\/div>\n\t\t\t\t<\/div>\n\t\t\t\t\t<\/div>\n\t\t\t\t<\/div>\n\t\t<div class=\"elementor-element elementor-element-e0eda1b e-flex e-con-boxed e-con e-parent\" data-id=\"e0eda1b\" data-element_type=\"container\" data-e-type=\"container\" data-settings=\"{&quot;background_background&quot;:&quot;classic&quot;}\">\n\t\t\t\t\t<div class=\"e-con-inner\">\n\t\t<div class=\"elementor-element elementor-element-c9bb5bc e-con-full e-flex e-con e-child\" data-id=\"c9bb5bc\" data-element_type=\"container\" data-e-type=\"container\">\n\t\t\t\t<div class=\"elementor-element elementor-element-76d1e2b elementor-widget elementor-widget-heading\" data-id=\"76d1e2b\" data-element_type=\"widget\" data-e-type=\"widget\" data-widget_type=\"heading.default\">\n\t\t\t\t\t<h2 class=\"elementor-heading-title elementor-size-default\">Wir sind f\u00fcr Sie da, langfristig<\/h2>\t\t\t\t<\/div>\n\t\t\t\t<div class=\"elementor-element elementor-element-c99a06e elementor-widget__width-initial elementor-widget elementor-widget-text-editor\" data-id=\"c99a06e\" data-element_type=\"widget\" data-e-type=\"widget\" data-widget_type=\"text-editor.default\">\n\t\t\t\t\t\t\t\t\t<p class=\"p1\">Wir stellen nicht nur Produkte her, sondern wir pflegen auch ein Vertrauensverh\u00e4ltnis. Wir nehmen die Verbindung zu unseren Kunden sehr ernst und setzen auf langfristige Partnerschaften. <\/p>\t\t\t\t\t\t\t\t<\/div>\n\t\t\t\t<\/div>\n\t\t\t\t\t<\/div>\n\t\t\t\t<\/div>\n\t\t\t\t<\/div>\n\t\t","protected":false},"excerpt":{"rendered":"<p>Wir kreieren intelligente Bereiche Als Fachleute f\u00fcr intelligente Schlosstechnologie wissen wir, wie wichtig es ist, Zuverl\u00e4ssigkeit, Sicherheit, Anpassungsf\u00e4higkeit und Nachhaltigkeit nahtlos miteinander zu verbinden. Unser Ziel ist es, intelligentere, vernetzte Bereiche zu schaffen, die den Anforderungen aller gerecht werden und auf die Art und Weise, wie wir leben und arbeiten, einen positiven Einfluss haben. Wir [&hellip;]<\/p>\n","protected":false},"author":1,"featured_media":0,"parent":9186,"menu_order":0,"comment_status":"closed","ping_status":"closed","template":"","meta":{"footnotes":""},"class_list":["post-9187","page","type-page","status-publish","hentry"],"yoast_head":"<!-- This site is optimized with the Yoast SEO plugin v24.7 - https:\/\/yoast.com\/wordpress\/plugins\/seo\/ -->\n<title>Ojmar: F\u00fchrend in intelligenter Schlosstechnologie und Innovation<\/title>\n<meta name=\"description\" content=\"Erkunden Sie die jahrhundertelange Erfahrung von Ojmar in der intelligenten Schlosstechnologie. Entdecken Sie, wie unser kundenorientierter Ansatz und unsere innovativen L\u00f6sungen die sicheren Bereiche der Zukunft gestalten.\" \/>\n<meta name=\"robots\" content=\"index, follow, max-snippet:-1, max-image-preview:large, max-video-preview:-1\" \/>\n<link rel=\"canonical\" href=\"https:\/\/ojmar.com\/de\/unternehmen\/uber-ojmar\/\" \/>\n<meta property=\"og:locale\" content=\"de_DE\" \/>\n<meta property=\"og:type\" content=\"article\" \/>\n<meta property=\"og:title\" content=\"Ojmar: F\u00fchrend in intelligenter Schlosstechnologie und Innovation\" \/>\n<meta property=\"og:description\" content=\"Erkunden Sie die jahrhundertelange Erfahrung von Ojmar in der intelligenten Schlosstechnologie. Entdecken Sie, wie unser kundenorientierter Ansatz und unsere innovativen L\u00f6sungen die sicheren Bereiche der Zukunft gestalten.\" \/>\n<meta property=\"og:url\" content=\"https:\/\/ojmar.com\/de\/unternehmen\/uber-ojmar\/\" \/>\n<meta property=\"og:site_name\" content=\"Ojmar\" \/>\n<meta property=\"article:modified_time\" content=\"2025-09-30T13:07:24+00:00\" \/>\n<meta name=\"twitter:card\" content=\"summary_large_image\" \/>\n<meta name=\"twitter:label1\" content=\"Gesch\u00e4tzte Lesezeit\" \/>\n\t<meta name=\"twitter:data1\" content=\"2\u00a0Minuten\" \/>\n<script type=\"application\/ld+json\" class=\"yoast-schema-graph\">{\"@context\":\"https:\/\/schema.org\",\"@graph\":[{\"@type\":\"WebPage\",\"@id\":\"https:\/\/ojmar.com\/de\/unternehmen\/uber-ojmar\/\",\"url\":\"https:\/\/ojmar.com\/de\/unternehmen\/uber-ojmar\/\",\"name\":\"Ojmar: F\u00fchrend in intelligenter Schlosstechnologie und Innovation\",\"isPartOf\":{\"@id\":\"https:\/\/ojmar.com\/de\/#website\"},\"datePublished\":\"2024-05-31T09:39:15+00:00\",\"dateModified\":\"2025-09-30T13:07:24+00:00\",\"description\":\"Erkunden Sie die jahrhundertelange Erfahrung von Ojmar in der intelligenten Schlosstechnologie. Entdecken Sie, wie unser kundenorientierter Ansatz und unsere innovativen L\u00f6sungen die sicheren Bereiche der Zukunft gestalten.\",\"breadcrumb\":{\"@id\":\"https:\/\/ojmar.com\/de\/unternehmen\/uber-ojmar\/#breadcrumb\"},\"inLanguage\":\"de\",\"potentialAction\":[{\"@type\":\"ReadAction\",\"target\":[\"https:\/\/ojmar.com\/de\/unternehmen\/uber-ojmar\/\"]}]},{\"@type\":\"BreadcrumbList\",\"@id\":\"https:\/\/ojmar.com\/de\/unternehmen\/uber-ojmar\/#breadcrumb\",\"itemListElement\":[{\"@type\":\"ListItem\",\"position\":1,\"name\":\"Home\",\"item\":\"https:\/\/ojmar.com\/de\/inicio\/\"},{\"@type\":\"ListItem\",\"position\":2,\"name\":\"Unternehmen\",\"item\":\"https:\/\/ojmar.com\/de\/unternehmen\/\"},{\"@type\":\"ListItem\",\"position\":3,\"name\":\"\u00dcber Ojmar\"}]},{\"@type\":\"WebSite\",\"@id\":\"https:\/\/ojmar.com\/de\/#website\",\"url\":\"https:\/\/ojmar.com\/de\/\",\"name\":\"Ojmar\",\"description\":\"\",\"publisher\":{\"@id\":\"https:\/\/ojmar.com\/de\/#organization\"},\"potentialAction\":[{\"@type\":\"SearchAction\",\"target\":{\"@type\":\"EntryPoint\",\"urlTemplate\":\"https:\/\/ojmar.com\/de\/?s={search_term_string}\"},\"query-input\":{\"@type\":\"PropertyValueSpecification\",\"valueRequired\":true,\"valueName\":\"search_term_string\"}}],\"inLanguage\":\"de\"},{\"@type\":\"Organization\",\"@id\":\"https:\/\/ojmar.com\/de\/#organization\",\"name\":\"Ojmar\",\"alternateName\":\"Ojmar Locking Systems\",\"url\":\"https:\/\/ojmar.com\/de\/\",\"logo\":{\"@type\":\"ImageObject\",\"inLanguage\":\"de\",\"@id\":\"https:\/\/ojmar.com\/de\/#\/schema\/logo\/image\/\",\"url\":\"https:\/\/ojmar.com\/wp-content\/uploads\/2024\/06\/logo-ojmar-white-locking-systems.svg\",\"contentUrl\":\"https:\/\/ojmar.com\/wp-content\/uploads\/2024\/06\/logo-ojmar-white-locking-systems.svg\",\"width\":49,\"height\":9,\"caption\":\"Ojmar\"},\"image\":{\"@id\":\"https:\/\/ojmar.com\/de\/#\/schema\/logo\/image\/\"},\"sameAs\":[\"https:\/\/es.linkedin.com\/company\/ojmar\",\"https:\/\/www.youtube.com\/channel\/UCcg47x2TvbONCYzJkQkfVyg\"]}]}<\/script>\n<!-- \/ Yoast SEO plugin. -->","yoast_head_json":{"title":"Ojmar: F\u00fchrend in intelligenter Schlosstechnologie und Innovation","description":"Erkunden Sie die jahrhundertelange Erfahrung von Ojmar in der intelligenten Schlosstechnologie. Entdecken Sie, wie unser kundenorientierter Ansatz und unsere innovativen L\u00f6sungen die sicheren Bereiche der Zukunft gestalten.","robots":{"index":"index","follow":"follow","max-snippet":"max-snippet:-1","max-image-preview":"max-image-preview:large","max-video-preview":"max-video-preview:-1"},"canonical":"https:\/\/ojmar.com\/de\/unternehmen\/uber-ojmar\/","og_locale":"de_DE","og_type":"article","og_title":"Ojmar: F\u00fchrend in intelligenter Schlosstechnologie und Innovation","og_description":"Erkunden Sie die jahrhundertelange Erfahrung von Ojmar in der intelligenten Schlosstechnologie. Entdecken Sie, wie unser kundenorientierter Ansatz und unsere innovativen L\u00f6sungen die sicheren Bereiche der Zukunft gestalten.","og_url":"https:\/\/ojmar.com\/de\/unternehmen\/uber-ojmar\/","og_site_name":"Ojmar","article_modified_time":"2025-09-30T13:07:24+00:00","twitter_card":"summary_large_image","twitter_misc":{"Gesch\u00e4tzte Lesezeit":"2\u00a0Minuten"},"schema":{"@context":"https:\/\/schema.org","@graph":[{"@type":"WebPage","@id":"https:\/\/ojmar.com\/de\/unternehmen\/uber-ojmar\/","url":"https:\/\/ojmar.com\/de\/unternehmen\/uber-ojmar\/","name":"Ojmar: F\u00fchrend in intelligenter Schlosstechnologie und Innovation","isPartOf":{"@id":"https:\/\/ojmar.com\/de\/#website"},"datePublished":"2024-05-31T09:39:15+00:00","dateModified":"2025-09-30T13:07:24+00:00","description":"Erkunden Sie die jahrhundertelange Erfahrung von Ojmar in der intelligenten Schlosstechnologie. Entdecken Sie, wie unser kundenorientierter Ansatz und unsere innovativen L\u00f6sungen die sicheren Bereiche der Zukunft gestalten.","breadcrumb":{"@id":"https:\/\/ojmar.com\/de\/unternehmen\/uber-ojmar\/#breadcrumb"},"inLanguage":"de","potentialAction":[{"@type":"ReadAction","target":["https:\/\/ojmar.com\/de\/unternehmen\/uber-ojmar\/"]}]},{"@type":"BreadcrumbList","@id":"https:\/\/ojmar.com\/de\/unternehmen\/uber-ojmar\/#breadcrumb","itemListElement":[{"@type":"ListItem","position":1,"name":"Home","item":"https:\/\/ojmar.com\/de\/inicio\/"},{"@type":"ListItem","position":2,"name":"Unternehmen","item":"https:\/\/ojmar.com\/de\/unternehmen\/"},{"@type":"ListItem","position":3,"name":"\u00dcber Ojmar"}]},{"@type":"WebSite","@id":"https:\/\/ojmar.com\/de\/#website","url":"https:\/\/ojmar.com\/de\/","name":"Ojmar","description":"","publisher":{"@id":"https:\/\/ojmar.com\/de\/#organization"},"potentialAction":[{"@type":"SearchAction","target":{"@type":"EntryPoint","urlTemplate":"https:\/\/ojmar.com\/de\/?s={search_term_string}"},"query-input":{"@type":"PropertyValueSpecification","valueRequired":true,"valueName":"search_term_string"}}],"inLanguage":"de"},{"@type":"Organization","@id":"https:\/\/ojmar.com\/de\/#organization","name":"Ojmar","alternateName":"Ojmar Locking Systems","url":"https:\/\/ojmar.com\/de\/","logo":{"@type":"ImageObject","inLanguage":"de","@id":"https:\/\/ojmar.com\/de\/#\/schema\/logo\/image\/","url":"https:\/\/ojmar.com\/wp-content\/uploads\/2024\/06\/logo-ojmar-white-locking-systems.svg","contentUrl":"https:\/\/ojmar.com\/wp-content\/uploads\/2024\/06\/logo-ojmar-white-locking-systems.svg","width":49,"height":9,"caption":"Ojmar"},"image":{"@id":"https:\/\/ojmar.com\/de\/#\/schema\/logo\/image\/"},"sameAs":["https:\/\/es.linkedin.com\/company\/ojmar","https:\/\/www.youtube.com\/channel\/UCcg47x2TvbONCYzJkQkfVyg"]}]}},"_links":{"self":[{"href":"https:\/\/ojmar.com\/de\/wp-json\/wp\/v2\/pages\/9187","targetHints":{"allow":["GET"]}}],"collection":[{"href":"https:\/\/ojmar.com\/de\/wp-json\/wp\/v2\/pages"}],"about":[{"href":"https:\/\/ojmar.com\/de\/wp-json\/wp\/v2\/types\/page"}],"author":[{"embeddable":true,"href":"https:\/\/ojmar.com\/de\/wp-json\/wp\/v2\/users\/1"}],"replies":[{"embeddable":true,"href":"https:\/\/ojmar.com\/de\/wp-json\/wp\/v2\/comments?post=9187"}],"version-history":[{"count":7,"href":"https:\/\/ojmar.com\/de\/wp-json\/wp\/v2\/pages\/9187\/revisions"}],"predecessor-version":[{"id":99035,"href":"https:\/\/ojmar.com\/de\/wp-json\/wp\/v2\/pages\/9187\/revisions\/99035"}],"up":[{"embeddable":true,"href":"https:\/\/ojmar.com\/de\/wp-json\/wp\/v2\/pages\/9186"}],"wp:attachment":[{"href":"https:\/\/ojmar.com\/de\/wp-json\/wp\/v2\/media?parent=9187"}],"curies":[{"name":"wp","href":"https:\/\/api.w.org\/{rel}","templated":true}]}}